{"id":5594,"date":"2025-05-27T18:39:25","date_gmt":"2025-05-27T21:39:25","guid":{"rendered":"https:\/\/wp.ufpel.edu.br\/ca\/?page_id=5594"},"modified":"2025-06-13T15:46:57","modified_gmt":"2025-06-13T18:46:57","slug":"eleicoes-ca-2025","status":"publish","type":"page","link":"https:\/\/wp.ufpel.edu.br\/ca\/eleicoes-ca-2025\/","title":{"rendered":"Elei\u00e7\u00f5es CA 2025"},"content":{"rendered":"<div id=\"pl-5594\"  class=\"panel-layout\" ><div id=\"pg-5594-0\"  class=\"panel-grid panel-no-style\" ><div id=\"pgc-5594-0-0\"  class=\"panel-grid-cell\" ><div id=\"panel-5594-0-0-0\" class=\"so-panel widget widget_sow-editor panel-first-child panel-last-child\" data-index=\"0\" ><div\n\t\t\t\n\t\t\tclass=\"so-widget-sow-editor so-widget-sow-editor-base\"\n\t\t\t\n\t\t><h3 class=\"widget-title\">Documenta\u00e7\u00e3o <\/h3>\n<div class=\"siteorigin-widget-tinymce textwidget\">\n\t<table style=\"border-collapse: collapse; width: 100%;\" border=\"1\">\n<tbody>\n<tr>\n<td style=\"width: 14.79%;\">27\/5\/2025<\/td>\n<td style=\"width: 26.9437%;\"><a href=\"https:\/\/wp.ufpel.edu.br\/ca\/files\/2025\/05\/edital_regulamento_2025.pdf\">EDITAL 01\/2025<\/a><\/td>\n<\/tr>\n<tr>\n<td style=\"width: 14.79%;\">9\/6\/2025<\/td>\n<td style=\"width: 26.9437%;\"><a href=\"https:\/\/wp.ufpel.edu.br\/ca\/files\/2025\/06\/edital_regulamento_2025-Retificacao.pdf\">EDITAL - Retifica\u00e7\u00e3o<\/a><\/td>\n<\/tr>\n<tr>\n<td style=\"width: 14.79%;\">13\/6\/2025<\/td>\n<td style=\"width: 26.9437%;\"><a href=\"https:\/\/wp.ufpel.edu.br\/ca\/files\/2025\/06\/ALUN_CA_PUB.pdf\">LISTA DE VOTANTES - Alunos<\/a><\/p>\n<p><a href=\"https:\/\/wp.ufpel.edu.br\/ca\/files\/2025\/06\/TAE_CA_PUB.pdf\">LISTA DE VOTANTES - TAEs<\/a><\/p>\n<p><a href=\"https:\/\/wp.ufpel.edu.br\/ca\/files\/2025\/06\/PROF_CA_PUB.pdf\">LISTA DE VOTANTES - Docentes<\/a><\/p>\n<\/td>\n<\/tr>\n<\/tbody>\n<\/table>\n<\/div>\n<\/div><\/div><\/div><div id=\"pgc-5594-0-1\"  class=\"panel-grid-cell\" ><div id=\"panel-5594-0-1-0\" class=\"so-panel widget widget_sow-editor panel-first-child panel-last-child\" data-index=\"1\" ><div\n\t\t\t\n\t\t\tclass=\"so-widget-sow-editor so-widget-sow-editor-base\"\n\t\t\t\n\t\t><h3 class=\"widget-title\">Formul\u00e1rios<\/h3>\n<div class=\"siteorigin-widget-tinymce textwidget\">\n\t<table style=\"border-collapse: collapse; width: 100%;\" border=\"1\">\n<tbody>\n<tr style=\"height: 24px;\">\n<td style=\"width: 11.3047%; height: 24px;\">1<\/td>\n<td style=\"width: 88.6953%; height: 24px;\"><a href=\"https:\/\/l.ufpel.edu.br\/incricao-nucleo-2025\" target=\"_blank\" rel=\"noopener\">INSCRI\u00c7\u00d5ES N\u00daCLEO\u00a0<\/a><\/td>\n<\/tr>\n<tr style=\"height: 24px;\">\n<td style=\"width: 11.3047%; height: 24px;\">2<\/td>\n<td style=\"width: 88.6953%; height: 24px;\"><a href=\"https:\/\/l.ufpel.edu.br\/incricao-direcao-2025\" target=\"_blank\" rel=\"noopener\">INSCRI\u00c7\u00d5ES DIRE\u00c7\u00c3O<\/a><\/td>\n<\/tr>\n<tr style=\"height: 24px;\">\n<td style=\"width: 11.3047%; height: 24px;\">3<\/td>\n<td style=\"width: 88.6953%; height: 24px;\"><a href=\"https:\/\/l.ufpel.edu.br\/problema-ca-2025\" target=\"_blank\" rel=\"noopener\">PROBLEMA VOTA\u00c7\u00c3O<\/a><\/td>\n<\/tr>\n<tr style=\"height: 24px;\">\n<td style=\"width: 11.3047%; height: 24px;\">4<\/td>\n<td style=\"width: 88.6953%; height: 24px;\"><a href=\"https:\/\/l.ufpel.edu.br\/correcaoVotantes-ca-2025\" target=\"_blank\" rel=\"noopener\">CORRE\u00c7\u00c3O VOTANTES\u00a0<\/a><\/td>\n<\/tr>\n<tr style=\"height: 24px;\">\n<td style=\"width: 11.3047%; height: 24px;\">5<\/td>\n<td style=\"width: 88.6953%; height: 24px;\"><a href=\"https:\/\/l.ufpel.edu.br\/recursos-ca-2025\" target=\"_blank\" rel=\"noopener\">RECURSOS<\/a><\/td>\n<\/tr>\n<\/tbody>\n<\/table>\n<\/div>\n<\/div><\/div><\/div><\/div><div id=\"pg-5594-1\"  class=\"panel-grid panel-has-style\" ><div class=\"siteorigin-panels-stretch panel-row-style panel-row-style-for-5594-1\" data-stretch-type=\"full\" ><div id=\"pgc-5594-1-0\"  class=\"panel-grid-cell\" ><div id=\"panel-5594-1-0-0\" class=\"so-panel widget widget_sow-editor panel-first-child\" data-index=\"2\" ><div\n\t\t\t\n\t\t\tclass=\"so-widget-sow-editor so-widget-sow-editor-base\"\n\t\t\t\n\t\t><h3 class=\"widget-title\">Chapas participantes | DIRE\u00c7\u00c3O <\/h3>\n<div class=\"siteorigin-widget-tinymce textwidget\">\n\t<table style=\"border-collapse: collapse; width: 100%;\" border=\"1\">\n<tbody>\n<tr>\n<td style=\"width: 22.9222%;\"><strong><span style=\"font-size: 12pt;\">Chapa 1 - SOMOS CA<\/span><\/strong><\/p>\n<p><span style=\"font-size: 8pt;\">Diretor:<\/span> Carlos Walter Soares<br \/>\n<span style=\"font-size: 8pt;\">Diretora adjunta:<\/span> Vanessa Caldeira Leite<\/p>\n<\/td>\n<td style=\"width: 18.8115%;\"><a href=\"https:\/\/wp.ufpel.edu.br\/ca\/files\/2025\/06\/Chapa-1-Somos-CA-Plano-de-Gestao-2025-2029-.pdf\" target=\"_blank\" rel=\"noopener\">Link do Plano de Gest\u00e3o<\/a><\/td>\n<\/tr>\n<tr>\n<td style=\"width: 22.9222%;\"><\/td>\n<td style=\"width: 18.8115%;\"><\/td>\n<\/tr>\n<\/tbody>\n<\/table>\n<\/div>\n<\/div><\/div><div id=\"panel-5594-1-0-1\" class=\"so-panel widget widget_sow-editor panel-last-child\" data-index=\"3\" ><div\n\t\t\t\n\t\t\tclass=\"so-widget-sow-editor so-widget-sow-editor-base\"\n\t\t\t\n\t\t>\n<div class=\"siteorigin-widget-tinymce textwidget\">\n\t<table style=\"border-collapse: collapse; width: 100%;\" border=\"1\">\n<tbody>\n<tr>\n<td style=\"width: 22.9222%;\"><strong><span style=\"font-size: 12pt;\">Chapa 2 - ABRA\u00c7A CA<\/span><\/strong><\/p>\n<p><span style=\"font-size: 8pt;\">Diretora:<\/span> Roberta Coelho Barros<br \/>\n<span style=\"font-size: 8pt;\">Diretora adjunta:<\/span> Raquel Azambuja Santos<\/p>\n<\/td>\n<td style=\"width: 18.8115%;\"><a href=\"https:\/\/wp.ufpel.edu.br\/ca\/files\/2025\/06\/Plano-de-Gestao-Abraca.pdf\" target=\"_blank\" rel=\"noopener\">Link do Plano de Gest\u00e3o<\/a><\/td>\n<\/tr>\n<tr>\n<td style=\"width: 22.9222%;\"><\/td>\n<td style=\"width: 18.8115%;\"><\/td>\n<\/tr>\n<\/tbody>\n<\/table>\n<\/div>\n<\/div><\/div><\/div><\/div><\/div><div id=\"pg-5594-2\"  class=\"panel-grid panel-no-style\" ><div id=\"pgc-5594-2-0\"  class=\"panel-grid-cell\" ><div id=\"panel-5594-2-0-0\" class=\"so-panel widget widget_sow-editor panel-first-child panel-last-child\" data-index=\"4\" ><div\n\t\t\t\n\t\t\tclass=\"so-widget-sow-editor so-widget-sow-editor-base\"\n\t\t\t\n\t\t><h3 class=\"widget-title\">Chapa Participante | N\u00facleo Administrativo <\/h3>\n<div class=\"siteorigin-widget-tinymce textwidget\">\n\t<table style=\"border-collapse: collapse; width: 100%;\" border=\"1\">\n<tbody>\n<tr>\n<td style=\"width: 22.9222%;\"><strong><span style=\"font-size: 12pt;\">Chapa Luana Pereira e Renata Gomes <\/span><\/strong><\/p>\n<p><span style=\"font-size: 8pt;\">Chefe de N\u00facleo<\/span> Luana Pereira<br \/>\n<span style=\"font-size: 8pt;\">Chefe adjunta:<\/span> Renata Gomes<\/p>\n<\/td>\n<td style=\"width: 18.8115%;\"><a href=\"https:\/\/wp.ufpel.edu.br\/ca\/files\/2025\/06\/PLANO-DE-GESTAO-NuAdm-2025-2029-1-Luana-Melo-Pereira.pdf\" target=\"_blank\" rel=\"noopener\">Link do Plano de Gest\u00e3o<\/a><\/td>\n<\/tr>\n<tr>\n<td style=\"width: 22.9222%;\"><\/td>\n<td style=\"width: 18.8115%;\"><\/td>\n<\/tr>\n<\/tbody>\n<\/table>\n<\/div>\n<\/div><\/div><\/div><\/div><\/div>","protected":false},"excerpt":{"rendered":"<p> [&hellip;]<\/p>\n","protected":false},"author":1182,"featured_media":0,"parent":0,"menu_order":0,"comment_status":"closed","ping_status":"closed","template":"","meta":{"_acf_changed":false,"footnotes":""},"class_list":["post-5594","page","type-page","status-publish","hentry","post"],"acf":[],"yoast_head":"<!-- This site is optimized with the Yoast SEO plugin v26.7 - https:\/\/yoast.com\/wordpress\/plugins\/seo\/ -->\n<title>Elei\u00e7\u00f5es CA 2025 &#8211; Centro de Artes UFPEL<\/title>\n<meta name=\"robots\" content=\"index, follow, max-snippet:-1, max-image-preview:large, max-video-preview:-1\" \/>\n<link rel=\"canonical\" href=\"https:\/\/wp.ufpel.edu.br\/ca\/eleicoes-ca-2025\/\" \/>\n<meta property=\"og:locale\" content=\"pt_BR\" \/>\n<meta property=\"og:type\" content=\"article\" \/>\n<meta property=\"og:title\" content=\"Elei\u00e7\u00f5es CA 2025 &#8211; Centro de Artes UFPEL\" \/>\n<meta property=\"og:description\" content=\"[&hellip;]\" \/>\n<meta property=\"og:url\" content=\"https:\/\/wp.ufpel.edu.br\/ca\/eleicoes-ca-2025\/\" \/>\n<meta property=\"og:site_name\" content=\"Centro de Artes UFPEL\" \/>\n<meta property=\"article:modified_time\" content=\"2025-06-13T18:46:57+00:00\" \/>\n<meta name=\"twitter:card\" content=\"summary_large_image\" \/>\n<meta name=\"twitter:label1\" content=\"Est. tempo de leitura\" \/>\n\t<meta name=\"twitter:data1\" content=\"1 minuto\" \/>\n<script type=\"application\/ld+json\" class=\"yoast-schema-graph\">{\"@context\":\"https:\/\/schema.org\",\"@graph\":[{\"@type\":\"WebPage\",\"@id\":\"https:\/\/wp.ufpel.edu.br\/ca\/eleicoes-ca-2025\/\",\"url\":\"https:\/\/wp.ufpel.edu.br\/ca\/eleicoes-ca-2025\/\",\"name\":\"Elei\u00e7\u00f5es CA 2025 &#8211; Centro de Artes UFPEL\",\"isPartOf\":{\"@id\":\"https:\/\/wp.ufpel.edu.br\/ca\/#website\"},\"datePublished\":\"2025-05-27T21:39:25+00:00\",\"dateModified\":\"2025-06-13T18:46:57+00:00\",\"breadcrumb\":{\"@id\":\"https:\/\/wp.ufpel.edu.br\/ca\/eleicoes-ca-2025\/#breadcrumb\"},\"inLanguage\":\"pt-BR\",\"potentialAction\":[{\"@type\":\"ReadAction\",\"target\":[\"https:\/\/wp.ufpel.edu.br\/ca\/eleicoes-ca-2025\/\"]}]},{\"@type\":\"BreadcrumbList\",\"@id\":\"https:\/\/wp.ufpel.edu.br\/ca\/eleicoes-ca-2025\/#breadcrumb\",\"itemListElement\":[{\"@type\":\"ListItem\",\"position\":1,\"name\":\"In\u00edcio\",\"item\":\"https:\/\/wp.ufpel.edu.br\/ca\/\"},{\"@type\":\"ListItem\",\"position\":2,\"name\":\"Elei\u00e7\u00f5es CA 2025\"}]},{\"@type\":\"WebSite\",\"@id\":\"https:\/\/wp.ufpel.edu.br\/ca\/#website\",\"url\":\"https:\/\/wp.ufpel.edu.br\/ca\/\",\"name\":\"Centro de Artes UFPEL\",\"description\":\"Universidade Federal de Pelotas\",\"publisher\":{\"@id\":\"https:\/\/wp.ufpel.edu.br\/ca\/#organization\"},\"potentialAction\":[{\"@type\":\"SearchAction\",\"target\":{\"@type\":\"EntryPoint\",\"urlTemplate\":\"https:\/\/wp.ufpel.edu.br\/ca\/?s={search_term_string}\"},\"query-input\":{\"@type\":\"PropertyValueSpecification\",\"valueRequired\":true,\"valueName\":\"search_term_string\"}}],\"inLanguage\":\"pt-BR\"},{\"@type\":\"Organization\",\"@id\":\"https:\/\/wp.ufpel.edu.br\/ca\/#organization\",\"name\":\"Centro de Artes UFPEL\",\"url\":\"https:\/\/wp.ufpel.edu.br\/ca\/\",\"logo\":{\"@type\":\"ImageObject\",\"inLanguage\":\"pt-BR\",\"@id\":\"https:\/\/wp.ufpel.edu.br\/ca\/#\/schema\/logo\/image\/\",\"url\":\"https:\/\/wp.ufpel.edu.br\/ca\/files\/2022\/07\/CA_COVER-01.png\",\"contentUrl\":\"https:\/\/wp.ufpel.edu.br\/ca\/files\/2022\/07\/CA_COVER-01.png\",\"width\":1758,\"height\":1244,\"caption\":\"Centro de Artes UFPEL\"},\"image\":{\"@id\":\"https:\/\/wp.ufpel.edu.br\/ca\/#\/schema\/logo\/image\/\"}}]}<\/script>\n<!-- \/ Yoast SEO plugin. -->","yoast_head_json":{"title":"Elei\u00e7\u00f5es CA 2025 &#8211; Centro de Artes UFPEL","robots":{"index":"index","follow":"follow","max-snippet":"max-snippet:-1","max-image-preview":"max-image-preview:large","max-video-preview":"max-video-preview:-1"},"canonical":"https:\/\/wp.ufpel.edu.br\/ca\/eleicoes-ca-2025\/","og_locale":"pt_BR","og_type":"article","og_title":"Elei\u00e7\u00f5es CA 2025 &#8211; Centro de Artes UFPEL","og_description":"[&hellip;]","og_url":"https:\/\/wp.ufpel.edu.br\/ca\/eleicoes-ca-2025\/","og_site_name":"Centro de Artes UFPEL","article_modified_time":"2025-06-13T18:46:57+00:00","twitter_card":"summary_large_image","twitter_misc":{"Est. tempo de leitura":"1 minuto"},"schema":{"@context":"https:\/\/schema.org","@graph":[{"@type":"WebPage","@id":"https:\/\/wp.ufpel.edu.br\/ca\/eleicoes-ca-2025\/","url":"https:\/\/wp.ufpel.edu.br\/ca\/eleicoes-ca-2025\/","name":"Elei\u00e7\u00f5es CA 2025 &#8211; Centro de Artes UFPEL","isPartOf":{"@id":"https:\/\/wp.ufpel.edu.br\/ca\/#website"},"datePublished":"2025-05-27T21:39:25+00:00","dateModified":"2025-06-13T18:46:57+00:00","breadcrumb":{"@id":"https:\/\/wp.ufpel.edu.br\/ca\/eleicoes-ca-2025\/#breadcrumb"},"inLanguage":"pt-BR","potentialAction":[{"@type":"ReadAction","target":["https:\/\/wp.ufpel.edu.br\/ca\/eleicoes-ca-2025\/"]}]},{"@type":"BreadcrumbList","@id":"https:\/\/wp.ufpel.edu.br\/ca\/eleicoes-ca-2025\/#breadcrumb","itemListElement":[{"@type":"ListItem","position":1,"name":"In\u00edcio","item":"https:\/\/wp.ufpel.edu.br\/ca\/"},{"@type":"ListItem","position":2,"name":"Elei\u00e7\u00f5es CA 2025"}]},{"@type":"WebSite","@id":"https:\/\/wp.ufpel.edu.br\/ca\/#website","url":"https:\/\/wp.ufpel.edu.br\/ca\/","name":"Centro de Artes UFPEL","description":"Universidade Federal de Pelotas","publisher":{"@id":"https:\/\/wp.ufpel.edu.br\/ca\/#organization"},"potentialAction":[{"@type":"SearchAction","target":{"@type":"EntryPoint","urlTemplate":"https:\/\/wp.ufpel.edu.br\/ca\/?s={search_term_string}"},"query-input":{"@type":"PropertyValueSpecification","valueRequired":true,"valueName":"search_term_string"}}],"inLanguage":"pt-BR"},{"@type":"Organization","@id":"https:\/\/wp.ufpel.edu.br\/ca\/#organization","name":"Centro de Artes UFPEL","url":"https:\/\/wp.ufpel.edu.br\/ca\/","logo":{"@type":"ImageObject","inLanguage":"pt-BR","@id":"https:\/\/wp.ufpel.edu.br\/ca\/#\/schema\/logo\/image\/","url":"https:\/\/wp.ufpel.edu.br\/ca\/files\/2022\/07\/CA_COVER-01.png","contentUrl":"https:\/\/wp.ufpel.edu.br\/ca\/files\/2022\/07\/CA_COVER-01.png","width":1758,"height":1244,"caption":"Centro de Artes UFPEL"},"image":{"@id":"https:\/\/wp.ufpel.edu.br\/ca\/#\/schema\/logo\/image\/"}}]}},"jetpack_sharing_enabled":true,"publishpress_future_action":{"enabled":false,"date":"2026-04-17 07:19:04","action":"change-status","newStatus":"private","terms":[],"taxonomy":"","extraData":[]},"publishpress_future_workflow_manual_trigger":{"enabledWorkflows":[]},"_links":{"self":[{"href":"https:\/\/wp.ufpel.edu.br\/ca\/wp-json\/wp\/v2\/pages\/5594","targetHints":{"allow":["GET"]}}],"collection":[{"href":"https:\/\/wp.ufpel.edu.br\/ca\/wp-json\/wp\/v2\/pages"}],"about":[{"href":"https:\/\/wp.ufpel.edu.br\/ca\/wp-json\/wp\/v2\/types\/page"}],"author":[{"embeddable":true,"href":"https:\/\/wp.ufpel.edu.br\/ca\/wp-json\/wp\/v2\/users\/1182"}],"replies":[{"embeddable":true,"href":"https:\/\/wp.ufpel.edu.br\/ca\/wp-json\/wp\/v2\/comments?post=5594"}],"version-history":[{"count":23,"href":"https:\/\/wp.ufpel.edu.br\/ca\/wp-json\/wp\/v2\/pages\/5594\/revisions"}],"predecessor-version":[{"id":5632,"href":"https:\/\/wp.ufpel.edu.br\/ca\/wp-json\/wp\/v2\/pages\/5594\/revisions\/5632"}],"wp:attachment":[{"href":"https:\/\/wp.ufpel.edu.br\/ca\/wp-json\/wp\/v2\/media?parent=5594"}],"curies":[{"name":"wp","href":"https:\/\/api.w.org\/{rel}","templated":true}]}}