{"id":4687,"date":"2024-04-17T22:35:14","date_gmt":"2024-04-18T01:35:14","guid":{"rendered":"https:\/\/wp.ufpel.edu.br\/ca\/?page_id=4687"},"modified":"2024-04-24T12:02:48","modified_gmt":"2024-04-24T15:02:48","slug":"orientacoes-aos-agentes-de-portaria-do-ca","status":"publish","type":"page","link":"https:\/\/wp.ufpel.edu.br\/ca\/orientacoes-aos-agentes-de-portaria-do-ca\/","title":{"rendered":"Orienta\u00e7\u00f5es aos Agentes de Portaria do CA"},"content":{"rendered":"<h3><strong>\u00a0MAPA DE SALAS\u00a0<\/strong><\/h3>\n<p>As salas, laborat\u00f3rios e audit\u00f3rios sob a ger\u00eancia do Centro de Artes s\u00e3o agendados\/reservados previamente pela secretaria administrativa ou pelos t\u00e9cnicos respons\u00e1veis pelos audit\u00f3rios.<\/p>\n<p>Esses agendamentos podem ser consultados no site do <a href=\"https:\/\/wp.ufpel.edu.br\/mapacearte\/\">MAPA DE SALAS<\/a> !<\/p>\n<ul>\n<li style=\"text-align: justify;\">Assim, ao entregar a chave de uma SALA ou AUDIT\u00d3RIO, <strong>confira o nome do professor e o nome da disciplina ou atividade<\/strong>\u00a0que est\u00e1 agendada para aquele espa\u00e7o no dia e hor\u00e1rio que est\u00e1 sendo pedido;<\/li>\n<\/ul>\n<blockquote><p><strong>OBS:<\/strong> para o audit\u00f3rio 2, se for solicitado, as chaves das <span data-contrast=\"auto\">salas 207\/2 ( Sala T\u00e9cnica ) e Camarins podem ser emprestadas.<\/span><\/p><\/blockquote>\n<ul>\n<li>Ao entregar a chave <strong>solicite<\/strong> e confira o correto <strong>preenchimento no livro de registro com os dados leg\u00edveis: <\/strong><\/li>\n<\/ul>\n<blockquote><p><strong>nome e sobrenome, n\u00ba da sala, data e hora da retirada, assinatura, data e hora da entrega e assinatura novamente. NENHUMA INFORMA\u00c7\u00c3O PODE FICAR SEM REGISTRO!<\/strong><\/p><\/blockquote>\n<ul>\n<li style=\"text-align: justify;\"><strong>Havendo algum engano ou diverg\u00eancia<\/strong>\u00a0no agendamento fa\u00e7a contato com a <strong>secretaria administrativa<\/strong> ou com a chefe de N\u00facleo ou, ainda,\u00a0 pe\u00e7a que o servidor mesmo fa\u00e7a esse contato;<\/li>\n<li style=\"text-align: justify;\">OS <strong>alunos somente poder\u00e3o pegar as chaves das salas e dos audit\u00f3rios se tiverem autoriza\u00e7\u00e3o<\/strong> espec\u00edfica para cada espa\u00e7o em determinado dia e hor\u00e1rio. <strong>Para consultar as autoriza\u00e7\u00f5es dos alunos <\/strong><a href=\"https:\/\/wp.ufpel.edu.br\/mapacearte\/autorizacao-de-chaves\/\">CLIQUE AQUI!<\/a><\/li>\n<li style=\"text-align: justify;\">Caso o aluno n\u00e3o tenha a autoriza\u00e7\u00e3o na planilha indicada, pe\u00e7a que ele procure orienta\u00e7\u00e3o com seu professor ou com a secretaria administrativa;<\/li>\n<\/ul>\n<blockquote><p>\u00a0 <em>Para conhecimento:<\/em> as orienta\u00e7\u00f5es sobre como fazer autoriza\u00e7\u00e3o de chaves est\u00e3o na\u00a0<a href=\"https:\/\/wp.ufpel.edu.br\/ca\/area-do-servidor\/\">\u00c1rea do Servidor<\/a> &#8211; menu &#8220;<strong>Autoriza\u00e7\u00e3o para retirada de chaves por alunos<\/strong>&#8220;, confira as indica\u00e7\u00f5es para poder orientar alunos e servidores quando necess\u00e1rio!<\/p><\/blockquote>\n<ul>\n<li><em>Servidores T\u00e9cnicos e terceirizados do Centro de Artes possuem acesso \u00e0 qualquer sala dos pr\u00e9dios, desde que PREENCHAM O LIVRO DE REGISTROS se responsabilizando pela sala acessada.\u00a0\u00a0<\/em><\/li>\n<\/ul>\n<h3><\/h3>\n<p>&nbsp;<\/p>\n<h3><strong>Arm\u00e1rio de Equipamentos<\/strong><\/h3>\n<p>&nbsp;<\/p>\n<p><img loading=\"lazy\" decoding=\"async\" data-attachment-id=\"4708\" data-permalink=\"https:\/\/wp.ufpel.edu.br\/ca\/orientacoes-aos-agentes-de-portaria-do-ca\/foto-armario-equip-2\/#main\" data-orig-file=\"https:\/\/wp.ufpel.edu.br\/ca\/files\/2024\/04\/foto-armario-equip-1.jpeg\" data-orig-size=\"714,576\" data-comments-opened=\"0\" data-image-meta=\"{&quot;aperture&quot;:&quot;0&quot;,&quot;credit&quot;:&quot;&quot;,&quot;camera&quot;:&quot;&quot;,&quot;caption&quot;:&quot;&quot;,&quot;created_timestamp&quot;:&quot;0&quot;,&quot;copyright&quot;:&quot;&quot;,&quot;focal_length&quot;:&quot;0&quot;,&quot;iso&quot;:&quot;0&quot;,&quot;shutter_speed&quot;:&quot;0&quot;,&quot;title&quot;:&quot;&quot;,&quot;orientation&quot;:&quot;0&quot;}\" data-image-title=\"foto armario equip\" data-image-description=\"\" data-image-caption=\"\" data-medium-file=\"https:\/\/wp.ufpel.edu.br\/ca\/files\/2024\/04\/foto-armario-equip-1-496x400.jpeg\" data-large-file=\"https:\/\/wp.ufpel.edu.br\/ca\/files\/2024\/04\/foto-armario-equip-1.jpeg\" class=\"size-medium wp-image-4708 aligncenter\" src=\"https:\/\/wp.ufpel.edu.br\/ca\/files\/2024\/04\/foto-armario-equip-1-496x400.jpeg\" alt=\"\" width=\"496\" height=\"400\" srcset=\"https:\/\/wp.ufpel.edu.br\/ca\/files\/2024\/04\/foto-armario-equip-1-496x400.jpeg 496w, https:\/\/wp.ufpel.edu.br\/ca\/files\/2024\/04\/foto-armario-equip-1-372x300.jpeg 372w, https:\/\/wp.ufpel.edu.br\/ca\/files\/2024\/04\/foto-armario-equip-1.jpeg 714w\" sizes=\"auto, (max-width: 496px) 100vw, 496px\" \/><\/p>\n<p>&nbsp;<\/p>\n<ul>\n<li><span data-contrast=\"auto\">Na portaria do BLOCO 2 (rua \u00c1lvaro Chaves,65) tem um arm\u00e1rio, <em>tipo colm\u00e9ia<\/em> numerado separadamente, para entrega e retirada de equipamentos tais como: <\/span><span data-contrast=\"auto\">projetor, microfone, notebook, entre outros;<\/span><\/li>\n<li>A entrega das chaves destes arm\u00e1rios \u00e9 permitida <strong>apenas para servidores<\/strong> (t\u00e9cnicos e docentes) ou alunos autorizados.<\/li>\n<li>Ao entregar a chave do arm\u00e1rio <strong>solicite<\/strong> e confira o correto <strong>preenchimento no livro de registro espec\u00edfico para equipamentos com os dados leg\u00edveis;<\/strong><\/li>\n<\/ul>\n<blockquote><p><span data-ccp-props=\"{&quot;201341983&quot;:0,&quot;335551550&quot;:6,&quot;335551620&quot;:6,&quot;335559740&quot;:276}\">\u00a0LEMBRE-SE: <\/span><i><span data-contrast=\"auto\">Somente seguindo esse procedimento corretamente \u00e9 poss\u00edvel que o agente de portaria transfira a responsabilidade do empr\u00e9stimo do equipamento para o servidor. Os dados e a assinatura do servidor se responsabilizando pela retirada e entrega do equipamento \u00e9 fundamental!<\/span><\/i><\/p>\n<p><span data-ccp-props=\"{&quot;201341983&quot;:0,&quot;335559740&quot;:240}\">\u00a0<\/span><span data-contrast=\"auto\">Havendo qualquer recusa ou diverg\u00eancia, informe imediatamente a secretaria do Centro de Artes (3284-5513). <\/span><span data-ccp-props=\"{&quot;201341983&quot;:0,&quot;335559740&quot;:240}\">\u00a0<\/span><\/p><\/blockquote>\n<h4>Antes de liberar a chave de um arm\u00e1rio de equipamentos verifique:<\/h4>\n<ol>\n<li>Olhe na agenda de reserva de equipamentos <a href=\"https:\/\/wp.ufpel.edu.br\/mapacearte\/projetores\/\">AQUI<\/a> <span data-contrast=\"auto\">o <\/span><b><span data-contrast=\"auto\">n\u00ba do arm\u00e1rio e o nome da reserva;<\/span><\/b><\/li>\n<li>Se a pessoa n\u00e3o tiver reserva, <span style=\"font-weight: 400;\">havendo equipamentos dispon\u00edveis, o agente de portaria pode liberar uma chave de arm\u00e1rio observando e alertando o usu\u00e1rio o limite de hor\u00e1rio que dever\u00e1 devolver o equipamento, de acordo com os agendamentos posteriores verificados.<\/span><\/li>\n<\/ol>\n<p>&nbsp;<\/p>\n<blockquote><p><em>ATEN\u00c7\u00c3O<\/em>: n\u00e3o esque\u00e7a de que em qualquer situa\u00e7\u00e3o o <strong>preenchimento no livro de registro espec\u00edfico para empr\u00e9stimo de equipamentos \u00e9 INDISPENS\u00c1VEL!<\/strong><\/p><\/blockquote>\n<p>&nbsp;<\/p>\n<p><em>Para conhecimento: <\/em><\/p>\n<ul>\n<li><em>o<\/em><span data-contrast=\"auto\"><strong> agendamento e gerenciamento desses equipamentos<\/strong> \u00e9 realizado pelo t\u00e9cnico R\u00e9gis Dutra e Carlos Ziebell atrav\u00e9s do site do Centro de Artes &#8211; <a href=\"https:\/\/wp.ufpel.edu.br\/ca\/reserva-de-equipamentos\/\">Reserva de Equipamentos<\/a><\/span><\/li>\n<li>As Reservas s\u00f3 ser\u00e3o aceitas solicita\u00e7\u00f5es com no m\u00ednimo 24 horas de anteced\u00eancia do hor\u00e1rio de agendamento;<\/li>\n<li>Grande parte das salas de aulas est\u00e3o equipadas com projetores fixos. Abaixo consta a lista:<\/li>\n<\/ul>\n<blockquote><p><strong>Bloco 1:<\/strong><\/p>\n<p>Audit\u00f3rio 1 &#8211; sala 109<\/p>\n<p>2\u00ba andar, salas 203, 205, 206, 207, 209, 210 e 211<\/p>\n<p>3\u00ba andar, salas 310, 313, 314, 318, 319<\/p>\n<p><strong>Bloco 2:<\/strong><\/p>\n<p>2\u00ba andar, salas 202, 203, 204<\/p>\n<p>3\u00ba andar, salas 302, 303, 304, 306<\/p>\n<p>4\u00ba andar, salas 402, 403<\/p>\n<p>5\u00ba andar, salas 503, 506<\/p><\/blockquote>\n<h3><strong>Acesso ao Diret\u00f3rio Acad\u00eamico<\/strong><\/h3>\n<div id=\"attachment_4314\" style=\"width: 610px\" class=\"wp-caption aligncenter\"><img loading=\"lazy\" decoding=\"async\" aria-describedby=\"caption-attachment-4314\" data-attachment-id=\"4314\" data-permalink=\"https:\/\/wp.ufpel.edu.br\/ca\/area-do-aluno\/whatsapp-image-2023-10-24-at-12-41-39\/#main\" data-orig-file=\"https:\/\/wp.ufpel.edu.br\/ca\/files\/2023\/10\/WhatsApp-Image-2023-10-24-at-12.41.39.jpeg\" data-orig-size=\"1280,576\" data-comments-opened=\"0\" data-image-meta=\"{&quot;aperture&quot;:&quot;0&quot;,&quot;credit&quot;:&quot;&quot;,&quot;camera&quot;:&quot;&quot;,&quot;caption&quot;:&quot;&quot;,&quot;created_timestamp&quot;:&quot;0&quot;,&quot;copyright&quot;:&quot;&quot;,&quot;focal_length&quot;:&quot;0&quot;,&quot;iso&quot;:&quot;0&quot;,&quot;shutter_speed&quot;:&quot;0&quot;,&quot;title&quot;:&quot;&quot;,&quot;orientation&quot;:&quot;0&quot;}\" data-image-title=\"WhatsApp Image 2023-10-24 at 12.41.39\" data-image-description=\"\" data-image-caption=\"\" data-medium-file=\"https:\/\/wp.ufpel.edu.br\/ca\/files\/2023\/10\/WhatsApp-Image-2023-10-24-at-12.41.39-600x270.jpeg\" data-large-file=\"https:\/\/wp.ufpel.edu.br\/ca\/files\/2023\/10\/WhatsApp-Image-2023-10-24-at-12.41.39-1024x461.jpeg\" class=\"wp-image-4314 size-medium\" src=\"https:\/\/wp.ufpel.edu.br\/ca\/files\/2023\/10\/WhatsApp-Image-2023-10-24-at-12.41.39-600x270.jpeg\" alt=\"\" width=\"600\" height=\"270\" srcset=\"https:\/\/wp.ufpel.edu.br\/ca\/files\/2023\/10\/WhatsApp-Image-2023-10-24-at-12.41.39-600x270.jpeg 600w, https:\/\/wp.ufpel.edu.br\/ca\/files\/2023\/10\/WhatsApp-Image-2023-10-24-at-12.41.39-1024x461.jpeg 1024w, https:\/\/wp.ufpel.edu.br\/ca\/files\/2023\/10\/WhatsApp-Image-2023-10-24-at-12.41.39-400x180.jpeg 400w, https:\/\/wp.ufpel.edu.br\/ca\/files\/2023\/10\/WhatsApp-Image-2023-10-24-at-12.41.39-768x346.jpeg 768w, https:\/\/wp.ufpel.edu.br\/ca\/files\/2023\/10\/WhatsApp-Image-2023-10-24-at-12.41.39.jpeg 1280w\" sizes=\"auto, (max-width: 600px) 100vw, 600px\" \/><p id=\"caption-attachment-4314\" class=\"wp-caption-text\">localizada no jardim do CA, na \u00e1rea externa entre os blocos 1 e 2.<\/p><\/div>\n<ul>\n<li>A chave da sala fica na portaria do bloco 1 (rua Alberto Rosa,62) e pode ser solicitada ao agente de portaria por qualquer estudante do CA, mediante assinatura de retirada e entrega no livro de registro de chaves;<\/li>\n<li>As chaves da sala interna e do arm\u00e1rio \u00e9 restrita aos integrantes dos Centros Acad\u00eamicos e Atl\u00e9tica, sendo liberadas na portaria mediante autoriza\u00e7\u00e3o pr\u00e9via no sistema de controle de chaves (<a href=\"https:\/\/wp.ufpel.edu.br\/mapacearte\/autorizacao-de-chaves\/\">CONSULTE AQUI!<\/a>);<\/li>\n<li>A solicita\u00e7\u00e3o de autoriza\u00e7\u00e3o para retirada das chaves da sala interna e do arm\u00e1rio deve ser solicitada pelo e-mail cearte.ufpel@gmail.com contendo nome completo e curso do aluno. Quem deve encaminhar esse e-mail \u00e9 o presidente ou vice de cada Centro acad\u00eamico e\/ou Atl\u00e9tica.<\/li>\n<\/ul>\n","protected":false},"excerpt":{"rendered":"<p> [&hellip;]<\/p>\n","protected":false},"author":1275,"featured_media":0,"parent":0,"menu_order":0,"comment_status":"closed","ping_status":"closed","template":"","meta":{"_acf_changed":false,"footnotes":""},"class_list":["post-4687","page","type-page","status-publish","hentry","post"],"acf":[],"yoast_head":"<!-- This site is optimized with the Yoast SEO plugin v26.7 - https:\/\/yoast.com\/wordpress\/plugins\/seo\/ -->\n<title>Orienta\u00e7\u00f5es aos Agentes de Portaria do CA &#8211; Centro de Artes UFPEL<\/title>\n<meta name=\"robots\" content=\"index, follow, max-snippet:-1, max-image-preview:large, max-video-preview:-1\" \/>\n<link rel=\"canonical\" href=\"https:\/\/wp.ufpel.edu.br\/ca\/orientacoes-aos-agentes-de-portaria-do-ca\/\" \/>\n<meta property=\"og:locale\" content=\"pt_BR\" \/>\n<meta property=\"og:type\" content=\"article\" \/>\n<meta property=\"og:title\" content=\"Orienta\u00e7\u00f5es aos Agentes de Portaria do CA &#8211; Centro de Artes UFPEL\" \/>\n<meta property=\"og:description\" content=\"[&hellip;]\" \/>\n<meta property=\"og:url\" content=\"https:\/\/wp.ufpel.edu.br\/ca\/orientacoes-aos-agentes-de-portaria-do-ca\/\" \/>\n<meta property=\"og:site_name\" content=\"Centro de Artes UFPEL\" \/>\n<meta property=\"article:modified_time\" content=\"2024-04-24T15:02:48+00:00\" \/>\n<meta property=\"og:image\" content=\"https:\/\/wp.ufpel.edu.br\/ca\/files\/2024\/04\/foto-armario-equip-1-496x400.jpeg\" \/>\n<meta name=\"twitter:card\" content=\"summary_large_image\" \/>\n<meta name=\"twitter:label1\" content=\"Est. tempo de leitura\" \/>\n\t<meta name=\"twitter:data1\" content=\"4 minutos\" \/>\n<script type=\"application\/ld+json\" class=\"yoast-schema-graph\">{\"@context\":\"https:\/\/schema.org\",\"@graph\":[{\"@type\":\"WebPage\",\"@id\":\"https:\/\/wp.ufpel.edu.br\/ca\/orientacoes-aos-agentes-de-portaria-do-ca\/\",\"url\":\"https:\/\/wp.ufpel.edu.br\/ca\/orientacoes-aos-agentes-de-portaria-do-ca\/\",\"name\":\"Orienta\u00e7\u00f5es aos Agentes de Portaria do CA &#8211; Centro de Artes UFPEL\",\"isPartOf\":{\"@id\":\"https:\/\/wp.ufpel.edu.br\/ca\/#website\"},\"primaryImageOfPage\":{\"@id\":\"https:\/\/wp.ufpel.edu.br\/ca\/orientacoes-aos-agentes-de-portaria-do-ca\/#primaryimage\"},\"image\":{\"@id\":\"https:\/\/wp.ufpel.edu.br\/ca\/orientacoes-aos-agentes-de-portaria-do-ca\/#primaryimage\"},\"thumbnailUrl\":\"https:\/\/wp.ufpel.edu.br\/ca\/files\/2024\/04\/foto-armario-equip-1-496x400.jpeg\",\"datePublished\":\"2024-04-18T01:35:14+00:00\",\"dateModified\":\"2024-04-24T15:02:48+00:00\",\"breadcrumb\":{\"@id\":\"https:\/\/wp.ufpel.edu.br\/ca\/orientacoes-aos-agentes-de-portaria-do-ca\/#breadcrumb\"},\"inLanguage\":\"pt-BR\",\"potentialAction\":[{\"@type\":\"ReadAction\",\"target\":[\"https:\/\/wp.ufpel.edu.br\/ca\/orientacoes-aos-agentes-de-portaria-do-ca\/\"]}]},{\"@type\":\"ImageObject\",\"inLanguage\":\"pt-BR\",\"@id\":\"https:\/\/wp.ufpel.edu.br\/ca\/orientacoes-aos-agentes-de-portaria-do-ca\/#primaryimage\",\"url\":\"https:\/\/wp.ufpel.edu.br\/ca\/files\/2024\/04\/foto-armario-equip-1.jpeg\",\"contentUrl\":\"https:\/\/wp.ufpel.edu.br\/ca\/files\/2024\/04\/foto-armario-equip-1.jpeg\",\"width\":714,\"height\":576},{\"@type\":\"BreadcrumbList\",\"@id\":\"https:\/\/wp.ufpel.edu.br\/ca\/orientacoes-aos-agentes-de-portaria-do-ca\/#breadcrumb\",\"itemListElement\":[{\"@type\":\"ListItem\",\"position\":1,\"name\":\"In\u00edcio\",\"item\":\"https:\/\/wp.ufpel.edu.br\/ca\/\"},{\"@type\":\"ListItem\",\"position\":2,\"name\":\"Orienta\u00e7\u00f5es aos Agentes de Portaria do CA\"}]},{\"@type\":\"WebSite\",\"@id\":\"https:\/\/wp.ufpel.edu.br\/ca\/#website\",\"url\":\"https:\/\/wp.ufpel.edu.br\/ca\/\",\"name\":\"Centro de Artes UFPEL\",\"description\":\"Universidade Federal de Pelotas\",\"publisher\":{\"@id\":\"https:\/\/wp.ufpel.edu.br\/ca\/#organization\"},\"potentialAction\":[{\"@type\":\"SearchAction\",\"target\":{\"@type\":\"EntryPoint\",\"urlTemplate\":\"https:\/\/wp.ufpel.edu.br\/ca\/?s={search_term_string}\"},\"query-input\":{\"@type\":\"PropertyValueSpecification\",\"valueRequired\":true,\"valueName\":\"search_term_string\"}}],\"inLanguage\":\"pt-BR\"},{\"@type\":\"Organization\",\"@id\":\"https:\/\/wp.ufpel.edu.br\/ca\/#organization\",\"name\":\"Centro de Artes UFPEL\",\"url\":\"https:\/\/wp.ufpel.edu.br\/ca\/\",\"logo\":{\"@type\":\"ImageObject\",\"inLanguage\":\"pt-BR\",\"@id\":\"https:\/\/wp.ufpel.edu.br\/ca\/#\/schema\/logo\/image\/\",\"url\":\"https:\/\/wp.ufpel.edu.br\/ca\/files\/2022\/07\/CA_COVER-01.png\",\"contentUrl\":\"https:\/\/wp.ufpel.edu.br\/ca\/files\/2022\/07\/CA_COVER-01.png\",\"width\":1758,\"height\":1244,\"caption\":\"Centro de Artes UFPEL\"},\"image\":{\"@id\":\"https:\/\/wp.ufpel.edu.br\/ca\/#\/schema\/logo\/image\/\"}}]}<\/script>\n<!-- \/ Yoast SEO plugin. -->","yoast_head_json":{"title":"Orienta\u00e7\u00f5es aos Agentes de Portaria do CA &#8211; Centro de Artes UFPEL","robots":{"index":"index","follow":"follow","max-snippet":"max-snippet:-1","max-image-preview":"max-image-preview:large","max-video-preview":"max-video-preview:-1"},"canonical":"https:\/\/wp.ufpel.edu.br\/ca\/orientacoes-aos-agentes-de-portaria-do-ca\/","og_locale":"pt_BR","og_type":"article","og_title":"Orienta\u00e7\u00f5es aos Agentes de Portaria do CA &#8211; Centro de Artes UFPEL","og_description":"[&hellip;]","og_url":"https:\/\/wp.ufpel.edu.br\/ca\/orientacoes-aos-agentes-de-portaria-do-ca\/","og_site_name":"Centro de Artes UFPEL","article_modified_time":"2024-04-24T15:02:48+00:00","og_image":[{"url":"https:\/\/wp.ufpel.edu.br\/ca\/files\/2024\/04\/foto-armario-equip-1-496x400.jpeg","type":"","width":"","height":""}],"twitter_card":"summary_large_image","twitter_misc":{"Est. tempo de leitura":"4 minutos"},"schema":{"@context":"https:\/\/schema.org","@graph":[{"@type":"WebPage","@id":"https:\/\/wp.ufpel.edu.br\/ca\/orientacoes-aos-agentes-de-portaria-do-ca\/","url":"https:\/\/wp.ufpel.edu.br\/ca\/orientacoes-aos-agentes-de-portaria-do-ca\/","name":"Orienta\u00e7\u00f5es aos Agentes de Portaria do CA &#8211; Centro de Artes UFPEL","isPartOf":{"@id":"https:\/\/wp.ufpel.edu.br\/ca\/#website"},"primaryImageOfPage":{"@id":"https:\/\/wp.ufpel.edu.br\/ca\/orientacoes-aos-agentes-de-portaria-do-ca\/#primaryimage"},"image":{"@id":"https:\/\/wp.ufpel.edu.br\/ca\/orientacoes-aos-agentes-de-portaria-do-ca\/#primaryimage"},"thumbnailUrl":"https:\/\/wp.ufpel.edu.br\/ca\/files\/2024\/04\/foto-armario-equip-1-496x400.jpeg","datePublished":"2024-04-18T01:35:14+00:00","dateModified":"2024-04-24T15:02:48+00:00","breadcrumb":{"@id":"https:\/\/wp.ufpel.edu.br\/ca\/orientacoes-aos-agentes-de-portaria-do-ca\/#breadcrumb"},"inLanguage":"pt-BR","potentialAction":[{"@type":"ReadAction","target":["https:\/\/wp.ufpel.edu.br\/ca\/orientacoes-aos-agentes-de-portaria-do-ca\/"]}]},{"@type":"ImageObject","inLanguage":"pt-BR","@id":"https:\/\/wp.ufpel.edu.br\/ca\/orientacoes-aos-agentes-de-portaria-do-ca\/#primaryimage","url":"https:\/\/wp.ufpel.edu.br\/ca\/files\/2024\/04\/foto-armario-equip-1.jpeg","contentUrl":"https:\/\/wp.ufpel.edu.br\/ca\/files\/2024\/04\/foto-armario-equip-1.jpeg","width":714,"height":576},{"@type":"BreadcrumbList","@id":"https:\/\/wp.ufpel.edu.br\/ca\/orientacoes-aos-agentes-de-portaria-do-ca\/#breadcrumb","itemListElement":[{"@type":"ListItem","position":1,"name":"In\u00edcio","item":"https:\/\/wp.ufpel.edu.br\/ca\/"},{"@type":"ListItem","position":2,"name":"Orienta\u00e7\u00f5es aos Agentes de Portaria do CA"}]},{"@type":"WebSite","@id":"https:\/\/wp.ufpel.edu.br\/ca\/#website","url":"https:\/\/wp.ufpel.edu.br\/ca\/","name":"Centro de Artes UFPEL","description":"Universidade Federal de Pelotas","publisher":{"@id":"https:\/\/wp.ufpel.edu.br\/ca\/#organization"},"potentialAction":[{"@type":"SearchAction","target":{"@type":"EntryPoint","urlTemplate":"https:\/\/wp.ufpel.edu.br\/ca\/?s={search_term_string}"},"query-input":{"@type":"PropertyValueSpecification","valueRequired":true,"valueName":"search_term_string"}}],"inLanguage":"pt-BR"},{"@type":"Organization","@id":"https:\/\/wp.ufpel.edu.br\/ca\/#organization","name":"Centro de Artes UFPEL","url":"https:\/\/wp.ufpel.edu.br\/ca\/","logo":{"@type":"ImageObject","inLanguage":"pt-BR","@id":"https:\/\/wp.ufpel.edu.br\/ca\/#\/schema\/logo\/image\/","url":"https:\/\/wp.ufpel.edu.br\/ca\/files\/2022\/07\/CA_COVER-01.png","contentUrl":"https:\/\/wp.ufpel.edu.br\/ca\/files\/2022\/07\/CA_COVER-01.png","width":1758,"height":1244,"caption":"Centro de Artes UFPEL"},"image":{"@id":"https:\/\/wp.ufpel.edu.br\/ca\/#\/schema\/logo\/image\/"}}]}},"jetpack_sharing_enabled":true,"publishpress_future_action":{"enabled":false,"date":"2026-05-13 04:44:56","action":"change-status","newStatus":"private","terms":[],"taxonomy":"","extraData":[]},"publishpress_future_workflow_manual_trigger":{"enabledWorkflows":[]},"_links":{"self":[{"href":"https:\/\/wp.ufpel.edu.br\/ca\/wp-json\/wp\/v2\/pages\/4687","targetHints":{"allow":["GET"]}}],"collection":[{"href":"https:\/\/wp.ufpel.edu.br\/ca\/wp-json\/wp\/v2\/pages"}],"about":[{"href":"https:\/\/wp.ufpel.edu.br\/ca\/wp-json\/wp\/v2\/types\/page"}],"author":[{"embeddable":true,"href":"https:\/\/wp.ufpel.edu.br\/ca\/wp-json\/wp\/v2\/users\/1275"}],"replies":[{"embeddable":true,"href":"https:\/\/wp.ufpel.edu.br\/ca\/wp-json\/wp\/v2\/comments?post=4687"}],"version-history":[{"count":20,"href":"https:\/\/wp.ufpel.edu.br\/ca\/wp-json\/wp\/v2\/pages\/4687\/revisions"}],"predecessor-version":[{"id":4721,"href":"https:\/\/wp.ufpel.edu.br\/ca\/wp-json\/wp\/v2\/pages\/4687\/revisions\/4721"}],"wp:attachment":[{"href":"https:\/\/wp.ufpel.edu.br\/ca\/wp-json\/wp\/v2\/media?parent=4687"}],"curies":[{"name":"wp","href":"https:\/\/api.w.org\/{rel}","templated":true}]}}