{"id":4393,"date":"2023-12-02T21:56:51","date_gmt":"2023-12-03T00:56:51","guid":{"rendered":"https:\/\/wp.ufpel.edu.br\/ca\/?page_id=4393"},"modified":"2023-12-02T22:17:41","modified_gmt":"2023-12-03T01:17:41","slug":"nuseg-nucleo-de-seguranca","status":"publish","type":"page","link":"https:\/\/wp.ufpel.edu.br\/ca\/nuseg-nucleo-de-seguranca\/","title":{"rendered":"NUSEG &#8211; N\u00facleo de Seguran\u00e7a"},"content":{"rendered":"<p>O <a href=\"https:\/\/wp.ufpel.edu.br\/nuseg\/\"><strong>N\u00facleo de Seguran\u00e7a<\/strong><\/a>, ligado \u00e0 SUINFRA, \u00e9 respons\u00e1vel pela seguran\u00e7a da comunidade acad\u00eamica e do patrim\u00f4nio p\u00fablico.<\/p>\n<p><strong>\u00a0 \u00a0 \u00a0 \u00a0<\/strong>LUIZ FERNANDO VIANNA BECK (Chefe do N\u00facleo)<\/p>\n<blockquote>\n<p class=\"has-black-color has-text-color has-regular-font-size\">ANDERSON FERREIRA RODRIGUES (UASEG)<\/p>\n<p>Endere\u00e7o: Rua Gomes Carneiro, 01, Sala 301, 3\u00ba Andar<br \/>\nBloco A, Campus Anglo<\/p>\n<p class=\"has-black-color has-text-color has-regular-font-size\">E-mail:\u00a0<a href=\"mailto:terceirizados@ufpel.edu.br\">seguranca@ufpel.edu.br<\/a><br \/>\nTelefone: (53) 3284-3906<\/p>\n<p>&nbsp;<\/p><\/blockquote>\n<p><strong><em>Clique em <a href=\"https:\/\/wp.ufpel.edu.br\/nuseg\/informacoes\/\">INFORMA\u00c7\u00d5ES<\/a> para saber mais sobre os procedimentos relacionados ao NUSEG:<\/em><\/strong><\/p>\n<ul>\n<li>ASSALTOS\/AGRESS\u00d5ES<\/li>\n<li>IMAGENS DE MONITORAMENTO<\/li>\n<li>INVAS\u00d5ES\/ROUBOS\/FURTOS [PATRIM\u00d4NIO]<\/li>\n<li>PERTENCES PERDIDOS<\/li>\n<\/ul>\n<p>&nbsp;<\/p>\n<p class=\"has-text-align-center\" style=\"text-align: center;\"><strong>EMERG\u00caNCIA LIGUE:<\/strong><\/p>\n<p class=\"has-text-align-center\" style=\"text-align: center;\"><img decoding=\"async\" src=\"https:\/\/lh4.googleusercontent.com\/tJf4-PwJ5YPgNIzcvw6u6uDHrSYZiimpPCvn6FUcq1k5thVUYXjwYJJsYRfiIOLso41aWFQ6Vnb5htXjZ1HrcVTMUkDcFVlrgIp5C7cjid5lBewt21ga6YVCwM1Hw-tSZPvuw2bzgaqR4JVvdLSZ0Q\" width=\"46px;\" height=\"50px;\" \/><\/p>\n<p class=\"has-text-align-center\" style=\"text-align: center;\">Guarda Municipal<\/p>\n<h1 class=\"kt-adv-heading_40f19b-0f wp-block-kadence-advancedheading\" style=\"text-align: center;\" data-kb-block=\"kb-adv-heading_40f19b-0f\">153<\/h1>\n<p class=\"has-text-align-center\" style=\"text-align: center;\"><img decoding=\"async\" src=\"https:\/\/lh3.googleusercontent.com\/kllQ2hDLle4_6r3m3O1DzPGGguS59MUKFYdKIBCLzJTZsHVXE57fFWc-MVXFrqdBmM7650qanagg5bzOYiCYpY5GjVvntN0nscKlxgFC3olPhN0xXftPfVPf0a--eN2A6z0AXNbMTltc2N_O9eGVJg\" width=\"46px;\" height=\"50px;\" \/><\/p>\n<p class=\"has-text-align-center\" style=\"text-align: center;\">Brigada Militar<\/p>\n<h1 class=\"kt-adv-heading_40f19b-0f wp-block-kadence-advancedheading\" style=\"text-align: center;\" data-kb-block=\"kb-adv-heading_40f19b-0f\">190<\/h1>\n<p class=\"has-text-align-center\" style=\"text-align: center;\"><strong>EMERG\u00caNCIA INTERNA LIGUE:<\/strong><\/p>\n<h1 class=\"kt-adv-heading_40f19b-0f wp-block-kadence-advancedheading\" style=\"text-align: center;\" data-kb-block=\"kb-adv-heading_40f19b-0f\">3284-3999<\/h1>\n","protected":false},"excerpt":{"rendered":"<p> [&hellip;]<\/p>\n","protected":false},"author":1275,"featured_media":0,"parent":0,"menu_order":0,"comment_status":"closed","ping_status":"closed","template":"","meta":{"_acf_changed":false,"footnotes":""},"class_list":["post-4393","page","type-page","status-publish","hentry","post"],"acf":[],"yoast_head":"<!-- This site is optimized with the Yoast SEO plugin v26.7 - https:\/\/yoast.com\/wordpress\/plugins\/seo\/ -->\n<title>NUSEG - N\u00facleo de Seguran\u00e7a &#8211; Centro de Artes UFPEL<\/title>\n<meta name=\"robots\" content=\"index, follow, max-snippet:-1, max-image-preview:large, max-video-preview:-1\" \/>\n<link rel=\"canonical\" href=\"https:\/\/wp.ufpel.edu.br\/ca\/nuseg-nucleo-de-seguranca\/\" \/>\n<meta property=\"og:locale\" content=\"pt_BR\" \/>\n<meta property=\"og:type\" content=\"article\" \/>\n<meta property=\"og:title\" content=\"NUSEG - N\u00facleo de Seguran\u00e7a &#8211; Centro de Artes UFPEL\" \/>\n<meta property=\"og:description\" content=\"[&hellip;]\" \/>\n<meta property=\"og:url\" content=\"https:\/\/wp.ufpel.edu.br\/ca\/nuseg-nucleo-de-seguranca\/\" \/>\n<meta property=\"og:site_name\" content=\"Centro de Artes UFPEL\" \/>\n<meta property=\"article:modified_time\" content=\"2023-12-03T01:17:41+00:00\" \/>\n<meta property=\"og:image\" content=\"https:\/\/lh4.googleusercontent.com\/tJf4-PwJ5YPgNIzcvw6u6uDHrSYZiimpPCvn6FUcq1k5thVUYXjwYJJsYRfiIOLso41aWFQ6Vnb5htXjZ1HrcVTMUkDcFVlrgIp5C7cjid5lBewt21ga6YVCwM1Hw-tSZPvuw2bzgaqR4JVvdLSZ0Q\" \/>\n<meta name=\"twitter:card\" content=\"summary_large_image\" \/>\n<meta name=\"twitter:label1\" content=\"Est. tempo de leitura\" \/>\n\t<meta name=\"twitter:data1\" content=\"1 minuto\" \/>\n<script type=\"application\/ld+json\" class=\"yoast-schema-graph\">{\"@context\":\"https:\/\/schema.org\",\"@graph\":[{\"@type\":\"WebPage\",\"@id\":\"https:\/\/wp.ufpel.edu.br\/ca\/nuseg-nucleo-de-seguranca\/\",\"url\":\"https:\/\/wp.ufpel.edu.br\/ca\/nuseg-nucleo-de-seguranca\/\",\"name\":\"NUSEG - N\u00facleo de Seguran\u00e7a &#8211; Centro de Artes UFPEL\",\"isPartOf\":{\"@id\":\"https:\/\/wp.ufpel.edu.br\/ca\/#website\"},\"primaryImageOfPage\":{\"@id\":\"https:\/\/wp.ufpel.edu.br\/ca\/nuseg-nucleo-de-seguranca\/#primaryimage\"},\"image\":{\"@id\":\"https:\/\/wp.ufpel.edu.br\/ca\/nuseg-nucleo-de-seguranca\/#primaryimage\"},\"thumbnailUrl\":\"https:\/\/lh4.googleusercontent.com\/tJf4-PwJ5YPgNIzcvw6u6uDHrSYZiimpPCvn6FUcq1k5thVUYXjwYJJsYRfiIOLso41aWFQ6Vnb5htXjZ1HrcVTMUkDcFVlrgIp5C7cjid5lBewt21ga6YVCwM1Hw-tSZPvuw2bzgaqR4JVvdLSZ0Q\",\"datePublished\":\"2023-12-03T00:56:51+00:00\",\"dateModified\":\"2023-12-03T01:17:41+00:00\",\"breadcrumb\":{\"@id\":\"https:\/\/wp.ufpel.edu.br\/ca\/nuseg-nucleo-de-seguranca\/#breadcrumb\"},\"inLanguage\":\"pt-BR\",\"potentialAction\":[{\"@type\":\"ReadAction\",\"target\":[\"https:\/\/wp.ufpel.edu.br\/ca\/nuseg-nucleo-de-seguranca\/\"]}]},{\"@type\":\"ImageObject\",\"inLanguage\":\"pt-BR\",\"@id\":\"https:\/\/wp.ufpel.edu.br\/ca\/nuseg-nucleo-de-seguranca\/#primaryimage\",\"url\":\"https:\/\/lh4.googleusercontent.com\/tJf4-PwJ5YPgNIzcvw6u6uDHrSYZiimpPCvn6FUcq1k5thVUYXjwYJJsYRfiIOLso41aWFQ6Vnb5htXjZ1HrcVTMUkDcFVlrgIp5C7cjid5lBewt21ga6YVCwM1Hw-tSZPvuw2bzgaqR4JVvdLSZ0Q\",\"contentUrl\":\"https:\/\/lh4.googleusercontent.com\/tJf4-PwJ5YPgNIzcvw6u6uDHrSYZiimpPCvn6FUcq1k5thVUYXjwYJJsYRfiIOLso41aWFQ6Vnb5htXjZ1HrcVTMUkDcFVlrgIp5C7cjid5lBewt21ga6YVCwM1Hw-tSZPvuw2bzgaqR4JVvdLSZ0Q\"},{\"@type\":\"BreadcrumbList\",\"@id\":\"https:\/\/wp.ufpel.edu.br\/ca\/nuseg-nucleo-de-seguranca\/#breadcrumb\",\"itemListElement\":[{\"@type\":\"ListItem\",\"position\":1,\"name\":\"In\u00edcio\",\"item\":\"https:\/\/wp.ufpel.edu.br\/ca\/\"},{\"@type\":\"ListItem\",\"position\":2,\"name\":\"NUSEG &#8211; N\u00facleo de Seguran\u00e7a\"}]},{\"@type\":\"WebSite\",\"@id\":\"https:\/\/wp.ufpel.edu.br\/ca\/#website\",\"url\":\"https:\/\/wp.ufpel.edu.br\/ca\/\",\"name\":\"Centro de Artes UFPEL\",\"description\":\"Universidade Federal de Pelotas\",\"publisher\":{\"@id\":\"https:\/\/wp.ufpel.edu.br\/ca\/#organization\"},\"potentialAction\":[{\"@type\":\"SearchAction\",\"target\":{\"@type\":\"EntryPoint\",\"urlTemplate\":\"https:\/\/wp.ufpel.edu.br\/ca\/?s={search_term_string}\"},\"query-input\":{\"@type\":\"PropertyValueSpecification\",\"valueRequired\":true,\"valueName\":\"search_term_string\"}}],\"inLanguage\":\"pt-BR\"},{\"@type\":\"Organization\",\"@id\":\"https:\/\/wp.ufpel.edu.br\/ca\/#organization\",\"name\":\"Centro de Artes UFPEL\",\"url\":\"https:\/\/wp.ufpel.edu.br\/ca\/\",\"logo\":{\"@type\":\"ImageObject\",\"inLanguage\":\"pt-BR\",\"@id\":\"https:\/\/wp.ufpel.edu.br\/ca\/#\/schema\/logo\/image\/\",\"url\":\"https:\/\/wp.ufpel.edu.br\/ca\/files\/2022\/07\/CA_COVER-01.png\",\"contentUrl\":\"https:\/\/wp.ufpel.edu.br\/ca\/files\/2022\/07\/CA_COVER-01.png\",\"width\":1758,\"height\":1244,\"caption\":\"Centro de Artes UFPEL\"},\"image\":{\"@id\":\"https:\/\/wp.ufpel.edu.br\/ca\/#\/schema\/logo\/image\/\"}}]}<\/script>\n<!-- \/ Yoast SEO plugin. -->","yoast_head_json":{"title":"NUSEG - N\u00facleo de Seguran\u00e7a &#8211; Centro de Artes UFPEL","robots":{"index":"index","follow":"follow","max-snippet":"max-snippet:-1","max-image-preview":"max-image-preview:large","max-video-preview":"max-video-preview:-1"},"canonical":"https:\/\/wp.ufpel.edu.br\/ca\/nuseg-nucleo-de-seguranca\/","og_locale":"pt_BR","og_type":"article","og_title":"NUSEG - N\u00facleo de Seguran\u00e7a &#8211; Centro de Artes UFPEL","og_description":"[&hellip;]","og_url":"https:\/\/wp.ufpel.edu.br\/ca\/nuseg-nucleo-de-seguranca\/","og_site_name":"Centro de Artes UFPEL","article_modified_time":"2023-12-03T01:17:41+00:00","og_image":[{"url":"https:\/\/lh4.googleusercontent.com\/tJf4-PwJ5YPgNIzcvw6u6uDHrSYZiimpPCvn6FUcq1k5thVUYXjwYJJsYRfiIOLso41aWFQ6Vnb5htXjZ1HrcVTMUkDcFVlrgIp5C7cjid5lBewt21ga6YVCwM1Hw-tSZPvuw2bzgaqR4JVvdLSZ0Q","type":"","width":"","height":""}],"twitter_card":"summary_large_image","twitter_misc":{"Est. tempo de leitura":"1 minuto"},"schema":{"@context":"https:\/\/schema.org","@graph":[{"@type":"WebPage","@id":"https:\/\/wp.ufpel.edu.br\/ca\/nuseg-nucleo-de-seguranca\/","url":"https:\/\/wp.ufpel.edu.br\/ca\/nuseg-nucleo-de-seguranca\/","name":"NUSEG - N\u00facleo de Seguran\u00e7a &#8211; Centro de Artes UFPEL","isPartOf":{"@id":"https:\/\/wp.ufpel.edu.br\/ca\/#website"},"primaryImageOfPage":{"@id":"https:\/\/wp.ufpel.edu.br\/ca\/nuseg-nucleo-de-seguranca\/#primaryimage"},"image":{"@id":"https:\/\/wp.ufpel.edu.br\/ca\/nuseg-nucleo-de-seguranca\/#primaryimage"},"thumbnailUrl":"https:\/\/lh4.googleusercontent.com\/tJf4-PwJ5YPgNIzcvw6u6uDHrSYZiimpPCvn6FUcq1k5thVUYXjwYJJsYRfiIOLso41aWFQ6Vnb5htXjZ1HrcVTMUkDcFVlrgIp5C7cjid5lBewt21ga6YVCwM1Hw-tSZPvuw2bzgaqR4JVvdLSZ0Q","datePublished":"2023-12-03T00:56:51+00:00","dateModified":"2023-12-03T01:17:41+00:00","breadcrumb":{"@id":"https:\/\/wp.ufpel.edu.br\/ca\/nuseg-nucleo-de-seguranca\/#breadcrumb"},"inLanguage":"pt-BR","potentialAction":[{"@type":"ReadAction","target":["https:\/\/wp.ufpel.edu.br\/ca\/nuseg-nucleo-de-seguranca\/"]}]},{"@type":"ImageObject","inLanguage":"pt-BR","@id":"https:\/\/wp.ufpel.edu.br\/ca\/nuseg-nucleo-de-seguranca\/#primaryimage","url":"https:\/\/lh4.googleusercontent.com\/tJf4-PwJ5YPgNIzcvw6u6uDHrSYZiimpPCvn6FUcq1k5thVUYXjwYJJsYRfiIOLso41aWFQ6Vnb5htXjZ1HrcVTMUkDcFVlrgIp5C7cjid5lBewt21ga6YVCwM1Hw-tSZPvuw2bzgaqR4JVvdLSZ0Q","contentUrl":"https:\/\/lh4.googleusercontent.com\/tJf4-PwJ5YPgNIzcvw6u6uDHrSYZiimpPCvn6FUcq1k5thVUYXjwYJJsYRfiIOLso41aWFQ6Vnb5htXjZ1HrcVTMUkDcFVlrgIp5C7cjid5lBewt21ga6YVCwM1Hw-tSZPvuw2bzgaqR4JVvdLSZ0Q"},{"@type":"BreadcrumbList","@id":"https:\/\/wp.ufpel.edu.br\/ca\/nuseg-nucleo-de-seguranca\/#breadcrumb","itemListElement":[{"@type":"ListItem","position":1,"name":"In\u00edcio","item":"https:\/\/wp.ufpel.edu.br\/ca\/"},{"@type":"ListItem","position":2,"name":"NUSEG &#8211; N\u00facleo de Seguran\u00e7a"}]},{"@type":"WebSite","@id":"https:\/\/wp.ufpel.edu.br\/ca\/#website","url":"https:\/\/wp.ufpel.edu.br\/ca\/","name":"Centro de Artes UFPEL","description":"Universidade Federal de Pelotas","publisher":{"@id":"https:\/\/wp.ufpel.edu.br\/ca\/#organization"},"potentialAction":[{"@type":"SearchAction","target":{"@type":"EntryPoint","urlTemplate":"https:\/\/wp.ufpel.edu.br\/ca\/?s={search_term_string}"},"query-input":{"@type":"PropertyValueSpecification","valueRequired":true,"valueName":"search_term_string"}}],"inLanguage":"pt-BR"},{"@type":"Organization","@id":"https:\/\/wp.ufpel.edu.br\/ca\/#organization","name":"Centro de Artes UFPEL","url":"https:\/\/wp.ufpel.edu.br\/ca\/","logo":{"@type":"ImageObject","inLanguage":"pt-BR","@id":"https:\/\/wp.ufpel.edu.br\/ca\/#\/schema\/logo\/image\/","url":"https:\/\/wp.ufpel.edu.br\/ca\/files\/2022\/07\/CA_COVER-01.png","contentUrl":"https:\/\/wp.ufpel.edu.br\/ca\/files\/2022\/07\/CA_COVER-01.png","width":1758,"height":1244,"caption":"Centro de Artes UFPEL"},"image":{"@id":"https:\/\/wp.ufpel.edu.br\/ca\/#\/schema\/logo\/image\/"}}]}},"jetpack_sharing_enabled":true,"publishpress_future_action":{"enabled":false,"date":"2026-04-16 09:38:19","action":"change-status","newStatus":"private","terms":[],"taxonomy":"","extraData":[]},"publishpress_future_workflow_manual_trigger":{"enabledWorkflows":[]},"_links":{"self":[{"href":"https:\/\/wp.ufpel.edu.br\/ca\/wp-json\/wp\/v2\/pages\/4393","targetHints":{"allow":["GET"]}}],"collection":[{"href":"https:\/\/wp.ufpel.edu.br\/ca\/wp-json\/wp\/v2\/pages"}],"about":[{"href":"https:\/\/wp.ufpel.edu.br\/ca\/wp-json\/wp\/v2\/types\/page"}],"author":[{"embeddable":true,"href":"https:\/\/wp.ufpel.edu.br\/ca\/wp-json\/wp\/v2\/users\/1275"}],"replies":[{"embeddable":true,"href":"https:\/\/wp.ufpel.edu.br\/ca\/wp-json\/wp\/v2\/comments?post=4393"}],"version-history":[{"count":3,"href":"https:\/\/wp.ufpel.edu.br\/ca\/wp-json\/wp\/v2\/pages\/4393\/revisions"}],"predecessor-version":[{"id":4398,"href":"https:\/\/wp.ufpel.edu.br\/ca\/wp-json\/wp\/v2\/pages\/4393\/revisions\/4398"}],"wp:attachment":[{"href":"https:\/\/wp.ufpel.edu.br\/ca\/wp-json\/wp\/v2\/media?parent=4393"}],"curies":[{"name":"wp","href":"https:\/\/api.w.org\/{rel}","templated":true}]}}