{"id":3019,"date":"2023-03-29T15:05:00","date_gmt":"2023-03-29T18:05:00","guid":{"rendered":"https:\/\/wp.ufpel.edu.br\/ca\/?page_id=3019"},"modified":"2023-10-24T10:23:57","modified_gmt":"2023-10-24T13:23:57","slug":"edital-de-bolsas","status":"publish","type":"page","link":"https:\/\/wp.ufpel.edu.br\/ca\/edital-de-bolsas\/","title":{"rendered":"Sele\u00e7\u00e3o de Bolsistas"},"content":{"rendered":"<p><img loading=\"lazy\" decoding=\"async\" data-attachment-id=\"4267\" data-permalink=\"https:\/\/wp.ufpel.edu.br\/ca\/edital-de-bolsas\/bolsistas-novembro\/#main\" data-orig-file=\"https:\/\/wp.ufpel.edu.br\/ca\/files\/2023\/10\/BOLSISTAS-NOVEMBRO-e1696514674803.png\" data-orig-size=\"1920,710\" data-comments-opened=\"0\" data-image-meta=\"{&quot;aperture&quot;:&quot;0&quot;,&quot;credit&quot;:&quot;&quot;,&quot;camera&quot;:&quot;&quot;,&quot;caption&quot;:&quot;&quot;,&quot;created_timestamp&quot;:&quot;0&quot;,&quot;copyright&quot;:&quot;&quot;,&quot;focal_length&quot;:&quot;0&quot;,&quot;iso&quot;:&quot;0&quot;,&quot;shutter_speed&quot;:&quot;0&quot;,&quot;title&quot;:&quot;&quot;,&quot;orientation&quot;:&quot;0&quot;}\" data-image-title=\"BOLSISTAS-NOVEMBRO\" data-image-description=\"\" data-image-caption=\"\" data-medium-file=\"https:\/\/wp.ufpel.edu.br\/ca\/files\/2023\/10\/BOLSISTAS-NOVEMBRO-e1696514674803-600x222.png\" data-large-file=\"https:\/\/wp.ufpel.edu.br\/ca\/files\/2023\/10\/BOLSISTAS-NOVEMBRO-e1696514674803-1024x379.png\" class=\"aligncenter wp-image-4267 size-medium\" src=\"https:\/\/wp.ufpel.edu.br\/ca\/files\/2023\/10\/BOLSISTAS-NOVEMBRO-e1696514674803-600x222.png\" alt=\"\" width=\"600\" height=\"222\" srcset=\"https:\/\/wp.ufpel.edu.br\/ca\/files\/2023\/10\/BOLSISTAS-NOVEMBRO-e1696514674803-600x222.png 600w, https:\/\/wp.ufpel.edu.br\/ca\/files\/2023\/10\/BOLSISTAS-NOVEMBRO-e1696514674803-1024x379.png 1024w, https:\/\/wp.ufpel.edu.br\/ca\/files\/2023\/10\/BOLSISTAS-NOVEMBRO-e1696514674803-400x148.png 400w, https:\/\/wp.ufpel.edu.br\/ca\/files\/2023\/10\/BOLSISTAS-NOVEMBRO-e1696514674803-768x284.png 768w, https:\/\/wp.ufpel.edu.br\/ca\/files\/2023\/10\/BOLSISTAS-NOVEMBRO-e1696514674803-1536x568.png 1536w, https:\/\/wp.ufpel.edu.br\/ca\/files\/2023\/10\/BOLSISTAS-NOVEMBRO-e1696514674803.png 1920w\" sizes=\"auto, (max-width: 600px) 100vw, 600px\" \/><\/p>\n<p>O Centro de Artes da Universidade Federal de Pelotas (UFPel) est\u00e1 com inscri\u00e7\u00f5es abertas para sele\u00e7\u00e3o de bolsista na \u00e1rea de assist\u00eancia audiovisual. As bolsa ser\u00e1 concedida no per\u00edodo de 01 de novembro a 31 de dezembro de 2023, com carga hor\u00e1ria de 20 horas semanais e remunera\u00e7\u00e3o mensal de R$ 700,00.<\/p>\n<p><strong>As inscri\u00e7\u00f5es podem ser feitas at\u00e9 o dia 13 de outubro 2023<\/strong>, atrav\u00e9s do e-mail <a href=\"mailto:cearte.ufpel@gmail.com\" target=\"_new\" rel=\"noopener\">cearte.ufpel@gmail.com<\/a>, e devem ser acompanhadas dos seguintes documentos: ficha de inscri\u00e7\u00e3o preenchida, hist\u00f3rico escolar atual, curr\u00edculo, atestado de matr\u00edcula do curso de Bacharelado em Cinema e Audiovisual ou Cinema de Anima\u00e7\u00e3o a partir do 3\u00ba semestre, c\u00f3pia do CPF, comprovante de conta corrente pr\u00f3pria e, no caso dos candidatos inscritos para a vaga de vulnerabilidade econ\u00f4mica ( quando houver), atestado da PRAE.<\/p>\n<p>Confira o edital e ficha de inscri\u00e7\u00e3o nos links abaixo:<\/p>\n<ul>\n<li><a href=\"https:\/\/wp.ufpel.edu.br\/ca\/files\/2023\/10\/SEI_UFPel-2375488-Edital-Bolsa-de-Desenvolvimento-na-Unidade-BDU-NOVEMBRO-2023.pdf\">EDITAL<\/a><\/li>\n<li><a href=\"https:\/\/docs.google.com\/document\/d\/15hSQ-U--PBpE1tP4sEaKh5wuJhYsouJi\/edit?usp=share_link&amp;ouid=113456029888430623016&amp;rtpof=true&amp;sd=true\">FICHA DE INSCRI\u00c7\u00c3O\u00a0<\/a><\/li>\n<li><a href=\"https:\/\/wp.ufpel.edu.br\/ca\/files\/2023\/10\/LISTA-DE-HOMOLOGADOS.pdf\">LISTA DE HOMOLOGADOS<\/a> &#8211; ATUALIZADO 17\/10\/2023<br \/>\n<hr \/>\n<\/li>\n<li><a href=\"https:\/\/wp.ufpel.edu.br\/ca\/files\/2023\/10\/lista-de-convocados-para-entrevista-presencial.pdf\">LISTA DE SELECIONADOS PARA ENTREVISTA PRESENCIAL<\/a> &#8211; ATUALIZADO 18\/10\/2023<\/li>\n<li><a href=\"https:\/\/wp.ufpel.edu.br\/ca\/files\/2023\/10\/LISTA-DE-SELECIONADOS.pdf\">RESULTADO FINAL &#8211; SELECIONADO(A) PARA VAGA<\/a> &#8211; ATUALIZADO 24\/10\/2023<\/li>\n<\/ul>\n<p>&nbsp;<\/p>\n","protected":false},"excerpt":{"rendered":"<p> [&hellip;]<\/p>\n","protected":false},"author":1182,"featured_media":3036,"parent":0,"menu_order":0,"comment_status":"closed","ping_status":"closed","template":"","meta":{"_acf_changed":false,"footnotes":""},"class_list":["post-3019","page","type-page","status-publish","has-post-thumbnail","hentry","post","post-with-thumbnail","post-with-thumbnail-large"],"acf":[],"yoast_head":"<!-- This site is optimized with the Yoast SEO plugin v26.7 - https:\/\/yoast.com\/wordpress\/plugins\/seo\/ -->\n<title>Sele\u00e7\u00e3o de Bolsistas &#8211; Centro de Artes UFPEL<\/title>\n<meta name=\"robots\" content=\"index, follow, max-snippet:-1, max-image-preview:large, max-video-preview:-1\" \/>\n<link rel=\"canonical\" href=\"https:\/\/wp.ufpel.edu.br\/ca\/edital-de-bolsas\/\" \/>\n<meta property=\"og:locale\" content=\"pt_BR\" \/>\n<meta property=\"og:type\" content=\"article\" \/>\n<meta property=\"og:title\" content=\"Sele\u00e7\u00e3o de Bolsistas &#8211; Centro de Artes UFPEL\" \/>\n<meta property=\"og:description\" content=\"[&hellip;]\" \/>\n<meta property=\"og:url\" content=\"https:\/\/wp.ufpel.edu.br\/ca\/edital-de-bolsas\/\" \/>\n<meta property=\"og:site_name\" content=\"Centro de Artes UFPEL\" \/>\n<meta property=\"article:modified_time\" content=\"2023-10-24T13:23:57+00:00\" \/>\n<meta property=\"og:image\" content=\"https:\/\/wp.ufpel.edu.br\/ca\/files\/2023\/03\/selecao-de-bolsistas-2-e1680113037188.png\" \/>\n\t<meta property=\"og:image:width\" content=\"1920\" \/>\n\t<meta property=\"og:image:height\" content=\"681\" \/>\n\t<meta property=\"og:image:type\" content=\"image\/png\" \/>\n<meta name=\"twitter:card\" content=\"summary_large_image\" \/>\n<meta name=\"twitter:label1\" content=\"Est. tempo de leitura\" \/>\n\t<meta name=\"twitter:data1\" content=\"2 minutos\" \/>\n<script type=\"application\/ld+json\" class=\"yoast-schema-graph\">{\"@context\":\"https:\/\/schema.org\",\"@graph\":[{\"@type\":\"WebPage\",\"@id\":\"https:\/\/wp.ufpel.edu.br\/ca\/edital-de-bolsas\/\",\"url\":\"https:\/\/wp.ufpel.edu.br\/ca\/edital-de-bolsas\/\",\"name\":\"Sele\u00e7\u00e3o de Bolsistas &#8211; Centro de Artes UFPEL\",\"isPartOf\":{\"@id\":\"https:\/\/wp.ufpel.edu.br\/ca\/#website\"},\"primaryImageOfPage\":{\"@id\":\"https:\/\/wp.ufpel.edu.br\/ca\/edital-de-bolsas\/#primaryimage\"},\"image\":{\"@id\":\"https:\/\/wp.ufpel.edu.br\/ca\/edital-de-bolsas\/#primaryimage\"},\"thumbnailUrl\":\"https:\/\/wp.ufpel.edu.br\/ca\/files\/2023\/03\/selecao-de-bolsistas-2-e1680113037188.png\",\"datePublished\":\"2023-03-29T18:05:00+00:00\",\"dateModified\":\"2023-10-24T13:23:57+00:00\",\"breadcrumb\":{\"@id\":\"https:\/\/wp.ufpel.edu.br\/ca\/edital-de-bolsas\/#breadcrumb\"},\"inLanguage\":\"pt-BR\",\"potentialAction\":[{\"@type\":\"ReadAction\",\"target\":[\"https:\/\/wp.ufpel.edu.br\/ca\/edital-de-bolsas\/\"]}]},{\"@type\":\"ImageObject\",\"inLanguage\":\"pt-BR\",\"@id\":\"https:\/\/wp.ufpel.edu.br\/ca\/edital-de-bolsas\/#primaryimage\",\"url\":\"https:\/\/wp.ufpel.edu.br\/ca\/files\/2023\/03\/selecao-de-bolsistas-2-e1680113037188.png\",\"contentUrl\":\"https:\/\/wp.ufpel.edu.br\/ca\/files\/2023\/03\/selecao-de-bolsistas-2-e1680113037188.png\",\"width\":1920,\"height\":681},{\"@type\":\"BreadcrumbList\",\"@id\":\"https:\/\/wp.ufpel.edu.br\/ca\/edital-de-bolsas\/#breadcrumb\",\"itemListElement\":[{\"@type\":\"ListItem\",\"position\":1,\"name\":\"In\u00edcio\",\"item\":\"https:\/\/wp.ufpel.edu.br\/ca\/\"},{\"@type\":\"ListItem\",\"position\":2,\"name\":\"Sele\u00e7\u00e3o de Bolsistas\"}]},{\"@type\":\"WebSite\",\"@id\":\"https:\/\/wp.ufpel.edu.br\/ca\/#website\",\"url\":\"https:\/\/wp.ufpel.edu.br\/ca\/\",\"name\":\"Centro de Artes UFPEL\",\"description\":\"Universidade Federal de Pelotas\",\"publisher\":{\"@id\":\"https:\/\/wp.ufpel.edu.br\/ca\/#organization\"},\"potentialAction\":[{\"@type\":\"SearchAction\",\"target\":{\"@type\":\"EntryPoint\",\"urlTemplate\":\"https:\/\/wp.ufpel.edu.br\/ca\/?s={search_term_string}\"},\"query-input\":{\"@type\":\"PropertyValueSpecification\",\"valueRequired\":true,\"valueName\":\"search_term_string\"}}],\"inLanguage\":\"pt-BR\"},{\"@type\":\"Organization\",\"@id\":\"https:\/\/wp.ufpel.edu.br\/ca\/#organization\",\"name\":\"Centro de Artes UFPEL\",\"url\":\"https:\/\/wp.ufpel.edu.br\/ca\/\",\"logo\":{\"@type\":\"ImageObject\",\"inLanguage\":\"pt-BR\",\"@id\":\"https:\/\/wp.ufpel.edu.br\/ca\/#\/schema\/logo\/image\/\",\"url\":\"https:\/\/wp.ufpel.edu.br\/ca\/files\/2022\/07\/CA_COVER-01.png\",\"contentUrl\":\"https:\/\/wp.ufpel.edu.br\/ca\/files\/2022\/07\/CA_COVER-01.png\",\"width\":1758,\"height\":1244,\"caption\":\"Centro de Artes UFPEL\"},\"image\":{\"@id\":\"https:\/\/wp.ufpel.edu.br\/ca\/#\/schema\/logo\/image\/\"}}]}<\/script>\n<!-- \/ Yoast SEO plugin. -->","yoast_head_json":{"title":"Sele\u00e7\u00e3o de Bolsistas &#8211; Centro de Artes UFPEL","robots":{"index":"index","follow":"follow","max-snippet":"max-snippet:-1","max-image-preview":"max-image-preview:large","max-video-preview":"max-video-preview:-1"},"canonical":"https:\/\/wp.ufpel.edu.br\/ca\/edital-de-bolsas\/","og_locale":"pt_BR","og_type":"article","og_title":"Sele\u00e7\u00e3o de Bolsistas &#8211; Centro de Artes UFPEL","og_description":"[&hellip;]","og_url":"https:\/\/wp.ufpel.edu.br\/ca\/edital-de-bolsas\/","og_site_name":"Centro de Artes UFPEL","article_modified_time":"2023-10-24T13:23:57+00:00","og_image":[{"width":1920,"height":681,"url":"https:\/\/wp.ufpel.edu.br\/ca\/files\/2023\/03\/selecao-de-bolsistas-2-e1680113037188.png","type":"image\/png"}],"twitter_card":"summary_large_image","twitter_misc":{"Est. tempo de leitura":"2 minutos"},"schema":{"@context":"https:\/\/schema.org","@graph":[{"@type":"WebPage","@id":"https:\/\/wp.ufpel.edu.br\/ca\/edital-de-bolsas\/","url":"https:\/\/wp.ufpel.edu.br\/ca\/edital-de-bolsas\/","name":"Sele\u00e7\u00e3o de Bolsistas &#8211; Centro de Artes UFPEL","isPartOf":{"@id":"https:\/\/wp.ufpel.edu.br\/ca\/#website"},"primaryImageOfPage":{"@id":"https:\/\/wp.ufpel.edu.br\/ca\/edital-de-bolsas\/#primaryimage"},"image":{"@id":"https:\/\/wp.ufpel.edu.br\/ca\/edital-de-bolsas\/#primaryimage"},"thumbnailUrl":"https:\/\/wp.ufpel.edu.br\/ca\/files\/2023\/03\/selecao-de-bolsistas-2-e1680113037188.png","datePublished":"2023-03-29T18:05:00+00:00","dateModified":"2023-10-24T13:23:57+00:00","breadcrumb":{"@id":"https:\/\/wp.ufpel.edu.br\/ca\/edital-de-bolsas\/#breadcrumb"},"inLanguage":"pt-BR","potentialAction":[{"@type":"ReadAction","target":["https:\/\/wp.ufpel.edu.br\/ca\/edital-de-bolsas\/"]}]},{"@type":"ImageObject","inLanguage":"pt-BR","@id":"https:\/\/wp.ufpel.edu.br\/ca\/edital-de-bolsas\/#primaryimage","url":"https:\/\/wp.ufpel.edu.br\/ca\/files\/2023\/03\/selecao-de-bolsistas-2-e1680113037188.png","contentUrl":"https:\/\/wp.ufpel.edu.br\/ca\/files\/2023\/03\/selecao-de-bolsistas-2-e1680113037188.png","width":1920,"height":681},{"@type":"BreadcrumbList","@id":"https:\/\/wp.ufpel.edu.br\/ca\/edital-de-bolsas\/#breadcrumb","itemListElement":[{"@type":"ListItem","position":1,"name":"In\u00edcio","item":"https:\/\/wp.ufpel.edu.br\/ca\/"},{"@type":"ListItem","position":2,"name":"Sele\u00e7\u00e3o de Bolsistas"}]},{"@type":"WebSite","@id":"https:\/\/wp.ufpel.edu.br\/ca\/#website","url":"https:\/\/wp.ufpel.edu.br\/ca\/","name":"Centro de Artes UFPEL","description":"Universidade Federal de Pelotas","publisher":{"@id":"https:\/\/wp.ufpel.edu.br\/ca\/#organization"},"potentialAction":[{"@type":"SearchAction","target":{"@type":"EntryPoint","urlTemplate":"https:\/\/wp.ufpel.edu.br\/ca\/?s={search_term_string}"},"query-input":{"@type":"PropertyValueSpecification","valueRequired":true,"valueName":"search_term_string"}}],"inLanguage":"pt-BR"},{"@type":"Organization","@id":"https:\/\/wp.ufpel.edu.br\/ca\/#organization","name":"Centro de Artes UFPEL","url":"https:\/\/wp.ufpel.edu.br\/ca\/","logo":{"@type":"ImageObject","inLanguage":"pt-BR","@id":"https:\/\/wp.ufpel.edu.br\/ca\/#\/schema\/logo\/image\/","url":"https:\/\/wp.ufpel.edu.br\/ca\/files\/2022\/07\/CA_COVER-01.png","contentUrl":"https:\/\/wp.ufpel.edu.br\/ca\/files\/2022\/07\/CA_COVER-01.png","width":1758,"height":1244,"caption":"Centro de Artes UFPEL"},"image":{"@id":"https:\/\/wp.ufpel.edu.br\/ca\/#\/schema\/logo\/image\/"}}]}},"jetpack_sharing_enabled":true,"publishpress_future_action":{"enabled":false,"date":"2026-04-23 08:11:01","action":"change-status","newStatus":"private","terms":[],"taxonomy":"","extraData":[]},"publishpress_future_workflow_manual_trigger":{"enabledWorkflows":[]},"_links":{"self":[{"href":"https:\/\/wp.ufpel.edu.br\/ca\/wp-json\/wp\/v2\/pages\/3019","targetHints":{"allow":["GET"]}}],"collection":[{"href":"https:\/\/wp.ufpel.edu.br\/ca\/wp-json\/wp\/v2\/pages"}],"about":[{"href":"https:\/\/wp.ufpel.edu.br\/ca\/wp-json\/wp\/v2\/types\/page"}],"author":[{"embeddable":true,"href":"https:\/\/wp.ufpel.edu.br\/ca\/wp-json\/wp\/v2\/users\/1182"}],"replies":[{"embeddable":true,"href":"https:\/\/wp.ufpel.edu.br\/ca\/wp-json\/wp\/v2\/comments?post=3019"}],"version-history":[{"count":30,"href":"https:\/\/wp.ufpel.edu.br\/ca\/wp-json\/wp\/v2\/pages\/3019\/revisions"}],"predecessor-version":[{"id":4307,"href":"https:\/\/wp.ufpel.edu.br\/ca\/wp-json\/wp\/v2\/pages\/3019\/revisions\/4307"}],"wp:featuredmedia":[{"embeddable":true,"href":"https:\/\/wp.ufpel.edu.br\/ca\/wp-json\/wp\/v2\/media\/3036"}],"wp:attachment":[{"href":"https:\/\/wp.ufpel.edu.br\/ca\/wp-json\/wp\/v2\/media?parent=3019"}],"curies":[{"name":"wp","href":"https:\/\/api.w.org\/{rel}","templated":true}]}}