{"id":2936,"date":"2023-03-30T10:29:54","date_gmt":"2023-03-30T13:29:54","guid":{"rendered":"https:\/\/wp.ufpel.edu.br\/ca\/?page_id=2936"},"modified":"2024-08-30T01:06:18","modified_gmt":"2024-08-30T04:06:18","slug":"envie-sua-noticia","status":"publish","type":"page","link":"https:\/\/wp.ufpel.edu.br\/ca\/envie-sua-noticia\/","title":{"rendered":"Envie sua not\u00edcia"},"content":{"rendered":"<div id=\"pl-2936\"  class=\"panel-layout\" ><div id=\"pg-2936-0\"  class=\"panel-grid panel-no-style\" ><div id=\"pgc-2936-0-0\"  class=\"panel-grid-cell\" ><div id=\"panel-2936-0-0-0\" class=\"so-panel widget widget_sow-editor panel-first-child panel-last-child\" data-index=\"0\" ><div\n\t\t\t\n\t\t\tclass=\"so-widget-sow-editor so-widget-sow-editor-base\"\n\t\t\t\n\t\t><h3 class=\"widget-title\">NOT\u00cdCIAS DO CA<\/h3>\n<div class=\"siteorigin-widget-tinymce textwidget\">\n\t<p>O Centro de Artes est\u00e1 sempre em busca de novas formas de se aproximar da comunidade e de manter todos informados sobre as atividades que acontecem em nosso espa\u00e7o. E, para tornar isso ainda mais f\u00e1cil, criamos um formul\u00e1rio exclusivo para que as pessoas possam divulgar not\u00edcias sobre Ensino, Pesquisa e Extens\u00e3o ou qualquer outro evento art\u00edstico que acontece na unidade.<\/p>\n<p>Basta preencher as informa\u00e7\u00f5es necess\u00e1rias, incluindo um texto sobre o evento e imagem, e enviar para que possamos publicar a not\u00edcia em nosso site.<\/p>\n<p>Essa iniciativa tem como objetivo fortalecer ainda mais o v\u00ednculo entre o Centro de Artes e a comunidade, permitindo que todos possam se sentir parte das atividades que acontecem em nosso espa\u00e7o. Al\u00e9m disso, a divulga\u00e7\u00e3o de not\u00edcias sobre Ensino, Pesquisa e Extens\u00e3o ajuda a difundir o conhecimento produzido em nosso espa\u00e7o e a torn\u00e1-lo mais acess\u00edvel a todos.<\/p>\n<\/div>\n<\/div><\/div><\/div><div id=\"pgc-2936-0-1\"  class=\"panel-grid-cell\" ><div id=\"panel-2936-0-1-0\" class=\"so-panel widget widget_sow-editor panel-first-child panel-last-child\" data-index=\"1\" ><div\n\t\t\t\n\t\t\tclass=\"so-widget-sow-editor so-widget-sow-editor-base\"\n\t\t\t\n\t\t>\n<div class=\"siteorigin-widget-tinymce textwidget\">\n\t\n<div class=\"wpcf7 no-js\" id=\"wpcf7-f2942-o1\" lang=\"pt-BR\" dir=\"ltr\" data-wpcf7-id=\"2942\">\n<div class=\"screen-reader-response\"><p role=\"status\" aria-live=\"polite\" aria-atomic=\"true\"><\/p> <ul><\/ul><\/div>\n<form action=\"\/ca\/wp-json\/wp\/v2\/pages\/2936#wpcf7-f2942-o1\" method=\"post\" class=\"wpcf7-form init\" aria-label=\"Formul\u00e1rios de contato\" enctype=\"multipart\/form-data\" novalidate=\"novalidate\" data-status=\"init\">\n<fieldset class=\"hidden-fields-container\"><input type=\"hidden\" name=\"_wpcf7\" value=\"2942\" \/><input type=\"hidden\" name=\"_wpcf7_version\" value=\"6.1.4\" \/><input type=\"hidden\" name=\"_wpcf7_locale\" value=\"pt_BR\" \/><input type=\"hidden\" name=\"_wpcf7_unit_tag\" value=\"wpcf7-f2942-o1\" \/><input type=\"hidden\" name=\"_wpcf7_container_post\" value=\"0\" \/><input type=\"hidden\" name=\"_wpcf7_posted_data_hash\" value=\"\" \/><input type=\"hidden\" name=\"_wpcf7cf_hidden_group_fields\" value=\"[]\" \/><input type=\"hidden\" name=\"_wpcf7cf_hidden_groups\" value=\"[]\" \/><input type=\"hidden\" name=\"_wpcf7cf_visible_groups\" value=\"[]\" \/><input type=\"hidden\" name=\"_wpcf7cf_repeaters\" value=\"[]\" \/><input type=\"hidden\" name=\"_wpcf7cf_steps\" value=\"{}\" \/><input type=\"hidden\" name=\"_wpcf7cf_options\" value=\"{&quot;form_id&quot;:2942,&quot;conditions&quot;:[],&quot;settings&quot;:{&quot;animation&quot;:&quot;yes&quot;,&quot;animation_intime&quot;:200,&quot;animation_outtime&quot;:200,&quot;conditions_ui&quot;:&quot;normal&quot;,&quot;notice_dismissed&quot;:false}}\" \/><input type=\"hidden\" name=\"_wpcf7_recaptcha_response\" value=\"\" \/>\n<\/fieldset>\n<p><label> Seu nome<br \/>\n<span class=\"wpcf7-form-control-wrap\" data-name=\"your-name\"><input size=\"40\" maxlength=\"400\" class=\"wpcf7-form-control wpcf7-text wpcf7-validates-as-required\" autocomplete=\"name\" aria-required=\"true\" aria-invalid=\"false\" value=\"\" type=\"text\" name=\"your-name\" \/><\/span> <\/label>\n<\/p>\n<p><label> Seu e-mail<br \/>\n<span class=\"wpcf7-form-control-wrap\" data-name=\"your-email\"><input size=\"40\" maxlength=\"400\" class=\"wpcf7-form-control wpcf7-email wpcf7-validates-as-required wpcf7-text wpcf7-validates-as-email\" autocomplete=\"email\" aria-required=\"true\" aria-invalid=\"false\" value=\"\" type=\"email\" name=\"your-email\" \/><\/span> <\/label>\n<\/p>\n<p><label> Titulo da Noticia<br \/>\n<span class=\"wpcf7-form-control-wrap\" data-name=\"your-subject\"><input size=\"40\" maxlength=\"400\" class=\"wpcf7-form-control wpcf7-text wpcf7-validates-as-required\" aria-required=\"true\" aria-invalid=\"false\" value=\"\" type=\"text\" name=\"your-subject\" \/><\/span> <\/label>\n<\/p>\n<p><label> Texto que ser\u00e1 divulgado.<br \/>\n<span class=\"wpcf7-form-control-wrap\" data-name=\"your-message\"><textarea cols=\"40\" rows=\"10\" maxlength=\"2000\" class=\"wpcf7-form-control wpcf7-textarea wpcf7-validates-as-required\" aria-required=\"true\" aria-invalid=\"false\" name=\"your-message\"><\/textarea><\/span> <\/label>\n<\/p>\n<p><label> Envie Imagem*<br \/>\n<span class=\"wpcf7-form-control-wrap\" data-name=\"file-115\"><input size=\"40\" class=\"wpcf7-form-control wpcf7-file wpcf7-validates-as-required\" accept=\".jpg,.png,.jpeg\" aria-required=\"true\" aria-invalid=\"false\" type=\"file\" name=\"file-115\" \/><\/span> <\/label>\n<\/p>\n<p><label> Envie Imagem 2 ( OPCIONAL )<br \/>\n<span class=\"wpcf7-form-control-wrap\" data-name=\"file-558\"><input size=\"40\" class=\"wpcf7-form-control wpcf7-file\" accept=\".jpg,.png,.jpeg\" aria-invalid=\"false\" type=\"file\" name=\"file-558\" \/><\/span> <\/label>\n<\/p>\n<p><input class=\"wpcf7-form-control wpcf7-submit has-spinner\" type=\"submit\" value=\"Enviar\" \/>\n<\/p><p style=\"display: none !important;\" class=\"akismet-fields-container\" data-prefix=\"_wpcf7_ak_\"><label>&#916;<textarea name=\"_wpcf7_ak_hp_textarea\" cols=\"45\" rows=\"8\" maxlength=\"100\"><\/textarea><\/label><input type=\"hidden\" id=\"ak_js_1\" name=\"_wpcf7_ak_js\" value=\"21\"\/><script>document.getElementById( \"ak_js_1\" ).setAttribute( \"value\", ( new Date() ).getTime() );<\/script><\/p><div class=\"wpcf7-response-output\" aria-hidden=\"true\"><\/div>\n<\/form>\n<\/div>\n\n<\/div>\n<\/div><\/div><\/div><\/div><\/div>","protected":false},"excerpt":{"rendered":"<p> [&hellip;]<\/p>\n","protected":false},"author":1182,"featured_media":0,"parent":0,"menu_order":0,"comment_status":"closed","ping_status":"closed","template":"","meta":{"_acf_changed":false,"footnotes":""},"class_list":["post-2936","page","type-page","status-publish","hentry","post"],"acf":[],"yoast_head":"<!-- This site is optimized with the Yoast SEO plugin v26.7 - https:\/\/yoast.com\/wordpress\/plugins\/seo\/ -->\n<title>Envie sua not\u00edcia &#8211; Centro de Artes UFPEL<\/title>\n<meta name=\"robots\" content=\"index, follow, max-snippet:-1, max-image-preview:large, max-video-preview:-1\" \/>\n<link rel=\"canonical\" href=\"https:\/\/wp.ufpel.edu.br\/ca\/envie-sua-noticia\/\" \/>\n<meta property=\"og:locale\" content=\"pt_BR\" \/>\n<meta property=\"og:type\" content=\"article\" \/>\n<meta property=\"og:title\" content=\"Envie sua not\u00edcia &#8211; Centro de Artes UFPEL\" \/>\n<meta property=\"og:description\" content=\"[&hellip;]\" \/>\n<meta property=\"og:url\" content=\"https:\/\/wp.ufpel.edu.br\/ca\/envie-sua-noticia\/\" \/>\n<meta property=\"og:site_name\" content=\"Centro de Artes UFPEL\" \/>\n<meta property=\"article:modified_time\" content=\"2024-08-30T04:06:18+00:00\" \/>\n<meta name=\"twitter:card\" content=\"summary_large_image\" \/>\n<meta name=\"twitter:label1\" content=\"Est. tempo de leitura\" \/>\n\t<meta name=\"twitter:data1\" content=\"1 minuto\" \/>\n<script type=\"application\/ld+json\" class=\"yoast-schema-graph\">{\"@context\":\"https:\/\/schema.org\",\"@graph\":[{\"@type\":\"WebPage\",\"@id\":\"https:\/\/wp.ufpel.edu.br\/ca\/envie-sua-noticia\/\",\"url\":\"https:\/\/wp.ufpel.edu.br\/ca\/envie-sua-noticia\/\",\"name\":\"Envie sua not\u00edcia &#8211; Centro de Artes UFPEL\",\"isPartOf\":{\"@id\":\"https:\/\/wp.ufpel.edu.br\/ca\/#website\"},\"datePublished\":\"2023-03-30T13:29:54+00:00\",\"dateModified\":\"2024-08-30T04:06:18+00:00\",\"breadcrumb\":{\"@id\":\"https:\/\/wp.ufpel.edu.br\/ca\/envie-sua-noticia\/#breadcrumb\"},\"inLanguage\":\"pt-BR\",\"potentialAction\":[{\"@type\":\"ReadAction\",\"target\":[\"https:\/\/wp.ufpel.edu.br\/ca\/envie-sua-noticia\/\"]}]},{\"@type\":\"BreadcrumbList\",\"@id\":\"https:\/\/wp.ufpel.edu.br\/ca\/envie-sua-noticia\/#breadcrumb\",\"itemListElement\":[{\"@type\":\"ListItem\",\"position\":1,\"name\":\"In\u00edcio\",\"item\":\"https:\/\/wp.ufpel.edu.br\/ca\/\"},{\"@type\":\"ListItem\",\"position\":2,\"name\":\"Envie sua not\u00edcia\"}]},{\"@type\":\"WebSite\",\"@id\":\"https:\/\/wp.ufpel.edu.br\/ca\/#website\",\"url\":\"https:\/\/wp.ufpel.edu.br\/ca\/\",\"name\":\"Centro de Artes UFPEL\",\"description\":\"Universidade Federal de Pelotas\",\"publisher\":{\"@id\":\"https:\/\/wp.ufpel.edu.br\/ca\/#organization\"},\"potentialAction\":[{\"@type\":\"SearchAction\",\"target\":{\"@type\":\"EntryPoint\",\"urlTemplate\":\"https:\/\/wp.ufpel.edu.br\/ca\/?s={search_term_string}\"},\"query-input\":{\"@type\":\"PropertyValueSpecification\",\"valueRequired\":true,\"valueName\":\"search_term_string\"}}],\"inLanguage\":\"pt-BR\"},{\"@type\":\"Organization\",\"@id\":\"https:\/\/wp.ufpel.edu.br\/ca\/#organization\",\"name\":\"Centro de Artes UFPEL\",\"url\":\"https:\/\/wp.ufpel.edu.br\/ca\/\",\"logo\":{\"@type\":\"ImageObject\",\"inLanguage\":\"pt-BR\",\"@id\":\"https:\/\/wp.ufpel.edu.br\/ca\/#\/schema\/logo\/image\/\",\"url\":\"https:\/\/wp.ufpel.edu.br\/ca\/files\/2022\/07\/CA_COVER-01.png\",\"contentUrl\":\"https:\/\/wp.ufpel.edu.br\/ca\/files\/2022\/07\/CA_COVER-01.png\",\"width\":1758,\"height\":1244,\"caption\":\"Centro de Artes UFPEL\"},\"image\":{\"@id\":\"https:\/\/wp.ufpel.edu.br\/ca\/#\/schema\/logo\/image\/\"}}]}<\/script>\n<!-- \/ Yoast SEO plugin. -->","yoast_head_json":{"title":"Envie sua not\u00edcia &#8211; Centro de Artes UFPEL","robots":{"index":"index","follow":"follow","max-snippet":"max-snippet:-1","max-image-preview":"max-image-preview:large","max-video-preview":"max-video-preview:-1"},"canonical":"https:\/\/wp.ufpel.edu.br\/ca\/envie-sua-noticia\/","og_locale":"pt_BR","og_type":"article","og_title":"Envie sua not\u00edcia &#8211; Centro de Artes UFPEL","og_description":"[&hellip;]","og_url":"https:\/\/wp.ufpel.edu.br\/ca\/envie-sua-noticia\/","og_site_name":"Centro de Artes UFPEL","article_modified_time":"2024-08-30T04:06:18+00:00","twitter_card":"summary_large_image","twitter_misc":{"Est. tempo de leitura":"1 minuto"},"schema":{"@context":"https:\/\/schema.org","@graph":[{"@type":"WebPage","@id":"https:\/\/wp.ufpel.edu.br\/ca\/envie-sua-noticia\/","url":"https:\/\/wp.ufpel.edu.br\/ca\/envie-sua-noticia\/","name":"Envie sua not\u00edcia &#8211; Centro de Artes UFPEL","isPartOf":{"@id":"https:\/\/wp.ufpel.edu.br\/ca\/#website"},"datePublished":"2023-03-30T13:29:54+00:00","dateModified":"2024-08-30T04:06:18+00:00","breadcrumb":{"@id":"https:\/\/wp.ufpel.edu.br\/ca\/envie-sua-noticia\/#breadcrumb"},"inLanguage":"pt-BR","potentialAction":[{"@type":"ReadAction","target":["https:\/\/wp.ufpel.edu.br\/ca\/envie-sua-noticia\/"]}]},{"@type":"BreadcrumbList","@id":"https:\/\/wp.ufpel.edu.br\/ca\/envie-sua-noticia\/#breadcrumb","itemListElement":[{"@type":"ListItem","position":1,"name":"In\u00edcio","item":"https:\/\/wp.ufpel.edu.br\/ca\/"},{"@type":"ListItem","position":2,"name":"Envie sua not\u00edcia"}]},{"@type":"WebSite","@id":"https:\/\/wp.ufpel.edu.br\/ca\/#website","url":"https:\/\/wp.ufpel.edu.br\/ca\/","name":"Centro de Artes UFPEL","description":"Universidade Federal de Pelotas","publisher":{"@id":"https:\/\/wp.ufpel.edu.br\/ca\/#organization"},"potentialAction":[{"@type":"SearchAction","target":{"@type":"EntryPoint","urlTemplate":"https:\/\/wp.ufpel.edu.br\/ca\/?s={search_term_string}"},"query-input":{"@type":"PropertyValueSpecification","valueRequired":true,"valueName":"search_term_string"}}],"inLanguage":"pt-BR"},{"@type":"Organization","@id":"https:\/\/wp.ufpel.edu.br\/ca\/#organization","name":"Centro de Artes UFPEL","url":"https:\/\/wp.ufpel.edu.br\/ca\/","logo":{"@type":"ImageObject","inLanguage":"pt-BR","@id":"https:\/\/wp.ufpel.edu.br\/ca\/#\/schema\/logo\/image\/","url":"https:\/\/wp.ufpel.edu.br\/ca\/files\/2022\/07\/CA_COVER-01.png","contentUrl":"https:\/\/wp.ufpel.edu.br\/ca\/files\/2022\/07\/CA_COVER-01.png","width":1758,"height":1244,"caption":"Centro de Artes UFPEL"},"image":{"@id":"https:\/\/wp.ufpel.edu.br\/ca\/#\/schema\/logo\/image\/"}}]}},"jetpack_sharing_enabled":true,"publishpress_future_action":{"enabled":false,"date":"2026-04-15 23:11:28","action":"change-status","newStatus":"private","terms":[],"taxonomy":"","extraData":[]},"publishpress_future_workflow_manual_trigger":{"enabledWorkflows":[]},"_links":{"self":[{"href":"https:\/\/wp.ufpel.edu.br\/ca\/wp-json\/wp\/v2\/pages\/2936","targetHints":{"allow":["GET"]}}],"collection":[{"href":"https:\/\/wp.ufpel.edu.br\/ca\/wp-json\/wp\/v2\/pages"}],"about":[{"href":"https:\/\/wp.ufpel.edu.br\/ca\/wp-json\/wp\/v2\/types\/page"}],"author":[{"embeddable":true,"href":"https:\/\/wp.ufpel.edu.br\/ca\/wp-json\/wp\/v2\/users\/1182"}],"replies":[{"embeddable":true,"href":"https:\/\/wp.ufpel.edu.br\/ca\/wp-json\/wp\/v2\/comments?post=2936"}],"version-history":[{"count":12,"href":"https:\/\/wp.ufpel.edu.br\/ca\/wp-json\/wp\/v2\/pages\/2936\/revisions"}],"predecessor-version":[{"id":4895,"href":"https:\/\/wp.ufpel.edu.br\/ca\/wp-json\/wp\/v2\/pages\/2936\/revisions\/4895"}],"wp:attachment":[{"href":"https:\/\/wp.ufpel.edu.br\/ca\/wp-json\/wp\/v2\/media?parent=2936"}],"curies":[{"name":"wp","href":"https:\/\/api.w.org\/{rel}","templated":true}]}}