{"id":1916,"date":"2022-12-27T11:13:07","date_gmt":"2022-12-27T14:13:07","guid":{"rendered":"https:\/\/wp.ufpel.edu.br\/ca\/?page_id=1916"},"modified":"2026-01-30T17:41:26","modified_gmt":"2026-01-30T20:41:26","slug":"utilizacao-de-salas","status":"publish","type":"page","link":"https:\/\/wp.ufpel.edu.br\/ca\/utilizacao-de-salas\/","title":{"rendered":"Antes de Agendar: Orienta\u00e7\u00f5es Importantes"},"content":{"rendered":"<div id=\"pl-1916\"  class=\"panel-layout\" ><div id=\"pg-1916-0\"  class=\"panel-grid panel-no-style\" ><div id=\"pgc-1916-0-0\"  class=\"panel-grid-cell\" ><div id=\"panel-1916-0-0-0\" class=\"so-panel widget widget_sow-editor panel-first-child panel-last-child\" data-index=\"0\" ><div\n\t\t\t\n\t\t\tclass=\"so-widget-sow-editor so-widget-sow-editor-base\"\n\t\t\t\n\t\t>\n<div class=\"siteorigin-widget-tinymce textwidget\">\n\t<p data-start=\"2786\" data-end=\"2921\">Leia atentamente as orienta\u00e7\u00f5es abaixo. Elas ajudam a evitar indeferimentos, ajustes posteriores e retrabalho.<\/p>\n<h5 data-start=\"2061\" data-end=\"2089\">\u23f0 Prazo para solicita\u00e7\u00e3o<\/h5>\n<ul>\n<li><strong data-start=\"2093\" data-end=\"2177\">48 horas \u00fateis de anteced\u00eancia<\/strong>;<\/li>\n<\/ul>\n<ul data-start=\"3034\" data-end=\"3208\">\n<li data-start=\"3034\" data-end=\"3135\">\n<p data-start=\"3036\" data-end=\"3135\">Solicita\u00e7\u00f5es enviadas fora deste prazo <strong data-start=\"2220\" data-end=\"2249\">poder\u00e3o n\u00e3o ser atendidas<\/strong>.<\/p>\n<\/li>\n<\/ul>\n<h5 data-start=\"3000\" data-end=\"3033\">\ud83d\udcc5 Confirma\u00e7\u00e3o de agendamento<\/h5>\n<ul>\n<li>O envio do formul\u00e1rio <strong data-start=\"3160\" data-end=\"3175\">n\u00e3o garante<\/strong>, por si s\u00f3, a reserva do espa\u00e7o;<\/li>\n<\/ul>\n<ul data-start=\"3034\" data-end=\"3208\">\n<li data-start=\"3034\" data-end=\"3135\">\n<p data-start=\"3036\" data-end=\"3135\">O agendamento <strong data-start=\"3050\" data-end=\"3134\">ser\u00e1 considerado v\u00e1lido ap\u00f3s a confirma\u00e7\u00e3o de atendimento da solicita\u00e7\u00e3o<\/strong>;<\/p>\n<\/li>\n<li data-start=\"3034\" data-end=\"3135\">Caso n\u00e3o receba resposta, envie e-mail para <a class=\"decorated-link cursor-pointer\" rel=\"noopener\" data-start=\"1043\" data-end=\"1065\">cearte.ufpel@gmail.com<\/a><\/li>\n<\/ul>\n<h5 data-start=\"3215\" data-end=\"3240\">\ud83d\udd52 Hor\u00e1rios de acesso<\/h5>\n<ul data-start=\"3241\" data-end=\"3417\">\n<li data-start=\"3241\" data-end=\"3344\">\n<p data-start=\"3243\" data-end=\"3344\">O acesso \u00e0s salas depende da presen\u00e7a dos agentes de portaria dos blocos 1, 2 e 3 do Centro de Artes.<\/p>\n<\/li>\n<li data-start=\"3345\" data-end=\"3417\">\n<p data-start=\"3347\" data-end=\"3417\">Verifique previamente os <a href=\"https:\/\/wp.ufpel.edu.br\/ca\/horarios-das-portarias\/\">hor\u00e1rios de funcionamento<\/a> de cada pr\u00e9dio.<\/p>\n<\/li>\n<\/ul>\n<h5 data-start=\"3424\" data-end=\"3465\">\ud83d\udd11 Agendamento \u00d7 autoriza\u00e7\u00e3o de chave<\/h5>\n<ul data-start=\"3466\" data-end=\"3638\">\n<li data-start=\"3466\" data-end=\"3638\">\n<p data-start=\"3468\" data-end=\"3535\">A autoriza\u00e7\u00e3o de retirada de chave <strong data-start=\"3503\" data-end=\"3517\">n\u00e3o exclui<\/strong> a necessidade de:<\/p>\n<ul data-start=\"3538\" data-end=\"3638\">\n<li data-start=\"3538\" data-end=\"3560\">\n<p data-start=\"3540\" data-end=\"3560\">agendamento da sala;<\/p>\n<\/li>\n<li data-start=\"3563\" data-end=\"3638\">\n<p data-start=\"3565\" data-end=\"3638\">autoriza\u00e7\u00e3o espec\u00edfica para acesso em finais de semana, quando aplic\u00e1vel. \ud83d\udd17<a href=\"https:\/\/wp.ufpel.edu.br\/ca\/rea_do_servidor\/autorizacao-de-acesso-aos-finais-de-semana\/\">saiba mais!<\/a><\/p>\n<\/li>\n<\/ul>\n<\/li>\n<\/ul>\n<h5 data-start=\"3645\" data-end=\"3682\">\ud83c\udfdb\ufe0f Servidores de outras Unidades<\/h5>\n<p data-start=\"3683\" data-end=\"3841\">O agendamento de espa\u00e7os de uso compartilhado entre Unidades Acad\u00eamicas \u00e9 de responsabilidade da<br data-start=\"3779\" data-end=\"3782\" \/><strong data-start=\"3782\" data-end=\"3840\">SACE \u2013 Se\u00e7\u00e3o de Aloca\u00e7\u00e3o e Compartilhamento de Espa\u00e7os<\/strong>.<\/p>\n<p data-start=\"3843\" data-end=\"3920\">Excepcionalmente, o Centro de Artes poder\u00e1 reservar suas salas <strong data-start=\"3906\" data-end=\"3919\">desde que<\/strong>:<\/p>\n<ul data-start=\"3921\" data-end=\"4041\">\n<li data-start=\"3921\" data-end=\"3964\">\n<p data-start=\"3923\" data-end=\"3964\">n\u00e3o seja em finais de semana ou feriados;<\/p>\n<\/li>\n<li data-start=\"3965\" data-end=\"4041\">\n<p data-start=\"3967\" data-end=\"4041\">seja em per\u00edodo noturno, exclusivamente para <strong data-start=\"4012\" data-end=\"4040\">disciplinas curriculares<\/strong>.<\/p>\n<\/li>\n<\/ul>\n<p>A Unidade, em situa\u00e7\u00f5es espor\u00e1dicas, poder\u00e1 reservar suas salas desde que:<\/p>\n<ul>\n<li>N\u00e3o sejam em finais de semana ou feriados;<\/li>\n<li>Sejam em per\u00edodo noturno para a finalidade de disciplinas curriculares, somente.<\/li>\n<\/ul>\n<\/div>\n<\/div><\/div><\/div><\/div><div id=\"pg-1916-1\"  class=\"panel-grid panel-no-style\" ><div id=\"pgc-1916-1-0\"  class=\"panel-grid-cell panel-grid-cell-empty\" ><\/div><\/div><\/div>","protected":false},"excerpt":{"rendered":"<p> [&hellip;]<\/p>\n","protected":false},"author":1182,"featured_media":0,"parent":0,"menu_order":0,"comment_status":"closed","ping_status":"closed","template":"","meta":{"_acf_changed":false,"footnotes":""},"class_list":["post-1916","page","type-page","status-publish","hentry","post"],"acf":[],"yoast_head":"<!-- This site is optimized with the Yoast SEO plugin v26.7 - https:\/\/yoast.com\/wordpress\/plugins\/seo\/ -->\n<title>Antes de Agendar: Orienta\u00e7\u00f5es Importantes &#8211; Centro de Artes UFPEL<\/title>\n<meta name=\"robots\" content=\"index, follow, max-snippet:-1, max-image-preview:large, max-video-preview:-1\" \/>\n<link rel=\"canonical\" href=\"https:\/\/wp.ufpel.edu.br\/ca\/utilizacao-de-salas\/\" \/>\n<meta property=\"og:locale\" content=\"pt_BR\" \/>\n<meta property=\"og:type\" content=\"article\" \/>\n<meta property=\"og:title\" content=\"Antes de Agendar: Orienta\u00e7\u00f5es Importantes &#8211; Centro de Artes UFPEL\" \/>\n<meta property=\"og:description\" content=\"[&hellip;]\" \/>\n<meta property=\"og:url\" content=\"https:\/\/wp.ufpel.edu.br\/ca\/utilizacao-de-salas\/\" \/>\n<meta property=\"og:site_name\" content=\"Centro de Artes UFPEL\" \/>\n<meta property=\"article:modified_time\" content=\"2026-01-30T20:41:26+00:00\" \/>\n<meta name=\"twitter:card\" content=\"summary_large_image\" \/>\n<meta name=\"twitter:label1\" content=\"Est. tempo de leitura\" \/>\n\t<meta name=\"twitter:data1\" content=\"2 minutos\" \/>\n<script type=\"application\/ld+json\" class=\"yoast-schema-graph\">{\"@context\":\"https:\/\/schema.org\",\"@graph\":[{\"@type\":\"WebPage\",\"@id\":\"https:\/\/wp.ufpel.edu.br\/ca\/utilizacao-de-salas\/\",\"url\":\"https:\/\/wp.ufpel.edu.br\/ca\/utilizacao-de-salas\/\",\"name\":\"Antes de Agendar: Orienta\u00e7\u00f5es Importantes &#8211; Centro de Artes UFPEL\",\"isPartOf\":{\"@id\":\"https:\/\/wp.ufpel.edu.br\/ca\/#website\"},\"datePublished\":\"2022-12-27T14:13:07+00:00\",\"dateModified\":\"2026-01-30T20:41:26+00:00\",\"breadcrumb\":{\"@id\":\"https:\/\/wp.ufpel.edu.br\/ca\/utilizacao-de-salas\/#breadcrumb\"},\"inLanguage\":\"pt-BR\",\"potentialAction\":[{\"@type\":\"ReadAction\",\"target\":[\"https:\/\/wp.ufpel.edu.br\/ca\/utilizacao-de-salas\/\"]}]},{\"@type\":\"BreadcrumbList\",\"@id\":\"https:\/\/wp.ufpel.edu.br\/ca\/utilizacao-de-salas\/#breadcrumb\",\"itemListElement\":[{\"@type\":\"ListItem\",\"position\":1,\"name\":\"In\u00edcio\",\"item\":\"https:\/\/wp.ufpel.edu.br\/ca\/\"},{\"@type\":\"ListItem\",\"position\":2,\"name\":\"Antes de Agendar: Orienta\u00e7\u00f5es Importantes\"}]},{\"@type\":\"WebSite\",\"@id\":\"https:\/\/wp.ufpel.edu.br\/ca\/#website\",\"url\":\"https:\/\/wp.ufpel.edu.br\/ca\/\",\"name\":\"Centro de Artes UFPEL\",\"description\":\"Universidade Federal de Pelotas\",\"publisher\":{\"@id\":\"https:\/\/wp.ufpel.edu.br\/ca\/#organization\"},\"potentialAction\":[{\"@type\":\"SearchAction\",\"target\":{\"@type\":\"EntryPoint\",\"urlTemplate\":\"https:\/\/wp.ufpel.edu.br\/ca\/?s={search_term_string}\"},\"query-input\":{\"@type\":\"PropertyValueSpecification\",\"valueRequired\":true,\"valueName\":\"search_term_string\"}}],\"inLanguage\":\"pt-BR\"},{\"@type\":\"Organization\",\"@id\":\"https:\/\/wp.ufpel.edu.br\/ca\/#organization\",\"name\":\"Centro de Artes UFPEL\",\"url\":\"https:\/\/wp.ufpel.edu.br\/ca\/\",\"logo\":{\"@type\":\"ImageObject\",\"inLanguage\":\"pt-BR\",\"@id\":\"https:\/\/wp.ufpel.edu.br\/ca\/#\/schema\/logo\/image\/\",\"url\":\"https:\/\/wp.ufpel.edu.br\/ca\/files\/2022\/07\/CA_COVER-01.png\",\"contentUrl\":\"https:\/\/wp.ufpel.edu.br\/ca\/files\/2022\/07\/CA_COVER-01.png\",\"width\":1758,\"height\":1244,\"caption\":\"Centro de Artes UFPEL\"},\"image\":{\"@id\":\"https:\/\/wp.ufpel.edu.br\/ca\/#\/schema\/logo\/image\/\"}}]}<\/script>\n<!-- \/ Yoast SEO plugin. -->","yoast_head_json":{"title":"Antes de Agendar: Orienta\u00e7\u00f5es Importantes &#8211; Centro de Artes UFPEL","robots":{"index":"index","follow":"follow","max-snippet":"max-snippet:-1","max-image-preview":"max-image-preview:large","max-video-preview":"max-video-preview:-1"},"canonical":"https:\/\/wp.ufpel.edu.br\/ca\/utilizacao-de-salas\/","og_locale":"pt_BR","og_type":"article","og_title":"Antes de Agendar: Orienta\u00e7\u00f5es Importantes &#8211; Centro de Artes UFPEL","og_description":"[&hellip;]","og_url":"https:\/\/wp.ufpel.edu.br\/ca\/utilizacao-de-salas\/","og_site_name":"Centro de Artes UFPEL","article_modified_time":"2026-01-30T20:41:26+00:00","twitter_card":"summary_large_image","twitter_misc":{"Est. tempo de leitura":"2 minutos"},"schema":{"@context":"https:\/\/schema.org","@graph":[{"@type":"WebPage","@id":"https:\/\/wp.ufpel.edu.br\/ca\/utilizacao-de-salas\/","url":"https:\/\/wp.ufpel.edu.br\/ca\/utilizacao-de-salas\/","name":"Antes de Agendar: Orienta\u00e7\u00f5es Importantes &#8211; Centro de Artes UFPEL","isPartOf":{"@id":"https:\/\/wp.ufpel.edu.br\/ca\/#website"},"datePublished":"2022-12-27T14:13:07+00:00","dateModified":"2026-01-30T20:41:26+00:00","breadcrumb":{"@id":"https:\/\/wp.ufpel.edu.br\/ca\/utilizacao-de-salas\/#breadcrumb"},"inLanguage":"pt-BR","potentialAction":[{"@type":"ReadAction","target":["https:\/\/wp.ufpel.edu.br\/ca\/utilizacao-de-salas\/"]}]},{"@type":"BreadcrumbList","@id":"https:\/\/wp.ufpel.edu.br\/ca\/utilizacao-de-salas\/#breadcrumb","itemListElement":[{"@type":"ListItem","position":1,"name":"In\u00edcio","item":"https:\/\/wp.ufpel.edu.br\/ca\/"},{"@type":"ListItem","position":2,"name":"Antes de Agendar: Orienta\u00e7\u00f5es Importantes"}]},{"@type":"WebSite","@id":"https:\/\/wp.ufpel.edu.br\/ca\/#website","url":"https:\/\/wp.ufpel.edu.br\/ca\/","name":"Centro de Artes UFPEL","description":"Universidade Federal de Pelotas","publisher":{"@id":"https:\/\/wp.ufpel.edu.br\/ca\/#organization"},"potentialAction":[{"@type":"SearchAction","target":{"@type":"EntryPoint","urlTemplate":"https:\/\/wp.ufpel.edu.br\/ca\/?s={search_term_string}"},"query-input":{"@type":"PropertyValueSpecification","valueRequired":true,"valueName":"search_term_string"}}],"inLanguage":"pt-BR"},{"@type":"Organization","@id":"https:\/\/wp.ufpel.edu.br\/ca\/#organization","name":"Centro de Artes UFPEL","url":"https:\/\/wp.ufpel.edu.br\/ca\/","logo":{"@type":"ImageObject","inLanguage":"pt-BR","@id":"https:\/\/wp.ufpel.edu.br\/ca\/#\/schema\/logo\/image\/","url":"https:\/\/wp.ufpel.edu.br\/ca\/files\/2022\/07\/CA_COVER-01.png","contentUrl":"https:\/\/wp.ufpel.edu.br\/ca\/files\/2022\/07\/CA_COVER-01.png","width":1758,"height":1244,"caption":"Centro de Artes UFPEL"},"image":{"@id":"https:\/\/wp.ufpel.edu.br\/ca\/#\/schema\/logo\/image\/"}}]}},"jetpack_sharing_enabled":true,"publishpress_future_action":{"enabled":false,"date":"2026-04-16 02:44:32","action":"change-status","newStatus":"private","terms":[],"taxonomy":"","extraData":[]},"publishpress_future_workflow_manual_trigger":{"enabledWorkflows":[]},"_links":{"self":[{"href":"https:\/\/wp.ufpel.edu.br\/ca\/wp-json\/wp\/v2\/pages\/1916","targetHints":{"allow":["GET"]}}],"collection":[{"href":"https:\/\/wp.ufpel.edu.br\/ca\/wp-json\/wp\/v2\/pages"}],"about":[{"href":"https:\/\/wp.ufpel.edu.br\/ca\/wp-json\/wp\/v2\/types\/page"}],"author":[{"embeddable":true,"href":"https:\/\/wp.ufpel.edu.br\/ca\/wp-json\/wp\/v2\/users\/1182"}],"replies":[{"embeddable":true,"href":"https:\/\/wp.ufpel.edu.br\/ca\/wp-json\/wp\/v2\/comments?post=1916"}],"version-history":[{"count":5,"href":"https:\/\/wp.ufpel.edu.br\/ca\/wp-json\/wp\/v2\/pages\/1916\/revisions"}],"predecessor-version":[{"id":6085,"href":"https:\/\/wp.ufpel.edu.br\/ca\/wp-json\/wp\/v2\/pages\/1916\/revisions\/6085"}],"wp:attachment":[{"href":"https:\/\/wp.ufpel.edu.br\/ca\/wp-json\/wp\/v2\/media?parent=1916"}],"curies":[{"name":"wp","href":"https:\/\/api.w.org\/{rel}","templated":true}]}}