{"id":174,"date":"2021-08-31T11:11:21","date_gmt":"2021-08-31T14:11:21","guid":{"rendered":"https:\/\/wp.ufpel.edu.br\/ca\/?page_id=174"},"modified":"2023-03-16T16:17:00","modified_gmt":"2023-03-16T19:17:00","slug":"cursos-livres","status":"publish","type":"page","link":"https:\/\/wp.ufpel.edu.br\/ca\/cursos-livres\/","title":{"rendered":"Cursos Livres"},"content":{"rendered":"<div id=\"pl-174\"  class=\"panel-layout\" ><div id=\"pg-174-0\"  class=\"panel-grid panel-no-style\" ><div id=\"pgc-174-0-0\"  class=\"panel-grid-cell\" ><div id=\"panel-174-0-0-0\" class=\"so-panel widget widget_siteorigin-panels-postloop panel-first-child\" data-index=\"0\" >\n\t<div id=\"vantage-grid-loop\" class=\"vantage-grid-loop grid-loop-columns-3\">\n\t\t\t\t\t<article class=\"grid-post post-923 evento type-evento status-publish has-post-thumbnail hentry filtro-artesvisuais filtro-curso-livre filtro-gratuito post post-with-thumbnail post-with-thumbnail-large\">\n\n\t\t\t\t\t\t\t\t\t<a class=\"grid-thumbnail\" href=\"https:\/\/wp.ufpel.edu.br\/ca\/eventos\/seminario-artes-visuais\/\">\n\t\t\t\t\t\t<img loading=\"lazy\" decoding=\"async\" width=\"436\" height=\"272\" src=\"https:\/\/wp.ufpel.edu.br\/ca\/files\/2022\/06\/ID_SPMAV-436x272.png\" class=\"attachment-vantage-grid-loop size-vantage-grid-loop wp-post-image\" alt=\"\" data-attachment-id=\"1211\" data-permalink=\"https:\/\/wp.ufpel.edu.br\/ca\/eventos\/seminario-artes-visuais\/id_spmav\/#main\" data-orig-file=\"https:\/\/wp.ufpel.edu.br\/ca\/files\/2022\/06\/ID_SPMAV.png\" data-orig-size=\"1080,1085\" data-comments-opened=\"0\" data-image-meta=\"{&quot;aperture&quot;:&quot;0&quot;,&quot;credit&quot;:&quot;&quot;,&quot;camera&quot;:&quot;&quot;,&quot;caption&quot;:&quot;&quot;,&quot;created_timestamp&quot;:&quot;0&quot;,&quot;copyright&quot;:&quot;&quot;,&quot;focal_length&quot;:&quot;0&quot;,&quot;iso&quot;:&quot;0&quot;,&quot;shutter_speed&quot;:&quot;0&quot;,&quot;title&quot;:&quot;&quot;,&quot;orientation&quot;:&quot;0&quot;}\" data-image-title=\"ID_SPMAV\" data-image-description=\"\" data-image-caption=\"\" data-medium-file=\"https:\/\/wp.ufpel.edu.br\/ca\/files\/2022\/06\/ID_SPMAV-398x400.png\" data-large-file=\"https:\/\/wp.ufpel.edu.br\/ca\/files\/2022\/06\/ID_SPMAV-1019x1024.png\" \/>\t\t\t\t\t<\/a>\n\t\t\t\t\n\t\t\t\t<h3><a href=\"https:\/\/wp.ufpel.edu.br\/ca\/eventos\/seminario-artes-visuais\/\">Semin\u00e1rio Artes Visuais<\/a><\/h3>\n\t\t\t\t<div class=\"excerpt\"><p> [&hellip;]<\/p>\n<\/div>\n\t\t\t\t\t\t\t\t\t\t\t<\/article>\n\t\t\t\t<\/div>\n\n\t<\/div><div id=\"panel-174-0-0-1\" class=\"so-panel widget widget_sow-editor panel-last-child\" data-index=\"1\" ><div\n\t\t\t\n\t\t\tclass=\"so-widget-sow-editor so-widget-sow-editor-base\"\n\t\t\t\n\t\t>\n<div class=\"siteorigin-widget-tinymce textwidget\">\n\t<p>Esse espa\u00e7o \u00e9 voltado para a divulga\u00e7\u00e3o de cursos, oficinas, workshop entre outros, que sejam oferecidos para a comunidade de forma gratuita. Os cursos e atividades oferecidas podem ser relacionadas a a\u00e7\u00f5es de projetos de extens\u00e3o, ensino e pesquisa e serem conduzidos por servidores ou alunos da Unidade.<\/p>\n<p>&nbsp;<\/p>\n<p>&nbsp;<\/p>\n<\/div>\n<\/div><\/div><\/div><\/div><\/div>","protected":false},"excerpt":{"rendered":"<p> [&hellip;]<\/p>\n","protected":false},"author":928,"featured_media":0,"parent":0,"menu_order":0,"comment_status":"closed","ping_status":"closed","template":"","meta":{"_acf_changed":false,"footnotes":""},"class_list":["post-174","page","type-page","status-publish","hentry","post","post-with-thumbnail","post-with-thumbnail-large"],"acf":[],"yoast_head":"<!-- This site is optimized with the Yoast SEO plugin v26.7 - https:\/\/yoast.com\/wordpress\/plugins\/seo\/ -->\n<title>Cursos Livres &#8211; Centro de Artes UFPEL<\/title>\n<meta name=\"robots\" content=\"index, follow, max-snippet:-1, max-image-preview:large, max-video-preview:-1\" \/>\n<link rel=\"canonical\" href=\"https:\/\/wp.ufpel.edu.br\/ca\/cursos-livres\/\" \/>\n<meta property=\"og:locale\" content=\"pt_BR\" \/>\n<meta property=\"og:type\" content=\"article\" \/>\n<meta property=\"og:title\" content=\"Cursos Livres &#8211; Centro de Artes UFPEL\" \/>\n<meta property=\"og:description\" content=\"[&hellip;]\" \/>\n<meta property=\"og:url\" content=\"https:\/\/wp.ufpel.edu.br\/ca\/cursos-livres\/\" \/>\n<meta property=\"og:site_name\" content=\"Centro de Artes UFPEL\" \/>\n<meta property=\"article:modified_time\" content=\"2023-03-16T19:17:00+00:00\" \/>\n<meta name=\"twitter:card\" content=\"summary_large_image\" \/>\n<meta name=\"twitter:label1\" content=\"Est. tempo de leitura\" \/>\n\t<meta name=\"twitter:data1\" content=\"1 minuto\" \/>\n<script type=\"application\/ld+json\" class=\"yoast-schema-graph\">{\"@context\":\"https:\/\/schema.org\",\"@graph\":[{\"@type\":\"WebPage\",\"@id\":\"https:\/\/wp.ufpel.edu.br\/ca\/cursos-livres\/\",\"url\":\"https:\/\/wp.ufpel.edu.br\/ca\/cursos-livres\/\",\"name\":\"Cursos Livres &#8211; Centro de Artes UFPEL\",\"isPartOf\":{\"@id\":\"https:\/\/wp.ufpel.edu.br\/ca\/#website\"},\"datePublished\":\"2021-08-31T14:11:21+00:00\",\"dateModified\":\"2023-03-16T19:17:00+00:00\",\"breadcrumb\":{\"@id\":\"https:\/\/wp.ufpel.edu.br\/ca\/cursos-livres\/#breadcrumb\"},\"inLanguage\":\"pt-BR\",\"potentialAction\":[{\"@type\":\"ReadAction\",\"target\":[\"https:\/\/wp.ufpel.edu.br\/ca\/cursos-livres\/\"]}]},{\"@type\":\"BreadcrumbList\",\"@id\":\"https:\/\/wp.ufpel.edu.br\/ca\/cursos-livres\/#breadcrumb\",\"itemListElement\":[{\"@type\":\"ListItem\",\"position\":1,\"name\":\"In\u00edcio\",\"item\":\"https:\/\/wp.ufpel.edu.br\/ca\/\"},{\"@type\":\"ListItem\",\"position\":2,\"name\":\"Cursos Livres\"}]},{\"@type\":\"WebSite\",\"@id\":\"https:\/\/wp.ufpel.edu.br\/ca\/#website\",\"url\":\"https:\/\/wp.ufpel.edu.br\/ca\/\",\"name\":\"Centro de Artes UFPEL\",\"description\":\"Universidade Federal de Pelotas\",\"publisher\":{\"@id\":\"https:\/\/wp.ufpel.edu.br\/ca\/#organization\"},\"potentialAction\":[{\"@type\":\"SearchAction\",\"target\":{\"@type\":\"EntryPoint\",\"urlTemplate\":\"https:\/\/wp.ufpel.edu.br\/ca\/?s={search_term_string}\"},\"query-input\":{\"@type\":\"PropertyValueSpecification\",\"valueRequired\":true,\"valueName\":\"search_term_string\"}}],\"inLanguage\":\"pt-BR\"},{\"@type\":\"Organization\",\"@id\":\"https:\/\/wp.ufpel.edu.br\/ca\/#organization\",\"name\":\"Centro de Artes UFPEL\",\"url\":\"https:\/\/wp.ufpel.edu.br\/ca\/\",\"logo\":{\"@type\":\"ImageObject\",\"inLanguage\":\"pt-BR\",\"@id\":\"https:\/\/wp.ufpel.edu.br\/ca\/#\/schema\/logo\/image\/\",\"url\":\"https:\/\/wp.ufpel.edu.br\/ca\/files\/2022\/07\/CA_COVER-01.png\",\"contentUrl\":\"https:\/\/wp.ufpel.edu.br\/ca\/files\/2022\/07\/CA_COVER-01.png\",\"width\":1758,\"height\":1244,\"caption\":\"Centro de Artes UFPEL\"},\"image\":{\"@id\":\"https:\/\/wp.ufpel.edu.br\/ca\/#\/schema\/logo\/image\/\"}}]}<\/script>\n<!-- \/ Yoast SEO plugin. -->","yoast_head_json":{"title":"Cursos Livres &#8211; Centro de Artes UFPEL","robots":{"index":"index","follow":"follow","max-snippet":"max-snippet:-1","max-image-preview":"max-image-preview:large","max-video-preview":"max-video-preview:-1"},"canonical":"https:\/\/wp.ufpel.edu.br\/ca\/cursos-livres\/","og_locale":"pt_BR","og_type":"article","og_title":"Cursos Livres &#8211; Centro de Artes UFPEL","og_description":"[&hellip;]","og_url":"https:\/\/wp.ufpel.edu.br\/ca\/cursos-livres\/","og_site_name":"Centro de Artes UFPEL","article_modified_time":"2023-03-16T19:17:00+00:00","twitter_card":"summary_large_image","twitter_misc":{"Est. tempo de leitura":"1 minuto"},"schema":{"@context":"https:\/\/schema.org","@graph":[{"@type":"WebPage","@id":"https:\/\/wp.ufpel.edu.br\/ca\/cursos-livres\/","url":"https:\/\/wp.ufpel.edu.br\/ca\/cursos-livres\/","name":"Cursos Livres &#8211; Centro de Artes UFPEL","isPartOf":{"@id":"https:\/\/wp.ufpel.edu.br\/ca\/#website"},"datePublished":"2021-08-31T14:11:21+00:00","dateModified":"2023-03-16T19:17:00+00:00","breadcrumb":{"@id":"https:\/\/wp.ufpel.edu.br\/ca\/cursos-livres\/#breadcrumb"},"inLanguage":"pt-BR","potentialAction":[{"@type":"ReadAction","target":["https:\/\/wp.ufpel.edu.br\/ca\/cursos-livres\/"]}]},{"@type":"BreadcrumbList","@id":"https:\/\/wp.ufpel.edu.br\/ca\/cursos-livres\/#breadcrumb","itemListElement":[{"@type":"ListItem","position":1,"name":"In\u00edcio","item":"https:\/\/wp.ufpel.edu.br\/ca\/"},{"@type":"ListItem","position":2,"name":"Cursos Livres"}]},{"@type":"WebSite","@id":"https:\/\/wp.ufpel.edu.br\/ca\/#website","url":"https:\/\/wp.ufpel.edu.br\/ca\/","name":"Centro de Artes UFPEL","description":"Universidade Federal de Pelotas","publisher":{"@id":"https:\/\/wp.ufpel.edu.br\/ca\/#organization"},"potentialAction":[{"@type":"SearchAction","target":{"@type":"EntryPoint","urlTemplate":"https:\/\/wp.ufpel.edu.br\/ca\/?s={search_term_string}"},"query-input":{"@type":"PropertyValueSpecification","valueRequired":true,"valueName":"search_term_string"}}],"inLanguage":"pt-BR"},{"@type":"Organization","@id":"https:\/\/wp.ufpel.edu.br\/ca\/#organization","name":"Centro de Artes UFPEL","url":"https:\/\/wp.ufpel.edu.br\/ca\/","logo":{"@type":"ImageObject","inLanguage":"pt-BR","@id":"https:\/\/wp.ufpel.edu.br\/ca\/#\/schema\/logo\/image\/","url":"https:\/\/wp.ufpel.edu.br\/ca\/files\/2022\/07\/CA_COVER-01.png","contentUrl":"https:\/\/wp.ufpel.edu.br\/ca\/files\/2022\/07\/CA_COVER-01.png","width":1758,"height":1244,"caption":"Centro de Artes UFPEL"},"image":{"@id":"https:\/\/wp.ufpel.edu.br\/ca\/#\/schema\/logo\/image\/"}}]}},"jetpack_sharing_enabled":true,"publishpress_future_action":{"enabled":false,"date":"2026-04-16 04:35:52","action":"change-status","newStatus":"private","terms":[],"taxonomy":"","extraData":[]},"publishpress_future_workflow_manual_trigger":{"enabledWorkflows":[]},"_links":{"self":[{"href":"https:\/\/wp.ufpel.edu.br\/ca\/wp-json\/wp\/v2\/pages\/174","targetHints":{"allow":["GET"]}}],"collection":[{"href":"https:\/\/wp.ufpel.edu.br\/ca\/wp-json\/wp\/v2\/pages"}],"about":[{"href":"https:\/\/wp.ufpel.edu.br\/ca\/wp-json\/wp\/v2\/types\/page"}],"author":[{"embeddable":true,"href":"https:\/\/wp.ufpel.edu.br\/ca\/wp-json\/wp\/v2\/users\/928"}],"replies":[{"embeddable":true,"href":"https:\/\/wp.ufpel.edu.br\/ca\/wp-json\/wp\/v2\/comments?post=174"}],"version-history":[{"count":10,"href":"https:\/\/wp.ufpel.edu.br\/ca\/wp-json\/wp\/v2\/pages\/174\/revisions"}],"predecessor-version":[{"id":2773,"href":"https:\/\/wp.ufpel.edu.br\/ca\/wp-json\/wp\/v2\/pages\/174\/revisions\/2773"}],"wp:attachment":[{"href":"https:\/\/wp.ufpel.edu.br\/ca\/wp-json\/wp\/v2\/media?parent=174"}],"curies":[{"name":"wp","href":"https:\/\/api.w.org\/{rel}","templated":true}]}}