{"id":1243,"date":"2022-07-29T11:46:27","date_gmt":"2022-07-29T14:46:27","guid":{"rendered":"https:\/\/wp.ufpel.edu.br\/ca\/?page_id=1243"},"modified":"2023-01-19T12:05:40","modified_gmt":"2023-01-19T15:05:40","slug":"teliga","status":"publish","type":"page","link":"https:\/\/wp.ufpel.edu.br\/ca\/teliga\/","title":{"rendered":"Te Liga no CA"},"content":{"rendered":"<div id=\"pl-1243\"  class=\"panel-layout\" ><div id=\"pg-1243-0\"  class=\"panel-grid panel-no-style\" ><div id=\"pgc-1243-0-0\"  class=\"panel-grid-cell\" ><div id=\"panel-1243-0-0-0\" class=\"so-panel widget widget_sow-editor panel-first-child panel-last-child\" data-index=\"0\" ><div\n\t\t\t\n\t\t\tclass=\"so-widget-sow-editor so-widget-sow-editor-base\"\n\t\t\t\n\t\t>\n<div class=\"siteorigin-widget-tinymce textwidget\">\n\t<p>Te Liga no CA \u00e9 um projeto de extens\u00e3o criado em 2021 objetivando a comunica\u00e7\u00e3o institucional do Centro de Artes, estreitando fronteiras entre Universidade e comunidade externa.<\/p>\n<p>O projeto cria conte\u00fados para as M\u00eddias, al\u00e9m de produzir v\u00eddeos tutoriais que beneficiam tanto a comunidade externa da universidade quanto a comunidade interna. Tem como objetivos divulgar, informar e engajar a comunidade na participa\u00e7\u00e3o das diversas atividades acad\u00eamicas e administrativas do Centro de Artes.<\/p>\n<p>Atualmente o Te Liga no CA, al\u00e9m de produzir conte\u00fado para o site institucional e M\u00eddias sociais do Centro de Artes, o projeto produz mat\u00e9rias jornal\u00edsticas, fotos e v\u00eddeos institucional sobre cursos, a\u00e7\u00f5es e outras atividades relevantes \u00e0 comunidade.<\/p>\n<\/div>\n<\/div><\/div><\/div><\/div><div id=\"pg-1243-1\"  class=\"panel-grid panel-has-style\" ><div class=\"siteorigin-panels-stretch panel-row-style panel-row-style-for-1243-1\" data-stretch-type=\"full\" ><div id=\"pgc-1243-1-0\"  class=\"panel-grid-cell\" ><div id=\"panel-1243-1-0-0\" class=\"so-panel widget widget_sow-editor panel-first-child panel-last-child\" data-index=\"1\" ><div\n\t\t\t\n\t\t\tclass=\"so-widget-sow-editor so-widget-sow-editor-base\"\n\t\t\t\n\t\t>\n<div class=\"siteorigin-widget-tinymce textwidget\">\n\t<p><span style=\"font-size: 14pt;\"><strong>V\u00eddeo produzido em homenagem ao dia do servidor.<\/strong><\/span><\/p>\n<p>Inspirado em um recital, a produ\u00e7\u00e3o conta com a execu\u00e7\u00e3o do Servidor T\u00e9cnico em Piano Daniel Benitz, onde este reproduziu uma sele\u00e7\u00e3o de m\u00fasicas que estiveram presentes em diferentes fases da forma\u00e7\u00e3o do pianista e se destacam por suas caracter\u00edsticas intimistas e expressivas. O v\u00eddeo foi filmado e iluminado pelo servidor T\u00e9cnico em Audiovisual R\u00e9gis Dutra.<\/p>\n<p>&nbsp;<\/p>\n<\/div>\n<\/div><\/div><\/div><div id=\"pgc-1243-1-1\"  class=\"panel-grid-cell\" ><div id=\"panel-1243-1-1-0\" class=\"so-panel widget widget_sow-editor panel-first-child panel-last-child\" data-index=\"2\" ><div\n\t\t\t\n\t\t\tclass=\"so-widget-sow-editor so-widget-sow-editor-base\"\n\t\t\t\n\t\t>\n<div class=\"siteorigin-widget-tinymce textwidget\">\n\t<p><iframe loading=\"lazy\" title=\"Daniel Benitz\" width=\"720\" height=\"405\" src=\"https:\/\/www.youtube.com\/embed\/nBcezxjlSss?feature=oembed\" frameborder=\"0\" allow=\"accelerometer; autoplay; clipboard-write; encrypted-media; gyroscope; picture-in-picture; web-share\" allowfullscreen><\/iframe><\/p>\n<\/div>\n<\/div><\/div><\/div><\/div><\/div><div id=\"pg-1243-2\"  class=\"panel-grid panel-has-style\" ><div class=\"siteorigin-panels-stretch panel-row-style panel-row-style-for-1243-2\" data-stretch-type=\"full\" ><div id=\"pgc-1243-2-0\"  class=\"panel-grid-cell\" ><div id=\"panel-1243-2-0-0\" class=\"so-panel widget widget_sow-editor panel-first-child panel-last-child\" data-index=\"3\" ><div\n\t\t\t\n\t\t\tclass=\"so-widget-sow-editor so-widget-sow-editor-base\"\n\t\t\t\n\t\t>\n<div class=\"siteorigin-widget-tinymce textwidget\">\n\t<p><iframe loading=\"lazy\" title=\"Curso de Teatro | Centro de Artes | UFPEL\" width=\"720\" height=\"405\" src=\"https:\/\/www.youtube.com\/embed\/yodkDK-5eW8?feature=oembed\" frameborder=\"0\" allow=\"accelerometer; autoplay; clipboard-write; encrypted-media; gyroscope; picture-in-picture; web-share\" allowfullscreen><\/iframe><\/p>\n<\/div>\n<\/div><\/div><\/div><div id=\"pgc-1243-2-1\"  class=\"panel-grid-cell\" ><div id=\"panel-1243-2-1-0\" class=\"so-panel widget widget_sow-editor panel-first-child panel-last-child\" data-index=\"4\" ><div\n\t\t\t\n\t\t\tclass=\"so-widget-sow-editor so-widget-sow-editor-base\"\n\t\t\t\n\t\t>\n<div class=\"siteorigin-widget-tinymce textwidget\">\n\t<p><span style=\"font-size: 14pt;\"><strong>Curso de Licenciatura em Teatro<\/strong><\/span><\/p>\n<p>Produzido para apresenta\u00e7\u00e3o \u00e0 comunidade e divulga\u00e7\u00e3o do Curso de Teatro da Universidade Federal de Pelotas. O v\u00eddeo tem um formato jornal\u00edstico e conta com a participa\u00e7\u00e3o do Servidor t\u00e9cnico em administra\u00e7\u00e3o e aluno de jornalismo Matheus Pinho.<\/p>\n<\/div>\n<\/div><\/div><\/div><\/div><\/div><div id=\"pg-1243-3\"  class=\"panel-grid panel-has-style\" ><div class=\"siteorigin-panels-stretch panel-row-style panel-row-style-for-1243-3\" data-stretch-type=\"full\" ><div id=\"pgc-1243-3-0\"  class=\"panel-grid-cell\" ><div id=\"panel-1243-3-0-0\" class=\"so-panel widget widget_sow-editor panel-first-child panel-last-child\" data-index=\"5\" ><div\n\t\t\t\n\t\t\tclass=\"so-widget-sow-editor so-widget-sow-editor-base\"\n\t\t\t\n\t\t>\n<div class=\"siteorigin-widget-tinymce textwidget\">\n\t<p><span style=\"font-size: 14pt;\"><strong>Uso de M\u00e1scaras no Centro de Artes ( Aviso: N\u00e3o condizente com as novas diretrizes )<\/strong><\/span><\/p>\n<p>V\u00eddeo em car\u00e1ter art\u00edstico que perpassou o momento de pandemia COVID-19 sobre o uso de m\u00e1scaras em ambientes externos da UFPEL. O v\u00eddeo contou com a narra\u00e7\u00e3o de Matheus Pinho, Servidor t\u00e9cnico em administra\u00e7\u00e3o e aluno de jornalismo, al\u00e9m de professores, servidores e alunos do CA que atuaram na composi\u00e7\u00e3o deste trabalho.<\/p>\n<p><strong><span style=\"background-color: #999999;\">Alertamos que o v\u00eddeo foi tirado do ar por n\u00e3o mais condizer com as diretrizes atuais de uso de m\u00e1scaras e tornou-se somente um v\u00eddeo art\u00edstico e de portif\u00f3lio, n\u00e3o devendo ser interpretado como um v\u00eddeo instrucional do CA e da UFPel.<\/span><\/strong><\/p>\n<\/div>\n<\/div><\/div><\/div><div id=\"pgc-1243-3-1\"  class=\"panel-grid-cell\" ><div id=\"panel-1243-3-1-0\" class=\"so-panel widget widget_sow-editor panel-first-child panel-last-child\" data-index=\"6\" ><div\n\t\t\t\n\t\t\tclass=\"so-widget-sow-editor so-widget-sow-editor-base\"\n\t\t\t\n\t\t>\n<div class=\"siteorigin-widget-tinymce textwidget\">\n\t<p><iframe loading=\"lazy\" title=\"Novo momento no Centro de Artes\" width=\"720\" height=\"405\" src=\"https:\/\/www.youtube.com\/embed\/iFcR9e2myeY?feature=oembed\" frameborder=\"0\" allow=\"accelerometer; autoplay; clipboard-write; encrypted-media; gyroscope; picture-in-picture; web-share\" allowfullscreen><\/iframe><\/p>\n<\/div>\n<\/div><\/div><\/div><\/div><\/div><div id=\"pg-1243-4\"  class=\"panel-grid panel-no-style\" ><div id=\"pgc-1243-4-0\"  class=\"panel-grid-cell\" ><div id=\"panel-1243-4-0-0\" class=\"so-panel widget widget_sow-editor panel-first-child panel-last-child\" data-index=\"7\" ><div\n\t\t\t\n\t\t\tclass=\"so-widget-sow-editor so-widget-sow-editor-base\"\n\t\t\t\n\t\t>\n<div class=\"siteorigin-widget-tinymce textwidget\">\n\t<p><strong><span style=\"font-size: 14pt;\">Equipe do TE LICA NO CA<\/span>:\u00a0<\/strong><\/p>\n<p><span style=\"font-size: 8pt;\"><strong>Coordena\u00e7\u00e3o e Produ\u00e7\u00e3o:<\/strong><\/span> Luana Pereira | Servidora Assistente em Administra\u00e7\u00e3o<\/p>\n<p><span style=\"font-size: 8pt;\"><strong>Produ\u00e7\u00e3o, Edi\u00e7\u00e3o, Foto e Design<\/strong>:<\/span> R\u00e9gis Dutra | Servidor T\u00e9cnico em Audiovisual<\/p>\n<p><span style=\"font-size: 8pt;\"><strong>Colaboradores :\u00a0 <\/strong><\/span><\/p>\n<p><span style=\"font-size: 8pt;\"><span style=\"font-size: 12pt;\">Bruna Neves | Servidor Assistente em Administra\u00e7\u00e3o<\/span><br \/>\n<span style=\"font-size: 12pt;\">Marina Pereira | Assistente em Administra\u00e7\u00e3o<\/span><br \/>\n<span style=\"font-size: 12pt;\">Matheus Pinho | Servidor Assistente em Administra\u00e7\u00e3o<\/span><\/span><\/p>\n<p>&nbsp;<\/p>\n<\/div>\n<\/div><\/div><\/div><\/div><\/div>","protected":false},"excerpt":{"rendered":"<p> [&hellip;]<\/p>\n","protected":false},"author":928,"featured_media":0,"parent":0,"menu_order":0,"comment_status":"closed","ping_status":"closed","template":"","meta":{"_acf_changed":false,"footnotes":""},"class_list":["post-1243","page","type-page","status-publish","hentry","post"],"acf":[],"yoast_head":"<!-- This site is optimized with the Yoast SEO plugin v26.7 - https:\/\/yoast.com\/wordpress\/plugins\/seo\/ -->\n<title>Te Liga no CA &#8211; Centro de Artes UFPEL<\/title>\n<meta name=\"robots\" content=\"index, follow, max-snippet:-1, max-image-preview:large, max-video-preview:-1\" \/>\n<link rel=\"canonical\" href=\"https:\/\/wp.ufpel.edu.br\/ca\/teliga\/\" \/>\n<meta property=\"og:locale\" content=\"pt_BR\" \/>\n<meta property=\"og:type\" content=\"article\" \/>\n<meta property=\"og:title\" content=\"Te Liga no CA &#8211; Centro de Artes UFPEL\" \/>\n<meta property=\"og:description\" content=\"[&hellip;]\" \/>\n<meta property=\"og:url\" content=\"https:\/\/wp.ufpel.edu.br\/ca\/teliga\/\" \/>\n<meta property=\"og:site_name\" content=\"Centro de Artes UFPEL\" \/>\n<meta property=\"article:modified_time\" content=\"2023-01-19T15:05:40+00:00\" \/>\n<meta name=\"twitter:card\" content=\"summary_large_image\" \/>\n<meta name=\"twitter:label1\" content=\"Est. tempo de leitura\" \/>\n\t<meta name=\"twitter:data1\" content=\"3 minutos\" \/>\n<script type=\"application\/ld+json\" class=\"yoast-schema-graph\">{\"@context\":\"https:\/\/schema.org\",\"@graph\":[{\"@type\":\"WebPage\",\"@id\":\"https:\/\/wp.ufpel.edu.br\/ca\/teliga\/\",\"url\":\"https:\/\/wp.ufpel.edu.br\/ca\/teliga\/\",\"name\":\"Te Liga no CA &#8211; Centro de Artes UFPEL\",\"isPartOf\":{\"@id\":\"https:\/\/wp.ufpel.edu.br\/ca\/#website\"},\"datePublished\":\"2022-07-29T14:46:27+00:00\",\"dateModified\":\"2023-01-19T15:05:40+00:00\",\"breadcrumb\":{\"@id\":\"https:\/\/wp.ufpel.edu.br\/ca\/teliga\/#breadcrumb\"},\"inLanguage\":\"pt-BR\",\"potentialAction\":[{\"@type\":\"ReadAction\",\"target\":[\"https:\/\/wp.ufpel.edu.br\/ca\/teliga\/\"]}]},{\"@type\":\"BreadcrumbList\",\"@id\":\"https:\/\/wp.ufpel.edu.br\/ca\/teliga\/#breadcrumb\",\"itemListElement\":[{\"@type\":\"ListItem\",\"position\":1,\"name\":\"In\u00edcio\",\"item\":\"https:\/\/wp.ufpel.edu.br\/ca\/\"},{\"@type\":\"ListItem\",\"position\":2,\"name\":\"Te Liga no CA\"}]},{\"@type\":\"WebSite\",\"@id\":\"https:\/\/wp.ufpel.edu.br\/ca\/#website\",\"url\":\"https:\/\/wp.ufpel.edu.br\/ca\/\",\"name\":\"Centro de Artes UFPEL\",\"description\":\"Universidade Federal de Pelotas\",\"publisher\":{\"@id\":\"https:\/\/wp.ufpel.edu.br\/ca\/#organization\"},\"potentialAction\":[{\"@type\":\"SearchAction\",\"target\":{\"@type\":\"EntryPoint\",\"urlTemplate\":\"https:\/\/wp.ufpel.edu.br\/ca\/?s={search_term_string}\"},\"query-input\":{\"@type\":\"PropertyValueSpecification\",\"valueRequired\":true,\"valueName\":\"search_term_string\"}}],\"inLanguage\":\"pt-BR\"},{\"@type\":\"Organization\",\"@id\":\"https:\/\/wp.ufpel.edu.br\/ca\/#organization\",\"name\":\"Centro de Artes UFPEL\",\"url\":\"https:\/\/wp.ufpel.edu.br\/ca\/\",\"logo\":{\"@type\":\"ImageObject\",\"inLanguage\":\"pt-BR\",\"@id\":\"https:\/\/wp.ufpel.edu.br\/ca\/#\/schema\/logo\/image\/\",\"url\":\"https:\/\/wp.ufpel.edu.br\/ca\/files\/2022\/07\/CA_COVER-01.png\",\"contentUrl\":\"https:\/\/wp.ufpel.edu.br\/ca\/files\/2022\/07\/CA_COVER-01.png\",\"width\":1758,\"height\":1244,\"caption\":\"Centro de Artes UFPEL\"},\"image\":{\"@id\":\"https:\/\/wp.ufpel.edu.br\/ca\/#\/schema\/logo\/image\/\"}}]}<\/script>\n<!-- \/ Yoast SEO plugin. -->","yoast_head_json":{"title":"Te Liga no CA &#8211; Centro de Artes UFPEL","robots":{"index":"index","follow":"follow","max-snippet":"max-snippet:-1","max-image-preview":"max-image-preview:large","max-video-preview":"max-video-preview:-1"},"canonical":"https:\/\/wp.ufpel.edu.br\/ca\/teliga\/","og_locale":"pt_BR","og_type":"article","og_title":"Te Liga no CA &#8211; Centro de Artes UFPEL","og_description":"[&hellip;]","og_url":"https:\/\/wp.ufpel.edu.br\/ca\/teliga\/","og_site_name":"Centro de Artes UFPEL","article_modified_time":"2023-01-19T15:05:40+00:00","twitter_card":"summary_large_image","twitter_misc":{"Est. tempo de leitura":"3 minutos"},"schema":{"@context":"https:\/\/schema.org","@graph":[{"@type":"WebPage","@id":"https:\/\/wp.ufpel.edu.br\/ca\/teliga\/","url":"https:\/\/wp.ufpel.edu.br\/ca\/teliga\/","name":"Te Liga no CA &#8211; Centro de Artes UFPEL","isPartOf":{"@id":"https:\/\/wp.ufpel.edu.br\/ca\/#website"},"datePublished":"2022-07-29T14:46:27+00:00","dateModified":"2023-01-19T15:05:40+00:00","breadcrumb":{"@id":"https:\/\/wp.ufpel.edu.br\/ca\/teliga\/#breadcrumb"},"inLanguage":"pt-BR","potentialAction":[{"@type":"ReadAction","target":["https:\/\/wp.ufpel.edu.br\/ca\/teliga\/"]}]},{"@type":"BreadcrumbList","@id":"https:\/\/wp.ufpel.edu.br\/ca\/teliga\/#breadcrumb","itemListElement":[{"@type":"ListItem","position":1,"name":"In\u00edcio","item":"https:\/\/wp.ufpel.edu.br\/ca\/"},{"@type":"ListItem","position":2,"name":"Te Liga no CA"}]},{"@type":"WebSite","@id":"https:\/\/wp.ufpel.edu.br\/ca\/#website","url":"https:\/\/wp.ufpel.edu.br\/ca\/","name":"Centro de Artes UFPEL","description":"Universidade Federal de Pelotas","publisher":{"@id":"https:\/\/wp.ufpel.edu.br\/ca\/#organization"},"potentialAction":[{"@type":"SearchAction","target":{"@type":"EntryPoint","urlTemplate":"https:\/\/wp.ufpel.edu.br\/ca\/?s={search_term_string}"},"query-input":{"@type":"PropertyValueSpecification","valueRequired":true,"valueName":"search_term_string"}}],"inLanguage":"pt-BR"},{"@type":"Organization","@id":"https:\/\/wp.ufpel.edu.br\/ca\/#organization","name":"Centro de Artes UFPEL","url":"https:\/\/wp.ufpel.edu.br\/ca\/","logo":{"@type":"ImageObject","inLanguage":"pt-BR","@id":"https:\/\/wp.ufpel.edu.br\/ca\/#\/schema\/logo\/image\/","url":"https:\/\/wp.ufpel.edu.br\/ca\/files\/2022\/07\/CA_COVER-01.png","contentUrl":"https:\/\/wp.ufpel.edu.br\/ca\/files\/2022\/07\/CA_COVER-01.png","width":1758,"height":1244,"caption":"Centro de Artes UFPEL"},"image":{"@id":"https:\/\/wp.ufpel.edu.br\/ca\/#\/schema\/logo\/image\/"}}]}},"jetpack_sharing_enabled":true,"publishpress_future_action":{"enabled":false,"date":"2026-04-16 09:37:38","action":"change-status","newStatus":"private","terms":[],"taxonomy":"","extraData":[]},"publishpress_future_workflow_manual_trigger":{"enabledWorkflows":[]},"_links":{"self":[{"href":"https:\/\/wp.ufpel.edu.br\/ca\/wp-json\/wp\/v2\/pages\/1243","targetHints":{"allow":["GET"]}}],"collection":[{"href":"https:\/\/wp.ufpel.edu.br\/ca\/wp-json\/wp\/v2\/pages"}],"about":[{"href":"https:\/\/wp.ufpel.edu.br\/ca\/wp-json\/wp\/v2\/types\/page"}],"author":[{"embeddable":true,"href":"https:\/\/wp.ufpel.edu.br\/ca\/wp-json\/wp\/v2\/users\/928"}],"replies":[{"embeddable":true,"href":"https:\/\/wp.ufpel.edu.br\/ca\/wp-json\/wp\/v2\/comments?post=1243"}],"version-history":[{"count":26,"href":"https:\/\/wp.ufpel.edu.br\/ca\/wp-json\/wp\/v2\/pages\/1243\/revisions"}],"predecessor-version":[{"id":2285,"href":"https:\/\/wp.ufpel.edu.br\/ca\/wp-json\/wp\/v2\/pages\/1243\/revisions\/2285"}],"wp:attachment":[{"href":"https:\/\/wp.ufpel.edu.br\/ca\/wp-json\/wp\/v2\/media?parent=1243"}],"curies":[{"name":"wp","href":"https:\/\/api.w.org\/{rel}","templated":true}]}}