{"id":35,"date":"2019-04-05T16:34:54","date_gmt":"2019-04-05T19:34:54","guid":{"rendered":"https:\/\/wp.ufpel.edu.br\/brinquefae\/?page_id=35"},"modified":"2020-04-30T06:44:06","modified_gmt":"2020-04-30T09:44:06","slug":"sobre-nos","status":"publish","type":"page","link":"https:\/\/wp.ufpel.edu.br\/brinquefae\/sobre-nos\/","title":{"rendered":"Sobre N\u00f3s"},"content":{"rendered":"<p style=\"text-align: justify\">O projeto BrinqueFae, atualmente coordenado pelos professores Edson Ponick, Maria de F\u00e1tima Duarte Martins e Rita de C\u00e1ssia Tavares Medeiros, foi iniciado sob a supervis\u00e3o das professores Maria das Gra\u00e7as Carvalho da Silva Medeiros Gon\u00e7alves Pinto e Gilsenira de Alcino Rangel e tem como objetivo ser um Laborat\u00f3rio de Ensino, extens\u00e3o e pesquisa para forma\u00e7\u00e3o inicial e continuada, implementando um car\u00e1ter interdisciplinar em suas a\u00e7\u00f5es, junto aos Cursos colaboradores.<\/p>\n","protected":false},"excerpt":{"rendered":"<p>O projeto BrinqueFae, atualmente coordenado pelos professores Edson Ponick, Maria de F\u00e1tima Duarte Martins e Rita de C\u00e1ssia Tavares Medeiros, foi iniciado sob a supervis\u00e3o das professores Maria das Gra\u00e7as Carvalho da Silva Medeiros Gon\u00e7alves Pinto e Gilsenira de Alcino&#8230; <a class=\"more-link\" href=\"https:\/\/wp.ufpel.edu.br\/brinquefae\/sobre-nos\/\">Continue lendo &rarr;<\/a><\/p>\n","protected":false},"author":913,"featured_media":0,"parent":0,"menu_order":0,"comment_status":"closed","ping_status":"closed","template":"","meta":{"footnotes":""},"class_list":["post-35","page","type-page","status-publish","hentry"],"_links":{"self":[{"href":"https:\/\/wp.ufpel.edu.br\/brinquefae\/wp-json\/wp\/v2\/pages\/35","targetHints":{"allow":["GET"]}}],"collection":[{"href":"https:\/\/wp.ufpel.edu.br\/brinquefae\/wp-json\/wp\/v2\/pages"}],"about":[{"href":"https:\/\/wp.ufpel.edu.br\/brinquefae\/wp-json\/wp\/v2\/types\/page"}],"author":[{"embeddable":true,"href":"https:\/\/wp.ufpel.edu.br\/brinquefae\/wp-json\/wp\/v2\/users\/913"}],"replies":[{"embeddable":true,"href":"https:\/\/wp.ufpel.edu.br\/brinquefae\/wp-json\/wp\/v2\/comments?post=35"}],"version-history":[{"count":9,"href":"https:\/\/wp.ufpel.edu.br\/brinquefae\/wp-json\/wp\/v2\/pages\/35\/revisions"}],"predecessor-version":[{"id":178,"href":"https:\/\/wp.ufpel.edu.br\/brinquefae\/wp-json\/wp\/v2\/pages\/35\/revisions\/178"}],"wp:attachment":[{"href":"https:\/\/wp.ufpel.edu.br\/brinquefae\/wp-json\/wp\/v2\/media?parent=35"}],"curies":[{"name":"wp","href":"https:\/\/api.w.org\/{rel}","templated":true}]}}