{"id":103,"date":"2019-04-16T20:29:33","date_gmt":"2019-04-16T23:29:33","guid":{"rendered":"https:\/\/wp.ufpel.edu.br\/brinquefae\/?page_id=103"},"modified":"2019-04-16T21:30:59","modified_gmt":"2019-04-17T00:30:59","slug":"noticias","status":"publish","type":"page","link":"https:\/\/wp.ufpel.edu.br\/brinquefae\/noticias\/","title":{"rendered":"Not\u00edcias"},"content":{"rendered":"<div id=\"attachment_72\" style=\"width: 410px\" class=\"wp-caption alignnone\"><img loading=\"lazy\" decoding=\"async\" aria-describedby=\"caption-attachment-72\" class=\"size-medium wp-image-72\" src=\"https:\/\/wp.ufpel.edu.br\/brinquefae\/files\/2019\/04\/dia_do_brincar-1-400x257.jpg\" alt=\"\" width=\"400\" height=\"257\" srcset=\"https:\/\/wp.ufpel.edu.br\/brinquefae\/files\/2019\/04\/dia_do_brincar-1-400x257.jpg 400w, https:\/\/wp.ufpel.edu.br\/brinquefae\/files\/2019\/04\/dia_do_brincar-1.jpg 480w\" sizes=\"auto, (max-width: 400px) 100vw, 400px\" \/><p id=\"caption-attachment-72\" class=\"wp-caption-text\"><strong>Voc\u00ea sabia que existe um dia mundial do brincar?<\/strong><br \/>O \u201cWorld Play Day\u201d ou &#8220;Dia Internacional do Brincar&#8221; \u00e9 celebrado em 28 de maio. Este dia relembra que o brincar \u00e9 um direito e uma alegria essencial para todas as pessoas de todas as idades.<br \/>A data foi criada em 1999 pela International Toy Library (ITLA), na 8\u00aa Confer\u00eancia Internacional de Ludotecas em T\u00f3quio, sendo celebrada pela primeira vez em 2000 e reconhecida no calend\u00e1rio da UNICEF. Foi escolhido o dia 28 de maio por esta data ser o dia de anivers\u00e1rio da ITLA.<\/p><\/div>\n<p class=\"mceTemp\" style=\"text-align: justify\"><!--more--><\/p>\n","protected":false},"excerpt":{"rendered":"","protected":false},"author":913,"featured_media":0,"parent":0,"menu_order":0,"comment_status":"closed","ping_status":"closed","template":"","meta":{"footnotes":""},"class_list":["post-103","page","type-page","status-publish","hentry"],"_links":{"self":[{"href":"https:\/\/wp.ufpel.edu.br\/brinquefae\/wp-json\/wp\/v2\/pages\/103","targetHints":{"allow":["GET"]}}],"collection":[{"href":"https:\/\/wp.ufpel.edu.br\/brinquefae\/wp-json\/wp\/v2\/pages"}],"about":[{"href":"https:\/\/wp.ufpel.edu.br\/brinquefae\/wp-json\/wp\/v2\/types\/page"}],"author":[{"embeddable":true,"href":"https:\/\/wp.ufpel.edu.br\/brinquefae\/wp-json\/wp\/v2\/users\/913"}],"replies":[{"embeddable":true,"href":"https:\/\/wp.ufpel.edu.br\/brinquefae\/wp-json\/wp\/v2\/comments?post=103"}],"version-history":[{"count":4,"href":"https:\/\/wp.ufpel.edu.br\/brinquefae\/wp-json\/wp\/v2\/pages\/103\/revisions"}],"predecessor-version":[{"id":109,"href":"https:\/\/wp.ufpel.edu.br\/brinquefae\/wp-json\/wp\/v2\/pages\/103\/revisions\/109"}],"wp:attachment":[{"href":"https:\/\/wp.ufpel.edu.br\/brinquefae\/wp-json\/wp\/v2\/media?parent=103"}],"curies":[{"name":"wp","href":"https:\/\/api.w.org\/{rel}","templated":true}]}}