{"id":69,"date":"2020-08-28T00:34:05","date_gmt":"2020-08-28T03:34:05","guid":{"rendered":"https:\/\/wp.ufpel.edu.br\/brincando\/?page_id=69"},"modified":"2020-09-24T10:08:20","modified_gmt":"2020-09-24T13:08:20","slug":"2019-2","status":"publish","type":"page","link":"https:\/\/wp.ufpel.edu.br\/brincando\/videos\/2019-2\/","title":{"rendered":"V\u00eddeo de encerramento do projeto no Instituto Nossa Senhora da Concei\u00e7\u00e3o"},"content":{"rendered":"<p><img class=\"size-medium wp-image-118 aligncenter\" src=\"https:\/\/wp.ufpel.edu.br\/brincando\/files\/2020\/08\/fundosite-1-400x91.png\" alt=\"\" width=\"400\" height=\"91\" srcset=\"https:\/\/wp.ufpel.edu.br\/brincando\/files\/2020\/08\/fundosite-1-400x91.png 400w, https:\/\/wp.ufpel.edu.br\/brincando\/files\/2020\/08\/fundosite-1-768x174.png 768w, https:\/\/wp.ufpel.edu.br\/brincando\/files\/2020\/08\/fundosite-1.png 888w\" sizes=\"(max-width: 400px) 100vw, 400px\" \/><\/p>\n<p style=\"text-align: center\"><a href=\"http:\/\/https:\/\/www.youtube.com\/watch?v=PglGF1pOxoU\">V\u00eddeo de encerramento do projeto no Instituto Nossa Senhora da Concei\u00e7\u00e3o<\/a><\/p>\n<p><iframe title=\"Brincando de faz-de-conta no Instituto Nossa Senhora da Concei\u00e7\u00e3o\" width=\"500\" height=\"281\" src=\"https:\/\/www.youtube.com\/embed\/PglGF1pOxoU?feature=oembed\" frameborder=\"0\" allow=\"accelerometer; autoplay; clipboard-write; encrypted-media; gyroscope; picture-in-picture; web-share\" referrerpolicy=\"strict-origin-when-cross-origin\" allowfullscreen><\/iframe><\/p>\n<p>&nbsp;<\/p>\n<p>&nbsp;<\/p>\n","protected":false},"excerpt":{"rendered":"<p>V\u00eddeo de encerramento do projeto no Instituto Nossa Senhora da Concei\u00e7\u00e3o &nbsp; &nbsp;<\/p>\n","protected":false},"author":949,"featured_media":0,"parent":195,"menu_order":1,"comment_status":"closed","ping_status":"closed","template":"","meta":{"footnotes":""},"class_list":["post-69","page","type-page","status-publish","hentry"],"_links":{"self":[{"href":"https:\/\/wp.ufpel.edu.br\/brincando\/wp-json\/wp\/v2\/pages\/69","targetHints":{"allow":["GET"]}}],"collection":[{"href":"https:\/\/wp.ufpel.edu.br\/brincando\/wp-json\/wp\/v2\/pages"}],"about":[{"href":"https:\/\/wp.ufpel.edu.br\/brincando\/wp-json\/wp\/v2\/types\/page"}],"author":[{"embeddable":true,"href":"https:\/\/wp.ufpel.edu.br\/brincando\/wp-json\/wp\/v2\/users\/949"}],"replies":[{"embeddable":true,"href":"https:\/\/wp.ufpel.edu.br\/brincando\/wp-json\/wp\/v2\/comments?post=69"}],"version-history":[{"count":9,"href":"https:\/\/wp.ufpel.edu.br\/brincando\/wp-json\/wp\/v2\/pages\/69\/revisions"}],"predecessor-version":[{"id":138,"href":"https:\/\/wp.ufpel.edu.br\/brincando\/wp-json\/wp\/v2\/pages\/69\/revisions\/138"}],"up":[{"embeddable":true,"href":"https:\/\/wp.ufpel.edu.br\/brincando\/wp-json\/wp\/v2\/pages\/195"}],"wp:attachment":[{"href":"https:\/\/wp.ufpel.edu.br\/brincando\/wp-json\/wp\/v2\/media?parent=69"}],"curies":[{"name":"wp","href":"https:\/\/api.w.org\/{rel}","templated":true}]}}