{"id":54,"date":"2020-08-28T00:22:56","date_gmt":"2020-08-28T03:22:56","guid":{"rendered":"https:\/\/wp.ufpel.edu.br\/brincando\/?page_id=54"},"modified":"2020-09-17T17:33:01","modified_gmt":"2020-09-17T20:33:01","slug":"video-1","status":"publish","type":"page","link":"https:\/\/wp.ufpel.edu.br\/brincando\/oficina-construindo-novos-espacos-atraves-do-jogo\/material-pedagogico\/video-1\/","title":{"rendered":"V\u00eddeo 1 &#8211; o que \u00e9 jogo?"},"content":{"rendered":"<p>V\u00eddeo sobre o conceito de jogo a partir do livro &#8220;Homo ludens&#8221;, de Johan Huizinga. Uma a\u00e7\u00e3o do projeto de extens\u00e3o &#8220;Brincando de faz-de-conta&#8221;, coordenado pela professora Marina de Oliveira, do curso de Teatro da Universidade Federal de Pelotas (UFPel), em setembro de 2020.<\/p>\n<p>&nbsp;<\/p>\n<p><iframe title=\"1  O que \u00e9 jogo?  - Projeto de extens\u00e3o &quot;Brincando de faz de conta&quot;\" width=\"500\" height=\"281\" src=\"https:\/\/www.youtube.com\/embed\/BromaG4vjPE?feature=oembed\" frameborder=\"0\" allow=\"accelerometer; autoplay; clipboard-write; encrypted-media; gyroscope; picture-in-picture; web-share\" referrerpolicy=\"strict-origin-when-cross-origin\" allowfullscreen><\/iframe><\/p>\n<p>&nbsp;<\/p>\n<p>&nbsp;<\/p>\n","protected":false},"excerpt":{"rendered":"<p>V\u00eddeo sobre o conceito de jogo a partir do livro &#8220;Homo ludens&#8221;, de Johan Huizinga. Uma a\u00e7\u00e3o do projeto de extens\u00e3o &#8220;Brincando de faz-de-conta&#8221;, coordenado pela professora Marina de Oliveira, do curso de Teatro da Universidade Federal de Pelotas (UFPel), em setembro de 2020. &nbsp; &nbsp; &nbsp;<\/p>\n","protected":false},"author":949,"featured_media":0,"parent":51,"menu_order":1,"comment_status":"closed","ping_status":"closed","template":"","meta":{"footnotes":""},"class_list":["post-54","page","type-page","status-publish","hentry"],"_links":{"self":[{"href":"https:\/\/wp.ufpel.edu.br\/brincando\/wp-json\/wp\/v2\/pages\/54","targetHints":{"allow":["GET"]}}],"collection":[{"href":"https:\/\/wp.ufpel.edu.br\/brincando\/wp-json\/wp\/v2\/pages"}],"about":[{"href":"https:\/\/wp.ufpel.edu.br\/brincando\/wp-json\/wp\/v2\/types\/page"}],"author":[{"embeddable":true,"href":"https:\/\/wp.ufpel.edu.br\/brincando\/wp-json\/wp\/v2\/users\/949"}],"replies":[{"embeddable":true,"href":"https:\/\/wp.ufpel.edu.br\/brincando\/wp-json\/wp\/v2\/comments?post=54"}],"version-history":[{"count":4,"href":"https:\/\/wp.ufpel.edu.br\/brincando\/wp-json\/wp\/v2\/pages\/54\/revisions"}],"predecessor-version":[{"id":190,"href":"https:\/\/wp.ufpel.edu.br\/brincando\/wp-json\/wp\/v2\/pages\/54\/revisions\/190"}],"up":[{"embeddable":true,"href":"https:\/\/wp.ufpel.edu.br\/brincando\/wp-json\/wp\/v2\/pages\/51"}],"wp:attachment":[{"href":"https:\/\/wp.ufpel.edu.br\/brincando\/wp-json\/wp\/v2\/media?parent=54"}],"curies":[{"name":"wp","href":"https:\/\/api.w.org\/{rel}","templated":true}]}}