{"id":20,"date":"2020-08-27T23:41:48","date_gmt":"2020-08-28T02:41:48","guid":{"rendered":"https:\/\/wp.ufpel.edu.br\/brincando\/?page_id=20"},"modified":"2020-09-24T10:11:27","modified_gmt":"2020-09-24T13:11:27","slug":"oficina-construindo-novos-espacos-atraves-do-jogo","status":"publish","type":"page","link":"https:\/\/wp.ufpel.edu.br\/brincando\/oficina-construindo-novos-espacos-atraves-do-jogo\/","title":{"rendered":"A\u00e7\u00e3o de 2020"},"content":{"rendered":"<p><img class=\"size-medium wp-image-118 aligncenter\" src=\"https:\/\/wp.ufpel.edu.br\/brincando\/files\/2020\/08\/fundosite-1-400x91.png\" alt=\"\" width=\"400\" height=\"91\" srcset=\"https:\/\/wp.ufpel.edu.br\/brincando\/files\/2020\/08\/fundosite-1-400x91.png 400w, https:\/\/wp.ufpel.edu.br\/brincando\/files\/2020\/08\/fundosite-1-768x174.png 768w, https:\/\/wp.ufpel.edu.br\/brincando\/files\/2020\/08\/fundosite-1.png 888w\" sizes=\"(max-width: 400px) 100vw, 400px\" \/><\/p>\n<p><img class=\"size-medium wp-image-140 aligncenter\" src=\"https:\/\/wp.ufpel.edu.br\/brincando\/files\/2020\/08\/CONSTRUINDO-F-1-1-320x400.png\" alt=\"\" width=\"320\" height=\"400\" srcset=\"https:\/\/wp.ufpel.edu.br\/brincando\/files\/2020\/08\/CONSTRUINDO-F-1-1-320x400.png 320w, https:\/\/wp.ufpel.edu.br\/brincando\/files\/2020\/08\/CONSTRUINDO-F-1-1-768x960.png 768w, https:\/\/wp.ufpel.edu.br\/brincando\/files\/2020\/08\/CONSTRUINDO-F-1-1.png 800w\" sizes=\"(max-width: 320px) 100vw, 320px\" \/><\/p>\n<p><em>Construindo novos espa\u00e7os atrav\u00e9s do jogo <\/em>\u00e9 uma a\u00e7\u00e3o do projeto de extens\u00e3o <em>Brincando de faz-de-conta. <\/em>Tem como objetivo instrumentalizar professores j\u00e1 atuantes na rede quanto \u00e0 pr\u00e1tica de jogos tradicionais e teatrais para fins pedag\u00f3gicos e l\u00fadicos. Ministrada de forma online, possui 20 vagas e oferece certificado de 20 horas de atividades aos participantes.<\/p>\n<p>A oficina ser\u00e1 ministrada pela discente bolsista do projeto <em>Brincando de faz-de-conta,<\/em> Cl\u00e1udia Gigante, e ter\u00e1 a orienta\u00e7\u00e3o da professora Marina de Oliveira. Ser\u00e1 realizada de forma s\u00edncrona no per\u00edodo de 15 de setembro a 13 de outubro de 2020, \u00e0s ter\u00e7as-feiras das 19h \u00e0s 21h via sala no Google Meet, e disponibilizar\u00e1 material ass\u00edncrono compartilhado por Google Drive com os participantes.<\/p>\n<p>As inscri\u00e7\u00f5es podem ser feitas do dia 4 a 11 de setembro atrav\u00e9s do e-mail <a href=\"mailto:claudialgigante@gmail.com\">claudialgigante@gmail.com<\/a> e devem conter: nome, local e \u00e1rea de atua\u00e7\u00e3o.<\/p>\n<p>Os participantes receber\u00e3o confirma\u00e7\u00e3o de inscri\u00e7\u00e3o e instru\u00e7\u00f5es para a utiliza\u00e7\u00e3o das plataformas Google j\u00e1 citadas at\u00e9 a segunda-feira, dia 14\/09, em seu e-mail.<\/p>\n<p>&nbsp;<\/p>\n","protected":false},"excerpt":{"rendered":"<p>Construindo novos espa\u00e7os atrav\u00e9s do jogo \u00e9 uma a\u00e7\u00e3o do projeto de extens\u00e3o Brincando de faz-de-conta. Tem como objetivo instrumentalizar professores j\u00e1 atuantes na rede quanto \u00e0 pr\u00e1tica de jogos tradicionais e teatrais para fins pedag\u00f3gicos e l\u00fadicos. Ministrada de forma online, possui 20 vagas e oferece certificado de 20 horas de atividades aos participantes. [&hellip;]<\/p>\n","protected":false},"author":949,"featured_media":0,"parent":0,"menu_order":4,"comment_status":"closed","ping_status":"closed","template":"","meta":{"footnotes":""},"class_list":["post-20","page","type-page","status-publish","hentry"],"_links":{"self":[{"href":"https:\/\/wp.ufpel.edu.br\/brincando\/wp-json\/wp\/v2\/pages\/20","targetHints":{"allow":["GET"]}}],"collection":[{"href":"https:\/\/wp.ufpel.edu.br\/brincando\/wp-json\/wp\/v2\/pages"}],"about":[{"href":"https:\/\/wp.ufpel.edu.br\/brincando\/wp-json\/wp\/v2\/types\/page"}],"author":[{"embeddable":true,"href":"https:\/\/wp.ufpel.edu.br\/brincando\/wp-json\/wp\/v2\/users\/949"}],"replies":[{"embeddable":true,"href":"https:\/\/wp.ufpel.edu.br\/brincando\/wp-json\/wp\/v2\/comments?post=20"}],"version-history":[{"count":11,"href":"https:\/\/wp.ufpel.edu.br\/brincando\/wp-json\/wp\/v2\/pages\/20\/revisions"}],"predecessor-version":[{"id":198,"href":"https:\/\/wp.ufpel.edu.br\/brincando\/wp-json\/wp\/v2\/pages\/20\/revisions\/198"}],"wp:attachment":[{"href":"https:\/\/wp.ufpel.edu.br\/brincando\/wp-json\/wp\/v2\/media?parent=20"}],"curies":[{"name":"wp","href":"https:\/\/api.w.org\/{rel}","templated":true}]}}