{"id":191,"date":"2020-09-24T10:02:59","date_gmt":"2020-09-24T13:02:59","guid":{"rendered":"https:\/\/wp.ufpel.edu.br\/brincando\/?page_id=191"},"modified":"2020-09-24T10:09:01","modified_gmt":"2020-09-24T13:09:01","slug":"fala-ciclo-de-conversas-extensao-50-anos-ufpel","status":"publish","type":"page","link":"https:\/\/wp.ufpel.edu.br\/brincando\/videos\/fala-ciclo-de-conversas-extensao-50-anos-ufpel\/","title":{"rendered":"V\u00eddeo ciclo de conversas extens\u00e3o &#8211; 50 anos UFPel"},"content":{"rendered":"<p>Fala sobre o projeto de extens\u00e3o &#8220;Brincando de faz-de-conta&#8221;, coordenado pela professora Marina de Oliveira, do curso de Teatro da Universidade Federal de Pelotas, durante o Ciclo de Conversas sobre a Extens\u00e3o Universit\u00e1ria nos 50 anos da UFPel.<\/p>\n<p>&nbsp;<\/p>\n<p><iframe title=\"Brincando de faz de conta - Ciclo de conversas a Extens\u00e3o Universit\u00e1ria nos 50 anos da UFPel\" width=\"500\" height=\"281\" src=\"https:\/\/www.youtube.com\/embed\/muhFAabN6K0?feature=oembed\" frameborder=\"0\" allow=\"accelerometer; autoplay; clipboard-write; encrypted-media; gyroscope; picture-in-picture; web-share\" referrerpolicy=\"strict-origin-when-cross-origin\" allowfullscreen><\/iframe><\/p>\n","protected":false},"excerpt":{"rendered":"<p>Fala sobre o projeto de extens\u00e3o &#8220;Brincando de faz-de-conta&#8221;, coordenado pela professora Marina de Oliveira, do curso de Teatro da Universidade Federal de Pelotas, durante o Ciclo de Conversas sobre a Extens\u00e3o Universit\u00e1ria nos 50 anos da UFPel. &nbsp;<\/p>\n","protected":false},"author":949,"featured_media":0,"parent":195,"menu_order":2,"comment_status":"closed","ping_status":"closed","template":"","meta":{"footnotes":""},"class_list":["post-191","page","type-page","status-publish","hentry"],"_links":{"self":[{"href":"https:\/\/wp.ufpel.edu.br\/brincando\/wp-json\/wp\/v2\/pages\/191","targetHints":{"allow":["GET"]}}],"collection":[{"href":"https:\/\/wp.ufpel.edu.br\/brincando\/wp-json\/wp\/v2\/pages"}],"about":[{"href":"https:\/\/wp.ufpel.edu.br\/brincando\/wp-json\/wp\/v2\/types\/page"}],"author":[{"embeddable":true,"href":"https:\/\/wp.ufpel.edu.br\/brincando\/wp-json\/wp\/v2\/users\/949"}],"replies":[{"embeddable":true,"href":"https:\/\/wp.ufpel.edu.br\/brincando\/wp-json\/wp\/v2\/comments?post=191"}],"version-history":[{"count":2,"href":"https:\/\/wp.ufpel.edu.br\/brincando\/wp-json\/wp\/v2\/pages\/191\/revisions"}],"predecessor-version":[{"id":194,"href":"https:\/\/wp.ufpel.edu.br\/brincando\/wp-json\/wp\/v2\/pages\/191\/revisions\/194"}],"up":[{"embeddable":true,"href":"https:\/\/wp.ufpel.edu.br\/brincando\/wp-json\/wp\/v2\/pages\/195"}],"wp:attachment":[{"href":"https:\/\/wp.ufpel.edu.br\/brincando\/wp-json\/wp\/v2\/media?parent=191"}],"curies":[{"name":"wp","href":"https:\/\/api.w.org\/{rel}","templated":true}]}}