{"id":168,"date":"2020-09-04T00:18:59","date_gmt":"2020-09-04T03:18:59","guid":{"rendered":"https:\/\/wp.ufpel.edu.br\/brincando\/?page_id=168"},"modified":"2020-09-04T00:45:46","modified_gmt":"2020-09-04T03:45:46","slug":"tcc-wesley-frois-aragao-sobre-o-brincando","status":"publish","type":"page","link":"https:\/\/wp.ufpel.edu.br\/brincando\/textos-publicados\/2018-2\/tcc-wesley-frois-aragao-sobre-o-brincando\/","title":{"rendered":"TCC Wesley Fr\u00f3is Arag\u00e3o sobre o Brincando"},"content":{"rendered":"<p>Trabalho de Conclus\u00e3o de Curso de Wesley Fr\u00f3is Arag\u00e3o intitulado &#8220;Brincando de faz-de-conta: a f\u00e1bula como modelo de a\u00e7\u00e3o na encena\u00e7\u00e3o teatral positivando a identidade negra de crian\u00e7as&#8221;, sob a orienta\u00e7\u00e3o da professora Marina de Oliveira.<\/p>\n<p>Dispon\u00edvel em: <a href=\"http:\/\/wp.ufpel.edu.br\/teatro\/files\/2018\/12\/TCC-Wesley-vers%C3%A3o-CD.pdf\">http:\/\/wp.ufpel.edu.br\/teatro\/files\/2018\/12\/TCC-Wesley-vers%C3%A3o-CD.pdf<\/a><\/p>\n","protected":false},"excerpt":{"rendered":"<p>Trabalho de Conclus\u00e3o de Curso de Wesley Fr\u00f3is Arag\u00e3o intitulado &#8220;Brincando de faz-de-conta: a f\u00e1bula como modelo de a\u00e7\u00e3o na encena\u00e7\u00e3o teatral positivando a identidade negra de crian\u00e7as&#8221;, sob a orienta\u00e7\u00e3o da professora Marina de Oliveira. Dispon\u00edvel em: http:\/\/wp.ufpel.edu.br\/teatro\/files\/2018\/12\/TCC-Wesley-vers%C3%A3o-CD.pdf<\/p>\n","protected":false},"author":949,"featured_media":0,"parent":159,"menu_order":1,"comment_status":"closed","ping_status":"closed","template":"","meta":{"footnotes":""},"class_list":["post-168","page","type-page","status-publish","hentry"],"_links":{"self":[{"href":"https:\/\/wp.ufpel.edu.br\/brincando\/wp-json\/wp\/v2\/pages\/168","targetHints":{"allow":["GET"]}}],"collection":[{"href":"https:\/\/wp.ufpel.edu.br\/brincando\/wp-json\/wp\/v2\/pages"}],"about":[{"href":"https:\/\/wp.ufpel.edu.br\/brincando\/wp-json\/wp\/v2\/types\/page"}],"author":[{"embeddable":true,"href":"https:\/\/wp.ufpel.edu.br\/brincando\/wp-json\/wp\/v2\/users\/949"}],"replies":[{"embeddable":true,"href":"https:\/\/wp.ufpel.edu.br\/brincando\/wp-json\/wp\/v2\/comments?post=168"}],"version-history":[{"count":5,"href":"https:\/\/wp.ufpel.edu.br\/brincando\/wp-json\/wp\/v2\/pages\/168\/revisions"}],"predecessor-version":[{"id":186,"href":"https:\/\/wp.ufpel.edu.br\/brincando\/wp-json\/wp\/v2\/pages\/168\/revisions\/186"}],"up":[{"embeddable":true,"href":"https:\/\/wp.ufpel.edu.br\/brincando\/wp-json\/wp\/v2\/pages\/159"}],"wp:attachment":[{"href":"https:\/\/wp.ufpel.edu.br\/brincando\/wp-json\/wp\/v2\/media?parent=168"}],"curies":[{"name":"wp","href":"https:\/\/api.w.org\/{rel}","templated":true}]}}