{"id":96,"date":"2024-03-19T20:21:29","date_gmt":"2024-03-19T23:21:29","guid":{"rendered":"https:\/\/wp.ufpel.edu.br\/bricsdocs\/?page_id=96"},"modified":"2024-07-23T17:44:11","modified_gmt":"2024-07-23T20:44:11","slug":"2-cupula-do-bric-2010","status":"publish","type":"page","link":"https:\/\/wp.ufpel.edu.br\/bricsdocs\/documentos-do-brics\/2-cupula-do-bric-2010\/","title":{"rendered":"2\u00b0 C\u00fapula do BRICs (2010)"},"content":{"rendered":"\n<table id=\"tablepress-3\" class=\"tablepress tablepress-id-3\">\n<thead>\n<tr class=\"row-1\">\n\t<th class=\"column-1\"><strong>Tipo<\/strong><\/th><th class=\"column-2\"><strong>Nome<\/strong><\/th><th class=\"column-3\"><strong>Data<\/strong><\/th><th class=\"column-4\"><strong>Link (EN)<\/strong><\/th><th class=\"column-5\"><strong>Link (PT-BR)<\/strong><\/th><td class=\"column-6\"><\/td>\n<\/tr>\n<\/thead>\n<tbody class=\"row-striping row-hover\">\n<tr class=\"row-2\">\n\t<td class=\"column-1\">Meeting of BRIC Heads of State<\/td><td class=\"column-2\">2nd BRIC Summit of Heads of State and Government Joint Statement<\/td><td class=\"column-3\">4\/15\/2010<\/td><td class=\"column-4\"><a href=\"https:\/\/drive.google.com\/file\/d\/1HWfWIvclyrGypFodz-rTuesDOMr2PyK5\/view?usp=drive_link\" rel=\"noopener\" target=\"_blank\">Access<\/a><\/td><td class=\"column-5\">N\u00e3o encontrado.<\/td><td class=\"column-6\"><\/td>\n<\/tr>\n<tr class=\"row-3\">\n\t<td class=\"column-1\">Exchange Program for Magistrates and Judges<\/td><td class=\"column-2\">1st Exchange Program for Magistrates and Judges (Final Declaration)<\/td><td class=\"column-3\">4\/1\/2010<\/td><td class=\"column-4\"><a href=\"https:\/\/drive.google.com\/file\/d\/1_PgoqVNr_oJe5e5cTr03sTUig4zjD5E_\/view?usp=drive_link\" rel=\"noopener\" target=\"_blank\">Access<\/a><\/td><td class=\"column-5\">N\u00e3o encontrado.<\/td><td class=\"column-6\"><\/td>\n<\/tr>\n<tr class=\"row-4\">\n\t<td class=\"column-1\">BRIC Think Tank Seminar<\/td><td class=\"column-2\">BRIC Think Tank Seminar<\/td><td class=\"column-3\">4\/14\/2010<\/td><td class=\"column-4\"><a href=\"https:\/\/drive.google.com\/file\/d\/1JW0mLj1q8xp5BJCQPYY2N50j-X2Rh1tx\/view?usp=drive_link\" rel=\"noopener\" target=\"_blank\">Access<\/a><\/td><td class=\"column-5\">N\u00e3o encontrado.<\/td><td class=\"column-6\"><\/td>\n<\/tr>\n<tr class=\"row-5\">\n\t<td class=\"column-1\">Meeting of Agriculture Ministers<\/td><td class=\"column-2\">Agriculture Ministers Declaration<\/td><td class=\"column-3\">3\/26\/2010<\/td><td class=\"column-4\"><a href=\"https:\/\/drive.google.com\/file\/d\/1fgEGiof4pxSv1qXNrumEK_YAIlmP19WE\/view?usp=drive_link\" rel=\"noopener\" target=\"_blank\">Access<\/a><\/td><td class=\"column-5\">N\u00e3o encontrado.<\/td><td class=\"column-6\"><\/td>\n<\/tr>\n<tr class=\"row-6\">\n\t<td class=\"column-1\">Meeting of Agriculture Ministers and Agrarian Development<\/td><td class=\"column-2\">Moscow Declaration of BRIC Ministers of Agriculture and Agrarian Development<\/td><td class=\"column-3\">3\/26\/2010<\/td><td class=\"column-4\"><a href=\"https:\/\/drive.google.com\/file\/d\/15rSPuc0D8LGKyHgvNd40MnmRdtyvzxHO\/view?usp=drive_link\" rel=\"noopener\" target=\"_blank\">Access<\/a><\/td><td class=\"column-5\">N\u00e3o encontrado.<\/td><td class=\"column-6\"><\/td>\n<\/tr>\n<tr class=\"row-7\">\n\t<td class=\"column-1\">Meeting of BRIC Foreign Ministers<\/td><td class=\"column-2\">Meeting of BRIC Foreign Ministers<\/td><td class=\"column-3\">9\/21\/2010<\/td><td class=\"column-4\"><a href=\"https:\/\/drive.google.com\/file\/d\/1xDJ_JQwRieq8JJaTd4fMBMzlItrOXu20\/view?usp=drive_link\" rel=\"noopener\" target=\"_blank\">Access<\/a><\/td><td class=\"column-5\">N\u00e3o encontrado.<\/td><td class=\"column-6\"><\/td>\n<\/tr>\n<tr class=\"row-8\">\n\t<td class=\"column-1\">National Statistical Institutions<\/td><td class=\"column-2\">BRIC Joint Statistical Publication<\/td><td class=\"column-3\">1\/1\/2010<\/td><td class=\"column-4\"><a href=\"https:\/\/drive.google.com\/file\/d\/15xqu0QdlBssoem6sYKiMlj6rcswDC3bw\/view?usp=drive_link\" rel=\"noopener\" target=\"_blank\">Access<\/a><\/td><td class=\"column-5\">N\u00e3o encontrado.<\/td><td class=\"column-6\"><\/td>\n<\/tr>\n<tr class=\"row-9\">\n\t<td class=\"column-1\">Meeting of Ministers of Finance and Governors of Central Banks<\/td><td class=\"column-2\">Meetings of Ministers of Finance and Governors of Central Banks<\/td><td class=\"column-3\">-<\/td><td class=\"column-4\">Not found.<\/td><td class=\"column-5\">N\u00e3o encontrado.<\/td><td class=\"column-6\"><\/td>\n<\/tr>\n<tr class=\"row-10\">\n\t<td class=\"column-1\">Meeting of High Representatives for Security Issues<\/td><td class=\"column-2\">2nd Meeting of High Representatives for Security Issues<\/td><td class=\"column-3\">-<\/td><td class=\"column-4\">Not found.<\/td><td class=\"column-5\">N\u00e3o encontrado.<\/td><td class=\"column-6\"><\/td>\n<\/tr>\n<tr class=\"row-11\">\n\t<td class=\"column-1\">Meeting of Development Banks Representatives<\/td><td class=\"column-2\">Meeting of Development Banks Representatives<\/td><td class=\"column-3\">-<\/td><td class=\"column-4\">Not found.<\/td><td class=\"column-5\">N\u00e3o encontrado.<\/td><td class=\"column-6\"><\/td>\n<\/tr>\n<tr class=\"row-12\">\n\t<td class=\"column-1\"> Meeting of BRIC Heads of Statistical Institutes<\/td><td class=\"column-2\">1st Meeting of BRIC Heads of Statistical Institutes<\/td><td class=\"column-3\">-<\/td><td class=\"column-4\">Not found.<\/td><td class=\"column-5\">N\u00e3o encontrado.<\/td><td class=\"column-6\"><\/td>\n<\/tr>\n<tr class=\"row-13\">\n\t<td class=\"column-1\">Meeting of Competition Authorities<\/td><td class=\"column-2\">Conference of Competition Authorities<\/td><td class=\"column-3\">-<\/td><td class=\"column-4\">Not found.<\/td><td class=\"column-5\">N\u00e3o encontrado.<\/td><td class=\"column-6\"><\/td>\n<\/tr>\n<tr class=\"row-14\">\n\t<td class=\"column-1\">Meeting of Cooperatives<\/td><td class=\"column-2\">Meeting of Cooperatives<\/td><td class=\"column-3\">-<\/td><td class=\"column-4\">Not found.<\/td><td class=\"column-5\">N\u00e3o encontrado.<\/td><td class=\"column-6\"><\/td>\n<\/tr>\n<tr class=\"row-15\">\n\t<td class=\"column-1\">Business Forum<\/td><td class=\"column-2\">1st Business Forum<\/td><td class=\"column-3\">-<\/td><td class=\"column-4\">Not found.<\/td><td class=\"column-5\">N\u00e3o encontrado.<\/td><td class=\"column-6\"><\/td>\n<\/tr>\n<tr class=\"row-16\">\n\t<td class=\"column-1\">Meeting of Financial Sherpas<\/td><td class=\"column-2\">Meeting of BRIC Financial Sherpas in parallel to the G-20<\/td><td class=\"column-3\">-<\/td><td class=\"column-4\">Not found.<\/td><td class=\"column-5\">N\u00e3o encontrado.<\/td><td class=\"column-6\"><\/td>\n<\/tr>\n<tr class=\"row-17\">\n\t<td class=\"column-1\">Sherpas Meeting<\/td><td class=\"column-2\">BRIC Sherpas Meeting<\/td><td class=\"column-3\">-<\/td><td class=\"column-4\">Not found.<\/td><td class=\"column-5\">N\u00e3o encontrado.<\/td><td class=\"column-6\"><\/td>\n<\/tr>\n<tr class=\"row-18\">\n\t<td class=\"column-1\">BRIC + IBSA Business Forum<\/td><td class=\"column-2\">BRIC + IBSA Business Forum<\/td><td class=\"column-3\">-<\/td><td class=\"column-4\">Not found.<\/td><td class=\"column-5\">N\u00e3o encontrado.<\/td><td class=\"column-6\"><\/td>\n<\/tr>\n<tr class=\"row-19\">\n\t<td class=\"column-1\">BRIC Think Tank Seminar<\/td><td class=\"column-2\">C\u00fapula BRIC Think Tanks: o papel dos BRIC na transforma\u00e7\u00e3o global no p\u00f3s-crise<\/td><td class=\"column-3\">4\/14\/2010<\/td><td class=\"column-4\">Not found.<\/td><td class=\"column-5\"><a href=\"https:\/\/drive.google.com\/file\/d\/1Ad4_T2wWllP2ixIMmSzqC_d0kP3siKGp\/view?usp=drive_link\" rel=\"noopener\" target=\"_blank\">Acesso<\/a><\/td><td class=\"column-6\"><span style=\"color:#467886;\"><u><\/u><\/span><\/td>\n<\/tr>\n<\/tbody>\n<\/table>\n<!-- #tablepress-3 from cache -->\n","protected":false},"excerpt":{"rendered":"","protected":false},"author":1351,"featured_media":0,"parent":2,"menu_order":0,"comment_status":"closed","ping_status":"closed","template":"template-onecolumn.php","meta":{"footnotes":""},"class_list":["post-96","page","type-page","status-publish","hentry","nodate","item-wrap"],"jetpack_sharing_enabled":true,"_links":{"self":[{"href":"https:\/\/wp.ufpel.edu.br\/bricsdocs\/wp-json\/wp\/v2\/pages\/96","targetHints":{"allow":["GET"]}}],"collection":[{"href":"https:\/\/wp.ufpel.edu.br\/bricsdocs\/wp-json\/wp\/v2\/pages"}],"about":[{"href":"https:\/\/wp.ufpel.edu.br\/bricsdocs\/wp-json\/wp\/v2\/types\/page"}],"author":[{"embeddable":true,"href":"https:\/\/wp.ufpel.edu.br\/bricsdocs\/wp-json\/wp\/v2\/users\/1351"}],"replies":[{"embeddable":true,"href":"https:\/\/wp.ufpel.edu.br\/bricsdocs\/wp-json\/wp\/v2\/comments?post=96"}],"version-history":[{"count":3,"href":"https:\/\/wp.ufpel.edu.br\/bricsdocs\/wp-json\/wp\/v2\/pages\/96\/revisions"}],"predecessor-version":[{"id":213,"href":"https:\/\/wp.ufpel.edu.br\/bricsdocs\/wp-json\/wp\/v2\/pages\/96\/revisions\/213"}],"up":[{"embeddable":true,"href":"https:\/\/wp.ufpel.edu.br\/bricsdocs\/wp-json\/wp\/v2\/pages\/2"}],"wp:attachment":[{"href":"https:\/\/wp.ufpel.edu.br\/bricsdocs\/wp-json\/wp\/v2\/media?parent=96"}],"curies":[{"name":"wp","href":"https:\/\/api.w.org\/{rel}","templated":true}]}}