{"id":450,"date":"2025-07-03T16:36:17","date_gmt":"2025-07-03T19:36:17","guid":{"rendered":"https:\/\/wp.ufpel.edu.br\/bricsdocs\/?page_id=450"},"modified":"2025-07-03T17:00:17","modified_gmt":"2025-07-03T20:00:17","slug":"450-2","status":"publish","type":"page","link":"https:\/\/wp.ufpel.edu.br\/bricsdocs\/documentos-do-brics\/450-2\/","title":{"rendered":"17\u00ba C\u00fapula do BRICS (2025)"},"content":{"rendered":"\n<table id=\"tablepress-23\" class=\"tablepress tablepress-id-23\">\n<thead>\n<tr class=\"row-1\">\n\t<th class=\"column-1\"><strong>Tipo<\/strong><\/th><th class=\"column-2\"><strong>Nome<\/strong><\/th><th class=\"column-3\"><strong>Data<\/strong><br \/>\n<\/th><th class=\"column-4\"><strong>Link (EN) <\/strong><\/th><th class=\"column-5\"><strong>Link (PT-BR)<\/strong><\/th>\n<\/tr>\n<\/thead>\n<tbody class=\"row-striping row-hover\">\n<tr class=\"row-2\">\n\t<td class=\"column-1\">Meeting of BRICS Environment Ministers and High Authorities<br \/>\n<\/td><td class=\"column-2\">JOINT STATEMENT OF THE 11TH BRICS ENVIRONMENT MINISTERS MEETING<\/td><td class=\"column-3\">03\/04\/2025<br \/>\n<\/td><td class=\"column-4\"><a href=\"https:\/\/drive.google.com\/file\/d\/1dqE-qdQ6ZKPq1po8qcgYfJ_Hp17Bwfgs\/view?usp=sharing\">Access<\/a><\/td><td class=\"column-5\">N\u00e3o encontrado.<\/td>\n<\/tr>\n<tr class=\"row-3\">\n\t<td class=\"column-1\">Meetings of the BRICS National Standards Bodies during the Brazilian presidency<br \/>\n<\/td><td class=\"column-2\">Issue Note on Meetings of the BRICS National Standards Bodies during the Brazilian presidency<br \/>\n<\/td><td class=\"column-3\">10\/04\/2025<br \/>\n<\/td><td class=\"column-4\"><a href=\"https:\/\/drive.google.com\/file\/d\/1iLYZFHWTaD5jlj43zcDhDRZ3dfjdLpl5\/view?usp=sharing\">Access<\/a><\/td><td class=\"column-5\">N\u00e3o encontrado.<\/td>\n<\/tr>\n<tr class=\"row-4\">\n\t<td class=\"column-1\">Meeting of BRICS Ministers of Agriculture, Agrarian Development and Family Farming, and Fisheries and Aquaculture<br \/>\n<\/td><td class=\"column-2\">JOINT DECLARATION OF THE 15th MEETING OF BRICS MINISTERS OF AGRICULTURE<br \/>\n<\/td><td class=\"column-3\">17\/04\/2025<\/td><td class=\"column-4\"><a href=\"https:\/\/drive.google.com\/file\/d\/1TcLF3mM2ieQ6yRgUDhjj8aQeGrheiP1K\/view?usp=sharing\">Access<\/a><\/td><td class=\"column-5\">N\u00e3o encontrado.<\/td>\n<\/tr>\n<tr class=\"row-5\">\n\t<td class=\"column-1\">Reuni\u00e3o dos Ministros do Trabalho e Emprego dos BRICS<br \/>\n<\/td><td class=\"column-2\">DECLARA\u00c7\u00c3O DA D\u00c9CIMA PRIMEIRA REUNI\u00c3O DOS MINISTROS DO TRABALHO E EMPREGO DOS BRICS<br \/>\n<\/td><td class=\"column-3\">25\/04\/2025<\/td><td class=\"column-4\">Not Found. <\/td><td class=\"column-5\"><a href=\"https:\/\/drive.google.com\/file\/d\/1lGhmCmQkBJOSQIiP1MzWTAevHuUKnKRt\/view?usp=sharing\">Acesso<\/a><\/td>\n<\/tr>\n<tr class=\"row-6\">\n\t<td class=\"column-1\">Reuni\u00e3o dos Ministros de Rela\u00e7\u00f5es Exteriores<br \/>\n<\/td><td class=\"column-2\">Declara\u00e7\u00e3o da Presid\u00eancia da Reuni\u00e3o de Ministros das Rela\u00e7\u00f5es Exteriores\/Rela\u00e7\u00f5es Internacionais dos Pa\u00edses Membros do BRICS*<br \/>\n<\/td><td class=\"column-3\">28-29\/04\/2025<\/td><td class=\"column-4\">Not Found.<\/td><td class=\"column-5\"><a href=\"https:\/\/drive.google.com\/file\/d\/1Zd69SFiL3Skv55MCoUQ-q164wNNFyFYn\/view?usp=sharing\">Acesso<\/a><\/td>\n<\/tr>\n<tr class=\"row-7\">\n\t<td class=\"column-1\">Meeting of Communication Ministers<br \/>\n<\/td><td class=\"column-2\">Declaration of the 11th BRICS Communications Ministers Meeting<br \/>\n<\/td><td class=\"column-3\">02\/05\/2025<\/td><td class=\"column-4\"><a href=\"https:\/\/drive.google.com\/file\/d\/1atO5fFDqicErZmDpkpBhXLeYGvbZcql0\/view?usp=sharing\">Access<\/a><\/td><td class=\"column-5\">N\u00e3o encontrado.<\/td>\n<\/tr>\n<tr class=\"row-8\">\n\t<td class=\"column-1\">Meeting of Energy and Heads of Delegation <br \/>\n<\/td><td class=\"column-2\">10th Energy Ministers Meeting - Joint Communiqu\u00e9<br \/>\n<\/td><td class=\"column-3\">19\/05\/2025<\/td><td class=\"column-4\"><a href=\"https:\/\/drive.google.com\/file\/d\/1gmUVMpy5NbnE5k29Ik7xRWu9CC3p4fxA\/view?usp=sharing\">Access<\/a><\/td><td class=\"column-5\">N\u00e3o encontrado.<\/td>\n<\/tr>\n<tr class=\"row-9\">\n\t<td class=\"column-1\">Meeting of the BRICS Industry Ministers<br \/>\n<\/td><td class=\"column-2\">Joint Declaration - The Ninth Meeting of the BRICS Industry Ministers<br \/>\n<\/td><td class=\"column-3\">21\/05\/2025<\/td><td class=\"column-4\"><a href=\"https:\/\/drive.google.com\/file\/d\/1XPSASHeH2cYjJe3v-p99azX2LIGLTFLO\/view?usp=sharing\">Access<\/a><\/td><td class=\"column-5\">N\u00e3o encontrado.<\/td>\n<\/tr>\n<tr class=\"row-10\">\n\t<td class=\"column-1\">Meeting of Trade Ministers<br \/>\n<\/td><td class=\"column-2\">JOINT DECLARATION OF THE 15th BRICS TRADE MINISTERS MEETING<br \/>\n<\/td><td class=\"column-3\">21\/05\/2025<\/td><td class=\"column-4\"><a href=\"https:\/\/drive.google.com\/file\/d\/1KtxcRDarT7J_nucHMziwTbuo3CA9fL0R\/view?usp=sharing\">Access<\/a><\/td><td class=\"column-5\">N\u00e3o encontrado.<\/td>\n<\/tr>\n<tr class=\"row-11\">\n\t<td class=\"column-1\">Meeting of BRICS High-Level Officials on Climate Change and Sustainable Development<br \/>\n<\/td><td class=\"column-2\">JOINT DECLARATION OF THE III BRICS HIGH-LEVEL MEETING ON CLIMATE CHANGE AND SUSTAINABLE DEVELOPMENT<br \/>\n<\/td><td class=\"column-3\">28\/05\/2025<\/td><td class=\"column-4\"><a href=\"https:\/\/drive.google.com\/file\/d\/1l2iStqascM5GxKwbxRgXwYdSQ9_8B4FM\/view?usp=sharing\">Access<\/a><\/td><td class=\"column-5\">N\u00e3o encontrado.<\/td>\n<\/tr>\n<tr class=\"row-12\">\n\t<td class=\"column-1\">Reuni\u00e3o dos Ministros de Educa\u00e7\u00e3o<br \/>\n<\/td><td class=\"column-2\">JOINT DECLARATION OF THE 12TH MEETING OF THE BRICS MINISTERS OF EDUCATION<br \/>\n<\/td><td class=\"column-3\">05\/06\/2025<\/td><td class=\"column-4\"><a href=\"https:\/\/drive.google.com\/file\/d\/1vrNJegXSdKQdmzvPFRnOHij57LTA2JVj\/view?usp=sharing\">Access<\/a><\/td><td class=\"column-5\">N\u00e3o encontrado.<\/td>\n<\/tr>\n<tr class=\"row-13\">\n\t<td class=\"column-1\">BRICS TVET Cooperation Alliance<br \/>\n<\/td><td class=\"column-2\">BRICS TVET Cooperation Alliance CHARTER<br \/>\n<\/td><td class=\"column-3\">05\/06\/2025<\/td><td class=\"column-4\"><a href=\"https:\/\/drive.google.com\/file\/d\/1941UXJHcz--GC-aCkeYPlayL2VvWULFH\/view?usp=sharing\">Access<\/a><\/td><td class=\"column-5\">N\u00e3o encontrado.<\/td>\n<\/tr>\n<tr class=\"row-14\">\n\t<td class=\"column-1\"><\/td><td class=\"column-2\">PROTOCOL ON ACCESSION OF THE REPUBLIC OF INDONESIA TO THE MEMORANDUM OF UNDERSTANDING ON THE ESTABLISHMENT OF THE BRICS NETWORK UNIVERSITY<br \/>\n<\/td><td class=\"column-3\">05\/06\/2025<\/td><td class=\"column-4\"><a href=\"https:\/\/drive.google.com\/file\/d\/1HM9KUh2asLIUJlhneQoKYtPMf3Du7n8Q\/view?usp=sharing\">Access<\/a><\/td><td class=\"column-5\">N\u00e3o encontrado.<\/td>\n<\/tr>\n<tr class=\"row-15\">\n\t<td class=\"column-1\">Meeting of the BRICS Heads of Prosecution Services<br \/>\n<\/td><td class=\"column-2\">Issue Note on 7th Meeting of BRICS Heads of Prosecution Services<br \/>\n<\/td><td class=\"column-3\">16\/09\/2025<\/td><td class=\"column-4\"><a href=\"https:\/\/drive.google.com\/file\/d\/1hWvpH1QUeVTJlR3GKzzNkaubpaC0PI7X\/view?usp=sharing\"><\/a><\/td><td class=\"column-5\">N\u00e3o encontrado.<\/td>\n<\/tr>\n<tr class=\"row-16\">\n\t<td class=\"column-1\"><\/td><td class=\"column-2\"><\/td><td class=\"column-3\"><\/td><td class=\"column-4\"><\/td><td class=\"column-5\"><\/td>\n<\/tr>\n<tr class=\"row-17\">\n\t<td class=\"column-1\"><\/td><td class=\"column-2\"><\/td><td class=\"column-3\"><\/td><td class=\"column-4\"><\/td><td class=\"column-5\"><\/td>\n<\/tr>\n<tr class=\"row-18\">\n\t<td class=\"column-1\"><\/td><td class=\"column-2\"><\/td><td class=\"column-3\"><\/td><td class=\"column-4\"><\/td><td class=\"column-5\"><\/td>\n<\/tr>\n<tr class=\"row-19\">\n\t<td class=\"column-1\"><\/td><td class=\"column-2\"><\/td><td class=\"column-3\"><\/td><td class=\"column-4\"><\/td><td class=\"column-5\"><\/td>\n<\/tr>\n<tr class=\"row-20\">\n\t<td class=\"column-1\"><\/td><td class=\"column-2\"><\/td><td class=\"column-3\"><\/td><td class=\"column-4\"><\/td><td class=\"column-5\"><\/td>\n<\/tr>\n<\/tbody>\n<\/table>\n\n","protected":false},"excerpt":{"rendered":"","protected":false},"author":1351,"featured_media":0,"parent":2,"menu_order":0,"comment_status":"closed","ping_status":"closed","template":"template-onecolumn.php","meta":{"footnotes":""},"class_list":["post-450","page","type-page","status-publish","hentry","nodate","item-wrap"],"jetpack_sharing_enabled":true,"_links":{"self":[{"href":"https:\/\/wp.ufpel.edu.br\/bricsdocs\/wp-json\/wp\/v2\/pages\/450","targetHints":{"allow":["GET"]}}],"collection":[{"href":"https:\/\/wp.ufpel.edu.br\/bricsdocs\/wp-json\/wp\/v2\/pages"}],"about":[{"href":"https:\/\/wp.ufpel.edu.br\/bricsdocs\/wp-json\/wp\/v2\/types\/page"}],"author":[{"embeddable":true,"href":"https:\/\/wp.ufpel.edu.br\/bricsdocs\/wp-json\/wp\/v2\/users\/1351"}],"replies":[{"embeddable":true,"href":"https:\/\/wp.ufpel.edu.br\/bricsdocs\/wp-json\/wp\/v2\/comments?post=450"}],"version-history":[{"count":3,"href":"https:\/\/wp.ufpel.edu.br\/bricsdocs\/wp-json\/wp\/v2\/pages\/450\/revisions"}],"predecessor-version":[{"id":455,"href":"https:\/\/wp.ufpel.edu.br\/bricsdocs\/wp-json\/wp\/v2\/pages\/450\/revisions\/455"}],"up":[{"embeddable":true,"href":"https:\/\/wp.ufpel.edu.br\/bricsdocs\/wp-json\/wp\/v2\/pages\/2"}],"wp:attachment":[{"href":"https:\/\/wp.ufpel.edu.br\/bricsdocs\/wp-json\/wp\/v2\/media?parent=450"}],"curies":[{"name":"wp","href":"https:\/\/api.w.org\/{rel}","templated":true}]}}