{"id":390,"date":"2024-08-05T21:22:03","date_gmt":"2024-08-06T00:22:03","guid":{"rendered":"https:\/\/wp.ufpel.edu.br\/bricsdocs\/?page_id=390"},"modified":"2024-08-14T10:42:36","modified_gmt":"2024-08-14T13:42:36","slug":"creditos","status":"publish","type":"page","link":"https:\/\/wp.ufpel.edu.br\/bricsdocs\/creditos\/","title":{"rendered":"Cr\u00e9ditos"},"content":{"rendered":"<p>Nessa p\u00e1gina est\u00e3o listados os diversos recursos utilizados para a realiza\u00e7\u00e3o do website como um todo, sendo distribu\u00eddos os devidos cr\u00e9ditos.<\/p>\n<p>Muitos documentos disponibilizados nos sites foram retirados de sites oficias das presid\u00eancias do BRICS:<\/p>\n<p>1\u00b0 C\u00fapula, Russia, 2009 &#8211; N\u00e3o encontrado.<\/p>\n<p>2\u00b0 C\u00fapula, Brasil, 2010 &#8211; N\u00e3o encontrado.<\/p>\n<p>3\u00b0 C\u00fapula, China, 2011 &#8211; N\u00e3o encontrado.<\/p>\n<p>4\u00b0 C\u00fapula, \u00cdndia, 2012 &#8211; <a href=\"http:\/\/www.bricsindia.in\/index.html\">http:\/\/www.bricsindia.in\/index.html<\/a><\/p>\n<p>5\u00b0 C\u00fapula, \u00c1frica do Sul, 2013 &#8211; <a href=\"http:\/\/www.brics5.co.za\/\">http:\/\/www.brics5.co.za\/<\/a><\/p>\n<p>6\u00b0 C\u00fapula, Brasil, 2014 &#8211; <a href=\"http:\/\/brics6.itamaraty.gov.br\/\">http:\/\/brics6.itamaraty.gov.br\/<\/a><\/p>\n<p>7\u00b0 C\u00fapula, Russia, 2015 &#8211; <a href=\"http:\/\/en.brics2015.ru\">http:\/\/en.brics2015.ru<\/a><\/p>\n<p>8\u00b0 C\u00fapula, \u00cdndia, 2016 &#8211; <a href=\"http:\/\/brics2016.gov.in\/\">http:\/\/brics2016.gov.in\/<\/a><\/p>\n<p>9\u00b0 C\u00fapula, China, 2017 &#8211; <a href=\"https:\/\/www.brics2017.org\/English\/\">https:\/\/www.brics2017.org\/English\/<\/a><\/p>\n<p>10\u00b0 C\u00fapula, \u00c1frica do Sul, 2018 &#8211; <a href=\"https:\/\/www.brics2018.org.za\/\">https:\/\/www.brics2018.org.za\/<\/a><\/p>\n<p>11\u00b0 C\u00fapula, Brasil, 2019 &#8211; <a href=\"http:\/\/brics2019.itamaraty.gov.br\/\">http:\/\/brics2019.itamaraty.gov.br\/<\/a><\/p>\n<p>12\u00b0 C\u00fapula, Russia, 2020 &#8211; <a href=\"https:\/\/eng.brics-russia2020.ru\/\">https:\/\/eng.brics-russia2020.ru\/<\/a><\/p>\n<p>13\u00b0 C\u00fapula, \u00cdndia, 2021 &#8211; <a href=\"https:\/\/brics2021.gov.in\/\">https:\/\/brics2021.gov.in\/<\/a><\/p>\n<p>14\u00b0 C\u00fapula, China, 2022 &#8211; <a href=\"http:\/\/brics2022.mfa.gov.cn\/eng\/\">http:\/\/brics2022.mfa.gov.cn\/eng\/<\/a><\/p>\n<p>15\u00b0 C\u00fapula, \u00c1frica do Sul, 2023 &#8211; <a href=\"https:\/\/brics2023.gov.za\/\">https:\/\/brics2023.gov.za\/<\/a><\/p>\n<p>16\u00b0 C\u00fapula, R\u00fassia, 2024 &#8211; <a href=\"https:\/\/brics-russia2024.ru\/en\/\">https:\/\/brics-russia2024.ru\/en\/<\/a><\/p>\n<p>Para acesso desses sites, muitos os quais est\u00e3o fora do ar, foi atulizado o site <a href=\"https:\/\/web.archive.org\/\">Web Arquive<\/a>, que disponibiliza vers\u00f5es antigas de links da internet de forma gratuita e de livre acesso.<\/p>\n<p>Tamb\u00e9m foram utilizados materiais gr\u00e1ficos, para composi\u00e7\u00e3o da capa, provenientes do site: https:\/\/www.flaticon.com\/br\/ por Freepik &#8211; Flaticon<\/p>\n","protected":false},"excerpt":{"rendered":"<p>Nessa p\u00e1gina est\u00e3o listados os diversos recursos utilizados para a realiza\u00e7\u00e3o do website como um todo, sendo distribu\u00eddos os devidos cr\u00e9ditos. Muitos documentos disponibilizados nos sites foram retirados de sites oficias das presid\u00eancias do BRICS: 1\u00b0 C\u00fapula, Russia, 2009 &#8211; N\u00e3o encontrado. 2\u00b0 C\u00fapula, Brasil, 2010 &#8211; N\u00e3o encontrado. 3\u00b0 C\u00fapula, China, 2011 &#8211; N\u00e3o &hellip; <\/p>\n<p><a class=\"more-link btn\" href=\"https:\/\/wp.ufpel.edu.br\/bricsdocs\/creditos\/\">Continue lendo<\/a><\/p>\n","protected":false},"author":1351,"featured_media":0,"parent":0,"menu_order":0,"comment_status":"closed","ping_status":"closed","template":"","meta":{"footnotes":""},"class_list":["post-390","page","type-page","status-publish","hentry","nodate","item-wrap"],"jetpack_sharing_enabled":true,"_links":{"self":[{"href":"https:\/\/wp.ufpel.edu.br\/bricsdocs\/wp-json\/wp\/v2\/pages\/390","targetHints":{"allow":["GET"]}}],"collection":[{"href":"https:\/\/wp.ufpel.edu.br\/bricsdocs\/wp-json\/wp\/v2\/pages"}],"about":[{"href":"https:\/\/wp.ufpel.edu.br\/bricsdocs\/wp-json\/wp\/v2\/types\/page"}],"author":[{"embeddable":true,"href":"https:\/\/wp.ufpel.edu.br\/bricsdocs\/wp-json\/wp\/v2\/users\/1351"}],"replies":[{"embeddable":true,"href":"https:\/\/wp.ufpel.edu.br\/bricsdocs\/wp-json\/wp\/v2\/comments?post=390"}],"version-history":[{"count":5,"href":"https:\/\/wp.ufpel.edu.br\/bricsdocs\/wp-json\/wp\/v2\/pages\/390\/revisions"}],"predecessor-version":[{"id":398,"href":"https:\/\/wp.ufpel.edu.br\/bricsdocs\/wp-json\/wp\/v2\/pages\/390\/revisions\/398"}],"wp:attachment":[{"href":"https:\/\/wp.ufpel.edu.br\/bricsdocs\/wp-json\/wp\/v2\/media?parent=390"}],"curies":[{"name":"wp","href":"https:\/\/api.w.org\/{rel}","templated":true}]}}