{"id":283,"date":"2024-04-03T17:15:20","date_gmt":"2024-04-03T20:15:20","guid":{"rendered":"https:\/\/wp.ufpel.edu.br\/bricsdocs\/?page_id=283"},"modified":"2024-04-03T19:15:26","modified_gmt":"2024-04-03T22:15:26","slug":"o-que-e-o-brics","status":"publish","type":"page","link":"https:\/\/wp.ufpel.edu.br\/bricsdocs\/o-que-e-o-brics\/","title":{"rendered":"O que \u00e9 o BRICS?"},"content":{"rendered":"<p style=\"text-align: justify;\">O BRICS &#8211; Brasil, R\u00fassia, \u00cdndia, China e \u00c1frica do Sul &#8211; \u00e9 um agrupamento de pa\u00edses do Sul Global que desde 2009 se reunem anualmente por meio de C\u00fapulas de Chefes de Estado e Governo. Em 2023 anunciaram o primeiro grande processo de expans\u00e3o com o convite a novos seis membros: Argentina, Ar\u00e1bia Saudita, Egito, Emirados \u00c1rabes Unidos, Eti\u00f3pia e Ir\u00e3.<\/p>\n<p style=\"text-align: justify;\">Apesar da baixa (ou nenhuma) formalidade, esses pa\u00edses foram capazes de criar o Novo Banco de Desenvolvimento (NDB) e o Arranjo Contingente de Reservas (CRA) em 2014 e tem adensado a intera\u00e7\u00f5es por meio de reuni\u00f5es tem\u00e1ticas e paralelas as C\u00fapulas num esfor\u00e7o coletivo de coopera\u00e7\u00e3o.<\/p>\n<p style=\"text-align: justify;\">O Grupo EPDI, idealizador do BRICS Docs, trabalha com a compreens\u00e3o de que &#8220;o BRICS \u00e9 um fen\u00f4meno din\u00e2mico e processual: din\u00e2mico porque se desenvolve de acordo com as percep\u00e7\u00f5es dos membros sobre o cen\u00e1rio mundial, sem estabelecer limita\u00e7\u00f5es nas estrat\u00e9gias e iniciativas de cada pa\u00eds membro; processual porque se desenvolve por meio de processos espec\u00edficos, nos quais os membros n\u00e3o apontam qualquer destino ou institucionaliza\u00e7\u00e3o a ser alcan\u00e7ada&#8221; (Daldegan, Carvalho, 2022, p.118).<\/p>\n<p style=\"text-align: justify;\">Esse argumento foi desenvolvido pelo prof William Daldegan, l\u00edder do Grupo EPDI, em conjunto com o prof Carlos Eduardo Carvalho (PUC SP). Por meio da an\u00e1lise dos documentos produzidos pelo BRICS os dois pesquisadores propuseram um modelo de an\u00e1lise e chegaram a conceitua\u00e7\u00e3o acima descrita.<\/p>\n<p style=\"text-align: justify;\">Para saber mais sobre o modelo e a tese defendida, recomendamos a leitura do texto: DALDEGAN, W.; CARVALHO, C. E. Brics as a Dynamic and in Process Phenomenon of Global Planning: . <b>Estudos Internacionais: revista de rela\u00e7\u00f5es internacionais da PUC Minas<\/b>, v. 10, n. 1, p. 117-147, 16 jul. 2022. Dispon\u00edvel em: <a href=\"https:\/\/periodicos.pucminas.br\/index.php\/estudosinternacionais\/article\/view\/25807\">https:\/\/periodicos.pucminas.br\/index.php\/estudosinternacionais\/article\/view\/25807<\/a><\/p>\n<p style=\"text-align: justify;\">\n<p>&nbsp;<\/p>\n","protected":false},"excerpt":{"rendered":"<p>O BRICS &#8211; Brasil, R\u00fassia, \u00cdndia, China e \u00c1frica do Sul &#8211; \u00e9 um agrupamento de pa\u00edses do Sul Global que desde 2009 se reunem anualmente por meio de C\u00fapulas de Chefes de Estado e Governo. Em 2023 anunciaram o primeiro grande processo de expans\u00e3o com o convite a novos seis membros: Argentina, Ar\u00e1bia Saudita, &hellip; <\/p>\n<p><a class=\"more-link btn\" href=\"https:\/\/wp.ufpel.edu.br\/bricsdocs\/o-que-e-o-brics\/\">Continue lendo<\/a><\/p>\n","protected":false},"author":1351,"featured_media":0,"parent":0,"menu_order":0,"comment_status":"closed","ping_status":"closed","template":"","meta":{"footnotes":""},"class_list":["post-283","page","type-page","status-publish","hentry","nodate","item-wrap"],"jetpack_sharing_enabled":true,"_links":{"self":[{"href":"https:\/\/wp.ufpel.edu.br\/bricsdocs\/wp-json\/wp\/v2\/pages\/283","targetHints":{"allow":["GET"]}}],"collection":[{"href":"https:\/\/wp.ufpel.edu.br\/bricsdocs\/wp-json\/wp\/v2\/pages"}],"about":[{"href":"https:\/\/wp.ufpel.edu.br\/bricsdocs\/wp-json\/wp\/v2\/types\/page"}],"author":[{"embeddable":true,"href":"https:\/\/wp.ufpel.edu.br\/bricsdocs\/wp-json\/wp\/v2\/users\/1351"}],"replies":[{"embeddable":true,"href":"https:\/\/wp.ufpel.edu.br\/bricsdocs\/wp-json\/wp\/v2\/comments?post=283"}],"version-history":[{"count":3,"href":"https:\/\/wp.ufpel.edu.br\/bricsdocs\/wp-json\/wp\/v2\/pages\/283\/revisions"}],"predecessor-version":[{"id":318,"href":"https:\/\/wp.ufpel.edu.br\/bricsdocs\/wp-json\/wp\/v2\/pages\/283\/revisions\/318"}],"wp:attachment":[{"href":"https:\/\/wp.ufpel.edu.br\/bricsdocs\/wp-json\/wp\/v2\/media?parent=283"}],"curies":[{"name":"wp","href":"https:\/\/api.w.org\/{rel}","templated":true}]}}