{"id":255,"date":"2024-03-25T20:44:30","date_gmt":"2024-03-25T23:44:30","guid":{"rendered":"https:\/\/wp.ufpel.edu.br\/bricsdocs\/?page_id=255"},"modified":"2024-04-03T19:03:05","modified_gmt":"2024-04-03T22:03:05","slug":"sobre-o-funcionamento-da-tabela","status":"publish","type":"page","link":"https:\/\/wp.ufpel.edu.br\/bricsdocs\/documentos-do-brics\/sobre-o-funcionamento-da-tabela\/","title":{"rendered":"Sobre o funcionamento da tabela"},"content":{"rendered":"<p style=\"text-align: justify;\">O modelo de exibi\u00e7\u00e3o para os documentos \u00e9 no formato de uma tabela digital.<\/p>\n<p style=\"text-align: justify;\">Assim, existem algumas fun\u00e7\u00f5es b\u00e1sicas que podem ajudar na busca pelos documentos.<\/p>\n<ul>\n<li style=\"text-align: justify;\">No canto superior esquerdo, logo abaixo ao t\u00edtulo, \u00e9 exibido um campo que define o n\u00famero de linhas que ser\u00e3o exibidos por p\u00e1gina da tabela.<\/li>\n<li>No canto superior direito, logo abaixo ao t\u00edtulo, \u00e9 exibido um campo de busca.<\/li>\n<li>A tebela possuiu uma op\u00e7\u00e3o de filtro. Clicando no cabe\u00e7alho da tabela \u00e9 poss\u00edvel ordena-la de acordo com as informa\u00e7\u00f5es dispon\u00edveis em determinada coluna. Por exemplo, \u00e9 poss\u00edvel ordenar a tabela com rela\u00e7\u00e3o a data de cada documento.<\/li>\n<li>As datas exibidas na tabela s\u00e3o o primeiro dia da reuni\u00e3o origin\u00e1ria do documento. Al\u00e9m disso, a data est\u00e1 no formato americano (m\u00eas\/dia\/ano), por ser padr\u00e3o da aplica\u00e7\u00e3o.<\/li>\n<li>Caso encontre alguma inconsist\u00eancia, tenha uma sugest\u00e3o ou duvida, por favor, entre em contato conosco pelo <a href=\"https:\/\/wp.ufpel.edu.br\/bricsdocs\/contato\/\">link<\/a>. Seu coment\u00e1rio \u00e9 importante para o constante aprimoramento do reposit\u00f3rio.<\/li>\n<\/ul>\n","protected":false},"excerpt":{"rendered":"<p>O modelo de exibi\u00e7\u00e3o para os documentos \u00e9 no formato de uma tabela digital. Assim, existem algumas fun\u00e7\u00f5es b\u00e1sicas que podem ajudar na busca pelos documentos. No canto superior esquerdo, logo abaixo ao t\u00edtulo, \u00e9 exibido um campo que define o n\u00famero de linhas que ser\u00e3o exibidos por p\u00e1gina da tabela. No canto superior direito, &hellip; <\/p>\n<p><a class=\"more-link btn\" href=\"https:\/\/wp.ufpel.edu.br\/bricsdocs\/documentos-do-brics\/sobre-o-funcionamento-da-tabela\/\">Continue lendo<\/a><\/p>\n","protected":false},"author":1351,"featured_media":0,"parent":2,"menu_order":0,"comment_status":"closed","ping_status":"closed","template":"","meta":{"footnotes":""},"class_list":["post-255","page","type-page","status-publish","hentry","nodate","item-wrap"],"jetpack_sharing_enabled":true,"_links":{"self":[{"href":"https:\/\/wp.ufpel.edu.br\/bricsdocs\/wp-json\/wp\/v2\/pages\/255","targetHints":{"allow":["GET"]}}],"collection":[{"href":"https:\/\/wp.ufpel.edu.br\/bricsdocs\/wp-json\/wp\/v2\/pages"}],"about":[{"href":"https:\/\/wp.ufpel.edu.br\/bricsdocs\/wp-json\/wp\/v2\/types\/page"}],"author":[{"embeddable":true,"href":"https:\/\/wp.ufpel.edu.br\/bricsdocs\/wp-json\/wp\/v2\/users\/1351"}],"replies":[{"embeddable":true,"href":"https:\/\/wp.ufpel.edu.br\/bricsdocs\/wp-json\/wp\/v2\/comments?post=255"}],"version-history":[{"count":5,"href":"https:\/\/wp.ufpel.edu.br\/bricsdocs\/wp-json\/wp\/v2\/pages\/255\/revisions"}],"predecessor-version":[{"id":317,"href":"https:\/\/wp.ufpel.edu.br\/bricsdocs\/wp-json\/wp\/v2\/pages\/255\/revisions\/317"}],"up":[{"embeddable":true,"href":"https:\/\/wp.ufpel.edu.br\/bricsdocs\/wp-json\/wp\/v2\/pages\/2"}],"wp:attachment":[{"href":"https:\/\/wp.ufpel.edu.br\/bricsdocs\/wp-json\/wp\/v2\/media?parent=255"}],"curies":[{"name":"wp","href":"https:\/\/api.w.org\/{rel}","templated":true}]}}