{"id":2,"date":"2024-02-23T08:51:14","date_gmt":"2024-02-23T11:51:14","guid":{"rendered":"https:\/\/wp.ufpel.edu.br\/bricsdocs\/?page_id=2"},"modified":"2025-07-03T17:01:36","modified_gmt":"2025-07-03T20:01:36","slug":"documentos-do-brics","status":"publish","type":"page","link":"https:\/\/wp.ufpel.edu.br\/bricsdocs\/documentos-do-brics\/","title":{"rendered":"Documentos"},"content":{"rendered":"\r\n<p>Aqui voc\u00ea encontra todos os documentos produzidos no \u00e2mbito do BRICS organizados por ano\/C\u00fapula.<\/p>\r\n<p>Para ter acesso aos documentos do ano\/C\u00fapula desejada, basta clicar no link abaixo ou navegar pelo menu superior &#8220;Documentos&#8221;. Voc\u00ea ter\u00e1 acesso a todos os documentos coletados pela equipe do BRICS Docs.<\/p>\r\n<p>Links de acesso:<\/p>\r\n<ul>\r\n<li><a href=\"https:\/\/wp.ufpel.edu.br\/bricsdocs\/documentos-do-brics\/cupula-formativa-dos-brics-2008\/\">Documentos das reuni\u00f5es de forma\u00e7\u00e3o (2008)<\/a><\/li>\r\n<li><a href=\"https:\/\/wp.ufpel.edu.br\/bricsdocs\/documentos-do-brics\/1-cupula-do-bric-2009\/\">Documentos da C\u00fapula de 2009<\/a><\/li>\r\n<li><a href=\"https:\/\/wp.ufpel.edu.br\/bricsdocs\/documentos-do-brics\/2-cupula-do-bric-2010\/\">Documentos da C\u00fapula de 2010<\/a><\/li>\r\n<li><a href=\"https:\/\/wp.ufpel.edu.br\/bricsdocs\/documentos-do-brics\/3-cupula-do-brics-2011\/\">Documentos da C\u00fapula de 2011<\/a><\/li>\r\n<li><a href=\"https:\/\/wp.ufpel.edu.br\/bricsdocs\/documentos-do-brics\/4-cupula-do-brics-2012\/\">Documentos da C\u00fapula de 2012<\/a><\/li>\r\n<li><a href=\"https:\/\/wp.ufpel.edu.br\/bricsdocs\/documentos-do-brics\/5-cupula-do-brics2013\/\">Documentos da C\u00fapula de 2013<\/a><\/li>\r\n<li><a href=\"https:\/\/wp.ufpel.edu.br\/bricsdocs\/documentos-do-brics\/6-cupula-do-brics-2014\/\">Documentos da C\u00fapula de 2014<\/a><\/li>\r\n<li><a href=\"https:\/\/wp.ufpel.edu.br\/bricsdocs\/documentos-do-brics\/7-cupula-do-brics-2015\/\">Documentos da C\u00fapula de 2015<\/a><\/li>\r\n<li><a href=\"https:\/\/wp.ufpel.edu.br\/bricsdocs\/documentos-do-brics\/8-cupula-do-brics-2016\/\">Documentos da C\u00fapula de 2016<\/a><\/li>\r\n<li><a href=\"https:\/\/wp.ufpel.edu.br\/bricsdocs\/documentos-do-brics\/9-cupula-do-brics-2017\/\">Documentos da C\u00fapula de 2017<\/a><\/li>\r\n<li><a href=\"https:\/\/wp.ufpel.edu.br\/bricsdocs\/documentos-do-brics\/10-cupula-do-brics-2018\/\">Documentos da C\u00fapula de 2018<\/a><\/li>\r\n<li><a href=\"https:\/\/wp.ufpel.edu.br\/bricsdocs\/documentos-do-brics\/11-cupula-do-brics-2019\/\">Documentos da C\u00fapula de 2019<\/a><\/li>\r\n<li><a href=\"https:\/\/wp.ufpel.edu.br\/bricsdocs\/documentos-do-brics\/12-cupula-do-brics-2020\/\">Documentos da C\u00fapula de 2020<\/a><\/li>\r\n<li><a href=\"https:\/\/wp.ufpel.edu.br\/bricsdocs\/documentos-do-brics\/13-cupula-do-brics-2021\/\">Documentos da C\u00fapula de 2021<\/a><\/li>\r\n<li><a href=\"https:\/\/wp.ufpel.edu.br\/bricsdocs\/documentos-do-brics\/24-cupula-do-brics-2022\/\">Documentos da C\u00fapula de 2022<\/a><\/li>\r\n<li><a href=\"https:\/\/wp.ufpel.edu.br\/bricsdocs\/documentos-do-brics\/15-cupula-do-brics-2023\/\">Documentos da C\u00fapula de 2023<\/a><\/li>\r\n<li><a href=\"https:\/\/wp.ufpel.edu.br\/bricsdocs\/documentos-do-brics\/16-cupula-do-brics-2024\/\">Documentos da C\u00fapula de 2024<\/a><\/li>\r\n<li><a href=\"https:\/\/wp.ufpel.edu.br\/bricsdocs\/documentos-do-brics\/450-2\/\">Documentos da C\u00fapula de 2025<\/a><\/li>\r\n<\/ul>\r\n<p>&nbsp;<\/p>\r\n<p>Para maiores informa\u00e7\u00f5es sobre o funcionamento da tabela basta <a href=\"https:\/\/wp.ufpel.edu.br\/bricsdocs\/documentos-do-brics\/sobre-o-funcionamento-da-tabela\/\">clicar aqui<\/a>.<\/p>\r\n","protected":false},"excerpt":{"rendered":"<p>Aqui voc\u00ea encontra todos os documentos produzidos no \u00e2mbito do BRICS organizados por ano\/C\u00fapula. Para ter acesso aos documentos do ano\/C\u00fapula desejada, basta clicar no link abaixo ou navegar pelo menu superior &#8220;Documentos&#8221;. Voc\u00ea ter\u00e1 acesso a todos os documentos coletados pela equipe do BRICS Docs. Links de acesso: Documentos das reuni\u00f5es de forma\u00e7\u00e3o (2008) &hellip; <\/p>\n<p><a class=\"more-link btn\" href=\"https:\/\/wp.ufpel.edu.br\/bricsdocs\/documentos-do-brics\/\">Continue lendo<\/a><\/p>\n","protected":false},"author":1351,"featured_media":0,"parent":0,"menu_order":1,"comment_status":"closed","ping_status":"closed","template":"template-onecolumn.php","meta":{"footnotes":""},"class_list":["post-2","page","type-page","status-publish","hentry","nodate","item-wrap"],"jetpack_sharing_enabled":true,"_links":{"self":[{"href":"https:\/\/wp.ufpel.edu.br\/bricsdocs\/wp-json\/wp\/v2\/pages\/2","targetHints":{"allow":["GET"]}}],"collection":[{"href":"https:\/\/wp.ufpel.edu.br\/bricsdocs\/wp-json\/wp\/v2\/pages"}],"about":[{"href":"https:\/\/wp.ufpel.edu.br\/bricsdocs\/wp-json\/wp\/v2\/types\/page"}],"author":[{"embeddable":true,"href":"https:\/\/wp.ufpel.edu.br\/bricsdocs\/wp-json\/wp\/v2\/users\/1351"}],"replies":[{"embeddable":true,"href":"https:\/\/wp.ufpel.edu.br\/bricsdocs\/wp-json\/wp\/v2\/comments?post=2"}],"version-history":[{"count":15,"href":"https:\/\/wp.ufpel.edu.br\/bricsdocs\/wp-json\/wp\/v2\/pages\/2\/revisions"}],"predecessor-version":[{"id":456,"href":"https:\/\/wp.ufpel.edu.br\/bricsdocs\/wp-json\/wp\/v2\/pages\/2\/revisions\/456"}],"wp:attachment":[{"href":"https:\/\/wp.ufpel.edu.br\/bricsdocs\/wp-json\/wp\/v2\/media?parent=2"}],"curies":[{"name":"wp","href":"https:\/\/api.w.org\/{rel}","templated":true}]}}