{"id":12,"date":"2025-03-26T16:30:54","date_gmt":"2025-03-26T19:30:54","guid":{"rendered":"https:\/\/wp.ufpel.edu.br\/braziliancongress2025anthroposophicnurse\/?page_id=12"},"modified":"2025-10-09T06:08:24","modified_gmt":"2025-10-09T09:08:24","slug":"links","status":"publish","type":"page","link":"https:\/\/wp.ufpel.edu.br\/braziliancongress2025anthroposophicnurse\/links\/","title":{"rendered":"Links"},"content":{"rendered":"<p>&nbsp;<\/p>\n<p><a href=\"https:\/\/goetheanum.ch\/en\"><img loading=\"lazy\" decoding=\"async\" class=\"alignnone size-medium wp-image-8\" src=\"https:\/\/wp.ufpel.edu.br\/braziliancongress2025anthroposophicnurse\/files\/2025\/03\/cropped-icana2-400x400.jpg\" alt=\"\" width=\"400\" height=\"400\" srcset=\"https:\/\/wp.ufpel.edu.br\/braziliancongress2025anthroposophicnurse\/files\/2025\/03\/cropped-icana2-400x400.jpg 400w, https:\/\/wp.ufpel.edu.br\/braziliancongress2025anthroposophicnurse\/files\/2025\/03\/cropped-icana2-200x200.jpg 200w, https:\/\/wp.ufpel.edu.br\/braziliancongress2025anthroposophicnurse\/files\/2025\/03\/cropped-icana2-270x270.jpg 270w, https:\/\/wp.ufpel.edu.br\/braziliancongress2025anthroposophicnurse\/files\/2025\/03\/cropped-icana2-192x192.jpg 192w, https:\/\/wp.ufpel.edu.br\/braziliancongress2025anthroposophicnurse\/files\/2025\/03\/cropped-icana2-180x180.jpg 180w, https:\/\/wp.ufpel.edu.br\/braziliancongress2025anthroposophicnurse\/files\/2025\/03\/cropped-icana2-32x32.jpg 32w, https:\/\/wp.ufpel.edu.br\/braziliancongress2025anthroposophicnurse\/files\/2025\/03\/cropped-icana2.jpg 512w\" sizes=\"auto, (max-width: 400px) 100vw, 400px\" \/><\/a><\/p>\n<p>Goetheanum<\/p>\n<p><a href=\"https:\/\/anthronursing.care\/en\/about-ifan\/charter\/\">Charter &#8211; International Forum for Anthroposophic Nursing (IFAN)<\/a><\/p>\n<p><a href=\"https:\/\/anthronursing.care\/\">International Forum for Anthroposophic Nursing (IFAN)<\/a><\/p>\n<p><a href=\"https:\/\/www.pflege-vademecum.de\/projekt.php\">Vade Mecum \u2013 External Applications in Anthroposophic Nursing<\/a><\/p>\n<p><a href=\"https:\/\/www.anthromedics.org\/?_locale=es\">Anthromedics<\/a><\/p>\n<p><a href=\"https:\/\/medsektion.goetheanum.ch\/\">Medizinische Sektion | Home<\/a><\/p>\n<p><a href=\"https:\/\/medicalsection.goetheanum.ch\/ikam-icaat\/guidance\">Medical Section | ORIENTATION GUIDE ANTHROPOSOPHIC ART THERAPIES\/THERAPEUTIC ARTS Diagnoses\u00a0<\/a><\/p>\n<p><a href=\"https:\/\/abmanacional.com.br\/\">ABMA Nacional &#8211; Associa\u00e7\u00e3o Brasileira de Medicina Antropos\u00f3fica<\/a><\/p>\n<p><a href=\"https:\/\/wp.ufpel.edu.br\/anatoacupuntura\/\">AnatoAcupuntura<\/a><\/p>\n<p><a href=\"https:\/\/www.secaomedica.org\/\">Se\u00e7\u00e3o M\u00e9dica Brasil<\/a><\/p>\n<p><a href=\"https:\/\/enfermagemantroposofica.blogspot.com\/2011\/08\/associacao-brasileira-de-enfermeiras.html\">Enfermagem Antropos\u00f3fica no Brasil: ASSOCIA\u00c7\u00c3O BRASILEIRA DE ENFERMEIRAS ANTROPOS\u00d3FICAS<\/a><\/p>\n<p><a href=\"https:\/\/cabsin.org.br\/\"><img loading=\"lazy\" decoding=\"async\" class=\"alignnone size-full wp-image-40\" src=\"https:\/\/wp.ufpel.edu.br\/braziliancongress2025anthroposophicnurse\/files\/2025\/03\/cabsin.jpg\" alt=\"\" width=\"234\" height=\"103\" \/><\/a><\/p>\n<p><a href=\"https:\/\/cam-europe.eu\/\"><img loading=\"lazy\" decoding=\"async\" class=\"alignnone size-full wp-image-41\" src=\"https:\/\/wp.ufpel.edu.br\/braziliancongress2025anthroposophicnurse\/files\/2025\/03\/eurocam.jpg\" alt=\"\" width=\"321\" height=\"326\" \/><\/a><\/p>\n<h3>Presentations 2021<\/h3>\n<p><a href=\"http:\/\/labanatoin.ufpel.edu.br\/enfermagem_antroposofica\/new_zealand_anthroposophical_nursing.mp4\">New Zealand Anthroposophical Nursing<\/a><\/p>\n<p><a href=\"http:\/\/labanatoin.ufpel.edu.br\/enfermagem_antroposofica\/anthroposophic_nursing_in_taiwan.mp4\">Anthroposic Nursing in Taiwan<\/a><\/p>\n<p><a href=\"http:\/\/labanatoin.ufpel.edu.br\/enfermagem_antroposofica\/a_la_croisee_des_chemins.pdf\">A la Crois\u00e9e des Chemins. La Maison des SOins de Chaleur<\/a><\/p>\n<p><a href=\"http:\/\/labanatoin.ufpel.edu.br\/enfermagem_antroposofica\/south_america.AN.2021.mp4\">South America.AN.2021<\/a><\/p>\n<p>&nbsp;<\/p>\n<div id='gallery-1' class='gallery galleryid-12 gallery-columns-3 gallery-size-thumbnail'><figure class='gallery-item'>\n\t\t\t<div class='gallery-icon landscape'>\n\t\t\t\t<a href='https:\/\/wp.ufpel.edu.br\/braziliancongress2025anthroposophicnurse\/links\/tag-1\/'><img loading=\"lazy\" decoding=\"async\" width=\"200\" height=\"200\" src=\"https:\/\/wp.ufpel.edu.br\/braziliancongress2025anthroposophicnurse\/files\/2025\/03\/tag-1-200x200.jpg\" class=\"attachment-thumbnail size-thumbnail\" alt=\"\" aria-describedby=\"gallery-1-48\" srcset=\"https:\/\/wp.ufpel.edu.br\/braziliancongress2025anthroposophicnurse\/files\/2025\/03\/tag-1-200x200.jpg 200w, https:\/\/wp.ufpel.edu.br\/braziliancongress2025anthroposophicnurse\/files\/2025\/03\/tag-1-150x150.jpg 150w\" sizes=\"auto, (max-width: 200px) 100vw, 200px\" \/><\/a>\n\t\t\t<\/div>\n\t\t\t\t<figcaption class='wp-caption-text gallery-caption' id='gallery-1-48'>\n\t\t\t\tMaterial disponibilizado por Holf Heine 2022 &#8211; 100 anos\n\t\t\t\t<\/figcaption><\/figure><figure class='gallery-item'>\n\t\t\t<div class='gallery-icon landscape'>\n\t\t\t\t<a href='https:\/\/wp.ufpel.edu.br\/braziliancongress2025anthroposophicnurse\/links\/hospitais_antroposoficos\/'><img loading=\"lazy\" decoding=\"async\" width=\"200\" height=\"200\" src=\"https:\/\/wp.ufpel.edu.br\/braziliancongress2025anthroposophicnurse\/files\/2025\/03\/hospitais_antroposoficos-200x200.jpg\" class=\"attachment-thumbnail size-thumbnail\" alt=\"\" aria-describedby=\"gallery-1-47\" srcset=\"https:\/\/wp.ufpel.edu.br\/braziliancongress2025anthroposophicnurse\/files\/2025\/03\/hospitais_antroposoficos-200x200.jpg 200w, https:\/\/wp.ufpel.edu.br\/braziliancongress2025anthroposophicnurse\/files\/2025\/03\/hospitais_antroposoficos-600x600.jpg 600w, https:\/\/wp.ufpel.edu.br\/braziliancongress2025anthroposophicnurse\/files\/2025\/03\/hospitais_antroposoficos-400x400.jpg 400w, https:\/\/wp.ufpel.edu.br\/braziliancongress2025anthroposophicnurse\/files\/2025\/03\/hospitais_antroposoficos-150x150.jpg 150w\" sizes=\"auto, (max-width: 200px) 100vw, 200px\" \/><\/a>\n\t\t\t<\/div>\n\t\t\t\t<figcaption class='wp-caption-text gallery-caption' id='gallery-1-47'>\n\t\t\t\tMaterial disponibilizado por Holf Heine 2022\n\t\t\t\t<\/figcaption><\/figure><figure class='gallery-item'>\n\t\t\t<div class='gallery-icon landscape'>\n\t\t\t\t<a href='https:\/\/wp.ufpel.edu.br\/braziliancongress2025anthroposophicnurse\/links\/zodiaco_cuidado_heine\/'><img loading=\"lazy\" decoding=\"async\" width=\"200\" height=\"200\" src=\"https:\/\/wp.ufpel.edu.br\/braziliancongress2025anthroposophicnurse\/files\/2025\/03\/zodiaco_cuidado_heine-200x200.jpg\" class=\"attachment-thumbnail size-thumbnail\" alt=\"\" aria-describedby=\"gallery-1-49\" srcset=\"https:\/\/wp.ufpel.edu.br\/braziliancongress2025anthroposophicnurse\/files\/2025\/03\/zodiaco_cuidado_heine-200x200.jpg 200w, https:\/\/wp.ufpel.edu.br\/braziliancongress2025anthroposophicnurse\/files\/2025\/03\/zodiaco_cuidado_heine-400x400.jpg 400w, https:\/\/wp.ufpel.edu.br\/braziliancongress2025anthroposophicnurse\/files\/2025\/03\/zodiaco_cuidado_heine-150x150.jpg 150w\" sizes=\"auto, (max-width: 200px) 100vw, 200px\" \/><\/a>\n\t\t\t<\/div>\n\t\t\t\t<figcaption class='wp-caption-text gallery-caption' id='gallery-1-49'>\n\t\t\t\tMaterial disponibilizado por Holf Heine 2022\n\t\t\t\t<\/figcaption><\/figure>\n\t\t<\/div>\n\n<p>A Sec\u00e7\u00e3o M\u00e9dica tem sete curtas 10-15 . Foram lan\u00e7ados filmes de um minuto sobre Medicina Antropos\u00f3fica. Os filmes artisticamente concebidos pretendem transmitir ao p\u00fablico uma imagem moderna da Medicina Antropos\u00f3fica. Gostaria de saber como gosta dos filmes, que imagem da AM e das diferentes profiss\u00f5es emerge.<\/p>\n<p><a href=\"https:\/\/www.kunst-des-heilens.de\/\"><img loading=\"lazy\" decoding=\"async\" class=\"alignnone size-medium wp-image-74\" src=\"https:\/\/wp.ufpel.edu.br\/braziliancongress2025anthroposophicnurse\/files\/2025\/04\/art_healing-400x130.jpg\" alt=\"\" width=\"400\" height=\"130\" srcset=\"https:\/\/wp.ufpel.edu.br\/braziliancongress2025anthroposophicnurse\/files\/2025\/04\/art_healing-400x130.jpg 400w, https:\/\/wp.ufpel.edu.br\/braziliancongress2025anthroposophicnurse\/files\/2025\/04\/art_healing.jpg 419w\" sizes=\"auto, (max-width: 400px) 100vw, 400px\" \/><\/a><\/p>\n<p><a href=\"https:\/\/www.kunst-des-heilens.de\/\">Die Kunst des Heilens<\/a><\/p>\n<p>&nbsp;<\/p>\n<h3>Enfermagem Antropos\u00f3fica &amp; Recursos de abordagens r\u00edtmicas<\/h3>\n<p>Anthroposophic Nursing Patient Case Studies available via Vademecum &#8211; www.vademecum.org<br \/>\n&#8220;Handbook For Rhythmical Einreibungen According To Wegman\/Hauschka&#8221;, edited by Monika<br \/>\nLayer, Temple Lodge, 2006, ISBN 1-902636-76-7<br \/>\n&#8220;Rhythmical Einreibungen, A Handbook From The Ita Wegman Clinic&#8221;, Monika Fingado, Floris<br \/>\nBooks, 2011, ISBN 978-086315-833-9<br \/>\n\u201cEinf\u00fchrung in die Rhythmischen Einreibungen: Nach Wegmann\/Hauschka\u201d, Eva-Marie<br \/>\nBatschko, 2010 ISBN 978-3-932386-73-2. German text. English translation in process<br \/>\n\u201cAnthroposophische Pflegepraxis\u201d, Rolf Heine, Berlin, 2015. German Text. English translation<br \/>\nin process.<br \/>\n\u201cThe Twelve Nursing Gestures and the Zodiac\u201d, Rolf Heine, Camphill Press, 2009.<br \/>\n&#8220;Compresses And Other Therapeutic Applications, A Handbook From The Ita Wegman Clinic&#8221;,<br \/>\nMonika Fingado, Floris Books, 2012, ISBN 978-086315-875-9<br \/>\n\u201cFunctional Morphology, The Dynamic Wholeness Of The Human Organism\u201d, Johannes W.<br \/>\nRohen, Adonis Press, 2007, ISBN-13: 978-0932776365 &amp; ISBN-10: 0-932776-36-1<br \/>\n\u201cHealing Plants: Insights through Spiritual Science, Volume I\u201d, Wilhelm Pelikan, Mercury Press,<br \/>\nSpring Valley, NY, 1997, ISBN 0-929979-64-8<br \/>\n\u201cHealing Plants: Insights through Spiritual Science, Volume II\u201d, Wilhelm Pelikan, Mercury Press,<br \/>\nSpring Valley, NY, 2012, ISBN 978-1-935136-04-0.<br \/>\nA Guide To Child Health, A Holistic Approach To Raising Healthy Children&#8221;, Dr. Michaela<br \/>\nGl\u00f6ckler and Dr. Wolfgang Goebel, Fourth Edition, Floris Books, 2013<br \/>\n\u201cAwakening the Will: Principles and Processes in Adult Learning\u201d, Coenraad van<br \/>\nHouten, Temple Lodge, 2011, ISBN 1-902636-11-2<br \/>\n\u201cF\u00fchrungsfragen und Arbeitsformen in der anthroposophisch-medizinischen Bewegung\u201d, Rolf<br \/>\nHeine, Dornach, 2015. German Text.<\/p>\n<p>&nbsp;<\/p>\n<h3>Literature on Anthroposophic Nursing and External Applications<\/h3>\n<p>External Nursing Applications in the Supportive Management of Prolonged Postoperative Ileus: Description of Interventions and Case Report.\u202f Deckers B, von Schoen-Angerer T, Voggenreiter B, Vagedes J.\u202f Holist Nurs Pract. 2016 Jul-Aug;30(4):216-21. doi: 10.1097\/HNP.0000000000000158.\u202f http:\/\/www.ncbi.nlm.nih.gov\/pubmed\/27309410<\/p>\n<p>Usage and cost of first-line drugs for patients referred to inpatient anthroposophic integrative care or inpatient conventional care for stress-related mental disorders&#8211;a register based study.\u202f Sundberg T, Hussain-Alkhateeb L, Falkenberg T.\u202f BMC Complement Altern Med. 2015 Oct 14;15:354. doi: 10.1186\/s12906-015-0865-3.\u202f http:\/\/www.ncbi.nlm.nih.gov\/pubmed\/26467204<\/p>\n<p>Self-care follows from compassionate care &#8211; chronic pain patients&#8217; experience of integrative rehabilitation.\u202f Arman M, H\u00f6k J.\u202f Scand J Caring Sci. 2016 Jun;30(2):374-81. doi: 10.1111\/scs.12258. Epub 2015 Sep 22.\u202f http:\/\/www.ncbi.nlm.nih.gov\/pubmed\/26395196<\/p>\n<p>Caring touch&#8211;patients&#8217; experiences in an anthroposophic clinical context.\u202f Ozolins LL, H\u00f6rberg U, Dahlberg K.\u202f Scand J Caring Sci. 2015 Dec;29(4):834-42. doi: 10.1111\/scs.12242. Epub 2015 Jul 14.\u202f http:\/\/www.ncbi.nlm.nih.gov\/pubmed\/26178972<\/p>\n<p>Broken Heart Syndrome: A Typical Case.\u202f Therkleson T, Stronach S.\u202f J Holist Nurs. 2015 Dec;33(4):345-50. doi: 10.1177\/0898010115569883. Epub 2015 Feb 11.\u202f http:\/\/www.ncbi.nlm.nih.gov\/pubmed\/25673580<\/p>\n<p>Taking an anthroposophic approach to care.\u202f Rock BF.\u202f Nurs N Z. 2014 Dec-2015 Jan;20(11):36. No abstract available.\u202f http:\/\/www.ncbi.nlm.nih.gov\/pubmed\/25668874<\/p>\n<p>Ginger Therapy for Osteoarthritis: A Typical Case.\u202f Therkleson T.\u202f J Holist Nurs. 2014 Sep;32(3):232-9. doi: 10.1177\/0898010113520467. Epub 2014 Jan 29.\u202f http:\/\/www.ncbi.nlm.nih.gov\/pubmed\/24476702<\/p>\n<p>Anthroposophic medicine: an integrative medical system originating in europe.\u202f Kienle GS, Albonico HU, Baars E, Hamre HJ, Zimmermann P, Kiene H.\u202f Glob Adv Health Med. 2013 Nov;2(6):20-31. doi: 10.7453\/gahmj.2012.087.\u202f http:\/\/www.ncbi.nlm.nih.gov\/pubmed\/24416705<\/p>\n<p>Topical Ginger Treatment With a Compress or Patch for Osteoarthritis Symptoms.\u202f Therkleson T.\u202f J Holist Nurs. 2014 Sep;32(3):173-82. doi: 10.1177\/0898010113512182. Epub 2013 Dec 4.\u202f http:\/\/www.ncbi.nlm.nih.gov\/pubmed\/24305660<\/p>\n<p>Ginger compress therapy for adults with osteoarthritis.\u202f Therkleson T.\u202f J Adv Nurs. 2010 Oct;66(10):2225-33. doi: 10.1111\/j.1365-2648.2010.05355.x. Epub 2010 Jul 2.\u202f http:\/\/www.ncbi.nlm.nih.gov\/pubmed\/20626491<\/p>\n<p>Effects of rhythmic embrocation therapy with solum oil in chronic pain patients: a prospective observational study.\u202f Ostermann T, Blaser G, Bertram M, Michalsen A, Matthiessen PF, Kraft K.\u202f Clin J Pain. 2008 Mar-Apr;24(3):237-43. doi: 10.1097\/AJP.0b013e3181602143.\u202f http:\/\/www.ncbi.nlm.nih.gov\/pubmed\/18287830<\/p>\n<p>Anthroposophical nursing.\u202f Therkleson T.\u202f Aust J Holist Nurs. 2005 Oct;12(2):43-50. Review.\u202f http:\/\/www.ncbi.nlm.nih.gov\/pubmed\/19175263<\/p>\n<p>Effects of a ginger extract on knee pain in patients with osteoarthritis.\u202f Altman RD, Marcussen KC.\u202f Arthritis Rheum. 2001 Nov;44(11):2531-8.\u202f http:\/\/www.ncbi.nlm.nih.gov\/pubmed\/11710709<\/p>\n<p>Lavender bath oil reduces stress and crying and enhances sleep in very young infants.\u202f Field T, Field T, Cullen C, Largie S, Diego M, Schanberg S, Kuhn C.\u202f Early Hum Dev. 2008 Jun;84(6):399-401. Epub 2007 Nov 28.\u202f http:\/\/www.ncbi.nlm.nih.gov\/pubmed\/18053656<\/p>\n<p>Smelling lavender and rosemary increases free radical scavenging activity and decreases cortisol level in saliva.\u202f Atsumi T, Tonosaki K.\u202f Psychiatry Res. 2007 Feb 28;150(1):89-96. Epub 2007 Feb 7.\u202f http:\/\/www.ncbi.nlm.nih.gov\/pubmed\/17291597<\/p>\n<div>Acupuncture in fibromyalgia syndrome: possible dialogues with Ryodoraku Neurometry. Santos, M.C.\u00a0<span style=\"color: var(--viral-body-color, #404040); font-family: var(--viral-body-family, Roboto); font-size: var(--viral-body-size, 15px); font-style: var(--viral-body-style, normal); font-weight: var(--viral-body-weight, 400); letter-spacing: var(--viral-body-letter-spacing, 0); text-transform: var(--viral-body-text-transform, none);\">J Nurs Health<\/span><span style=\"color: var(--viral-body-color, #404040); font-family: var(--viral-body-family, Roboto); font-size: var(--viral-body-size, 15px); font-style: var(--viral-body-style, normal); font-weight: var(--viral-body-weight, 400); letter-spacing: var(--viral-body-letter-spacing, 0); text-transform: var(--viral-body-text-transform, none);\">. 2012;2<\/span><span style=\"color: var(--viral-body-color, #404040); font-family: var(--viral-body-family, Roboto); font-size: var(--viral-body-size, 15px); font-style: var(--viral-body-style, normal); font-weight: var(--viral-body-weight, 400); letter-spacing: var(--viral-body-letter-spacing, 0); text-transform: var(--viral-body-text-transform, none);\">(2):<\/span><span style=\"color: var(--viral-body-color, #404040); font-family: var(--viral-body-family, Roboto); font-size: var(--viral-body-size, 15px); font-style: var(--viral-body-style, normal); font-weight: var(--viral-body-weight, 400); letter-spacing: var(--viral-body-letter-spacing, 0); text-transform: var(--viral-body-text-transform, none);\">388-<\/span><span style=\"color: var(--viral-body-color, #404040); font-family: var(--viral-body-family, Roboto); font-size: var(--viral-body-size, 15px); font-style: var(--viral-body-style, normal); font-weight: var(--viral-body-weight, 400); letter-spacing: var(--viral-body-letter-spacing, 0); text-transform: var(--viral-body-text-transform, none);\">97. https:\/\/doi.org\/10.15210\/jonah.v2i2.3464\u00a0 https:\/\/periodicos.ufpel.edu.br\/index.php\/enfermagem\/article\/view\/3464<\/span><\/div>\n<div><\/div>\n<p>The effects of lavender (Lavendula angustifolium) baths on psychological well-being: two exploratory randomised control trials.\u202f Morris N.\u202f Complement Ther Med. 2002 Dec;10(4):223-8.\u202f http:\/\/www.ncbi.nlm.nih.gov\/pubmed\/12594973<\/p>\n<p>The effect of foot-bath with or without the essential oil of lavender on the autonomic nervous system: a randomized trial.\u202f Saeki Y.\u202f Complement Ther Med. 2000 Mar;8(1):2-7.\u202f http:\/\/www.ncbi.nlm.nih.gov\/pubmed\/10812753<\/p>\n<p>Effect of Lavender Cream with or without Foot-bath on Anxiety, Stress and Depression in Pregnancy: a Randomized Placebo-Controlled Trial.\u202f Effati-Daryani F, Mohammad-Alizadeh-Charandabi S, Mirghafourvand M, Taghizadeh M, Mohammadi A.\u202f J Caring Sci. 2015 Mar 1;4(1):63-73. doi: 10.5681\/jcs.2015.007. eCollection 2015 Mar. http:\/\/www.ncbi.nlm.nih.gov\/pubmed\/25821760<\/p>\n<p>Effects of inhaled rosemary oil on subjective feelings and activities of the nervous system.\u202f Sayorwan W, Ruangrungsi N, Piriyapunyporn T, Hongratanaworakit T, Kotchabhakdi N, Siripornpanich V.\u202f Sci Pharm. 2013 Jun;81(2):531-42. doi: 10.3797\/scipharm.1209-05. Epub 2012 Dec 23.\u202f http:\/\/www.ncbi.nlm.nih.gov\/pubmed\/23833718<\/p>\n<p>The effects of lavender oil inhalation on emotional states, autonomic nervous system, and brain electrical activity.\u202f Sayorwan W, Siripornpanich V, Piriyapunyaporn T, Hongratanaworakit T, Kotchabhakdi N, Ruangrungsi N.\u202f J Med Assoc Thai. 2012 Apr;95(4):598-606.\u202f http:\/\/www.ncbi.nlm.nih.gov\/pubmed\/22612017<\/p>\n<p>The effects of lavender and rosemary essential oils on test-taking anxiety among graduate nursing students.\u202f McCaffrey R, Thomas DJ, Kinzelman AO.\u202f Holist Nurs Pract. 2009 Mar-Apr;23(2):88-93. doi: 10.1097\/HNP.0b013e3181a110aa.\u202f http:\/\/www.ncbi.nlm.nih.gov\/pubmed\/19258850<\/p>\n<p>Effect of topical rosemary essential oil on Raynaud phenomenon in systemic sclerosis.\u202fvon Schoen-Angerer, T., Deckers, B., Henes, J., Helmert, E., &amp; Vagedes, J. (2018). Complementary therapies in medicine,\u202f40, 191-194.<\/p>\n<p><a href=\"https:\/\/journals.sagepub.com\/doi\/10.1177\/08980101211039083\">Illuminating Nursing\u2019s Value: The 12 Anthroposophic Nursing Gestures &#8211; Michele R. Kramer, Laurie Schmiesing, Christoph von Dach, 2022<\/a><\/p>\n","protected":false},"excerpt":{"rendered":"<p>&nbsp; Goetheanum Charter &#8211; International Forum for Anthroposophic Nursing (IFAN) International Forum for Anthroposophic Nursing (IFAN) Vade Mecum \u2013 External Applications in Anthroposophic Nursing Anthromedics Medizinische Sektion | Home Medical Section | ORIENTATION GUIDE ANTHROPOSOPHIC ART THERAPIES\/THERAPEUTIC ARTS Diagnoses\u00a0 ABMA Nacional &#8211; Associa\u00e7\u00e3o Brasileira de Medicina Antropos\u00f3fica AnatoAcupuntura Se\u00e7\u00e3o M\u00e9dica Brasil Enfermagem Antropos\u00f3fica no Brasil: [&hellip;]<\/p>\n","protected":false},"author":350,"featured_media":0,"parent":0,"menu_order":0,"comment_status":"closed","ping_status":"closed","template":"","meta":{"footnotes":""},"class_list":["post-12","page","type-page","status-publish","hentry"],"_links":{"self":[{"href":"https:\/\/wp.ufpel.edu.br\/braziliancongress2025anthroposophicnurse\/wp-json\/wp\/v2\/pages\/12","targetHints":{"allow":["GET"]}}],"collection":[{"href":"https:\/\/wp.ufpel.edu.br\/braziliancongress2025anthroposophicnurse\/wp-json\/wp\/v2\/pages"}],"about":[{"href":"https:\/\/wp.ufpel.edu.br\/braziliancongress2025anthroposophicnurse\/wp-json\/wp\/v2\/types\/page"}],"author":[{"embeddable":true,"href":"https:\/\/wp.ufpel.edu.br\/braziliancongress2025anthroposophicnurse\/wp-json\/wp\/v2\/users\/350"}],"replies":[{"embeddable":true,"href":"https:\/\/wp.ufpel.edu.br\/braziliancongress2025anthroposophicnurse\/wp-json\/wp\/v2\/comments?post=12"}],"version-history":[{"count":4,"href":"https:\/\/wp.ufpel.edu.br\/braziliancongress2025anthroposophicnurse\/wp-json\/wp\/v2\/pages\/12\/revisions"}],"predecessor-version":[{"id":129,"href":"https:\/\/wp.ufpel.edu.br\/braziliancongress2025anthroposophicnurse\/wp-json\/wp\/v2\/pages\/12\/revisions\/129"}],"wp:attachment":[{"href":"https:\/\/wp.ufpel.edu.br\/braziliancongress2025anthroposophicnurse\/wp-json\/wp\/v2\/media?parent=12"}],"curies":[{"name":"wp","href":"https:\/\/api.w.org\/{rel}","templated":true}]}}