{"id":32,"date":"2015-02-27T15:36:27","date_gmt":"2015-02-27T18:36:27","guid":{"rendered":"https:\/\/wp.ufpel.edu.br\/bottega\/?page_id=32"},"modified":"2015-02-27T15:47:58","modified_gmt":"2015-02-27T18:47:58","slug":"mestrado","status":"publish","type":"page","link":"https:\/\/wp.ufpel.edu.br\/bottega\/disciplinas\/mestrado\/","title":{"rendered":"Mestrado"},"content":{"rendered":"<h1 class=\"header_title push_1 grid_10\"><a href=\"https:\/\/wp.ufpel.edu.br\/ppgmmat\/\" target=\"_blank\">Programa de Pos Gradua\u00e7\u00e3o em Modelagem Matem\u00e1tica<\/a><\/h1>\n","protected":false},"excerpt":{"rendered":"<p>Programa de Pos Gradua\u00e7\u00e3o em Modelagem Matem\u00e1tica<\/p>\n","protected":false},"author":478,"featured_media":0,"parent":6,"menu_order":0,"comment_status":"closed","ping_status":"closed","template":"page-sem-sidebar.php","meta":{"_crdt_document":"","footnotes":""},"class_list":["post-32","page","type-page","status-publish","hentry"],"_links":{"self":[{"href":"https:\/\/wp.ufpel.edu.br\/bottega\/wp-json\/wp\/v2\/pages\/32","targetHints":{"allow":["GET"]}}],"collection":[{"href":"https:\/\/wp.ufpel.edu.br\/bottega\/wp-json\/wp\/v2\/pages"}],"about":[{"href":"https:\/\/wp.ufpel.edu.br\/bottega\/wp-json\/wp\/v2\/types\/page"}],"author":[{"embeddable":true,"href":"https:\/\/wp.ufpel.edu.br\/bottega\/wp-json\/wp\/v2\/users\/478"}],"replies":[{"embeddable":true,"href":"https:\/\/wp.ufpel.edu.br\/bottega\/wp-json\/wp\/v2\/comments?post=32"}],"version-history":[{"count":3,"href":"https:\/\/wp.ufpel.edu.br\/bottega\/wp-json\/wp\/v2\/pages\/32\/revisions"}],"predecessor-version":[{"id":45,"href":"https:\/\/wp.ufpel.edu.br\/bottega\/wp-json\/wp\/v2\/pages\/32\/revisions\/45"}],"up":[{"embeddable":true,"href":"https:\/\/wp.ufpel.edu.br\/bottega\/wp-json\/wp\/v2\/pages\/6"}],"wp:attachment":[{"href":"https:\/\/wp.ufpel.edu.br\/bottega\/wp-json\/wp\/v2\/media?parent=32"}],"curies":[{"name":"wp","href":"https:\/\/api.w.org\/{rel}","templated":true}]}}