{"id":101,"date":"2016-03-08T20:33:32","date_gmt":"2016-03-08T23:33:32","guid":{"rendered":"https:\/\/wp.ufpel.edu.br\/bottega\/?page_id=101"},"modified":"2016-03-18T09:41:47","modified_gmt":"2016-03-18T12:41:47","slug":"alga","status":"publish","type":"page","link":"https:\/\/wp.ufpel.edu.br\/bottega\/disciplinas\/graduacao\/alga\/","title":{"rendered":"ALGA"},"content":{"rendered":"<p><a href=\"https:\/\/wp.ufpel.edu.br\/bottega\/files\/2016\/03\/Caracteriza\u00e7\u00e3o_ALGA.pdf\">Plano de Ensino<\/a><\/p>\n<p><a href=\"https:\/\/wp.ufpel.edu.br\/bottega\/files\/2016\/03\/apostila_Alga2016_1.pdf\" rel=\"\">apostila_Alga2016<\/a><\/p>\n<p><a href=\"https:\/\/wp.ufpel.edu.br\/bottega\/files\/2016\/03\/EXERCICIOS_ALGA.zip\" rel=\"\">Listas de Exerc\u00edcios<\/a><\/p>\n<p>Avalia\u00e7\u00e3o 1 \u00a020\/04<\/p>\n<p>Avalia\u00e7\u00e3o 2 \u00a025\/05<\/p>\n<p>Avalia\u00e7\u00e3o 3 \u00a029\/06<\/p>\n<p>Avalia\u00e7\u00e3o Optativa \u00a0 06\/07<\/p>\n<p>Exame \u00a013\/07<\/p>\n","protected":false},"excerpt":{"rendered":"<p>Plano de Ensino apostila_Alga2016 Listas de Exerc\u00edcios Avalia\u00e7\u00e3o 1 \u00a020\/04 Avalia\u00e7\u00e3o 2 \u00a025\/05 Avalia\u00e7\u00e3o 3 \u00a029\/06 Avalia\u00e7\u00e3o Optativa \u00a0 06\/07 Exame \u00a013\/07<\/p>\n","protected":false},"author":478,"featured_media":0,"parent":34,"menu_order":0,"comment_status":"closed","ping_status":"closed","template":"","meta":{"footnotes":""},"class_list":["post-101","page","type-page","status-publish","hentry"],"_links":{"self":[{"href":"https:\/\/wp.ufpel.edu.br\/bottega\/wp-json\/wp\/v2\/pages\/101","targetHints":{"allow":["GET"]}}],"collection":[{"href":"https:\/\/wp.ufpel.edu.br\/bottega\/wp-json\/wp\/v2\/pages"}],"about":[{"href":"https:\/\/wp.ufpel.edu.br\/bottega\/wp-json\/wp\/v2\/types\/page"}],"author":[{"embeddable":true,"href":"https:\/\/wp.ufpel.edu.br\/bottega\/wp-json\/wp\/v2\/users\/478"}],"replies":[{"embeddable":true,"href":"https:\/\/wp.ufpel.edu.br\/bottega\/wp-json\/wp\/v2\/comments?post=101"}],"version-history":[{"count":6,"href":"https:\/\/wp.ufpel.edu.br\/bottega\/wp-json\/wp\/v2\/pages\/101\/revisions"}],"predecessor-version":[{"id":113,"href":"https:\/\/wp.ufpel.edu.br\/bottega\/wp-json\/wp\/v2\/pages\/101\/revisions\/113"}],"up":[{"embeddable":true,"href":"https:\/\/wp.ufpel.edu.br\/bottega\/wp-json\/wp\/v2\/pages\/34"}],"wp:attachment":[{"href":"https:\/\/wp.ufpel.edu.br\/bottega\/wp-json\/wp\/v2\/media?parent=101"}],"curies":[{"name":"wp","href":"https:\/\/api.w.org\/{rel}","templated":true}]}}