{"id":983,"date":"2021-08-09T09:55:42","date_gmt":"2021-08-09T12:55:42","guid":{"rendered":"https:\/\/wp.ufpel.edu.br\/bordin\/?page_id=983"},"modified":"2024-05-01T09:44:41","modified_gmt":"2024-05-01T12:44:41","slug":"mecstat","status":"publish","type":"page","link":"https:\/\/wp.ufpel.edu.br\/bordin\/ensino\/mecstat\/","title":{"rendered":"Mec\u00e2nica Estat\u00edstica &#8211; P\u00f3s"},"content":{"rendered":"<p>Slides 2024\/1<\/p>\n<p><a href=\"https:\/\/wp.ufpel.edu.br\/bordin\/files\/2024\/04\/Mec.-Est.-Apresentacao.pdf\">Mec. Est.- Apresenta\u00e7\u00e3o<\/a><\/p>\n<p><a href=\"https:\/\/wp.ufpel.edu.br\/bordin\/files\/2024\/04\/Mec.-Est.-Termo-I.pdf\">Mec. Est.- Termo I<\/a><\/p>\n<p><a href=\"https:\/\/wp.ufpel.edu.br\/bordin\/files\/2024\/04\/Mec.-Est.-Termo-II.pdf\">Mec. Est.- Termo II<\/a><\/p>\n<p><a href=\"https:\/\/wp.ufpel.edu.br\/bordin\/files\/2024\/05\/Mec.-Est.-Termo-III.pdf\">Mec. Est.- Termo III<\/a><\/p>\n<p><a href=\"https:\/\/wp.ufpel.edu.br\/bordin\/files\/2024\/04\/Lista-01-Termo.pdf\">Lista 01 &#8211; Termo<\/a><\/p>\n<p><a href=\"https:\/\/wp.ufpel.edu.br\/bordin\/files\/2024\/05\/Mec.-Est.-Teoria-Cinetica-1.pdf\">Mec. Est.- Teoria Cin\u00e9tica 1<\/a><\/p>\n","protected":false},"excerpt":{"rendered":"<p>Slides 2024\/1 Mec. Est.- Apresenta\u00e7\u00e3o Mec. Est.- Termo I Mec. Est.- Termo II Mec. Est.- Termo III Lista 01 &#8211; Termo Mec. Est.- Teoria Cin\u00e9tica 1<\/p>\n","protected":false},"author":863,"featured_media":0,"parent":43,"menu_order":0,"comment_status":"closed","ping_status":"closed","template":"","meta":{"footnotes":""},"class_list":["post-983","page","type-page","status-publish","hentry","nodate","item-wrap"],"_links":{"self":[{"href":"https:\/\/wp.ufpel.edu.br\/bordin\/wp-json\/wp\/v2\/pages\/983","targetHints":{"allow":["GET"]}}],"collection":[{"href":"https:\/\/wp.ufpel.edu.br\/bordin\/wp-json\/wp\/v2\/pages"}],"about":[{"href":"https:\/\/wp.ufpel.edu.br\/bordin\/wp-json\/wp\/v2\/types\/page"}],"author":[{"embeddable":true,"href":"https:\/\/wp.ufpel.edu.br\/bordin\/wp-json\/wp\/v2\/users\/863"}],"replies":[{"embeddable":true,"href":"https:\/\/wp.ufpel.edu.br\/bordin\/wp-json\/wp\/v2\/comments?post=983"}],"version-history":[{"count":6,"href":"https:\/\/wp.ufpel.edu.br\/bordin\/wp-json\/wp\/v2\/pages\/983\/revisions"}],"predecessor-version":[{"id":1523,"href":"https:\/\/wp.ufpel.edu.br\/bordin\/wp-json\/wp\/v2\/pages\/983\/revisions\/1523"}],"up":[{"embeddable":true,"href":"https:\/\/wp.ufpel.edu.br\/bordin\/wp-json\/wp\/v2\/pages\/43"}],"wp:attachment":[{"href":"https:\/\/wp.ufpel.edu.br\/bordin\/wp-json\/wp\/v2\/media?parent=983"}],"curies":[{"name":"wp","href":"https:\/\/api.w.org\/{rel}","templated":true}]}}