{"id":708,"date":"2020-10-01T09:26:21","date_gmt":"2020-10-01T12:26:21","guid":{"rendered":"https:\/\/wp.ufpel.edu.br\/bordin\/?page_id=708"},"modified":"2021-08-13T07:26:59","modified_gmt":"2021-08-13T10:26:59","slug":"fisica-11090023","status":"publish","type":"page","link":"https:\/\/wp.ufpel.edu.br\/bordin\/ensino\/fisica-11090023\/","title":{"rendered":"F\u00edsica-11090023"},"content":{"rendered":"<p>Apostila: <a href=\"https:\/\/wp.ufpel.edu.br\/bordin\/files\/2021\/03\/Fisica.pdf\">F\u00edsica<\/a><\/p>\n<p>Slides das aulas:<\/p>\n<p><a href=\"https:\/\/wp.ufpel.edu.br\/bordin\/files\/2021\/03\/Fisica-na-pandemia-Aula-01.pdf\">F\u00edsica [na pandemia] Aula 01<\/a><\/p>\n<p><a href=\"https:\/\/wp.ufpel.edu.br\/bordin\/files\/2021\/03\/Fisica-na-pandemia-Aula-02.pdf\">F\u00edsica [na pandemia] Aula 02<\/a><\/p>\n<p><a href=\"https:\/\/wp.ufpel.edu.br\/bordin\/files\/2021\/03\/Fisica-na-pandemia-Aula-03.pdf\">F\u00edsica [na pandemia] Aula 03<\/a><\/p>\n<p><a href=\"https:\/\/wp.ufpel.edu.br\/bordin\/files\/2021\/08\/Fisica-na-pandemia-Aula-04.pdf\">F\u00edsica [na pandemia] Aula 04<\/a><\/p>\n<p><a href=\"https:\/\/wp.ufpel.edu.br\/bordin\/files\/2021\/08\/Fisica-na-pandemia-Aula-05.pdf\">F\u00edsica [na pandemia] Aula 05<\/a><\/p>\n<p><a href=\"https:\/\/wp.ufpel.edu.br\/bordin\/files\/2021\/08\/Fisica-na-pandemia-Aula-06.pdf\">F\u00edsica [na pandemia] Aula 06<\/a><\/p>\n<p><a href=\"https:\/\/wp.ufpel.edu.br\/bordin\/files\/2021\/08\/Fisica-na-pandemia-Aula-07.pdf\">F\u00edsica [na pandemia] Aula 07<\/a><\/p>\n<p><a href=\"https:\/\/wp.ufpel.edu.br\/bordin\/files\/2021\/08\/Fisica-na-pandemia-Aula-08.pdf\">F\u00edsica [na pandemia] Aula 08<\/a><\/p>\n<p><a href=\"https:\/\/wp.ufpel.edu.br\/bordin\/files\/2021\/08\/Fisica-na-pandemia-Aula-09.pdf\">F\u00edsica [na pandemia] Aula 09<\/a><\/p>\n<p><a href=\"https:\/\/wp.ufpel.edu.br\/bordin\/files\/2021\/08\/Fisica-na-pandemia-Aula-10.pdf\">F\u00edsica [na pandemia] Aula 10<\/a><\/p>\n<p><a href=\"https:\/\/wp.ufpel.edu.br\/bordin\/files\/2021\/08\/Fisica-na-pandemia-Aula-11.pdf\">F\u00edsica [na pandemia] Aula 11<\/a><\/p>\n<p>Listas de Exerc\u00edcios Extras:<\/p>\n<p>Unidades de Medida\u00a0\u00a0 <a href=\"https:\/\/wp.ufpel.edu.br\/bordin\/files\/2021\/03\/lista1.pdf\">lista1<\/a><\/p>\n<p>For\u00e7a e Torque <a href=\"https:\/\/wp.ufpel.edu.br\/bordin\/files\/2021\/03\/lista2.pdf\">lista2<\/a><\/p>\n<p>Energia e Trabalho <a href=\"https:\/\/wp.ufpel.edu.br\/bordin\/files\/2021\/08\/lista3.pdf\">lista3<\/a><\/p>\n<p>Mec\u00e2nica dos Fluidos<a href=\"https:\/\/wp.ufpel.edu.br\/bordin\/files\/2021\/08\/lista4.pdf\"> lista4<\/a><\/p>\n<p>Termodin\u00e2mica I <a href=\"https:\/\/wp.ufpel.edu.br\/bordin\/files\/2021\/08\/lista5.pdf\">lista5<\/a><\/p>\n","protected":false},"excerpt":{"rendered":"<p>Apostila: F\u00edsica Slides das aulas: F\u00edsica [na pandemia] Aula 01 F\u00edsica [na pandemia] Aula 02 F\u00edsica [na pandemia] Aula 03 F\u00edsica [na pandemia] Aula 04 F\u00edsica [na pandemia] Aula 05 F\u00edsica [na pandemia] Aula 06 F\u00edsica [na pandemia] Aula 07 F\u00edsica [na pandemia] Aula 08 F\u00edsica [na pandemia] Aula 09 F\u00edsica [na pandemia] Aula 10 &hellip; <\/p>\n<p><a class=\"more-link btn\" href=\"https:\/\/wp.ufpel.edu.br\/bordin\/ensino\/fisica-11090023\/\">Continue reading<\/a><\/p>\n","protected":false},"author":863,"featured_media":0,"parent":43,"menu_order":0,"comment_status":"closed","ping_status":"closed","template":"","meta":{"footnotes":""},"class_list":["post-708","page","type-page","status-publish","hentry","nodate","item-wrap"],"_links":{"self":[{"href":"https:\/\/wp.ufpel.edu.br\/bordin\/wp-json\/wp\/v2\/pages\/708","targetHints":{"allow":["GET"]}}],"collection":[{"href":"https:\/\/wp.ufpel.edu.br\/bordin\/wp-json\/wp\/v2\/pages"}],"about":[{"href":"https:\/\/wp.ufpel.edu.br\/bordin\/wp-json\/wp\/v2\/types\/page"}],"author":[{"embeddable":true,"href":"https:\/\/wp.ufpel.edu.br\/bordin\/wp-json\/wp\/v2\/users\/863"}],"replies":[{"embeddable":true,"href":"https:\/\/wp.ufpel.edu.br\/bordin\/wp-json\/wp\/v2\/comments?post=708"}],"version-history":[{"count":10,"href":"https:\/\/wp.ufpel.edu.br\/bordin\/wp-json\/wp\/v2\/pages\/708\/revisions"}],"predecessor-version":[{"id":1007,"href":"https:\/\/wp.ufpel.edu.br\/bordin\/wp-json\/wp\/v2\/pages\/708\/revisions\/1007"}],"up":[{"embeddable":true,"href":"https:\/\/wp.ufpel.edu.br\/bordin\/wp-json\/wp\/v2\/pages\/43"}],"wp:attachment":[{"href":"https:\/\/wp.ufpel.edu.br\/bordin\/wp-json\/wp\/v2\/media?parent=708"}],"curies":[{"name":"wp","href":"https:\/\/api.w.org\/{rel}","templated":true}]}}