{"id":1376,"date":"2023-09-22T09:06:17","date_gmt":"2023-09-22T12:06:17","guid":{"rendered":"https:\/\/wp.ufpel.edu.br\/bordin\/?page_id=1376"},"modified":"2025-04-01T12:43:08","modified_gmt":"2025-04-01T15:43:08","slug":"books-and-chapters","status":"publish","type":"page","link":"https:\/\/wp.ufpel.edu.br\/bordin\/publications\/books-and-chapters\/","title":{"rendered":"Books &#038; Chapters"},"content":{"rendered":"<ol>\n<li><span style=\"font-family: book antiqua, palatino, serif; font-size: 14pt;\"><a href=\"https:\/\/www.moriaeditora.com.br\/nossas-publicacoes\/obras-de-acesso-livre\/applied-interdisciplinary-research-integrating-information-technologies-and-health\">An Algorithm for Achieving the Spread-Out Electron Peak in the Focused VHEE Radiotherapy<\/a>. J. A, P. Fruscalso ; F.L.S. Brum, S. P. dos Santos, <strong>J. R. Bordin<\/strong><b>,<\/b>\u00a0T. A. P. Alva, A. Bonatto. In: Mellina da Silva Terres; Silvio C\u00e9sar Cazella; Alexandre Bonatto. (Org.). Applied Interdisciplinary Research: Integrating Information Technologies and Health. 1ed.Mori\u00e1 Editora: Porto Alegre, 2024, v. , p. 207-220.<\/span><\/li>\n<li><span style=\"font-family: book antiqua, palatino, serif; font-size: 14pt;\"><a href=\"https:\/\/guaiaca.ufpel.edu.br\/handle\/prefix\/14595\">Instituto de F\u00edsica e Matem\u00e1tica: 55 anos de Hist\u00f3ria na UFPel<\/a>. F. J. R. Sim\u00f5es Jr., C. P. da Costa, L. de O. Sauer ; R. Pergher, W. E. A. Rodriguez, R. Cavagnoli, A. L. A. Ferreira, A. Diehl, D. S. Hoffmann, P. C. Fantinel, L. C. Cabrera, <strong>J. R. Bordin,<\/strong> D. Buske, D. F. Rios, N. P. Angelo, J. Pavan. In: Silva, Ursula da Rosa Bandeira; Ana da Rosa Pereira; Patr\u00edcia de Borba. (Org.). <a href=\"https:\/\/guaiaca.ufpel.edu.br\/handle\/prefix\/14595\">UFPel: 55 anos de hist\u00f3ria, desafios e supera\u00e7\u00f5es<\/a>. 1ed.Pelotas: Editora UFPel, 2024, v. 23, p. 596-643.<\/span><\/li>\n<li><span style=\"font-family: book antiqua, palatino, serif; font-size: 14pt;\"><a href=\"https:\/\/wp.ufpel.edu.br\/bordin\/files\/2025\/04\/2024-Livro-_-Desinformacao-Cientifica-_-ABC.pdf\">Desafios e estrat\u00e9gias na luta contra a desinforma\u00e7\u00e3o cient\u00edfica<\/a>. Coordenadores: G. Oliva, R. Oliven, R. Lent, V. Almeida, T. Oliveira. Participantes: A. de Albuquerque, A. Paes, A. Oliveira, A. G. de Souza Filho, G. Goldman, J. Sim\u00f5es, <strong>J. R. Bordin<\/strong>, L. Massarani, P. Olsen, R. Recuero, R. Kant, R. Figaro, T. Mendes, Y. Castelfranchi. Academia Brasileira de Ci\u00eancias (2024). <\/span><\/li>\n<li><span style=\"font-family: book antiqua, palatino, serif; font-size: 14pt;\">\u00a0<a href=\"https:\/\/doi.org\/10.1016\/B978-0-12-822128-0.00002-9\">Liquid crystal polymer nanocomposites: Challenges and opportunities &#8211; Quantum, all-atom and coarse-grained molecular modeling of liquid crystal polymers<\/a>. M. H. Kohler,<em> M.B. Nolasco<\/em> and<strong>\u00a0 J. R. Bordin<\/strong>. In Liquid Crystal Polymer Nanocomposites. Ed.: P.M. Visakh, A. Semkim and Z. G. \u00d6zdemir. Woodhead Publishing\/Elsevier (2022).<\/span><\/li>\n<li><span style=\"font-size: 14pt; font-family: book antiqua, palatino, serif;\"><a href=\"https:\/\/link.springer.com\/chapter\/10.1007%2F978-3-030-72457-3_4\">Three Dimensional (3D) and Lamellar Graphene Oxide Membranes for Water Purification<\/a>. M. H. K\u00f6hler, <em>M. B. Le\u00e3o<\/em>,\u00a0 <strong>J. R. Bordin<\/strong> and C. F. de Matos.\u00a0 In Two-Dimensional (2D) Nanomaterials in Separation Science. Editor: Rasel Das. Springer International Publishing (2021).<\/span><\/li>\n<\/ol>\n<p>&nbsp;<\/p>\n","protected":false},"excerpt":{"rendered":"<p>An Algorithm for Achieving the Spread-Out Electron Peak in the Focused VHEE Radiotherapy. J. A, P. Fruscalso ; F.L.S. Brum, S. P. dos Santos, J. R. Bordin,\u00a0T. A. P. Alva, A. Bonatto. In: Mellina da Silva Terres; Silvio C\u00e9sar Cazella; Alexandre Bonatto. (Org.). Applied Interdisciplinary Research: Integrating Information Technologies and Health. 1ed.Mori\u00e1 Editora: Porto Alegre, &hellip; <\/p>\n<p><a class=\"more-link btn\" href=\"https:\/\/wp.ufpel.edu.br\/bordin\/publications\/books-and-chapters\/\">Continue reading<\/a><\/p>\n","protected":false},"author":863,"featured_media":0,"parent":18,"menu_order":0,"comment_status":"closed","ping_status":"closed","template":"","meta":{"footnotes":""},"class_list":["post-1376","page","type-page","status-publish","hentry","nodate","item-wrap"],"_links":{"self":[{"href":"https:\/\/wp.ufpel.edu.br\/bordin\/wp-json\/wp\/v2\/pages\/1376","targetHints":{"allow":["GET"]}}],"collection":[{"href":"https:\/\/wp.ufpel.edu.br\/bordin\/wp-json\/wp\/v2\/pages"}],"about":[{"href":"https:\/\/wp.ufpel.edu.br\/bordin\/wp-json\/wp\/v2\/types\/page"}],"author":[{"embeddable":true,"href":"https:\/\/wp.ufpel.edu.br\/bordin\/wp-json\/wp\/v2\/users\/863"}],"replies":[{"embeddable":true,"href":"https:\/\/wp.ufpel.edu.br\/bordin\/wp-json\/wp\/v2\/comments?post=1376"}],"version-history":[{"count":9,"href":"https:\/\/wp.ufpel.edu.br\/bordin\/wp-json\/wp\/v2\/pages\/1376\/revisions"}],"predecessor-version":[{"id":1630,"href":"https:\/\/wp.ufpel.edu.br\/bordin\/wp-json\/wp\/v2\/pages\/1376\/revisions\/1630"}],"up":[{"embeddable":true,"href":"https:\/\/wp.ufpel.edu.br\/bordin\/wp-json\/wp\/v2\/pages\/18"}],"wp:attachment":[{"href":"https:\/\/wp.ufpel.edu.br\/bordin\/wp-json\/wp\/v2\/media?parent=1376"}],"curies":[{"name":"wp","href":"https:\/\/api.w.org\/{rel}","templated":true}]}}