{"id":1142,"date":"2022-07-31T08:33:07","date_gmt":"2022-07-31T11:33:07","guid":{"rendered":"https:\/\/wp.ufpel.edu.br\/bordin\/?page_id=1142"},"modified":"2022-11-21T13:27:14","modified_gmt":"2022-11-21T16:27:14","slug":"fg3","status":"publish","type":"page","link":"https:\/\/wp.ufpel.edu.br\/bordin\/ensino\/fg3\/","title":{"rendered":"F\u00edsica Geral C"},"content":{"rendered":"<ul>\n<li>Slides:\n<ul>\n<li><a href=\"https:\/\/docs.google.com\/presentation\/d\/14GGDt5lVjHiaaV26UcHSv4YB40MgwqDAp0FSgftPrgA\/edit?usp=sharing\">Aula 00<\/a> &#8211; Apresenta\u00e7\u00e3o da Disciplina<\/li>\n<li><a href=\"https:\/\/docs.google.com\/presentation\/d\/1cfPrYCGsLp6ah23m4YjOLS3Ox5bqe8nUYZND2oAiyPk\/edit?usp=sharing\">Aula 01<\/a> &#8211; A Carga El\u00e9trica<\/li>\n<li><a href=\"https:\/\/docs.google.com\/presentation\/d\/1GABnQRTPY2jNbPd1GSiCsVxLPoHBIzOXxbEctKr4tik\/edit?usp=sharing\">Aula 02<\/a> &#8211; A Lei de Coulomb<\/li>\n<li><a href=\"https:\/\/docs.google.com\/presentation\/d\/1p3d2U1yNhiws2hw9lGIJ1qIA1nChVkJ1-SP-0U-B9Rc\/edit?usp=sharing\">Aula 03<\/a> &#8211; O Campo El\u00e9trico de cargas pontuais<\/li>\n<li><a href=\"https:\/\/docs.google.com\/presentation\/d\/1keORqXnJZ8_BnmDLVuG7b1rGwIob6VljBz1s0vrj9Jk\/edit?usp=sharing\">Aula 04<\/a> &#8211; O Campo El\u00e9trico de distribui\u00e7\u00f5es de cargas<\/li>\n<li><a href=\"https:\/\/docs.google.com\/presentation\/d\/1CM4sJZTGWqhbSu2GaBDGILaKmv6ZfwYXGQTTti9wZXY\/edit?usp=sharing\">Aula 05<\/a> &#8211; A Lei de Gauss<\/li>\n<li><a href=\"https:\/\/docs.google.com\/presentation\/d\/1sJL9uYBLuZAc8EasqXhTfn70szc_w2bqCVNno6D5ljc\/edit?usp=sharing\">Aula 06<\/a> &#8211; O Potencial Eletrost\u00e1tico<\/li>\n<li><a href=\"https:\/\/docs.google.com\/presentation\/d\/1RUp77OkrBEOzW4JRjIIj6R1srbPgjykv3Qh_ZIlvmB0\/edit?usp=sharing\">Aula 07<\/a> &#8211; Capacit\u00e2ncia e Capacitores<\/li>\n<li><a href=\"https:\/\/docs.google.com\/presentation\/d\/1UGlKP_JDiHRJkJjO3hWGChlxn-4Fi6wgfoO2xIWAtTk\/edit?usp=sharing\">Aula 08<\/a> &#8211; Corrente El\u00e9trica e Resist\u00eancia<\/li>\n<li><a href=\"https:\/\/docs.google.com\/presentation\/d\/1_6dQcTyezNkpFhEPYBXUZbhud_GpIfz36OvVbrZVpV8\/edit?usp=sharing\">Aula 09<\/a> &#8211; For\u00e7a Eletromotriz e Circuitos RC<\/li>\n<li><a href=\"https:\/\/docs.google.com\/presentation\/d\/1OiWwQUAscaLMkbJavbnFqM73FSM_yvt6ROeloAmHLqo\/edit?usp=sharing\">Aula 10<\/a> &#8211; Campo Magn\u00e9tico<\/li>\n<li><a href=\"https:\/\/docs.google.com\/presentation\/d\/11xDenTU5Es-XWmEr1SPxs4UbqKoQkY-uMtTK9OkqXdc\/edit?usp=sharing\">Aula 11<\/a> &#8211; Campos Magn\u00e9ticos gerados por Correntes El\u00e9tricas<\/li>\n<li><a href=\"https:\/\/docs.google.com\/presentation\/d\/1Rgx-XmyyMbxUxDm7lXrDp1d2JLM7YMBqm1OoDZme5Qs\/edit?usp=sharing\">Aula 12<\/a> &#8211; Lei de Faraday e Equa\u00e7\u00f5es de Maxwell<\/li>\n<li><a href=\"https:\/\/docs.google.com\/presentation\/d\/1kXtx8pqclvKDKscrdzPIlbjEyqInYKQq3Kxoaz5U_iE\/edit?usp=sharing\">Aula 13<\/a> &#8211; Indutor, Indut\u00e2ncia e Circuitos RLC<\/li>\n<li><a href=\"https:\/\/docs.google.com\/presentation\/d\/1VKIREl_ZNKCnine9RwHjMz1FDbnCzbybyl9EsqZOF_k\/edit?usp=sharing\">Aula 14<\/a> &#8211; Circuitos de Corrente Alternada<\/li>\n<\/ul>\n<\/li>\n<li>Listas de Exerc\u00edcios\n<ul>\n<li><a href=\"https:\/\/docs.google.com\/document\/d\/18v1gMTkHYZjQqr9f_KvlzzpNyLil4IcylKvpRVFA4Lg\/edit?usp=sharing\">Lista 01<\/a> &#8211; Lei de Coulomb<\/li>\n<li><a href=\"https:\/\/docs.google.com\/document\/d\/15lqXwEdaA3yS3paLnmBGxGFemwKVNO04tw_Anq9NBeg\/edit?usp=sharing\">Lista 02<\/a> &#8211; Campo El\u00e9trico<\/li>\n<li><a href=\"https:\/\/docs.google.com\/document\/d\/1zKgLviTQQ6sK7KHJ7qLMoYcYPbO8TFoAzEn5HrBOebU\/edit?usp=sharing\">Lista 03<\/a> &#8211; Lei de Gauss<\/li>\n<li><a href=\"https:\/\/docs.google.com\/document\/d\/1-izURE8CrDom3JXOs-xd86wf79lo51Zg2Xvh_e8YkaI\/edit?usp=sharing\">Lista 04<\/a> &#8211; Potencial Eletrost\u00e1tica<\/li>\n<li><a href=\"https:\/\/docs.google.com\/document\/d\/1dSDVBGsJxIpW4uiaU8vSVaZ8tZhxcZVpyCLFtDEJTFE\/edit?usp=sharing\">Lista 05<\/a> &#8211; Capacitores<\/li>\n<li><a href=\"https:\/\/docs.google.com\/document\/d\/166nzo0KVgnJ0HM54VarN8T2p7kvwrnir1aTXGE_Z9Ss\/edit?usp=sharing\">Lista 06 &#8211; Corrente El\u00e9trica e Resist\u00eancia<\/a><\/li>\n<li><a href=\"https:\/\/docs.google.com\/document\/d\/13OEXBaWNolk26JDH8YjXzkEn_Aap5lauU4I0C-DgD24\/edit?usp=sharing\">Lista 07<\/a> &#8211; Campos Magn\u00e9ticos e Cargas em Campos Magn\u00e9ticos<\/li>\n<li><a href=\"https:\/\/docs.google.com\/document\/d\/1SqlJQrWBXBB19SkpC1AzTYKZjS4Z8qsQyAvxpG2wTag\/edit?usp=sharing\">Lista 08 &#8211; Campos Magn\u00e9ticos gerados por Correntes El\u00e9tricas<\/a><\/li>\n<li><a href=\"https:\/\/docs.google.com\/document\/d\/1TWqLQ3etV0hxEdgr020ss_LsQd3CxT0WuLNpzzEdSJs\/edit?usp=sharing\">Lista 09<\/a> &#8211; Faraday, Maxwell e RLC<\/li>\n<\/ul>\n<\/li>\n<li>Avalia\u00e7\u00f5es\n<ul>\n<li><a href=\"https:\/\/docs.google.com\/document\/d\/1cW7ifPSAPsSdEEU-Gapz1xx7vrefuyfK7PfQwJNLbV8\/edit?usp=sharing\">Avalia\u00e7\u00e3o 1<\/a> &#8211; Campo e Potencial El\u00e9trico<\/li>\n<li><a href=\"https:\/\/docs.google.com\/document\/d\/1RwASwYf7Le63Ao08bu3CTUbr4PUoaDJ-Mv1N23gw75I\/edit?usp=sharing\">Avalia\u00e7\u00e3o 2<\/a> &#8211; Capacit\u00e2ncia, Corrente El\u00e9trica, Resist\u00eancia e Campos Mag\u00e9nticos<\/li>\n<\/ul>\n<\/li>\n<\/ul>\n<p>&nbsp;<\/p>\n<p>&nbsp;<\/p>\n","protected":false},"excerpt":{"rendered":"<p>Slides: Aula 00 &#8211; Apresenta\u00e7\u00e3o da Disciplina Aula 01 &#8211; A Carga El\u00e9trica Aula 02 &#8211; A Lei de Coulomb Aula 03 &#8211; O Campo El\u00e9trico de cargas pontuais Aula 04 &#8211; O Campo El\u00e9trico de distribui\u00e7\u00f5es de cargas Aula 05 &#8211; A Lei de Gauss Aula 06 &#8211; O Potencial Eletrost\u00e1tico Aula 07 &#8211; &hellip; <\/p>\n<p><a class=\"more-link btn\" href=\"https:\/\/wp.ufpel.edu.br\/bordin\/ensino\/fg3\/\">Continue reading<\/a><\/p>\n","protected":false},"author":863,"featured_media":0,"parent":43,"menu_order":0,"comment_status":"closed","ping_status":"closed","template":"","meta":{"footnotes":""},"class_list":["post-1142","page","type-page","status-publish","hentry","nodate","item-wrap"],"_links":{"self":[{"href":"https:\/\/wp.ufpel.edu.br\/bordin\/wp-json\/wp\/v2\/pages\/1142","targetHints":{"allow":["GET"]}}],"collection":[{"href":"https:\/\/wp.ufpel.edu.br\/bordin\/wp-json\/wp\/v2\/pages"}],"about":[{"href":"https:\/\/wp.ufpel.edu.br\/bordin\/wp-json\/wp\/v2\/types\/page"}],"author":[{"embeddable":true,"href":"https:\/\/wp.ufpel.edu.br\/bordin\/wp-json\/wp\/v2\/users\/863"}],"replies":[{"embeddable":true,"href":"https:\/\/wp.ufpel.edu.br\/bordin\/wp-json\/wp\/v2\/comments?post=1142"}],"version-history":[{"count":21,"href":"https:\/\/wp.ufpel.edu.br\/bordin\/wp-json\/wp\/v2\/pages\/1142\/revisions"}],"predecessor-version":[{"id":1195,"href":"https:\/\/wp.ufpel.edu.br\/bordin\/wp-json\/wp\/v2\/pages\/1142\/revisions\/1195"}],"up":[{"embeddable":true,"href":"https:\/\/wp.ufpel.edu.br\/bordin\/wp-json\/wp\/v2\/pages\/43"}],"wp:attachment":[{"href":"https:\/\/wp.ufpel.edu.br\/bordin\/wp-json\/wp\/v2\/media?parent=1142"}],"curies":[{"name":"wp","href":"https:\/\/api.w.org\/{rel}","templated":true}]}}