{"id":73,"date":"2016-05-31T20:07:08","date_gmt":"2016-05-31T23:07:08","guid":{"rendered":"https:\/\/wp.ufpel.edu.br\/bocabocasaudavel\/?page_id=73"},"modified":"2019-12-03T10:32:22","modified_gmt":"2019-12-03T13:32:22","slug":"videos","status":"publish","type":"page","link":"https:\/\/wp.ufpel.edu.br\/bocabocasaudavel\/videos\/","title":{"rendered":"V\u00eddeos"},"content":{"rendered":"<p><strong><span style=\"color: #339966;font-size: 14pt\">Apresenta\u00e7\u00e3o Projeto Boca Boca Saud\u00e1vel<\/span><\/strong><\/p>\n<div class=\"embed-container\"><iframe loading=\"lazy\" title=\"Apresenta\u00e7\u00e3o Projeto Boca Boca Saud\u00e1vel\" width=\"750\" height=\"422\" src=\"https:\/\/www.youtube.com\/embed\/tVXyYFR0oj0?feature=oembed\" frameborder=\"0\" allow=\"accelerometer; autoplay; encrypted-media; gyroscope; picture-in-picture\" allowfullscreen><\/iframe><\/div>\n<p>&nbsp;<\/p>\n<p><span style=\"font-size: 14pt;color: #339966\"><strong>Depoimento &#8211; Pai do Daniel<\/strong><\/span><\/p>\n<div class=\"embed-container\"><iframe loading=\"lazy\" title=\"Depoimento - Pai do Daniel \/Projeto Boca Boca Saud\u00e1vel\" width=\"750\" height=\"422\" src=\"https:\/\/www.youtube.com\/embed\/KF_2v-ZYJ_4?feature=oembed\" frameborder=\"0\" allow=\"accelerometer; autoplay; encrypted-media; gyroscope; picture-in-picture\" allowfullscreen><\/iframe><\/div>\n<p>&nbsp;<\/p>\n<p><span style=\"color: #339966\"><strong><span style=\"font-size: 14pt\">Depoimento Simone &#8211; M\u00e3e da Bianca<\/span><\/strong><\/span><\/p>\n<div class=\"embed-container\"><iframe loading=\"lazy\" title=\"Depoimento Simone - M\u00e3e da Bianca \/Projeto Boca Boca Saud\u00e1vel\" width=\"750\" height=\"422\" src=\"https:\/\/www.youtube.com\/embed\/3XOVBlwuYd4?feature=oembed\" frameborder=\"0\" allow=\"accelerometer; autoplay; encrypted-media; gyroscope; picture-in-picture\" allowfullscreen><\/iframe><\/div>\n<p>&nbsp;<\/p>\n<p><strong><span style=\"font-size: 14pt;color: #339966\">Depoimento Patricia &#8211; M\u00e3e da Rayane<\/span><\/strong><\/p>\n<div class=\"embed-container\"><iframe loading=\"lazy\" title=\"Depoimento Patricia - M\u00e3e da Rayane \/Projeto Boca Boca Saud\u00e1vel\" width=\"750\" height=\"422\" src=\"https:\/\/www.youtube.com\/embed\/PVJkwS4vN_U?feature=oembed\" frameborder=\"0\" allow=\"accelerometer; autoplay; encrypted-media; gyroscope; picture-in-picture\" allowfullscreen><\/iframe><\/div>\n<p>&nbsp;<\/p>\n<p><span style=\"font-size: 14pt\"><strong><span style=\"color: #339966\">Depoimento Karen &#8211; M\u00e3e da Duda<\/span><\/strong><\/span><\/p>\n<div class=\"embed-container\"><iframe loading=\"lazy\" title=\"Depoimento Karen -  M\u00e3e da Duda \/Boca Boca Saud\u00e1vel\" width=\"750\" height=\"422\" src=\"https:\/\/www.youtube.com\/embed\/47txspBmXbc?feature=oembed\" frameborder=\"0\" allow=\"accelerometer; autoplay; encrypted-media; gyroscope; picture-in-picture\" allowfullscreen><\/iframe><\/div>\n<p>&nbsp;<\/p>\n<p><span style=\"font-size: 14pt\"><strong><span style=\"color: #339966\">Depoimento Renata e Valmir &#8211; Pais da Isadora<\/span><\/strong><\/span><\/p>\n<div class=\"embed-container\"><iframe loading=\"lazy\" title=\"Depoimento Renata e Valmir - Pais da Isadora \/Boca Boca Saud\u00e1vel\" width=\"750\" height=\"422\" src=\"https:\/\/www.youtube.com\/embed\/dyvzq-SlL-A?feature=oembed\" frameborder=\"0\" allow=\"accelerometer; autoplay; encrypted-media; gyroscope; picture-in-picture\" allowfullscreen><\/iframe><\/div>\n<p>&nbsp;<\/p>\n<p><span style=\"font-size: 14pt\"><strong><span style=\"color: #339966\">Depoimento Let\u00edcia &#8211; M\u00e3e da Lirith<\/span><\/strong><\/span><\/p>\n<div class=\"embed-container\"><iframe loading=\"lazy\" title=\"Depoimento Let\u00edcia  - M\u00e3e da Lirith \/Projeto Boca Boca Saud\u00e1vel\" width=\"750\" height=\"422\" src=\"https:\/\/www.youtube.com\/embed\/BSZ6NWYFv9w?feature=oembed\" frameborder=\"0\" allow=\"accelerometer; autoplay; encrypted-media; gyroscope; picture-in-picture\" allowfullscreen><\/iframe><\/div>\n","protected":false},"excerpt":{"rendered":"<p>Apresenta\u00e7\u00e3o Projeto Boca Boca Saud\u00e1vel &nbsp; Depoimento &#8211; Pai do Daniel &nbsp; Depoimento Simone &#8211; M\u00e3e da Bianca &nbsp; Depoimento Patricia &#8211; M\u00e3e da Rayane &nbsp; Depoimento Karen &#8211; M\u00e3e da Duda &nbsp; Depoimento Renata e Valmir &#8211; Pais da Isadora &nbsp; Depoimento Let\u00edcia &#8211; M\u00e3e da Lirith<\/p>\n","protected":false},"author":649,"featured_media":0,"parent":0,"menu_order":0,"comment_status":"closed","ping_status":"closed","template":"","meta":{"footnotes":""},"class_list":["post-73","page","type-page","status-publish","hentry","nodate","item-wrap"],"_links":{"self":[{"href":"https:\/\/wp.ufpel.edu.br\/bocabocasaudavel\/wp-json\/wp\/v2\/pages\/73","targetHints":{"allow":["GET"]}}],"collection":[{"href":"https:\/\/wp.ufpel.edu.br\/bocabocasaudavel\/wp-json\/wp\/v2\/pages"}],"about":[{"href":"https:\/\/wp.ufpel.edu.br\/bocabocasaudavel\/wp-json\/wp\/v2\/types\/page"}],"author":[{"embeddable":true,"href":"https:\/\/wp.ufpel.edu.br\/bocabocasaudavel\/wp-json\/wp\/v2\/users\/649"}],"replies":[{"embeddable":true,"href":"https:\/\/wp.ufpel.edu.br\/bocabocasaudavel\/wp-json\/wp\/v2\/comments?post=73"}],"version-history":[{"count":8,"href":"https:\/\/wp.ufpel.edu.br\/bocabocasaudavel\/wp-json\/wp\/v2\/pages\/73\/revisions"}],"predecessor-version":[{"id":414,"href":"https:\/\/wp.ufpel.edu.br\/bocabocasaudavel\/wp-json\/wp\/v2\/pages\/73\/revisions\/414"}],"wp:attachment":[{"href":"https:\/\/wp.ufpel.edu.br\/bocabocasaudavel\/wp-json\/wp\/v2\/media?parent=73"}],"curies":[{"name":"wp","href":"https:\/\/api.w.org\/{rel}","templated":true}]}}