{"id":70,"date":"2016-05-31T20:06:41","date_gmt":"2016-05-31T23:06:41","guid":{"rendered":"https:\/\/wp.ufpel.edu.br\/bocabocasaudavel\/?page_id=70"},"modified":"2016-11-24T19:20:29","modified_gmt":"2016-11-24T21:20:29","slug":"fotos","status":"publish","type":"page","link":"https:\/\/wp.ufpel.edu.br\/bocabocasaudavel\/fotos\/","title":{"rendered":"Fotos"},"content":{"rendered":"<p>&nbsp;<\/p>\n\n\t\t<style type=\"text\/css\">\n\t\t\t#gallery-1 {\n\t\t\t\tmargin: auto;\n\t\t\t}\n\t\t\t#gallery-1 .gallery-item {\n\t\t\t\tfloat: left;\n\t\t\t\tmargin-top: 10px;\n\t\t\t\ttext-align: center;\n\t\t\t\twidth: 33%;\n\t\t\t}\n\t\t\t#gallery-1 img {\n\t\t\t\tborder: 2px solid #cfcfcf;\n\t\t\t}\n\t\t\t#gallery-1 .gallery-caption {\n\t\t\t\tmargin-left: 0;\n\t\t\t}\n\t\t\t\/* see gallery_shortcode() in wp-includes\/media.php *\/\n\t\t<\/style>\n\t\t<div id='gallery-1' class='gallery galleryid-70 gallery-columns-3 gallery-size-thumbnail'><dl class='gallery-item'>\n\t\t\t<dt class='gallery-icon landscape'>\n\t\t\t\t<a href='https:\/\/wp.ufpel.edu.br\/bocabocasaudavel\/files\/2016\/09\/equipe-2.jpg'><img loading=\"lazy\" decoding=\"async\" width=\"212\" height=\"103\" src=\"https:\/\/wp.ufpel.edu.br\/bocabocasaudavel\/files\/2016\/09\/equipe-2-212x103.jpg\" class=\"attachment-thumbnail size-thumbnail\" alt=\"\" aria-describedby=\"gallery-1-227\" srcset=\"https:\/\/wp.ufpel.edu.br\/bocabocasaudavel\/files\/2016\/09\/equipe-2-212x103.jpg 212w, https:\/\/wp.ufpel.edu.br\/bocabocasaudavel\/files\/2016\/09\/equipe-2-424x205.jpg 424w, https:\/\/wp.ufpel.edu.br\/bocabocasaudavel\/files\/2016\/09\/equipe-2-768x372.jpg 768w, https:\/\/wp.ufpel.edu.br\/bocabocasaudavel\/files\/2016\/09\/equipe-2.jpg 894w\" sizes=\"auto, (max-width: 212px) 100vw, 212px\" \/><\/a>\n\t\t\t<\/dt>\n\t\t\t\t<dd class='wp-caption-text gallery-caption' id='gallery-1-227'>\n\t\t\t\tEquipe boca boca saud\u00e1vel!\n\t\t\t\t<\/dd><\/dl><dl class='gallery-item'>\n\t\t\t<dt class='gallery-icon portrait'>\n\t\t\t\t<a href='https:\/\/wp.ufpel.edu.br\/bocabocasaudavel\/files\/2016\/09\/IMG_6427-e1479851525264.jpg'><img loading=\"lazy\" decoding=\"async\" width=\"119\" height=\"159\" src=\"https:\/\/wp.ufpel.edu.br\/bocabocasaudavel\/files\/2016\/09\/IMG_6427-e1479851525264-119x159.jpg\" class=\"attachment-thumbnail size-thumbnail\" alt=\"\" aria-describedby=\"gallery-1-192\" srcset=\"https:\/\/wp.ufpel.edu.br\/bocabocasaudavel\/files\/2016\/09\/IMG_6427-e1479851525264-119x159.jpg 119w, https:\/\/wp.ufpel.edu.br\/bocabocasaudavel\/files\/2016\/09\/IMG_6427-e1479851525264-239x318.jpg 239w, https:\/\/wp.ufpel.edu.br\/bocabocasaudavel\/files\/2016\/09\/IMG_6427-e1479851525264-768x1024.jpg 768w\" sizes=\"auto, (max-width: 119px) 100vw, 119px\" \/><\/a>\n\t\t\t<\/dt>\n\t\t\t\t<dd class='wp-caption-text gallery-caption' id='gallery-1-192'>\n\t\t\t\tPrimeira consulta odontol\u00f3gica.\n\t\t\t\t<\/dd><\/dl><dl class='gallery-item'>\n\t\t\t<dt class='gallery-icon landscape'>\n\t\t\t\t<a href='https:\/\/wp.ufpel.edu.br\/bocabocasaudavel\/files\/2016\/09\/IMG_6370.jpg'><img loading=\"lazy\" decoding=\"async\" width=\"212\" height=\"159\" src=\"https:\/\/wp.ufpel.edu.br\/bocabocasaudavel\/files\/2016\/09\/IMG_6370-212x159.jpg\" class=\"attachment-thumbnail size-thumbnail\" alt=\"\" aria-describedby=\"gallery-1-190\" srcset=\"https:\/\/wp.ufpel.edu.br\/bocabocasaudavel\/files\/2016\/09\/IMG_6370-212x159.jpg 212w, https:\/\/wp.ufpel.edu.br\/bocabocasaudavel\/files\/2016\/09\/IMG_6370-424x318.jpg 424w, https:\/\/wp.ufpel.edu.br\/bocabocasaudavel\/files\/2016\/09\/IMG_6370-768x576.jpg 768w, https:\/\/wp.ufpel.edu.br\/bocabocasaudavel\/files\/2016\/09\/IMG_6370.jpg 1280w\" sizes=\"auto, (max-width: 212px) 100vw, 212px\" \/><\/a>\n\t\t\t<\/dt>\n\t\t\t\t<dd class='wp-caption-text gallery-caption' id='gallery-1-190'>\n\t\t\t\tCapacita\u00e7\u00f5es de profissionais de sa\u00fade nas Unidades B\u00e1sicas de Sa\u00fade que atuam.\n\t\t\t\t<\/dd><\/dl><br style=\"clear: both\" \/><dl class='gallery-item'>\n\t\t\t<dt class='gallery-icon landscape'>\n\t\t\t\t<a href='https:\/\/wp.ufpel.edu.br\/bocabocasaudavel\/files\/2016\/09\/IMG_7528-1.jpg'><img loading=\"lazy\" decoding=\"async\" width=\"212\" height=\"159\" src=\"https:\/\/wp.ufpel.edu.br\/bocabocasaudavel\/files\/2016\/09\/IMG_7528-1-212x159.jpg\" class=\"attachment-thumbnail size-thumbnail\" alt=\"\" aria-describedby=\"gallery-1-186\" srcset=\"https:\/\/wp.ufpel.edu.br\/bocabocasaudavel\/files\/2016\/09\/IMG_7528-1-212x159.jpg 212w, https:\/\/wp.ufpel.edu.br\/bocabocasaudavel\/files\/2016\/09\/IMG_7528-1-424x318.jpg 424w, https:\/\/wp.ufpel.edu.br\/bocabocasaudavel\/files\/2016\/09\/IMG_7528-1-768x576.jpg 768w\" sizes=\"auto, (max-width: 212px) 100vw, 212px\" \/><\/a>\n\t\t\t<\/dt>\n\t\t\t\t<dd class='wp-caption-text gallery-caption' id='gallery-1-186'>\n\t\t\t\tAtividade coletiva educativa e preventiva para as crian\u00e7as e suas fam\u00edlias na Unidade B\u00e1sica de Sa\u00fade.\n\t\t\t\t<\/dd><\/dl><dl class='gallery-item'>\n\t\t\t<dt class='gallery-icon portrait'>\n\t\t\t\t<a href='https:\/\/wp.ufpel.edu.br\/bocabocasaudavel\/files\/2016\/06\/IMG_1105-1.jpg'><img loading=\"lazy\" decoding=\"async\" width=\"119\" height=\"159\" src=\"https:\/\/wp.ufpel.edu.br\/bocabocasaudavel\/files\/2016\/06\/IMG_1105-1-119x159.jpg\" class=\"attachment-thumbnail size-thumbnail\" alt=\"\" aria-describedby=\"gallery-1-143\" srcset=\"https:\/\/wp.ufpel.edu.br\/bocabocasaudavel\/files\/2016\/06\/IMG_1105-1-119x159.jpg 119w, https:\/\/wp.ufpel.edu.br\/bocabocasaudavel\/files\/2016\/06\/IMG_1105-1-239x318.jpg 239w, https:\/\/wp.ufpel.edu.br\/bocabocasaudavel\/files\/2016\/06\/IMG_1105-1-768x1024.jpg 768w, https:\/\/wp.ufpel.edu.br\/bocabocasaudavel\/files\/2016\/06\/IMG_1105-1.jpg 960w\" sizes=\"auto, (max-width: 119px) 100vw, 119px\" \/><\/a>\n\t\t\t<\/dt>\n\t\t\t\t<dd class='wp-caption-text gallery-caption' id='gallery-1-143'>\n\t\t\t\tTrocando a mamadeira por um copo transit\u00f3rio!\n\t\t\t\t<\/dd><\/dl>\n\t\t\t<br style='clear: both' \/>\n\t\t<\/div>\n\n<p>&nbsp;<\/p>\n<p>&nbsp;<\/p>\n<p>&nbsp;<\/p>\n<p>&nbsp;<\/p>\n","protected":false},"excerpt":{"rendered":"<p>&nbsp; &nbsp; &nbsp; &nbsp; &nbsp;<\/p>\n","protected":false},"author":649,"featured_media":0,"parent":0,"menu_order":0,"comment_status":"closed","ping_status":"closed","template":"","meta":{"footnotes":""},"class_list":["post-70","page","type-page","status-publish","hentry","nodate","item-wrap"],"_links":{"self":[{"href":"https:\/\/wp.ufpel.edu.br\/bocabocasaudavel\/wp-json\/wp\/v2\/pages\/70","targetHints":{"allow":["GET"]}}],"collection":[{"href":"https:\/\/wp.ufpel.edu.br\/bocabocasaudavel\/wp-json\/wp\/v2\/pages"}],"about":[{"href":"https:\/\/wp.ufpel.edu.br\/bocabocasaudavel\/wp-json\/wp\/v2\/types\/page"}],"author":[{"embeddable":true,"href":"https:\/\/wp.ufpel.edu.br\/bocabocasaudavel\/wp-json\/wp\/v2\/users\/649"}],"replies":[{"embeddable":true,"href":"https:\/\/wp.ufpel.edu.br\/bocabocasaudavel\/wp-json\/wp\/v2\/comments?post=70"}],"version-history":[{"count":9,"href":"https:\/\/wp.ufpel.edu.br\/bocabocasaudavel\/wp-json\/wp\/v2\/pages\/70\/revisions"}],"predecessor-version":[{"id":267,"href":"https:\/\/wp.ufpel.edu.br\/bocabocasaudavel\/wp-json\/wp\/v2\/pages\/70\/revisions\/267"}],"wp:attachment":[{"href":"https:\/\/wp.ufpel.edu.br\/bocabocasaudavel\/wp-json\/wp\/v2\/media?parent=70"}],"curies":[{"name":"wp","href":"https:\/\/api.w.org\/{rel}","templated":true}]}}