{"id":204,"date":"2016-09-03T16:30:33","date_gmt":"2016-09-03T19:30:33","guid":{"rendered":"https:\/\/wp.ufpel.edu.br\/bocabocasaudavel\/?page_id=204"},"modified":"2016-12-08T10:01:34","modified_gmt":"2016-12-08T12:01:34","slug":"publicacoes-do-projeto","status":"publish","type":"page","link":"https:\/\/wp.ufpel.edu.br\/bocabocasaudavel\/publicacoes-do-projeto\/","title":{"rendered":"Publica\u00e7\u00f5es do projeto"},"content":{"rendered":"<p>Vieira CC, Menegaz A, Pereira CR, Barbosa LF, Cascaes AM. Conhecimento e comportamentos de m\u00e3es de crian\u00e7as de 0 a 3 anos de idade sobre o uso do dentifr\u00edcio fluoretado na primeira inf\u00e2ncia. Congresso Internacional de Odontologia de S\u00e3o Paulo. Ano de 2016.<\/p>\n<p>Soares A, Kelermann S, Menegaz AM, Cascaes AM. An\u00e1lise dos conhecimentos maternos relacionados com a sa\u00fade bucal na primeira inf\u00e2ncia e fatores associados. Congresso Odontol\u00f3gico Rio-Grandense. Ano de 2016.<\/p>\n<p>Corral MC, Correa PG, Camargo MBJ, Cascaes AM. Por quais motivos as crian\u00e7as de 0 a 3 anos de idade utilizam ou n\u00e3o os servi\u00e7os odontol\u00f3gicos? Congresso Odontol\u00f3gico Rio-Grandense. Ano de 2016.<\/p>\n<p>Menegaz AM, Dotto L, Cascaes AM. Preven\u00e7\u00e3o de c\u00e1rie na primeira inf\u00e2ncia e redu\u00e7\u00e3o de iniquidades em sa\u00fade: impacto de um programa para promo\u00e7\u00e3o da sa\u00fade bucal. Sociedade Brasileira de Pesquisa Odontol\u00f3gica. Ano de 2016.<\/p>\n<p>Cascaes, AM; Menegaz AM; Quevedo LA. Implementation of a multilevel oral health promotion intervention in Brazil: the <em>Boca boca saud\u00e1vel <\/em>study. Sociedade Brasileira de Pesquisa Odontol\u00f3gica. Ano de 2016.<\/p>\n<p>Dotto L, Menegaz AM, Silva, AER, Cascaes AM. Promo\u00e7\u00e3o da sa\u00fade bucal na primeira inf\u00e2ncia: mudan\u00e7as nas pr\u00e1ticas de equipes multiprofissionais de sa\u00fade ap\u00f3s capacita\u00e7\u00f5es. Sociedade Brasileira de Pesquisa Odontol\u00f3gica. Ano de 2016.<\/p>\n<p>Kellerman S, Gouveia P, Corral MC, Menegaz AM, Cascaes AM. Projeto \u201cBoca boca saud\u00e1vel\u201d: apresenta\u00e7\u00e3o das a\u00e7\u00f5es e indicadores de resultados. Semana Acad\u00eamica Odontol\u00f3gica. Ano de 2016.<\/p>\n<p>Silva NRJ, Caetano JP, Menegaz AM, Kasper E, Cascaes AM. Sa\u00fade bucal e alimenta\u00e7\u00e3o saud\u00e1vel na primeira inf\u00e2ncia: orienta\u00e7\u00f5es recebidas por m\u00e3es de crian\u00e7as na aten\u00e7\u00e3o prim\u00e1ria. Semana Acad\u00eamica Odontol\u00f3gica. Ano de 2016.<\/p>\n<p>Silva NRJ, Cascaes AM. A t\u00e9cnica de entrevista motivacional aplicada na odontologia: Um relato de experi\u00eancia. Semana Acad\u00eamica Odontol\u00f3gica. Ano de 2016.<\/p>\n<p>Correa PG, Corral MC, Kellermann S, da Silva NRJ, Menegaz AM, Cascaes AM. Boca boca saud\u00e1vel: ensino, pesquisa e extens\u00e3o na aten\u00e7\u00e3o em sa\u00fade bucal de crian\u00e7as cadastradas em unidades b\u00e1sicas de sa\u00fade de Pelotas, RS. Semana Integrada de Pesquisa, Ensino e Extens\u00e3o da UFPel. Ano de 2016.<\/p>\n<p>Menegaz AM, Silva AER, Muniz LC, Quevedo L, Cascaes AM. Metodologia e resultados da linha de base de um estudo de interven\u00e7\u00e3o comunit\u00e1ria voltado para promo\u00e7\u00e3o da sa\u00fade bucal de crian\u00e7as. Semana Integrada de Pesquisa, Ensino e Extens\u00e3o da UFPel. Ano de 2016.<\/p>\n<p>Corral MC, Correa PG, Soares AA, Kasper E, Cascaes AM. Resultados de uma estrat\u00e9gia de busca ativa de crian\u00e7as faltosas as atividades do projeto Boca boca saud\u00e1vel. Semana Integrada de Pesquisa, Ensino e Extens\u00e3o da UFPel. Ano de 2016.<\/p>\n<p>Kellermann S, Dotto L, Menegaz AM, Quevedo L, Muniz LC, Cascaes AM. Promo\u00e7\u00e3o de sa\u00fade bucal na primeira inf\u00e2ncia e a import\u00e2ncia de capacita\u00e7\u00f5es para profissionais de sa\u00fade da aten\u00e7\u00e3o prim\u00e1ria. Semana Integrada de Ensino, Pesquisa e Extens\u00e3o da UFPel. Ano de 2016.<\/p>\n<p>Dotto L, Menegaz AM, Silva AER, Muniz LC, Quevedo L, Cascaes AM.\u00a0 promo\u00e7\u00e3o da sa\u00fade bucal na primeira inf\u00e2ncia: pr\u00e1ticas de equipes multiprofissionais de sa\u00fade ap\u00f3s capacita\u00e7\u00f5es. Semana Integrada de Ensino, Pesquisa e Extens\u00e3o da UFPel. Ano de 2016.<\/p>\n<p>Silva NRJ, Cascaes AM. O ensino da t\u00e9cnica de entrevista motivacional para estudantes de gradua\u00e7\u00e3o em odontologia. Semana Integrada de Ensino, Pesquisa e Extens\u00e3o da UFPel. Ano de 2016.<\/p>\n","protected":false},"excerpt":{"rendered":"<p>Vieira CC, Menegaz A, Pereira CR, Barbosa LF, Cascaes AM. Conhecimento e comportamentos de m\u00e3es de crian\u00e7as de 0 a 3 anos de idade sobre o uso do dentifr\u00edcio fluoretado na primeira inf\u00e2ncia. Congresso Internacional de Odontologia de S\u00e3o Paulo. Ano de 2016. Soares A, Kelermann S, Menegaz AM, Cascaes AM. An\u00e1lise dos conhecimentos maternos &hellip; <\/p>\n<p><a class=\"more-link btn\" href=\"https:\/\/wp.ufpel.edu.br\/bocabocasaudavel\/publicacoes-do-projeto\/\">Continue lendo<\/a><\/p>\n","protected":false},"author":649,"featured_media":0,"parent":0,"menu_order":0,"comment_status":"closed","ping_status":"closed","template":"","meta":{"footnotes":""},"class_list":["post-204","page","type-page","status-publish","hentry","nodate","item-wrap"],"_links":{"self":[{"href":"https:\/\/wp.ufpel.edu.br\/bocabocasaudavel\/wp-json\/wp\/v2\/pages\/204","targetHints":{"allow":["GET"]}}],"collection":[{"href":"https:\/\/wp.ufpel.edu.br\/bocabocasaudavel\/wp-json\/wp\/v2\/pages"}],"about":[{"href":"https:\/\/wp.ufpel.edu.br\/bocabocasaudavel\/wp-json\/wp\/v2\/types\/page"}],"author":[{"embeddable":true,"href":"https:\/\/wp.ufpel.edu.br\/bocabocasaudavel\/wp-json\/wp\/v2\/users\/649"}],"replies":[{"embeddable":true,"href":"https:\/\/wp.ufpel.edu.br\/bocabocasaudavel\/wp-json\/wp\/v2\/comments?post=204"}],"version-history":[{"count":5,"href":"https:\/\/wp.ufpel.edu.br\/bocabocasaudavel\/wp-json\/wp\/v2\/pages\/204\/revisions"}],"predecessor-version":[{"id":342,"href":"https:\/\/wp.ufpel.edu.br\/bocabocasaudavel\/wp-json\/wp\/v2\/pages\/204\/revisions\/342"}],"wp:attachment":[{"href":"https:\/\/wp.ufpel.edu.br\/bocabocasaudavel\/wp-json\/wp\/v2\/media?parent=204"}],"curies":[{"name":"wp","href":"https:\/\/api.w.org\/{rel}","templated":true}]}}