{"id":150,"date":"2016-09-03T15:03:37","date_gmt":"2016-09-03T18:03:37","guid":{"rendered":"https:\/\/wp.ufpel.edu.br\/bocabocasaudavel\/?page_id=150"},"modified":"2016-11-30T22:22:22","modified_gmt":"2016-12-01T00:22:22","slug":"atividades-do-projeto","status":"publish","type":"page","link":"https:\/\/wp.ufpel.edu.br\/bocabocasaudavel\/atividades-do-projeto\/","title":{"rendered":"Atividades do projeto"},"content":{"rendered":"<p style=\"text-align: justify\"><strong>Ensino<\/strong><\/p>\n<p style=\"text-align: justify\">Envolvem a\u00e7\u00f5es de treinamento te\u00f3rico e pr\u00e1tico para acad\u00eamicos da Universidade Federal de Pelotas.\u00a0 Os principais temas s\u00e3o promo\u00e7\u00e3o da sa\u00fade na estrat\u00e9gia de sa\u00fade da fam\u00edlia, sa\u00fade bucal na primeira inf\u00e2ncia, alimenta\u00e7\u00e3o saud\u00e1vel na primeira inf\u00e2ncia, desenvolvimento psicossocial na primeira inf\u00e2ncia, o uso de abordagens psicol\u00f3gicas com as fam\u00edlias das crian\u00e7as, monitoramento e avalia\u00e7\u00e3o de a\u00e7\u00f5es.<\/p>\n<div id=\"attachment_190\" style=\"width: 424px\" class=\"wp-caption aligncenter\"><img loading=\"lazy\" decoding=\"async\" aria-describedby=\"caption-attachment-190\" class=\"size-medium wp-image-190\" src=\"https:\/\/wp.ufpel.edu.br\/bocabocasaudavel\/files\/2016\/09\/IMG_6370-424x318.jpg\" alt=\"Capacita\u00e7\u00f5es de profissionais de sa\u00fade nas Unidades B\u00e1sicas de Sa\u00fade que atuam.\" width=\"424\" height=\"318\" srcset=\"https:\/\/wp.ufpel.edu.br\/bocabocasaudavel\/files\/2016\/09\/IMG_6370-424x318.jpg 424w, https:\/\/wp.ufpel.edu.br\/bocabocasaudavel\/files\/2016\/09\/IMG_6370-212x159.jpg 212w, https:\/\/wp.ufpel.edu.br\/bocabocasaudavel\/files\/2016\/09\/IMG_6370-768x576.jpg 768w, https:\/\/wp.ufpel.edu.br\/bocabocasaudavel\/files\/2016\/09\/IMG_6370.jpg 1280w\" sizes=\"auto, (max-width: 424px) 100vw, 424px\" \/><p id=\"caption-attachment-190\" class=\"wp-caption-text\">Capacita\u00e7\u00f5es de profissionais de sa\u00fade nas Unidades B\u00e1sicas de Sa\u00fade que atuam.<\/p><\/div>\n<p style=\"text-align: justify\"><strong>Extens\u00e3o<\/strong><\/p>\n<p style=\"text-align: justify\">Incluem a\u00e7\u00f5es desenvolvidas nas Unidades B\u00e1sicas de Sa\u00fade e comunidades, tais como visitas domiciliares com foco na educa\u00e7\u00e3o em sa\u00fade da fam\u00edlia das crian\u00e7as; atividades coletivas educativas e preventivas; acompanhamento cl\u00ednico odontol\u00f3gico das crian\u00e7as; oficinas de capacita\u00e7\u00f5es com os profissionais de sa\u00fade; produ\u00e7\u00e3o materiais educativos em sa\u00fade impressos e audiovisuais para o trabalho com as crian\u00e7as e suas fam\u00edlias.<\/p>\n<p><img loading=\"lazy\" decoding=\"async\" class=\"size-medium wp-image-189 aligncenter\" src=\"https:\/\/wp.ufpel.edu.br\/bocabocasaudavel\/files\/2016\/09\/IMG_6051-424x239.jpg\" alt=\"IMG_6051\" width=\"424\" height=\"239\" srcset=\"https:\/\/wp.ufpel.edu.br\/bocabocasaudavel\/files\/2016\/09\/IMG_6051-424x239.jpg 424w, https:\/\/wp.ufpel.edu.br\/bocabocasaudavel\/files\/2016\/09\/IMG_6051-212x119.jpg 212w, https:\/\/wp.ufpel.edu.br\/bocabocasaudavel\/files\/2016\/09\/IMG_6051-768x432.jpg 768w, https:\/\/wp.ufpel.edu.br\/bocabocasaudavel\/files\/2016\/09\/IMG_6051.jpg 1600w\" sizes=\"auto, (max-width: 424px) 100vw, 424px\" \/><\/p>\n<p style=\"text-align: justify\"><strong>Pesquisa<\/strong><\/p>\n<p style=\"text-align: justify\">Ferramentas de pesquisa est\u00e3o sendo utilizadas para avaliar a efetividade do projeto na melhoria da sa\u00fade bucal das crian\u00e7as e suas fam\u00edlias e nas pr\u00e1ticas dos profissionais de sa\u00fade.<\/p>\n<p style=\"text-align: justify\"><img loading=\"lazy\" decoding=\"async\" class=\"size-medium wp-image-197 aligncenter\" src=\"https:\/\/wp.ufpel.edu.br\/bocabocasaudavel\/files\/2016\/09\/IMG_3693-424x318.jpg\" alt=\"IMG_3693\" width=\"424\" height=\"318\" srcset=\"https:\/\/wp.ufpel.edu.br\/bocabocasaudavel\/files\/2016\/09\/IMG_3693-424x318.jpg 424w, https:\/\/wp.ufpel.edu.br\/bocabocasaudavel\/files\/2016\/09\/IMG_3693-212x159.jpg 212w, https:\/\/wp.ufpel.edu.br\/bocabocasaudavel\/files\/2016\/09\/IMG_3693-768x576.jpg 768w, https:\/\/wp.ufpel.edu.br\/bocabocasaudavel\/files\/2016\/09\/IMG_3693.jpg 1600w\" sizes=\"auto, (max-width: 424px) 100vw, 424px\" \/><\/p>\n","protected":false},"excerpt":{"rendered":"<p>Ensino Envolvem a\u00e7\u00f5es de treinamento te\u00f3rico e pr\u00e1tico para acad\u00eamicos da Universidade Federal de Pelotas.\u00a0 Os principais temas s\u00e3o promo\u00e7\u00e3o da sa\u00fade na estrat\u00e9gia de sa\u00fade da fam\u00edlia, sa\u00fade bucal na primeira inf\u00e2ncia, alimenta\u00e7\u00e3o saud\u00e1vel na primeira inf\u00e2ncia, desenvolvimento psicossocial na primeira inf\u00e2ncia, o uso de abordagens psicol\u00f3gicas com as fam\u00edlias das crian\u00e7as, monitoramento e &hellip; <\/p>\n<p><a class=\"more-link btn\" href=\"https:\/\/wp.ufpel.edu.br\/bocabocasaudavel\/atividades-do-projeto\/\">Continue lendo<\/a><\/p>\n","protected":false},"author":649,"featured_media":0,"parent":0,"menu_order":0,"comment_status":"closed","ping_status":"closed","template":"","meta":{"footnotes":""},"class_list":["post-150","page","type-page","status-publish","hentry","nodate","item-wrap"],"_links":{"self":[{"href":"https:\/\/wp.ufpel.edu.br\/bocabocasaudavel\/wp-json\/wp\/v2\/pages\/150","targetHints":{"allow":["GET"]}}],"collection":[{"href":"https:\/\/wp.ufpel.edu.br\/bocabocasaudavel\/wp-json\/wp\/v2\/pages"}],"about":[{"href":"https:\/\/wp.ufpel.edu.br\/bocabocasaudavel\/wp-json\/wp\/v2\/types\/page"}],"author":[{"embeddable":true,"href":"https:\/\/wp.ufpel.edu.br\/bocabocasaudavel\/wp-json\/wp\/v2\/users\/649"}],"replies":[{"embeddable":true,"href":"https:\/\/wp.ufpel.edu.br\/bocabocasaudavel\/wp-json\/wp\/v2\/comments?post=150"}],"version-history":[{"count":8,"href":"https:\/\/wp.ufpel.edu.br\/bocabocasaudavel\/wp-json\/wp\/v2\/pages\/150\/revisions"}],"predecessor-version":[{"id":327,"href":"https:\/\/wp.ufpel.edu.br\/bocabocasaudavel\/wp-json\/wp\/v2\/pages\/150\/revisions\/327"}],"wp:attachment":[{"href":"https:\/\/wp.ufpel.edu.br\/bocabocasaudavel\/wp-json\/wp\/v2\/media?parent=150"}],"curies":[{"name":"wp","href":"https:\/\/api.w.org\/{rel}","templated":true}]}}