{"id":413,"date":"2018-10-19T18:02:15","date_gmt":"2018-10-19T21:02:15","guid":{"rendered":"https:\/\/wp.ufpel.edu.br\/bncc\/?page_id=413"},"modified":"2018-11-01T14:03:10","modified_gmt":"2018-11-01T17:03:10","slug":"transmissao-ao-vivo","status":"publish","type":"page","link":"https:\/\/wp.ufpel.edu.br\/bncc\/transmissao-ao-vivo\/","title":{"rendered":"Palestra"},"content":{"rendered":"<p><a href=\"https:\/\/wp.ufpel.edu.br\/cepe\/publicacoes\/videos\/videos-bncc\/\">Clique aqui para assistir a palestra!<\/a><\/p>\n","protected":false},"excerpt":{"rendered":"<p>Clique aqui para assistir a palestra!<\/p>\n","protected":false},"author":884,"featured_media":0,"parent":0,"menu_order":0,"comment_status":"closed","ping_status":"closed","template":"","meta":{"footnotes":""},"class_list":["post-413","page","type-page","status-publish","hentry"],"yoast_head":"<!-- This site is optimized with the Yoast SEO plugin v26.7 - https:\/\/yoast.com\/wordpress\/plugins\/seo\/ -->\n<title>Palestra &#8226; BNCC e a Educa\u00e7\u00e3o B\u00e1sica<\/title>\n<meta name=\"robots\" content=\"index, follow, max-snippet:-1, max-image-preview:large, max-video-preview:-1\" \/>\n<link rel=\"canonical\" href=\"https:\/\/wp.ufpel.edu.br\/bncc\/transmissao-ao-vivo\/\" \/>\n<meta property=\"og:locale\" content=\"pt_BR\" \/>\n<meta property=\"og:type\" content=\"article\" \/>\n<meta property=\"og:title\" content=\"Palestra &#8226; BNCC e a Educa\u00e7\u00e3o B\u00e1sica\" \/>\n<meta property=\"og:description\" content=\"Clique aqui para assistir a palestra!\" \/>\n<meta property=\"og:url\" content=\"https:\/\/wp.ufpel.edu.br\/bncc\/transmissao-ao-vivo\/\" \/>\n<meta property=\"og:site_name\" content=\"BNCC e a Educa\u00e7\u00e3o B\u00e1sica\" \/>\n<meta property=\"article:modified_time\" content=\"2018-11-01T17:03:10+00:00\" \/>\n<meta name=\"twitter:card\" content=\"summary_large_image\" \/>\n<script type=\"application\/ld+json\" class=\"yoast-schema-graph\">{\"@context\":\"https:\/\/schema.org\",\"@graph\":[{\"@type\":\"WebPage\",\"@id\":\"https:\/\/wp.ufpel.edu.br\/bncc\/transmissao-ao-vivo\/\",\"url\":\"https:\/\/wp.ufpel.edu.br\/bncc\/transmissao-ao-vivo\/\",\"name\":\"Palestra &#8226; BNCC e a Educa\u00e7\u00e3o B\u00e1sica\",\"isPartOf\":{\"@id\":\"https:\/\/wp.ufpel.edu.br\/bncc\/#website\"},\"datePublished\":\"2018-10-19T21:02:15+00:00\",\"dateModified\":\"2018-11-01T17:03:10+00:00\",\"breadcrumb\":{\"@id\":\"https:\/\/wp.ufpel.edu.br\/bncc\/transmissao-ao-vivo\/#breadcrumb\"},\"inLanguage\":\"pt-BR\",\"potentialAction\":[{\"@type\":\"ReadAction\",\"target\":[\"https:\/\/wp.ufpel.edu.br\/bncc\/transmissao-ao-vivo\/\"]}]},{\"@type\":\"BreadcrumbList\",\"@id\":\"https:\/\/wp.ufpel.edu.br\/bncc\/transmissao-ao-vivo\/#breadcrumb\",\"itemListElement\":[{\"@type\":\"ListItem\",\"position\":1,\"name\":\"In\u00edcio\",\"item\":\"https:\/\/wp.ufpel.edu.br\/bncc\/\"},{\"@type\":\"ListItem\",\"position\":2,\"name\":\"Palestra\"}]},{\"@type\":\"WebSite\",\"@id\":\"https:\/\/wp.ufpel.edu.br\/bncc\/#website\",\"url\":\"https:\/\/wp.ufpel.edu.br\/bncc\/\",\"name\":\"Evento BNCC\",\"description\":\"\",\"publisher\":{\"@id\":\"https:\/\/wp.ufpel.edu.br\/bncc\/#organization\"},\"potentialAction\":[{\"@type\":\"SearchAction\",\"target\":{\"@type\":\"EntryPoint\",\"urlTemplate\":\"https:\/\/wp.ufpel.edu.br\/bncc\/?s={search_term_string}\"},\"query-input\":{\"@type\":\"PropertyValueSpecification\",\"valueRequired\":true,\"valueName\":\"search_term_string\"}}],\"inLanguage\":\"pt-BR\"},{\"@type\":\"Organization\",\"@id\":\"https:\/\/wp.ufpel.edu.br\/bncc\/#organization\",\"name\":\"BNCC\",\"url\":\"https:\/\/wp.ufpel.edu.br\/bncc\/\",\"logo\":{\"@type\":\"ImageObject\",\"inLanguage\":\"pt-BR\",\"@id\":\"https:\/\/wp.ufpel.edu.br\/bncc\/#\/schema\/logo\/image\/\",\"url\":\"https:\/\/wp.ufpel.edu.br\/bncc\/files\/2018\/10\/header1-1024x614.png\",\"contentUrl\":\"https:\/\/wp.ufpel.edu.br\/bncc\/files\/2018\/10\/header1-1024x614.png\",\"width\":1024,\"height\":614,\"caption\":\"BNCC\"},\"image\":{\"@id\":\"https:\/\/wp.ufpel.edu.br\/bncc\/#\/schema\/logo\/image\/\"}}]}<\/script>\n<!-- \/ Yoast SEO plugin. -->","yoast_head_json":{"title":"Palestra &#8226; BNCC e a Educa\u00e7\u00e3o B\u00e1sica","robots":{"index":"index","follow":"follow","max-snippet":"max-snippet:-1","max-image-preview":"max-image-preview:large","max-video-preview":"max-video-preview:-1"},"canonical":"https:\/\/wp.ufpel.edu.br\/bncc\/transmissao-ao-vivo\/","og_locale":"pt_BR","og_type":"article","og_title":"Palestra &#8226; BNCC e a Educa\u00e7\u00e3o B\u00e1sica","og_description":"Clique aqui para assistir a palestra!","og_url":"https:\/\/wp.ufpel.edu.br\/bncc\/transmissao-ao-vivo\/","og_site_name":"BNCC e a Educa\u00e7\u00e3o B\u00e1sica","article_modified_time":"2018-11-01T17:03:10+00:00","twitter_card":"summary_large_image","schema":{"@context":"https:\/\/schema.org","@graph":[{"@type":"WebPage","@id":"https:\/\/wp.ufpel.edu.br\/bncc\/transmissao-ao-vivo\/","url":"https:\/\/wp.ufpel.edu.br\/bncc\/transmissao-ao-vivo\/","name":"Palestra &#8226; BNCC e a Educa\u00e7\u00e3o B\u00e1sica","isPartOf":{"@id":"https:\/\/wp.ufpel.edu.br\/bncc\/#website"},"datePublished":"2018-10-19T21:02:15+00:00","dateModified":"2018-11-01T17:03:10+00:00","breadcrumb":{"@id":"https:\/\/wp.ufpel.edu.br\/bncc\/transmissao-ao-vivo\/#breadcrumb"},"inLanguage":"pt-BR","potentialAction":[{"@type":"ReadAction","target":["https:\/\/wp.ufpel.edu.br\/bncc\/transmissao-ao-vivo\/"]}]},{"@type":"BreadcrumbList","@id":"https:\/\/wp.ufpel.edu.br\/bncc\/transmissao-ao-vivo\/#breadcrumb","itemListElement":[{"@type":"ListItem","position":1,"name":"In\u00edcio","item":"https:\/\/wp.ufpel.edu.br\/bncc\/"},{"@type":"ListItem","position":2,"name":"Palestra"}]},{"@type":"WebSite","@id":"https:\/\/wp.ufpel.edu.br\/bncc\/#website","url":"https:\/\/wp.ufpel.edu.br\/bncc\/","name":"Evento BNCC","description":"","publisher":{"@id":"https:\/\/wp.ufpel.edu.br\/bncc\/#organization"},"potentialAction":[{"@type":"SearchAction","target":{"@type":"EntryPoint","urlTemplate":"https:\/\/wp.ufpel.edu.br\/bncc\/?s={search_term_string}"},"query-input":{"@type":"PropertyValueSpecification","valueRequired":true,"valueName":"search_term_string"}}],"inLanguage":"pt-BR"},{"@type":"Organization","@id":"https:\/\/wp.ufpel.edu.br\/bncc\/#organization","name":"BNCC","url":"https:\/\/wp.ufpel.edu.br\/bncc\/","logo":{"@type":"ImageObject","inLanguage":"pt-BR","@id":"https:\/\/wp.ufpel.edu.br\/bncc\/#\/schema\/logo\/image\/","url":"https:\/\/wp.ufpel.edu.br\/bncc\/files\/2018\/10\/header1-1024x614.png","contentUrl":"https:\/\/wp.ufpel.edu.br\/bncc\/files\/2018\/10\/header1-1024x614.png","width":1024,"height":614,"caption":"BNCC"},"image":{"@id":"https:\/\/wp.ufpel.edu.br\/bncc\/#\/schema\/logo\/image\/"}}]}},"jetpack_sharing_enabled":true,"_links":{"self":[{"href":"https:\/\/wp.ufpel.edu.br\/bncc\/wp-json\/wp\/v2\/pages\/413","targetHints":{"allow":["GET"]}}],"collection":[{"href":"https:\/\/wp.ufpel.edu.br\/bncc\/wp-json\/wp\/v2\/pages"}],"about":[{"href":"https:\/\/wp.ufpel.edu.br\/bncc\/wp-json\/wp\/v2\/types\/page"}],"author":[{"embeddable":true,"href":"https:\/\/wp.ufpel.edu.br\/bncc\/wp-json\/wp\/v2\/users\/884"}],"replies":[{"embeddable":true,"href":"https:\/\/wp.ufpel.edu.br\/bncc\/wp-json\/wp\/v2\/comments?post=413"}],"version-history":[{"count":3,"href":"https:\/\/wp.ufpel.edu.br\/bncc\/wp-json\/wp\/v2\/pages\/413\/revisions"}],"predecessor-version":[{"id":420,"href":"https:\/\/wp.ufpel.edu.br\/bncc\/wp-json\/wp\/v2\/pages\/413\/revisions\/420"}],"wp:attachment":[{"href":"https:\/\/wp.ufpel.edu.br\/bncc\/wp-json\/wp\/v2\/media?parent=413"}],"curies":[{"name":"wp","href":"https:\/\/api.w.org\/{rel}","templated":true}]}}