{"id":21,"date":"2018-10-09T20:32:16","date_gmt":"2018-10-09T23:32:16","guid":{"rendered":"https:\/\/wp.ufpel.edu.br\/bncc\/?page_id=21"},"modified":"2018-10-11T18:31:01","modified_gmt":"2018-10-11T21:31:01","slug":"organizacao","status":"publish","type":"page","link":"https:\/\/wp.ufpel.edu.br\/bncc\/organizacao\/","title":{"rendered":"Organiza\u00e7\u00e3o"},"content":{"rendered":"<p><span style=\"font-family: helvetica, arial, sans-serif\"><strong>Coordena\u00e7\u00e3o:<\/strong><br \/>\n\u00c1lvaro Moreira Hypolito<br \/>\nIana Gomes de Lima<br \/>\nSimone Gon\u00e7alves da Silva<\/span><\/p>\n<p><span style=\"font-family: helvetica, arial, sans-serif\"><strong>Comiss\u00e3o organizadora: <\/strong><br \/>\nAna Claudia Venturin da Costa<br \/>\nAndr\u00e9 Quandt Klug<br \/>\nCristiane Bartz de \u00c1vila<br \/>\nDeise Rocha<br \/>\nEdna Coimbra da Silva<br \/>\nKall\u00e9u Schmidt<br \/>\nMaria Elo\u00edsa Silva<br \/>\nMateus Arguelho da Cunha<br \/>\nMirna Ribeiro Lima da Silva<br \/>\nNat\u00e1lia Silveira Antunes<br \/>\nPatr\u00edcia de Faria Ferreira<\/span><\/p>\n","protected":false},"excerpt":{"rendered":"<p>Coordena\u00e7\u00e3o: \u00c1lvaro Moreira Hypolito Iana Gomes de Lima Simone Gon\u00e7alves da Silva Comiss\u00e3o organizadora: Ana Claudia Venturin da Costa Andr\u00e9 Quandt Klug Cristiane Bartz de \u00c1vila Deise Rocha Edna Coimbra da Silva Kall\u00e9u Schmidt Maria Elo\u00edsa Silva Mateus Arguelho da Cunha Mirna Ribeiro Lima da Silva Nat\u00e1lia Silveira Antunes Patr\u00edcia de Faria Ferreira<\/p>\n","protected":false},"author":884,"featured_media":0,"parent":0,"menu_order":0,"comment_status":"closed","ping_status":"closed","template":"","meta":{"footnotes":""},"class_list":["post-21","page","type-page","status-publish","hentry"],"yoast_head":"<!-- This site is optimized with the Yoast SEO plugin v26.7 - https:\/\/yoast.com\/wordpress\/plugins\/seo\/ -->\n<title>Organiza\u00e7\u00e3o &#8226; BNCC e a Educa\u00e7\u00e3o B\u00e1sica<\/title>\n<meta name=\"robots\" content=\"index, follow, max-snippet:-1, max-image-preview:large, max-video-preview:-1\" \/>\n<link rel=\"canonical\" href=\"https:\/\/wp.ufpel.edu.br\/bncc\/organizacao\/\" \/>\n<meta property=\"og:locale\" content=\"pt_BR\" \/>\n<meta property=\"og:type\" content=\"article\" \/>\n<meta property=\"og:title\" content=\"Organiza\u00e7\u00e3o &#8226; BNCC e a Educa\u00e7\u00e3o B\u00e1sica\" \/>\n<meta property=\"og:description\" content=\"Coordena\u00e7\u00e3o: \u00c1lvaro Moreira Hypolito Iana Gomes de Lima Simone Gon\u00e7alves da Silva Comiss\u00e3o organizadora: Ana Claudia Venturin da Costa Andr\u00e9 Quandt Klug Cristiane Bartz de \u00c1vila Deise Rocha Edna Coimbra da Silva Kall\u00e9u Schmidt Maria Elo\u00edsa Silva Mateus Arguelho da Cunha Mirna Ribeiro Lima da Silva Nat\u00e1lia Silveira Antunes Patr\u00edcia de Faria Ferreira\" \/>\n<meta property=\"og:url\" content=\"https:\/\/wp.ufpel.edu.br\/bncc\/organizacao\/\" \/>\n<meta property=\"og:site_name\" content=\"BNCC e a Educa\u00e7\u00e3o B\u00e1sica\" \/>\n<meta property=\"article:modified_time\" content=\"2018-10-11T21:31:01+00:00\" \/>\n<meta name=\"twitter:card\" content=\"summary_large_image\" \/>\n<script type=\"application\/ld+json\" class=\"yoast-schema-graph\">{\"@context\":\"https:\/\/schema.org\",\"@graph\":[{\"@type\":\"WebPage\",\"@id\":\"https:\/\/wp.ufpel.edu.br\/bncc\/organizacao\/\",\"url\":\"https:\/\/wp.ufpel.edu.br\/bncc\/organizacao\/\",\"name\":\"Organiza\u00e7\u00e3o &#8226; BNCC e a Educa\u00e7\u00e3o B\u00e1sica\",\"isPartOf\":{\"@id\":\"https:\/\/wp.ufpel.edu.br\/bncc\/#website\"},\"datePublished\":\"2018-10-09T23:32:16+00:00\",\"dateModified\":\"2018-10-11T21:31:01+00:00\",\"breadcrumb\":{\"@id\":\"https:\/\/wp.ufpel.edu.br\/bncc\/organizacao\/#breadcrumb\"},\"inLanguage\":\"pt-BR\",\"potentialAction\":[{\"@type\":\"ReadAction\",\"target\":[\"https:\/\/wp.ufpel.edu.br\/bncc\/organizacao\/\"]}]},{\"@type\":\"BreadcrumbList\",\"@id\":\"https:\/\/wp.ufpel.edu.br\/bncc\/organizacao\/#breadcrumb\",\"itemListElement\":[{\"@type\":\"ListItem\",\"position\":1,\"name\":\"In\u00edcio\",\"item\":\"https:\/\/wp.ufpel.edu.br\/bncc\/\"},{\"@type\":\"ListItem\",\"position\":2,\"name\":\"Organiza\u00e7\u00e3o\"}]},{\"@type\":\"WebSite\",\"@id\":\"https:\/\/wp.ufpel.edu.br\/bncc\/#website\",\"url\":\"https:\/\/wp.ufpel.edu.br\/bncc\/\",\"name\":\"Evento BNCC\",\"description\":\"\",\"publisher\":{\"@id\":\"https:\/\/wp.ufpel.edu.br\/bncc\/#organization\"},\"potentialAction\":[{\"@type\":\"SearchAction\",\"target\":{\"@type\":\"EntryPoint\",\"urlTemplate\":\"https:\/\/wp.ufpel.edu.br\/bncc\/?s={search_term_string}\"},\"query-input\":{\"@type\":\"PropertyValueSpecification\",\"valueRequired\":true,\"valueName\":\"search_term_string\"}}],\"inLanguage\":\"pt-BR\"},{\"@type\":\"Organization\",\"@id\":\"https:\/\/wp.ufpel.edu.br\/bncc\/#organization\",\"name\":\"BNCC\",\"url\":\"https:\/\/wp.ufpel.edu.br\/bncc\/\",\"logo\":{\"@type\":\"ImageObject\",\"inLanguage\":\"pt-BR\",\"@id\":\"https:\/\/wp.ufpel.edu.br\/bncc\/#\/schema\/logo\/image\/\",\"url\":\"https:\/\/wp.ufpel.edu.br\/bncc\/files\/2018\/10\/header1-1024x614.png\",\"contentUrl\":\"https:\/\/wp.ufpel.edu.br\/bncc\/files\/2018\/10\/header1-1024x614.png\",\"width\":1024,\"height\":614,\"caption\":\"BNCC\"},\"image\":{\"@id\":\"https:\/\/wp.ufpel.edu.br\/bncc\/#\/schema\/logo\/image\/\"}}]}<\/script>\n<!-- \/ Yoast SEO plugin. -->","yoast_head_json":{"title":"Organiza\u00e7\u00e3o &#8226; BNCC e a Educa\u00e7\u00e3o B\u00e1sica","robots":{"index":"index","follow":"follow","max-snippet":"max-snippet:-1","max-image-preview":"max-image-preview:large","max-video-preview":"max-video-preview:-1"},"canonical":"https:\/\/wp.ufpel.edu.br\/bncc\/organizacao\/","og_locale":"pt_BR","og_type":"article","og_title":"Organiza\u00e7\u00e3o &#8226; BNCC e a Educa\u00e7\u00e3o B\u00e1sica","og_description":"Coordena\u00e7\u00e3o: \u00c1lvaro Moreira Hypolito Iana Gomes de Lima Simone Gon\u00e7alves da Silva Comiss\u00e3o organizadora: Ana Claudia Venturin da Costa Andr\u00e9 Quandt Klug Cristiane Bartz de \u00c1vila Deise Rocha Edna Coimbra da Silva Kall\u00e9u Schmidt Maria Elo\u00edsa Silva Mateus Arguelho da Cunha Mirna Ribeiro Lima da Silva Nat\u00e1lia Silveira Antunes Patr\u00edcia de Faria Ferreira","og_url":"https:\/\/wp.ufpel.edu.br\/bncc\/organizacao\/","og_site_name":"BNCC e a Educa\u00e7\u00e3o B\u00e1sica","article_modified_time":"2018-10-11T21:31:01+00:00","twitter_card":"summary_large_image","schema":{"@context":"https:\/\/schema.org","@graph":[{"@type":"WebPage","@id":"https:\/\/wp.ufpel.edu.br\/bncc\/organizacao\/","url":"https:\/\/wp.ufpel.edu.br\/bncc\/organizacao\/","name":"Organiza\u00e7\u00e3o &#8226; BNCC e a Educa\u00e7\u00e3o B\u00e1sica","isPartOf":{"@id":"https:\/\/wp.ufpel.edu.br\/bncc\/#website"},"datePublished":"2018-10-09T23:32:16+00:00","dateModified":"2018-10-11T21:31:01+00:00","breadcrumb":{"@id":"https:\/\/wp.ufpel.edu.br\/bncc\/organizacao\/#breadcrumb"},"inLanguage":"pt-BR","potentialAction":[{"@type":"ReadAction","target":["https:\/\/wp.ufpel.edu.br\/bncc\/organizacao\/"]}]},{"@type":"BreadcrumbList","@id":"https:\/\/wp.ufpel.edu.br\/bncc\/organizacao\/#breadcrumb","itemListElement":[{"@type":"ListItem","position":1,"name":"In\u00edcio","item":"https:\/\/wp.ufpel.edu.br\/bncc\/"},{"@type":"ListItem","position":2,"name":"Organiza\u00e7\u00e3o"}]},{"@type":"WebSite","@id":"https:\/\/wp.ufpel.edu.br\/bncc\/#website","url":"https:\/\/wp.ufpel.edu.br\/bncc\/","name":"Evento BNCC","description":"","publisher":{"@id":"https:\/\/wp.ufpel.edu.br\/bncc\/#organization"},"potentialAction":[{"@type":"SearchAction","target":{"@type":"EntryPoint","urlTemplate":"https:\/\/wp.ufpel.edu.br\/bncc\/?s={search_term_string}"},"query-input":{"@type":"PropertyValueSpecification","valueRequired":true,"valueName":"search_term_string"}}],"inLanguage":"pt-BR"},{"@type":"Organization","@id":"https:\/\/wp.ufpel.edu.br\/bncc\/#organization","name":"BNCC","url":"https:\/\/wp.ufpel.edu.br\/bncc\/","logo":{"@type":"ImageObject","inLanguage":"pt-BR","@id":"https:\/\/wp.ufpel.edu.br\/bncc\/#\/schema\/logo\/image\/","url":"https:\/\/wp.ufpel.edu.br\/bncc\/files\/2018\/10\/header1-1024x614.png","contentUrl":"https:\/\/wp.ufpel.edu.br\/bncc\/files\/2018\/10\/header1-1024x614.png","width":1024,"height":614,"caption":"BNCC"},"image":{"@id":"https:\/\/wp.ufpel.edu.br\/bncc\/#\/schema\/logo\/image\/"}}]}},"jetpack_sharing_enabled":true,"_links":{"self":[{"href":"https:\/\/wp.ufpel.edu.br\/bncc\/wp-json\/wp\/v2\/pages\/21","targetHints":{"allow":["GET"]}}],"collection":[{"href":"https:\/\/wp.ufpel.edu.br\/bncc\/wp-json\/wp\/v2\/pages"}],"about":[{"href":"https:\/\/wp.ufpel.edu.br\/bncc\/wp-json\/wp\/v2\/types\/page"}],"author":[{"embeddable":true,"href":"https:\/\/wp.ufpel.edu.br\/bncc\/wp-json\/wp\/v2\/users\/884"}],"replies":[{"embeddable":true,"href":"https:\/\/wp.ufpel.edu.br\/bncc\/wp-json\/wp\/v2\/comments?post=21"}],"version-history":[{"count":4,"href":"https:\/\/wp.ufpel.edu.br\/bncc\/wp-json\/wp\/v2\/pages\/21\/revisions"}],"predecessor-version":[{"id":221,"href":"https:\/\/wp.ufpel.edu.br\/bncc\/wp-json\/wp\/v2\/pages\/21\/revisions\/221"}],"wp:attachment":[{"href":"https:\/\/wp.ufpel.edu.br\/bncc\/wp-json\/wp\/v2\/media?parent=21"}],"curies":[{"name":"wp","href":"https:\/\/api.w.org\/{rel}","templated":true}]}}