{"id":136,"date":"2018-10-09T21:46:51","date_gmt":"2018-10-10T00:46:51","guid":{"rendered":"https:\/\/wp.ufpel.edu.br\/bncc\/?page_id=136"},"modified":"2018-10-12T21:01:23","modified_gmt":"2018-10-13T00:01:23","slug":"apresentacao","status":"publish","type":"page","link":"https:\/\/wp.ufpel.edu.br\/bncc\/","title":{"rendered":"Evento BNCC"},"content":{"rendered":"<p>O evento visa dar continuidade \u00e0s atividades Centro de Estudos em Pol\u00edticas Educativas (CEPE), a qual congrega grupos de pesquisas da Faculdade de Educa\u00e7\u00e3o da Universidade Federal de Pelotas e outras institui\u00e7\u00f5es, que j\u00e1 realizam investiga\u00e7\u00f5es conjuntas e em parceria, no campo do Curr\u00edculo, da Gest\u00e3o e do Trabalho Docente, tanto no \u00e2mbito da UFPel, como em parceria com institui\u00e7\u00f5es nacionais e estrangeiras.<\/p>\n<p>O evento vai discutir e debater a proposta da Base Nacional Comum Curricular para os novos contextos que v\u00eam caracterizando a educa\u00e7\u00e3o b\u00e1sica. Pretende questionar as mudan\u00e7as para o curr\u00edculo, o trabalho docente, a forma\u00e7\u00e3o docente e a gest\u00e3o escolar e da educa\u00e7\u00e3o.<\/p>\n<p>Ocorrer\u00e1 entre os dias 22 e 24 de outubro de 2018 em Pelotas &#8211; RS, na Rua Cel. Alberto Rosa, 117 &#8211; Centro.<\/p>\n\n<!-- iframe plugin v.6.0 wordpress.org\/plugins\/iframe\/ -->\n<iframe loading=\"lazy\" src=\"https:\/\/www.google.com\/maps\/embed?pb=!1m18!1m12!1m3!1d3391.683179953836!2d-52.34195758484307!3d-31.779125981284814!2m3!1f0!2f0!3f0!3m2!1i1024!2i768!4f13.1!3m3!1m2!1s0x9511b5c1de8f2d3f%3A0xa21e5fbe7fbe5ff4!2sR.+Cel.+Alberto+Rosa%2C+117+-+Centro%2C+Pelotas+-+RS%2C+96010-770!5e0!3m2!1spt-BR!2sbr!4v1539300931154\" width=\"400\" height=\"300\" frameborder=\"0\" style=\"border:0\" 0=\"allowfullscreen\" scrolling=\"yes\" class=\"iframe-class\"><\/iframe>\n\n","protected":false},"excerpt":{"rendered":"<p>O evento visa dar continuidade \u00e0s atividades Centro de Estudos em Pol\u00edticas Educativas (CEPE), a qual congrega grupos de pesquisas da Faculdade de Educa\u00e7\u00e3o da Universidade Federal de Pelotas e outras institui\u00e7\u00f5es, que j\u00e1 realizam investiga\u00e7\u00f5es conjuntas e em parceria, no campo do Curr\u00edculo, da Gest\u00e3o e do Trabalho Docente, tanto no \u00e2mbito da UFPel, &hellip; <\/p>\n<p class=\"link-more\"><a href=\"https:\/\/wp.ufpel.edu.br\/bncc\/\" class=\"more-link\">Continue lendo<span class=\"screen-reader-text\"> &#8220;Evento BNCC&#8221;<\/span><\/a><\/p>\n","protected":false},"author":884,"featured_media":0,"parent":0,"menu_order":0,"comment_status":"closed","ping_status":"closed","template":"","meta":{"footnotes":""},"class_list":["post-136","page","type-page","status-publish","hentry"],"yoast_head":"<!-- This site is optimized with the Yoast SEO plugin v26.7 - https:\/\/yoast.com\/wordpress\/plugins\/seo\/ -->\n<title>Evento BNCC &#8226; BNCC e a Educa\u00e7\u00e3o B\u00e1sica<\/title>\n<meta name=\"robots\" content=\"index, follow, max-snippet:-1, max-image-preview:large, max-video-preview:-1\" \/>\n<link rel=\"canonical\" href=\"https:\/\/wp.ufpel.edu.br\/bncc\/\" \/>\n<meta property=\"og:locale\" content=\"pt_BR\" \/>\n<meta property=\"og:type\" content=\"article\" \/>\n<meta property=\"og:title\" content=\"Evento BNCC &#8226; BNCC e a Educa\u00e7\u00e3o B\u00e1sica\" \/>\n<meta property=\"og:description\" content=\"O evento visa dar continuidade \u00e0s atividades Centro de Estudos em Pol\u00edticas Educativas (CEPE), a qual congrega grupos de pesquisas da Faculdade de Educa\u00e7\u00e3o da Universidade Federal de Pelotas e outras institui\u00e7\u00f5es, que j\u00e1 realizam investiga\u00e7\u00f5es conjuntas e em parceria, no campo do Curr\u00edculo, da Gest\u00e3o e do Trabalho Docente, tanto no \u00e2mbito da UFPel, &hellip; Continue lendo &quot;Evento BNCC&quot;\" \/>\n<meta property=\"og:url\" content=\"https:\/\/wp.ufpel.edu.br\/bncc\/\" \/>\n<meta property=\"og:site_name\" content=\"BNCC e a Educa\u00e7\u00e3o B\u00e1sica\" \/>\n<meta property=\"article:modified_time\" content=\"2018-10-13T00:01:23+00:00\" \/>\n<meta name=\"twitter:card\" content=\"summary_large_image\" \/>\n<meta name=\"twitter:label1\" content=\"Est. tempo de leitura\" \/>\n\t<meta name=\"twitter:data1\" content=\"1 minuto\" \/>\n<script type=\"application\/ld+json\" class=\"yoast-schema-graph\">{\"@context\":\"https:\/\/schema.org\",\"@graph\":[{\"@type\":\"WebPage\",\"@id\":\"https:\/\/wp.ufpel.edu.br\/bncc\/\",\"url\":\"https:\/\/wp.ufpel.edu.br\/bncc\/\",\"name\":\"Evento BNCC &#8226; BNCC e a Educa\u00e7\u00e3o B\u00e1sica\",\"isPartOf\":{\"@id\":\"https:\/\/wp.ufpel.edu.br\/bncc\/#website\"},\"datePublished\":\"2018-10-10T00:46:51+00:00\",\"dateModified\":\"2018-10-13T00:01:23+00:00\",\"breadcrumb\":{\"@id\":\"https:\/\/wp.ufpel.edu.br\/bncc\/#breadcrumb\"},\"inLanguage\":\"pt-BR\",\"potentialAction\":[{\"@type\":\"ReadAction\",\"target\":[\"https:\/\/wp.ufpel.edu.br\/bncc\/\"]}]},{\"@type\":\"BreadcrumbList\",\"@id\":\"https:\/\/wp.ufpel.edu.br\/bncc\/#breadcrumb\",\"itemListElement\":[{\"@type\":\"ListItem\",\"position\":1,\"name\":\"In\u00edcio\",\"item\":\"https:\/\/wp.ufpel.edu.br\/bncc\/\"},{\"@type\":\"ListItem\",\"position\":2,\"name\":\"Evento BNCC\"}]},{\"@type\":\"WebSite\",\"@id\":\"https:\/\/wp.ufpel.edu.br\/bncc\/#website\",\"url\":\"https:\/\/wp.ufpel.edu.br\/bncc\/\",\"name\":\"Evento BNCC\",\"description\":\"\",\"publisher\":{\"@id\":\"https:\/\/wp.ufpel.edu.br\/bncc\/#organization\"},\"potentialAction\":[{\"@type\":\"SearchAction\",\"target\":{\"@type\":\"EntryPoint\",\"urlTemplate\":\"https:\/\/wp.ufpel.edu.br\/bncc\/?s={search_term_string}\"},\"query-input\":{\"@type\":\"PropertyValueSpecification\",\"valueRequired\":true,\"valueName\":\"search_term_string\"}}],\"inLanguage\":\"pt-BR\"},{\"@type\":\"Organization\",\"@id\":\"https:\/\/wp.ufpel.edu.br\/bncc\/#organization\",\"name\":\"BNCC\",\"url\":\"https:\/\/wp.ufpel.edu.br\/bncc\/\",\"logo\":{\"@type\":\"ImageObject\",\"inLanguage\":\"pt-BR\",\"@id\":\"https:\/\/wp.ufpel.edu.br\/bncc\/#\/schema\/logo\/image\/\",\"url\":\"https:\/\/wp.ufpel.edu.br\/bncc\/files\/2018\/10\/header1-1024x614.png\",\"contentUrl\":\"https:\/\/wp.ufpel.edu.br\/bncc\/files\/2018\/10\/header1-1024x614.png\",\"width\":1024,\"height\":614,\"caption\":\"BNCC\"},\"image\":{\"@id\":\"https:\/\/wp.ufpel.edu.br\/bncc\/#\/schema\/logo\/image\/\"}}]}<\/script>\n<!-- \/ Yoast SEO plugin. -->","yoast_head_json":{"title":"Evento BNCC &#8226; BNCC e a Educa\u00e7\u00e3o B\u00e1sica","robots":{"index":"index","follow":"follow","max-snippet":"max-snippet:-1","max-image-preview":"max-image-preview:large","max-video-preview":"max-video-preview:-1"},"canonical":"https:\/\/wp.ufpel.edu.br\/bncc\/","og_locale":"pt_BR","og_type":"article","og_title":"Evento BNCC &#8226; BNCC e a Educa\u00e7\u00e3o B\u00e1sica","og_description":"O evento visa dar continuidade \u00e0s atividades Centro de Estudos em Pol\u00edticas Educativas (CEPE), a qual congrega grupos de pesquisas da Faculdade de Educa\u00e7\u00e3o da Universidade Federal de Pelotas e outras institui\u00e7\u00f5es, que j\u00e1 realizam investiga\u00e7\u00f5es conjuntas e em parceria, no campo do Curr\u00edculo, da Gest\u00e3o e do Trabalho Docente, tanto no \u00e2mbito da UFPel, &hellip; Continue lendo \"Evento BNCC\"","og_url":"https:\/\/wp.ufpel.edu.br\/bncc\/","og_site_name":"BNCC e a Educa\u00e7\u00e3o B\u00e1sica","article_modified_time":"2018-10-13T00:01:23+00:00","twitter_card":"summary_large_image","twitter_misc":{"Est. tempo de leitura":"1 minuto"},"schema":{"@context":"https:\/\/schema.org","@graph":[{"@type":"WebPage","@id":"https:\/\/wp.ufpel.edu.br\/bncc\/","url":"https:\/\/wp.ufpel.edu.br\/bncc\/","name":"Evento BNCC &#8226; BNCC e a Educa\u00e7\u00e3o B\u00e1sica","isPartOf":{"@id":"https:\/\/wp.ufpel.edu.br\/bncc\/#website"},"datePublished":"2018-10-10T00:46:51+00:00","dateModified":"2018-10-13T00:01:23+00:00","breadcrumb":{"@id":"https:\/\/wp.ufpel.edu.br\/bncc\/#breadcrumb"},"inLanguage":"pt-BR","potentialAction":[{"@type":"ReadAction","target":["https:\/\/wp.ufpel.edu.br\/bncc\/"]}]},{"@type":"BreadcrumbList","@id":"https:\/\/wp.ufpel.edu.br\/bncc\/#breadcrumb","itemListElement":[{"@type":"ListItem","position":1,"name":"In\u00edcio","item":"https:\/\/wp.ufpel.edu.br\/bncc\/"},{"@type":"ListItem","position":2,"name":"Evento BNCC"}]},{"@type":"WebSite","@id":"https:\/\/wp.ufpel.edu.br\/bncc\/#website","url":"https:\/\/wp.ufpel.edu.br\/bncc\/","name":"Evento BNCC","description":"","publisher":{"@id":"https:\/\/wp.ufpel.edu.br\/bncc\/#organization"},"potentialAction":[{"@type":"SearchAction","target":{"@type":"EntryPoint","urlTemplate":"https:\/\/wp.ufpel.edu.br\/bncc\/?s={search_term_string}"},"query-input":{"@type":"PropertyValueSpecification","valueRequired":true,"valueName":"search_term_string"}}],"inLanguage":"pt-BR"},{"@type":"Organization","@id":"https:\/\/wp.ufpel.edu.br\/bncc\/#organization","name":"BNCC","url":"https:\/\/wp.ufpel.edu.br\/bncc\/","logo":{"@type":"ImageObject","inLanguage":"pt-BR","@id":"https:\/\/wp.ufpel.edu.br\/bncc\/#\/schema\/logo\/image\/","url":"https:\/\/wp.ufpel.edu.br\/bncc\/files\/2018\/10\/header1-1024x614.png","contentUrl":"https:\/\/wp.ufpel.edu.br\/bncc\/files\/2018\/10\/header1-1024x614.png","width":1024,"height":614,"caption":"BNCC"},"image":{"@id":"https:\/\/wp.ufpel.edu.br\/bncc\/#\/schema\/logo\/image\/"}}]}},"jetpack_sharing_enabled":true,"_links":{"self":[{"href":"https:\/\/wp.ufpel.edu.br\/bncc\/wp-json\/wp\/v2\/pages\/136","targetHints":{"allow":["GET"]}}],"collection":[{"href":"https:\/\/wp.ufpel.edu.br\/bncc\/wp-json\/wp\/v2\/pages"}],"about":[{"href":"https:\/\/wp.ufpel.edu.br\/bncc\/wp-json\/wp\/v2\/types\/page"}],"author":[{"embeddable":true,"href":"https:\/\/wp.ufpel.edu.br\/bncc\/wp-json\/wp\/v2\/users\/884"}],"replies":[{"embeddable":true,"href":"https:\/\/wp.ufpel.edu.br\/bncc\/wp-json\/wp\/v2\/comments?post=136"}],"version-history":[{"count":10,"href":"https:\/\/wp.ufpel.edu.br\/bncc\/wp-json\/wp\/v2\/pages\/136\/revisions"}],"predecessor-version":[{"id":257,"href":"https:\/\/wp.ufpel.edu.br\/bncc\/wp-json\/wp\/v2\/pages\/136\/revisions\/257"}],"wp:attachment":[{"href":"https:\/\/wp.ufpel.edu.br\/bncc\/wp-json\/wp\/v2\/media?parent=136"}],"curies":[{"name":"wp","href":"https:\/\/api.w.org\/{rel}","templated":true}]}}