{"id":49,"date":"2014-07-21T11:07:52","date_gmt":"2014-07-21T14:07:52","guid":{"rendered":"https:\/\/wp.ufpel.edu.br\/bioterio\/?page_id=49"},"modified":"2025-04-29T13:28:03","modified_gmt":"2025-04-29T16:28:03","slug":"solicitacao-de-animais","status":"publish","type":"page","link":"https:\/\/wp.ufpel.edu.br\/bioterio\/solicitacao-de-animais\/","title":{"rendered":"Solicita\u00e7\u00e3o de Animais"},"content":{"rendered":"<p>Como proceder?<\/p>\n<p><strong>PESQUISADORES DA UFPEL<\/strong><\/p>\n<p>Para realizar a solicita\u00e7\u00e3o de modelos biol\u00f3gicos para o Biot\u00e9rio Central, \u00e9 necess\u00e1rio que o projeto seja previamente submetido \u00e0 aprecia\u00e7\u00e3o pela Comiss\u00e3o de \u00c9tica no Uso de Animais (CEUA) desta institui\u00e7\u00e3o. Ap\u00f3s o projeto aprovado e emitido o parecer favor\u00e1vel \u00e0 sua execu\u00e7\u00e3o, o pesquisador deve preencher o formul\u00e1rio de solicita\u00e7\u00e3o de animais do Biot\u00e9rio Central atrav\u00e9s do link:<\/p>\n<p>https:\/\/docs.google.com\/forms\/d\/e\/1FAIpQLSeBWmAHubmvZJ8Ze91qTPgMVeyUBmk4B5ZLI3CrB0LxQrHqaA\/viewform?usp=dialog<\/p>\n<p>&nbsp;<\/p>\n<p><strong>PRAZO PARA ENTREGA<\/strong><\/p>\n<p>Antes de realizar o pedido, deve-se considerar um prazo m\u00ednimo de anteced\u00eancia para a entrega dos animais. O c\u00e1lculo que deve ser feito \u00e9 o seguinte: <strong>5 dias de acasalamento + 21 dias de gesta\u00e7\u00e3o + a idade para a retirada.<\/strong> Por exemplo, se o pesquisador de deseja animais com <strong>60<\/strong> dias de idade: <strong>5 + 21 + 60 = 86 dias<\/strong>. Lembrando que esse prazo pode ser reduzido\u00a0no caso de disponibilidade de animais ou ampliado no caso de haverem v\u00e1rios pedidos. O atendimento \u00e9 feito em lista de espera.<\/p>\n","protected":false},"excerpt":{"rendered":"<p>Como proceder? PESQUISADORES DA UFPEL Para realizar a solicita\u00e7\u00e3o de modelos biol\u00f3gicos para o Biot\u00e9rio Central, \u00e9 necess\u00e1rio que o projeto seja previamente submetido \u00e0 aprecia\u00e7\u00e3o pela Comiss\u00e3o de \u00c9tica no Uso de Animais (CEUA) desta institui\u00e7\u00e3o. Ap\u00f3s o projeto aprovado e emitido o parecer favor\u00e1vel \u00e0 sua execu\u00e7\u00e3o, o pesquisador deve preencher o formul\u00e1rio [&hellip;]<\/p>\n","protected":false},"author":90,"featured_media":0,"parent":0,"menu_order":0,"comment_status":"closed","ping_status":"closed","template":"","meta":{"footnotes":""},"class_list":["post-49","page","type-page","status-publish","hentry"],"_links":{"self":[{"href":"https:\/\/wp.ufpel.edu.br\/bioterio\/wp-json\/wp\/v2\/pages\/49","targetHints":{"allow":["GET"]}}],"collection":[{"href":"https:\/\/wp.ufpel.edu.br\/bioterio\/wp-json\/wp\/v2\/pages"}],"about":[{"href":"https:\/\/wp.ufpel.edu.br\/bioterio\/wp-json\/wp\/v2\/types\/page"}],"author":[{"embeddable":true,"href":"https:\/\/wp.ufpel.edu.br\/bioterio\/wp-json\/wp\/v2\/users\/90"}],"replies":[{"embeddable":true,"href":"https:\/\/wp.ufpel.edu.br\/bioterio\/wp-json\/wp\/v2\/comments?post=49"}],"version-history":[{"count":4,"href":"https:\/\/wp.ufpel.edu.br\/bioterio\/wp-json\/wp\/v2\/pages\/49\/revisions"}],"predecessor-version":[{"id":252,"href":"https:\/\/wp.ufpel.edu.br\/bioterio\/wp-json\/wp\/v2\/pages\/49\/revisions\/252"}],"wp:attachment":[{"href":"https:\/\/wp.ufpel.edu.br\/bioterio\/wp-json\/wp\/v2\/media?parent=49"}],"curies":[{"name":"wp","href":"https:\/\/api.w.org\/{rel}","templated":true}]}}