{"id":41,"date":"2014-07-16T11:20:57","date_gmt":"2014-07-16T14:20:57","guid":{"rendered":"https:\/\/wp.ufpel.edu.br\/bioterio\/?page_id=41"},"modified":"2023-05-04T08:33:30","modified_gmt":"2023-05-04T11:33:30","slug":"equipe-2","status":"publish","type":"page","link":"https:\/\/wp.ufpel.edu.br\/bioterio\/equipe-2\/","title":{"rendered":"Equipe"},"content":{"rendered":"<p>Anelize de Oliveira Campello Felix &#8211; M\u00e9dica Veterin\u00e1ria Respons\u00e1vel T\u00e9cnica \/ Chefe do Biot\u00e9rio Central.<\/p>\n<p>Michel Oliveira &#8211; Secret\u00e1rio<\/p>\n<p><a href=\"https:\/\/sei.ufpel.edu.br\/sei\/publicacoes\/controlador_publicacoes.php?acao=publicacao_visualizar&amp;id_documento=1465032&amp;id_orgao_publicacao=0\">COMIT\u00ca GESTOR &#8211; PORTARIA N\u00ba 741, DE 05 DE MAIO DE 2021<\/a><\/p>\n","protected":false},"excerpt":{"rendered":"<p>Anelize de Oliveira Campello Felix &#8211; M\u00e9dica Veterin\u00e1ria Respons\u00e1vel T\u00e9cnica \/ Chefe do Biot\u00e9rio Central. Michel Oliveira &#8211; Secret\u00e1rio COMIT\u00ca GESTOR &#8211; PORTARIA N\u00ba 741, DE 05 DE MAIO DE 2021<\/p>\n","protected":false},"author":90,"featured_media":0,"parent":0,"menu_order":0,"comment_status":"closed","ping_status":"closed","template":"","meta":{"footnotes":""},"class_list":["post-41","page","type-page","status-publish","hentry"],"_links":{"self":[{"href":"https:\/\/wp.ufpel.edu.br\/bioterio\/wp-json\/wp\/v2\/pages\/41","targetHints":{"allow":["GET"]}}],"collection":[{"href":"https:\/\/wp.ufpel.edu.br\/bioterio\/wp-json\/wp\/v2\/pages"}],"about":[{"href":"https:\/\/wp.ufpel.edu.br\/bioterio\/wp-json\/wp\/v2\/types\/page"}],"author":[{"embeddable":true,"href":"https:\/\/wp.ufpel.edu.br\/bioterio\/wp-json\/wp\/v2\/users\/90"}],"replies":[{"embeddable":true,"href":"https:\/\/wp.ufpel.edu.br\/bioterio\/wp-json\/wp\/v2\/comments?post=41"}],"version-history":[{"count":15,"href":"https:\/\/wp.ufpel.edu.br\/bioterio\/wp-json\/wp\/v2\/pages\/41\/revisions"}],"predecessor-version":[{"id":242,"href":"https:\/\/wp.ufpel.edu.br\/bioterio\/wp-json\/wp\/v2\/pages\/41\/revisions\/242"}],"wp:attachment":[{"href":"https:\/\/wp.ufpel.edu.br\/bioterio\/wp-json\/wp\/v2\/media?parent=41"}],"curies":[{"name":"wp","href":"https:\/\/api.w.org\/{rel}","templated":true}]}}