{"id":228,"date":"2022-06-30T13:14:43","date_gmt":"2022-06-30T16:14:43","guid":{"rendered":"https:\/\/wp.ufpel.edu.br\/bioterio\/?page_id=228"},"modified":"2022-06-30T13:14:43","modified_gmt":"2022-06-30T16:14:43","slug":"agendas-das-salas","status":"publish","type":"page","link":"https:\/\/wp.ufpel.edu.br\/bioterio\/agendas-das-salas\/","title":{"rendered":"Agendas das salas"},"content":{"rendered":"<p><a href=\"https:\/\/calendar.google.com\/calendar\/u\/0?cid=OTJpMXAxcDZzbXMwbGJ0YjFma2RuNXY3ZDBAZ3JvdXAuY2FsZW5kYXIuZ29vZ2xlLmNvbQ\">Sala do Fluxo (experimenta\u00e7\u00e3o)<\/a><\/p>\n<p><a href=\"https:\/\/calendar.google.com\/calendar\/u\/0?cid=djVxbWU1dXZibW83MDdyMDZoMjc4ZjJ0cTRAZ3JvdXAuY2FsZW5kYXIuZ29vZ2xlLmNvbQ\">Sala do ponto de troca (experimenta\u00e7\u00e3o)<\/a><\/p>\n<p><a href=\"https:\/\/calendar.google.com\/calendar\/u\/0?cid=cmw2bmVlYzZxc2dnNTlwdjVlZnRoaDBucWNAZ3JvdXAuY2FsZW5kYXIuZ29vZ2xlLmNvbQ\">Sala do Freezer<\/a><\/p>\n<p><a href=\"https:\/\/calendar.google.com\/calendar\/u\/0?cid=MHNsb2JtZW9yOG1nN2JuOGY5ZHZtbHNmZm9AZ3JvdXAuY2FsZW5kYXIuZ29vZ2xlLmNvbQ\">Sala Cir\u00fargica<\/a><\/p>\n","protected":false},"excerpt":{"rendered":"<p>Sala do Fluxo (experimenta\u00e7\u00e3o) Sala do ponto de troca (experimenta\u00e7\u00e3o) Sala do Freezer Sala Cir\u00fargica<\/p>\n","protected":false},"author":90,"featured_media":0,"parent":0,"menu_order":0,"comment_status":"closed","ping_status":"closed","template":"","meta":{"footnotes":""},"class_list":["post-228","page","type-page","status-publish","hentry"],"_links":{"self":[{"href":"https:\/\/wp.ufpel.edu.br\/bioterio\/wp-json\/wp\/v2\/pages\/228","targetHints":{"allow":["GET"]}}],"collection":[{"href":"https:\/\/wp.ufpel.edu.br\/bioterio\/wp-json\/wp\/v2\/pages"}],"about":[{"href":"https:\/\/wp.ufpel.edu.br\/bioterio\/wp-json\/wp\/v2\/types\/page"}],"author":[{"embeddable":true,"href":"https:\/\/wp.ufpel.edu.br\/bioterio\/wp-json\/wp\/v2\/users\/90"}],"replies":[{"embeddable":true,"href":"https:\/\/wp.ufpel.edu.br\/bioterio\/wp-json\/wp\/v2\/comments?post=228"}],"version-history":[{"count":1,"href":"https:\/\/wp.ufpel.edu.br\/bioterio\/wp-json\/wp\/v2\/pages\/228\/revisions"}],"predecessor-version":[{"id":231,"href":"https:\/\/wp.ufpel.edu.br\/bioterio\/wp-json\/wp\/v2\/pages\/228\/revisions\/231"}],"wp:attachment":[{"href":"https:\/\/wp.ufpel.edu.br\/bioterio\/wp-json\/wp\/v2\/media?parent=228"}],"curies":[{"name":"wp","href":"https:\/\/api.w.org\/{rel}","templated":true}]}}