{"id":2,"date":"2011-01-04T11:55:01","date_gmt":"2011-01-04T11:55:01","guid":{"rendered":"https:\/\/wp.ufpel.edu.br\/bioterio\/?page_id=2"},"modified":"2019-06-10T11:31:31","modified_gmt":"2019-06-10T14:31:31","slug":"apresentacao","status":"publish","type":"page","link":"https:\/\/wp.ufpel.edu.br\/bioterio\/apresentacao\/","title":{"rendered":"Apresenta\u00e7\u00e3o"},"content":{"rendered":"<p>Hist\u00f3rico<\/p>\n<p style=\"text-align: left\">O Biot\u00e9rio da Universidade Federal de Pelotas (UFPel) foi fundado na d\u00e9cada de 1980, por iniciativa de um grupo de professores do Departamento de Fisiologia e Farmacologia, do Instituto de Biologia, tendo como objetivo principal suprir as necessidades de animais para pesquisa desse departamento. Com o passar dos anos, em decorr\u00eancia do crescimento de pesquisas envolvendo o uso de animais, o biot\u00e9rio cresceu, com o objetivo de atender as necessidades de outras unidades da UFPel. No ano de 1991, o Biot\u00e9rio deixou de ser departamental e passou a fazer parte do Gabinete do Reitor e, recentemente, esteve sob a responsabilidade da Faculdade de Medicina Veterin\u00e1ria. No ano de 2017, o Biot\u00e9rio Central passou a ser administrado pela Vice-Reitoria da UFPel.<\/p>\n<p style=\"text-align: left\">Com o intuito de aprimorar o gerenciamento das atividades do Biot\u00e9rio Central, em 2018 foi criado um Comit\u00ea Gestor (Portaria UFPel n\u00ba 128, de 24 de janeiro de 2018), o qual \u00e9 constitu\u00eddo por representantes dos Programas de P\u00f3s-Gradua\u00e7\u00e3o da UFPel, usu\u00e1rios da estrutura desta unidade, bem como pelo m\u00e9dico veterin\u00e1rio respons\u00e1vel t\u00e9cnico. O processo de planejamento, execu\u00e7\u00e3o e controle das atividades do Biot\u00e9rio \u00e9 realizado junto ao Vice-Reitor, o Comit\u00ea Gestor, a chefia e seus funcion\u00e1rios.<\/p>\n<p style=\"text-align: left\">O Biot\u00e9rio Central \u00e9 uma unidade multiusu\u00e1ria da UFPel e atende as demandas de pesquisadores oriundos de diversos Programas de P\u00f3s-Gradua\u00e7\u00e3o. Atualmente, os animais produzidos atendem aos Programas de P\u00f3s-Gradua\u00e7\u00e3o em Bioqu\u00edmica e Bioprospec\u00e7\u00e3o, Biotecnologia, Educa\u00e7\u00e3o F\u00edsica, Nutri\u00e7\u00e3o, Odontologia, Parasitologia, Qu\u00edmica, Veterin\u00e1ria e Zootecnia, pertencentes \u00e0s diversas unidades acad\u00eamicas da UFPel. O Biot\u00e9rio Central da UFPel \u00e9 um setor multidisciplinar que atende em torno de 40 projetos por ano, fornecendo roedores que s\u00e3o utilizados em pesquisas desenvolvidas internamente.<\/p>\n<p style=\"text-align: left\">Em 2019, o Biot\u00e9rio Central da Universidade Federal de Pelotas (UFPel) passou a integrar a Rede Nacional de Biot\u00e9rios de Produ\u00e7\u00e3o de Animais para Fins Cient\u00edficos, Did\u00e1ticos e Tecnol\u00f3gicos (REBIOT\u00c9RIO), entidade ligada ao Conselho Nacional para Desenvolvimento Cient\u00edfico e Tecnol\u00f3gico (CNPq) (http:\/\/cnpq.br\/rebioterio-apresentacao).<\/p>\n<p style=\"text-align: left\"><strong>Quadro 1. <\/strong>Contribui\u00e7\u00e3o do Biot\u00e9rio Central \u00e0 Miss\u00e3o e \u00e0 Vis\u00e3o da UFPel<\/p>\n<table width=\"614\">\n<tbody>\n<tr>\n<td colspan=\"2\" width=\"354\"><strong>UFPel <\/strong><\/td>\n<td width=\"261\"><strong>Biot\u00e9rio Central <\/strong><\/td>\n<\/tr>\n<tr>\n<td width=\"66\"><strong>Miss\u00e3o <\/strong><\/td>\n<td width=\"288\">Promover a forma\u00e7\u00e3o integral e permanente do profissional, construindo o conhecimento e a cultura, comprometidos com os valores da vida com a constru\u00e7\u00e3o e o progresso da sociedade.<\/td>\n<td width=\"261\">Integrar os diferentes setores da UFPel envolvidos em experimenta\u00e7\u00e3o com o uso de roedores, atrav\u00e9s de um sistema capaz de propiciar os meios para que o ensino, a pesquisa, a extens\u00e3o, ocorram em condi\u00e7\u00f5es de excel\u00eancia acad\u00eamica e de valoriza\u00e7\u00e3o da vida em todas as suas pr\u00e1ticas, com o compromisso de afirmar o primado da \u00e9tica sobre a t\u00e9cnica. Proporcionar suporte no fornecimento e na manuten\u00e7\u00e3o de animais de laborat\u00f3rio para o desenvolvimento da pesquisa e atividades de ensino e extens\u00e3o da UFPel.<\/td>\n<\/tr>\n<tr>\n<td style=\"text-align: left\" width=\"66\"><strong>Vis\u00e3o <\/strong><\/td>\n<td style=\"text-align: left\" width=\"288\">A UFPel ser\u00e1 reconhecida como universidade de refer\u00eancia pelo comprometimento com a forma\u00e7\u00e3o inovadora e empreendedora capaz de prestar para a sociedade servi\u00e7os de qualidade, com dinamismo e criatividade.<\/td>\n<td width=\"261\">\n<p style=\"text-align: left\">Ser um Centro de apoio \u00e0 pesquisa que utiliza animais de laborat\u00f3rio, seguindo os mais atuais preceitos \u00e9ticos e cient\u00edficos. Ser um disseminador da cultura da excel\u00eancia na presta\u00e7\u00e3o de servi\u00e7os de apoio ao ensino e pesquisa e ser refer\u00eancia nacional em seus processos de gest\u00e3o.<\/p>\n<\/td>\n<\/tr>\n<\/tbody>\n<\/table>\n<p>&nbsp;<\/p>\n","protected":false},"excerpt":{"rendered":"<p>Hist\u00f3rico O Biot\u00e9rio da Universidade Federal de Pelotas (UFPel) foi fundado na d\u00e9cada de 1980, por iniciativa de um grupo de professores do Departamento de Fisiologia e Farmacologia, do Instituto de Biologia, tendo como objetivo principal suprir as necessidades de animais para pesquisa desse departamento. Com o passar dos anos, em decorr\u00eancia do crescimento de [&hellip;]<\/p>\n","protected":false},"author":90,"featured_media":0,"parent":0,"menu_order":0,"comment_status":"closed","ping_status":"closed","template":"","meta":{"footnotes":""},"class_list":["post-2","page","type-page","status-publish","hentry"],"_links":{"self":[{"href":"https:\/\/wp.ufpel.edu.br\/bioterio\/wp-json\/wp\/v2\/pages\/2","targetHints":{"allow":["GET"]}}],"collection":[{"href":"https:\/\/wp.ufpel.edu.br\/bioterio\/wp-json\/wp\/v2\/pages"}],"about":[{"href":"https:\/\/wp.ufpel.edu.br\/bioterio\/wp-json\/wp\/v2\/types\/page"}],"author":[{"embeddable":true,"href":"https:\/\/wp.ufpel.edu.br\/bioterio\/wp-json\/wp\/v2\/users\/90"}],"replies":[{"embeddable":true,"href":"https:\/\/wp.ufpel.edu.br\/bioterio\/wp-json\/wp\/v2\/comments?post=2"}],"version-history":[{"count":9,"href":"https:\/\/wp.ufpel.edu.br\/bioterio\/wp-json\/wp\/v2\/pages\/2\/revisions"}],"predecessor-version":[{"id":128,"href":"https:\/\/wp.ufpel.edu.br\/bioterio\/wp-json\/wp\/v2\/pages\/2\/revisions\/128"}],"wp:attachment":[{"href":"https:\/\/wp.ufpel.edu.br\/bioterio\/wp-json\/wp\/v2\/media?parent=2"}],"curies":[{"name":"wp","href":"https:\/\/api.w.org\/{rel}","templated":true}]}}