{"id":358,"date":"2016-07-05T10:59:55","date_gmt":"2016-07-05T13:59:55","guid":{"rendered":"https:\/\/wp.ufpel.edu.br\/biossistemas\/?page_id=358"},"modified":"2016-07-05T10:59:55","modified_gmt":"2016-07-05T13:59:55","slug":"tcc","status":"publish","type":"page","link":"https:\/\/wp.ufpel.edu.br\/biossistemas\/tcc\/","title":{"rendered":"TCC"},"content":{"rendered":"<p><a href=\"https:\/\/wp.ufpel.edu.br\/biossistemas\/files\/2016\/06\/TCC_faseI.doc\">\u00a0TCC &#8211; fase I<\/a><\/p>\n<p><a href=\"https:\/\/wp.ufpel.edu.br\/biossistemas\/files\/2016\/05\/Instru\u00e7\u00f5es-gerais-para-confec\u00e7\u00e3o-do-TCC.docx\">Instru\u00e7\u00f5es Gerais para Confec\u00e7\u00e3o do TCC<\/a><\/p>\n<p><a href=\"https:\/\/wp.ufpel.edu.br\/biossistemas\/files\/2016\/03\/Proposta_TCC.pdf\">Modelo de Proposta de TCC<\/a><\/p>\n<p><a href=\"https:\/\/wp.ufpel.edu.br\/biossistemas\/files\/2015\/06\/Normas-TCC.docx\">Normas TCC<\/a><\/p>\n","protected":false},"excerpt":{"rendered":"<p>\u00a0TCC &#8211; fase I Instru\u00e7\u00f5es Gerais para Confec\u00e7\u00e3o do TCC Modelo de Proposta de TCC Normas TCC<\/p>\n","protected":false},"author":321,"featured_media":0,"parent":0,"menu_order":0,"comment_status":"closed","ping_status":"closed","template":"","meta":{"footnotes":""},"class_list":["post-358","page","type-page","status-publish","hentry"],"_links":{"self":[{"href":"https:\/\/wp.ufpel.edu.br\/biossistemas\/wp-json\/wp\/v2\/pages\/358","targetHints":{"allow":["GET"]}}],"collection":[{"href":"https:\/\/wp.ufpel.edu.br\/biossistemas\/wp-json\/wp\/v2\/pages"}],"about":[{"href":"https:\/\/wp.ufpel.edu.br\/biossistemas\/wp-json\/wp\/v2\/types\/page"}],"author":[{"embeddable":true,"href":"https:\/\/wp.ufpel.edu.br\/biossistemas\/wp-json\/wp\/v2\/users\/321"}],"replies":[{"embeddable":true,"href":"https:\/\/wp.ufpel.edu.br\/biossistemas\/wp-json\/wp\/v2\/comments?post=358"}],"version-history":[{"count":2,"href":"https:\/\/wp.ufpel.edu.br\/biossistemas\/wp-json\/wp\/v2\/pages\/358\/revisions"}],"predecessor-version":[{"id":361,"href":"https:\/\/wp.ufpel.edu.br\/biossistemas\/wp-json\/wp\/v2\/pages\/358\/revisions\/361"}],"wp:attachment":[{"href":"https:\/\/wp.ufpel.edu.br\/biossistemas\/wp-json\/wp\/v2\/media?parent=358"}],"curies":[{"name":"wp","href":"https:\/\/api.w.org\/{rel}","templated":true}]}}