{"id":171,"date":"2014-11-17T18:41:37","date_gmt":"2014-11-17T20:41:37","guid":{"rendered":"https:\/\/wp.ufpel.edu.br\/biossistemas\/?page_id=171"},"modified":"2014-11-17T18:41:37","modified_gmt":"2014-11-17T20:41:37","slug":"o-que-e-engenharia-de-biossistemas","status":"publish","type":"page","link":"https:\/\/wp.ufpel.edu.br\/biossistemas\/o-que-e-engenharia-de-biossistemas\/","title":{"rendered":"O que \u00e9 Engenharia de Biossistemas ?"},"content":{"rendered":"<p><span style=\"font-family: 'times new roman', times;font-size: 14pt\">\u00c9 uma forma moderna de estudo dentro da Engenharia que engloba todos os aspectos biol\u00f3gicos e as estruturas relacionadas ao beneficiamento, processamento ou tratamento dos produtos agr\u00edcolas. Portanto, nesta grande \u00e1rea est\u00e3o inclu\u00eddos os estudos de gr\u00e3os, outros produtos de origem biol\u00f3gica, microorganismos respons\u00e1veis por fermenta\u00e7\u00f5es e tratamentos de efluentes. Para que este sistema biol\u00f3gico seja estudado \u00e9 necess\u00e1rio um suporte em outras \u00e1reas da Engenharia como energia, estruturas, eletricidade, automa\u00e7\u00e3o e agricultura de precis\u00e3o.<\/span><\/p>\n","protected":false},"excerpt":{"rendered":"<p>\u00c9 uma forma moderna de estudo dentro da Engenharia que engloba todos os aspectos biol\u00f3gicos e as estruturas relacionadas ao beneficiamento, processamento ou tratamento dos produtos agr\u00edcolas. Portanto, nesta grande \u00e1rea est\u00e3o inclu\u00eddos os estudos de gr\u00e3os, outros produtos de origem biol\u00f3gica, microorganismos respons\u00e1veis por fermenta\u00e7\u00f5es e tratamentos de efluentes. Para que este sistema biol\u00f3gico [&hellip;]<\/p>\n","protected":false},"author":321,"featured_media":0,"parent":0,"menu_order":0,"comment_status":"closed","ping_status":"closed","template":"","meta":{"footnotes":""},"class_list":["post-171","page","type-page","status-publish","hentry"],"_links":{"self":[{"href":"https:\/\/wp.ufpel.edu.br\/biossistemas\/wp-json\/wp\/v2\/pages\/171","targetHints":{"allow":["GET"]}}],"collection":[{"href":"https:\/\/wp.ufpel.edu.br\/biossistemas\/wp-json\/wp\/v2\/pages"}],"about":[{"href":"https:\/\/wp.ufpel.edu.br\/biossistemas\/wp-json\/wp\/v2\/types\/page"}],"author":[{"embeddable":true,"href":"https:\/\/wp.ufpel.edu.br\/biossistemas\/wp-json\/wp\/v2\/users\/321"}],"replies":[{"embeddable":true,"href":"https:\/\/wp.ufpel.edu.br\/biossistemas\/wp-json\/wp\/v2\/comments?post=171"}],"version-history":[{"count":1,"href":"https:\/\/wp.ufpel.edu.br\/biossistemas\/wp-json\/wp\/v2\/pages\/171\/revisions"}],"predecessor-version":[{"id":172,"href":"https:\/\/wp.ufpel.edu.br\/biossistemas\/wp-json\/wp\/v2\/pages\/171\/revisions\/172"}],"wp:attachment":[{"href":"https:\/\/wp.ufpel.edu.br\/biossistemas\/wp-json\/wp\/v2\/media?parent=171"}],"curies":[{"name":"wp","href":"https:\/\/api.w.org\/{rel}","templated":true}]}}