{"id":150,"date":"2014-11-17T18:14:38","date_gmt":"2014-11-17T20:14:38","guid":{"rendered":"https:\/\/wp.ufpel.edu.br\/biossistemas\/?page_id=150"},"modified":"2019-11-28T09:29:30","modified_gmt":"2019-11-28T12:29:30","slug":"contato","status":"publish","type":"page","link":"https:\/\/wp.ufpel.edu.br\/biossistemas\/contato\/","title":{"rendered":"Contato"},"content":{"rendered":"<p><a href=\"mailto:especializacaoembiossistemas@gmail.com\">especializacaoembiossistemas@gmail.com<\/a><\/p>\n<p>Secret\u00e1ria: Maria L\u00facia Gaut\u00e9rio<\/p>\n","protected":false},"excerpt":{"rendered":"<p>especializacaoembiossistemas@gmail.com Secret\u00e1ria: Maria L\u00facia Gaut\u00e9rio<\/p>\n","protected":false},"author":321,"featured_media":128,"parent":0,"menu_order":0,"comment_status":"closed","ping_status":"closed","template":"","meta":{"footnotes":""},"class_list":["post-150","page","type-page","status-publish","has-post-thumbnail","hentry"],"_links":{"self":[{"href":"https:\/\/wp.ufpel.edu.br\/biossistemas\/wp-json\/wp\/v2\/pages\/150","targetHints":{"allow":["GET"]}}],"collection":[{"href":"https:\/\/wp.ufpel.edu.br\/biossistemas\/wp-json\/wp\/v2\/pages"}],"about":[{"href":"https:\/\/wp.ufpel.edu.br\/biossistemas\/wp-json\/wp\/v2\/types\/page"}],"author":[{"embeddable":true,"href":"https:\/\/wp.ufpel.edu.br\/biossistemas\/wp-json\/wp\/v2\/users\/321"}],"replies":[{"embeddable":true,"href":"https:\/\/wp.ufpel.edu.br\/biossistemas\/wp-json\/wp\/v2\/comments?post=150"}],"version-history":[{"count":5,"href":"https:\/\/wp.ufpel.edu.br\/biossistemas\/wp-json\/wp\/v2\/pages\/150\/revisions"}],"predecessor-version":[{"id":531,"href":"https:\/\/wp.ufpel.edu.br\/biossistemas\/wp-json\/wp\/v2\/pages\/150\/revisions\/531"}],"wp:featuredmedia":[{"embeddable":true,"href":"https:\/\/wp.ufpel.edu.br\/biossistemas\/wp-json\/wp\/v2\/media\/128"}],"wp:attachment":[{"href":"https:\/\/wp.ufpel.edu.br\/biossistemas\/wp-json\/wp\/v2\/media?parent=150"}],"curies":[{"name":"wp","href":"https:\/\/api.w.org\/{rel}","templated":true}]}}