{"id":148,"date":"2014-11-17T18:14:28","date_gmt":"2014-11-17T20:14:28","guid":{"rendered":"https:\/\/wp.ufpel.edu.br\/biossistemas\/?page_id=148"},"modified":"2019-12-04T14:15:36","modified_gmt":"2019-12-04T17:15:36","slug":"informacoes-2","status":"publish","type":"page","link":"https:\/\/wp.ufpel.edu.br\/biossistemas\/informacoes-2\/","title":{"rendered":"Informa\u00e7\u00f5es"},"content":{"rendered":"<p style=\"text-align: left\"><span style=\"font-family: 'times new roman', times;font-size: 14pt\">Secretaria de apoio ao Curso de P\u00f3s-gradua\u00e7\u00e3o em Engenharia de Biossistemas \u00e0 Dist\u00e2ncia<\/span><\/p>\n<p style=\"text-align: left\"><span style=\"font-family: 'times new roman', times;font-size: 14pt\">e-mail da secretaria: <a href=\"mailto:especializacaoembiossistemas@gmail.com\">especializacaoembiossistemas@gmail.com<\/a><\/span><\/p>\n<p style=\"text-align: left\"><span style=\"font-family: 'times new roman', times;font-size: 14pt\">Secret\u00e1ria: Maria L\u00facia Gaut\u00e9rio<\/span><\/p>\n<p style=\"text-align: left\"><span style=\"font-family: 'times new roman', times;font-size: 14pt\">Centro de Engenharias \u2013 Rua Benjamin Constant, 989, sala 309A, Bairro Porto &#8211; Pelotas-RS, CEP 96.010-020\u00a0<\/span><\/p>\n<p style=\"text-align: left\"><span style=\"font-family: 'times new roman', times;font-size: 14pt\">Fone: (53) 3284-1696 (de segunda a quarta-feira, das 14 h \u00e0s 19 h<br \/>\n<\/span><\/p>\n","protected":false},"excerpt":{"rendered":"<p>Secretaria de apoio ao Curso de P\u00f3s-gradua\u00e7\u00e3o em Engenharia de Biossistemas \u00e0 Dist\u00e2ncia e-mail da secretaria: especializacaoembiossistemas@gmail.com Secret\u00e1ria: Maria L\u00facia Gaut\u00e9rio Centro de Engenharias \u2013 Rua Benjamin Constant, 989, sala 309A, Bairro Porto &#8211; Pelotas-RS, CEP 96.010-020\u00a0 Fone: (53) 3284-1696 (de segunda a quarta-feira, das 14 h \u00e0s 19 h<\/p>\n","protected":false},"author":321,"featured_media":0,"parent":0,"menu_order":0,"comment_status":"closed","ping_status":"closed","template":"","meta":{"footnotes":""},"class_list":["post-148","page","type-page","status-publish","hentry"],"_links":{"self":[{"href":"https:\/\/wp.ufpel.edu.br\/biossistemas\/wp-json\/wp\/v2\/pages\/148","targetHints":{"allow":["GET"]}}],"collection":[{"href":"https:\/\/wp.ufpel.edu.br\/biossistemas\/wp-json\/wp\/v2\/pages"}],"about":[{"href":"https:\/\/wp.ufpel.edu.br\/biossistemas\/wp-json\/wp\/v2\/types\/page"}],"author":[{"embeddable":true,"href":"https:\/\/wp.ufpel.edu.br\/biossistemas\/wp-json\/wp\/v2\/users\/321"}],"replies":[{"embeddable":true,"href":"https:\/\/wp.ufpel.edu.br\/biossistemas\/wp-json\/wp\/v2\/comments?post=148"}],"version-history":[{"count":6,"href":"https:\/\/wp.ufpel.edu.br\/biossistemas\/wp-json\/wp\/v2\/pages\/148\/revisions"}],"predecessor-version":[{"id":538,"href":"https:\/\/wp.ufpel.edu.br\/biossistemas\/wp-json\/wp\/v2\/pages\/148\/revisions\/538"}],"wp:attachment":[{"href":"https:\/\/wp.ufpel.edu.br\/biossistemas\/wp-json\/wp\/v2\/media?parent=148"}],"curies":[{"name":"wp","href":"https:\/\/api.w.org\/{rel}","templated":true}]}}