{"id":139,"date":"2014-11-17T17:57:38","date_gmt":"2014-11-17T19:57:38","guid":{"rendered":"https:\/\/wp.ufpel.edu.br\/biossistemas\/?page_id=139"},"modified":"2019-12-04T14:28:04","modified_gmt":"2019-12-04T17:28:04","slug":"professores","status":"publish","type":"page","link":"https:\/\/wp.ufpel.edu.br\/biossistemas\/professores\/","title":{"rendered":"Professores"},"content":{"rendered":"<p style=\"text-align: left\"><span style=\"font-family: 'times new roman', times;font-size: 14pt\">Eventuais d\u00favidas sobre o conte\u00fado relacionado aos m\u00f3dulos dever\u00e3o ser enviados via f\u00f3rum ou e-mail dos professores.<\/span><\/p>\n<table class=\" alignleft\" style=\"height: 245px\">\n<tbody>\n<tr style=\"height: 27px\">\n<td style=\"height: 27px\" width=\"275\"><span style=\"font-family: 'times new roman', times;font-size: 14pt\"><strong>Professores<\/strong><\/span><\/td>\n<td style=\"height: 27px\" width=\"294\"><span style=\"font-family: 'times new roman', times;font-size: 14pt\"><strong>E-mail<\/strong><\/span><\/td>\n<\/tr>\n<tr style=\"height: 27px\">\n<td style=\"height: 27px\" width=\"275\"><span style=\"font-family: 'times new roman', times;font-size: 14pt\">\u00c1damo de Souza Ara\u00fajo<\/span><\/td>\n<td style=\"height: 27px\" width=\"294\"><span style=\"font-family: 'times new roman', times;font-size: 14pt\"><a href=\"mailto:adamoeng@gmail.com\">adamoeng@gmail.com<\/a><\/span><\/td>\n<\/tr>\n<tr style=\"height: 27px\">\n<td style=\"height: 27px\" width=\"275\"><span style=\"font-family: 'times new roman', times;font-size: 14pt\">Carlos Ant\u00f4nio da Costa Tillmann<\/span><\/td>\n<td style=\"height: 27px\" width=\"294\"><span style=\"font-family: 'times new roman', times;font-size: 14pt\"><a href=\"mailto:carlossluz@gmail.com\">carlostillmann@hotmail.com<\/a><\/span><\/td>\n<\/tr>\n<tr style=\"height: 27px\">\n<td style=\"height: 27px\" width=\"275\"><span style=\"font-family: 'times new roman', times;font-size: 14pt\">Maria Laura Gomes Silva da Luz<\/span><\/td>\n<td style=\"height: 27px\" width=\"294\"><span style=\"font-family: 'times new roman', times;font-size: 14pt\"><a href=\"mailto:carlostillmann@hotmail.com\">m.lauraluz@gmail.com<\/a><\/span><\/td>\n<\/tr>\n<tr style=\"height: 27px\">\n<td style=\"height: 27px\" width=\"275\"><span style=\"font-family: 'times new roman', times;font-size: 14pt\">Marivan da Silva Pinho<\/span><\/td>\n<td style=\"height: 27px\" width=\"294\"><span style=\"font-family: 'times new roman', times;font-size: 14pt\"><a href=\"mailto:marivanpinho@hotmail.com\">marivanpinho@hotmail.com<\/a><\/span><\/td>\n<\/tr>\n<tr style=\"height: 27px\">\n<td style=\"height: 27px\" width=\"275\"><span style=\"font-size: 14pt\">Maurizio Silveira Quadro<\/span><\/td>\n<td style=\"height: 27px\" width=\"294\"><span style=\"font-family: 'times new roman', times;font-size: 14pt\"><a href=\"mailto:marivanpinho@hotmail.com\">mausq@hotmail.com<\/a><\/span><\/td>\n<\/tr>\n<tr style=\"height: 27px\">\n<td style=\"height: 27px\" width=\"275\"><span style=\"font-size: 14pt\">Ricardo Scherer Pohndorf<\/span><\/td>\n<td style=\"height: 27px\" width=\"294\"><span style=\"font-family: 'times new roman', times;font-size: 14pt\"><a href=\"mailto:marivanpinho@hotmail.com\">ricardoscherer.eng@hotmail.com<\/a><\/span><\/td>\n<\/tr>\n<tr style=\"height: 27px\">\n<td style=\"height: 27px\" width=\"275\"><span style=\"font-family: 'times new roman', times;font-size: 14pt\"><strong>Professores Colaboradores<\/strong><\/span><\/td>\n<td style=\"height: 27px\" width=\"294\"><span style=\"font-family: 'times new roman', times;font-size: 14pt\"><strong>E-mail<\/strong><\/span><\/td>\n<\/tr>\n<tr>\n<td>Carlos Alberto Silveira da Luz<\/td>\n<td><span style=\"font-family: 'times new roman', times;font-size: 14pt\"><a href=\"mailto:carlossluz@gmail.com\">carlossluz@gmail.com<\/a><\/span><\/td>\n<\/tr>\n<tr>\n<td>Daniel Silva Guimar\u00e3es<\/td>\n<td><span style=\"font-family: 'times new roman', times;font-size: 14pt\"><a href=\"mailto:carlossluz@gmail.com\">dguima@gmail.com<\/a><\/span><\/td>\n<\/tr>\n<tr style=\"height: 29px\">\n<td style=\"height: 29px\" width=\"275\">Wolmer Brod Peres<\/td>\n<td style=\"height: 29px\" width=\"294\"><span style=\"font-family: 'times new roman', times;font-size: 14pt\"><a href=\"mailto:carlossluz@gmail.com\">wolmerbp@gmail.com<\/a><\/span><\/td>\n<\/tr>\n<\/tbody>\n<\/table>\n<p>&nbsp;<\/p>\n","protected":false},"excerpt":{"rendered":"<p>Eventuais d\u00favidas sobre o conte\u00fado relacionado aos m\u00f3dulos dever\u00e3o ser enviados via f\u00f3rum ou e-mail dos professores. Professores E-mail \u00c1damo de Souza Ara\u00fajo adamoeng@gmail.com Carlos Ant\u00f4nio da Costa Tillmann carlostillmann@hotmail.com Maria Laura Gomes Silva da Luz m.lauraluz@gmail.com Marivan da Silva Pinho marivanpinho@hotmail.com Maurizio Silveira Quadro mausq@hotmail.com Ricardo Scherer Pohndorf ricardoscherer.eng@hotmail.com Professores Colaboradores E-mail Carlos Alberto [&hellip;]<\/p>\n","protected":false},"author":321,"featured_media":0,"parent":0,"menu_order":0,"comment_status":"closed","ping_status":"closed","template":"","meta":{"footnotes":""},"class_list":["post-139","page","type-page","status-publish","hentry"],"_links":{"self":[{"href":"https:\/\/wp.ufpel.edu.br\/biossistemas\/wp-json\/wp\/v2\/pages\/139","targetHints":{"allow":["GET"]}}],"collection":[{"href":"https:\/\/wp.ufpel.edu.br\/biossistemas\/wp-json\/wp\/v2\/pages"}],"about":[{"href":"https:\/\/wp.ufpel.edu.br\/biossistemas\/wp-json\/wp\/v2\/types\/page"}],"author":[{"embeddable":true,"href":"https:\/\/wp.ufpel.edu.br\/biossistemas\/wp-json\/wp\/v2\/users\/321"}],"replies":[{"embeddable":true,"href":"https:\/\/wp.ufpel.edu.br\/biossistemas\/wp-json\/wp\/v2\/comments?post=139"}],"version-history":[{"count":5,"href":"https:\/\/wp.ufpel.edu.br\/biossistemas\/wp-json\/wp\/v2\/pages\/139\/revisions"}],"predecessor-version":[{"id":541,"href":"https:\/\/wp.ufpel.edu.br\/biossistemas\/wp-json\/wp\/v2\/pages\/139\/revisions\/541"}],"wp:attachment":[{"href":"https:\/\/wp.ufpel.edu.br\/biossistemas\/wp-json\/wp\/v2\/media?parent=139"}],"curies":[{"name":"wp","href":"https:\/\/api.w.org\/{rel}","templated":true}]}}