{"id":137,"date":"2014-11-17T17:50:22","date_gmt":"2014-11-17T19:50:22","guid":{"rendered":"https:\/\/wp.ufpel.edu.br\/biossistemas\/?page_id=137"},"modified":"2019-12-04T14:16:20","modified_gmt":"2019-12-04T17:16:20","slug":"inscricoes","status":"publish","type":"page","link":"https:\/\/wp.ufpel.edu.br\/biossistemas\/inscricoes\/","title":{"rendered":"Inscri\u00e7\u00f5es"},"content":{"rendered":"<p style=\"text-align: left\"><span style=\"font-family: 'times new roman', times;font-size: 14pt\"><strong>Documentos necess\u00e1rios:\u00a0 \u00a0Encerradas<\/strong><\/span><\/p>\n<p style=\"text-align: left\"><span style=\"font-family: 'times new roman', times;font-size: 14pt\">\u00a0<\/span><\/p>\n<ul>\n<li style=\"text-align: left\"><span style=\"font-family: 'times new roman', times;font-size: 14pt\">Requerimento de Inscri\u00e7\u00e3o (<a href=\"https:\/\/wp.ufpel.edu.br\/biossistemas\/files\/2014\/11\/Ficha-de-inscricao.doc\">aqui<\/a>)\u00a0<\/span><\/li>\n<li style=\"text-align: left\"><span style=\"font-family: 'times new roman', times;font-size: 14pt\">Fotoc\u00f3pia do Diploma de Gradua\u00e7\u00e3o (frente e verso) ou atestado de conclus\u00e3o de Curso.<\/span><\/li>\n<li style=\"text-align: left\"><span style=\"font-family: 'times new roman', times;font-size: 14pt\"><em>Curriculum Vitae<\/em> (CV Lattes) documentado.<\/span><\/li>\n<li style=\"text-align: left\"><span style=\"font-family: 'times new roman', times;font-size: 14pt\">Fotoc\u00f3pia do Hist\u00f3rico Escolar do Curso de Gradua\u00e7\u00e3o com m\u00e9dia final do rendimento.<\/span><\/li>\n<li style=\"text-align: left\"><span style=\"font-family: 'times new roman', times;font-size: 14pt\">Fotoc\u00f3pia da Carteira de Identidade<\/span><\/li>\n<li style=\"text-align: left\"><span style=\"font-family: 'times new roman', times;font-size: 14pt\">Fotoc\u00f3pia do CPF<\/span><\/li>\n<li style=\"text-align: left\"><span style=\"font-family: 'times new roman', times;font-size: 14pt\">Fotoc\u00f3pia do T\u00edtulo de Eleitor<\/span><\/li>\n<li style=\"text-align: left\"><span style=\"font-family: 'times new roman', times;font-size: 14pt\">Fotoc\u00f3pia do Certificado de Reservista<\/span><\/li>\n<li style=\"text-align: left\"><span style=\"font-family: 'times new roman', times;font-size: 14pt\">Fotoc\u00f3pia da Certid\u00e3o de Casamento, em caso de mudan\u00e7a do nome.<\/span><\/li>\n<li style=\"text-align: left\"><span style=\"font-family: 'times new roman', times;font-size: 14pt\">Proposta de tema de Trabalho de Conclus\u00e3o de Curso (TCC) (anteprojeto), justificando a escolha do Curso e indicando os interesses te\u00f3ricos e tem\u00e1ticos que nortearam a escolha do tema do TCC (at\u00e9 tr\u00eas p\u00e1ginas digitadas em espa\u00e7o dois, fonte <em>Times New Roman<\/em>, corpo 12, em papel A4, margens 2,5 cm).<\/span><\/li>\n<li style=\"text-align: left\"><span style=\"font-size: 14pt\">Comprovante de pagamento de uma taxa de inscri\u00e7\u00e3o do processo seletivo, no valor de R$ 150,00 (cento e cinquenta reais) que deve ser feito por GRU, atrav\u00e9s do link <a href=\"http:\/\/consulta.tesouro.fazenda.gov.br\/gru_novosite\/gru_simples.asp\">http:\/\/consulta.tesouro.fazenda.gov.br\/gru_novosite\/gru_simples.asp<\/a> e os dados abaixo indicados:<\/span><\/li>\n<li style=\"text-align: left\"><span style=\"font-size: 14pt\">\u00a0<strong>Unidade Gestora (UG): 154047<\/strong><\/span><span style=\"font-size: 14pt\"><strong>\u00a0Gest\u00e3o: 15264<\/strong><\/span>\n<p><span style=\"font-size: 14pt\"><strong>\u00a0C\u00f3digo de Recolhimento: 28911-6<\/strong><\/span><\/li>\n<\/ul>\n","protected":false},"excerpt":{"rendered":"<p>Documentos necess\u00e1rios:\u00a0 \u00a0Encerradas \u00a0 Requerimento de Inscri\u00e7\u00e3o (aqui)\u00a0 Fotoc\u00f3pia do Diploma de Gradua\u00e7\u00e3o (frente e verso) ou atestado de conclus\u00e3o de Curso. Curriculum Vitae (CV Lattes) documentado. Fotoc\u00f3pia do Hist\u00f3rico Escolar do Curso de Gradua\u00e7\u00e3o com m\u00e9dia final do rendimento. Fotoc\u00f3pia da Carteira de Identidade Fotoc\u00f3pia do CPF Fotoc\u00f3pia do T\u00edtulo de Eleitor Fotoc\u00f3pia do [&hellip;]<\/p>\n","protected":false},"author":321,"featured_media":0,"parent":0,"menu_order":0,"comment_status":"closed","ping_status":"closed","template":"","meta":{"footnotes":""},"class_list":["post-137","page","type-page","status-publish","hentry"],"_links":{"self":[{"href":"https:\/\/wp.ufpel.edu.br\/biossistemas\/wp-json\/wp\/v2\/pages\/137","targetHints":{"allow":["GET"]}}],"collection":[{"href":"https:\/\/wp.ufpel.edu.br\/biossistemas\/wp-json\/wp\/v2\/pages"}],"about":[{"href":"https:\/\/wp.ufpel.edu.br\/biossistemas\/wp-json\/wp\/v2\/types\/page"}],"author":[{"embeddable":true,"href":"https:\/\/wp.ufpel.edu.br\/biossistemas\/wp-json\/wp\/v2\/users\/321"}],"replies":[{"embeddable":true,"href":"https:\/\/wp.ufpel.edu.br\/biossistemas\/wp-json\/wp\/v2\/comments?post=137"}],"version-history":[{"count":5,"href":"https:\/\/wp.ufpel.edu.br\/biossistemas\/wp-json\/wp\/v2\/pages\/137\/revisions"}],"predecessor-version":[{"id":539,"href":"https:\/\/wp.ufpel.edu.br\/biossistemas\/wp-json\/wp\/v2\/pages\/137\/revisions\/539"}],"wp:attachment":[{"href":"https:\/\/wp.ufpel.edu.br\/biossistemas\/wp-json\/wp\/v2\/media?parent=137"}],"curies":[{"name":"wp","href":"https:\/\/api.w.org\/{rel}","templated":true}]}}