{"id":133,"date":"2014-11-17T17:47:32","date_gmt":"2014-11-17T19:47:32","guid":{"rendered":"https:\/\/wp.ufpel.edu.br\/biossistemas\/?page_id=133"},"modified":"2019-12-04T14:12:36","modified_gmt":"2019-12-04T17:12:36","slug":"atividades-2","status":"publish","type":"page","link":"https:\/\/wp.ufpel.edu.br\/biossistemas\/atividades-2\/","title":{"rendered":"Atividades"},"content":{"rendered":"<p>MINIST\u00c9RIO DA EDUCA\u00c7\u00c3O<\/p>\n<p>UNIVERSIDADE FEDERAL DE PELOTAS<\/p>\n<p>CENTRO DE ENGENHARIAS<\/p>\n<table>\n<tbody>\n<tr>\n<td width=\"576\">\n<p>Engenharia de Biossistemas<\/p>\n<p>Curso de P\u00f3s-Gradua\u00e7\u00e3o <em>Lato Sensu <\/em>\u00e0 Dist\u00e2ncia (Especializa\u00e7\u00e3o)<\/td>\n<\/tr>\n<\/tbody>\n<\/table>\n<p>&nbsp;<\/p>\n<p><strong><u>Datas de in\u00edcio das disciplinas do Curso para 2019-2020:<\/u><\/strong><\/p>\n<p>&nbsp;<\/p>\n<p>A comiss\u00e3o coordenadora do Curso de Especializa\u00e7\u00e3o \u00e0 Dist\u00e2ncia em Engenharia de Biossistemas definiu o cronograma de atividades did\u00e1ticas da turma de 2019 como segue.<\/p>\n<p><strong>02\/09\/2019<\/strong> in\u00edcio do m\u00f3dulo I \u2013 Gest\u00e3o da Qualidade: uma Vis\u00e3o para Gr\u00e3os e Sementes \u2013 Avalia\u00e7\u00e3o: 28\/09\/2019 \u00e0s 8h at\u00e9 30\/09\/2019 \u00e0s 23h59min.<\/p>\n<p><strong>01\/10\/2019<\/strong> in\u00edcio do m\u00f3dulo II \u2013 Sa\u00fade e Seguran\u00e7a do Trabalho em Unidades Beneficiadoras de Gr\u00e3os e Sementes \u2013 Avalia\u00e7\u00e3o: 02\/11\/2019 \u00e0s 8h at\u00e9 04\/11\/2019 \u00e0s 23h59min.<\/p>\n<p><strong>05\/11\/2019<\/strong> in\u00edcio do m\u00f3dulo III \u2013 Automa\u00e7\u00e3o em Biossistemas \u2013 Avalia\u00e7\u00e3o: 14\/12\/2019 \u00e0s 8h at\u00e9 16\/12\/2019 \u00e0s 23h59min.<\/p>\n<p>Recesso de Natal e Ano Novo &#8211; F\u00e9rias<\/p>\n<p><strong>02\/03\/2020<\/strong> in\u00edcio do m\u00f3dulo IV \u2013 Secagem de Gr\u00e3os e Sementes \u2013 Avalia\u00e7\u00e3o: 11\/04\/2020 \u00e0s 8h at\u00e9 13\/04\/2020 \u00e0s 11h59min.<\/p>\n<p><strong>14\/04\/2019<\/strong> in\u00edcio do m\u00f3dulo V \u2013 Beneficiamento de Gr\u00e3os e Sementes \u2013 Avalia\u00e7\u00e3o: 30\/05\/2020 \u00e0s 8h at\u00e9 01\/06\/2020 \u00e0s 23h59min.<\/p>\n<p><strong>02\/06\/2019<\/strong> in\u00edcio do m\u00f3dulo VI \u2013 Armazenamento de Gr\u00e3os e Sementes \u2013 Avalia\u00e7\u00e3o: 18\/07\/2020 \u00e0s 8h at\u00e9 20\/07\/2020 \u00e0s 23h59min.<\/p>\n<p><strong>21\/07\/2019<\/strong> in\u00edcio do m\u00f3dulo VII \u2013 Ferramentas Computacionais para Biossistemas \u2013 Avalia\u00e7\u00e3o: 22\/08\/2020 \u00e0s 8h at\u00e9 24\/08\/2020 \u00e0s 23h59min.<\/p>\n<p><strong>25\/08\/2019<\/strong> in\u00edcio do m\u00f3dulo VIII \u2013 Ferramenta Agricultura de Precis\u00e3o como Gerenciamento do Meio Rural \u2013 Avalia\u00e7\u00e3o: 19\/09\/2020 \u00e0s 8h at\u00e9 21\/09\/2020 \u00e0s 23h59min.<\/p>\n<p><strong>22\/09\/2020<\/strong> in\u00edcio do m\u00f3dulo IX \u2013 T\u00f3picos Especiais em Biossistemas \u2013 Avalia\u00e7\u00e3o: 24\/10\/2020 \u00e0s 8h at\u00e9 26\/10\/2020 \u00e0s 23h59min.<\/p>\n<p><strong><u>\u00a0Datas importantes:<\/u><\/strong><\/p>\n<p>Entrega da proposta do TCC: at\u00e9 15 de outubro de 2019<\/p>\n<p>Entrega da 1\u00aa vers\u00e3o parcial do TCC: 30 de mar\u00e7o de 2020<\/p>\n<p>Entrega da 2\u00aa vers\u00e3o parcial do TCC: 01 de julho de 2020<\/p>\n<p>Data para indica\u00e7\u00e3o da banca e envio do t\u00edtulo do trabalho: 21 de setembro de 2020<\/p>\n<p>Entrega da vers\u00e3o final do TCC para a banca: 09 de outubro de 2020<\/p>\n<p>&nbsp;<\/p>\n<p><u>Data prov\u00e1vel do encontro presencial<\/u>: 09 a 13 de novembro de 2020<\/p>\n<p>&nbsp;<\/p>\n<p><u>Atividades previstas para o encontro presencial<\/u>: visita(s), aulas pr\u00e1ticas, palestras, prova escrita (segunda avalia\u00e7\u00e3o) e defesa dos trabalhos de conclus\u00e3o de curso.<\/p>\n<p>Outras atividades e cronograma ser\u00e3o definidos oportunamente.<\/p>\n","protected":false},"excerpt":{"rendered":"<p>MINIST\u00c9RIO DA EDUCA\u00c7\u00c3O UNIVERSIDADE FEDERAL DE PELOTAS CENTRO DE ENGENHARIAS Engenharia de Biossistemas Curso de P\u00f3s-Gradua\u00e7\u00e3o Lato Sensu \u00e0 Dist\u00e2ncia (Especializa\u00e7\u00e3o) &nbsp; Datas de in\u00edcio das disciplinas do Curso para 2019-2020: &nbsp; A comiss\u00e3o coordenadora do Curso de Especializa\u00e7\u00e3o \u00e0 Dist\u00e2ncia em Engenharia de Biossistemas definiu o cronograma de atividades did\u00e1ticas da turma de 2019 [&hellip;]<\/p>\n","protected":false},"author":321,"featured_media":128,"parent":0,"menu_order":0,"comment_status":"closed","ping_status":"closed","template":"","meta":{"footnotes":""},"class_list":["post-133","page","type-page","status-publish","has-post-thumbnail","hentry"],"_links":{"self":[{"href":"https:\/\/wp.ufpel.edu.br\/biossistemas\/wp-json\/wp\/v2\/pages\/133","targetHints":{"allow":["GET"]}}],"collection":[{"href":"https:\/\/wp.ufpel.edu.br\/biossistemas\/wp-json\/wp\/v2\/pages"}],"about":[{"href":"https:\/\/wp.ufpel.edu.br\/biossistemas\/wp-json\/wp\/v2\/types\/page"}],"author":[{"embeddable":true,"href":"https:\/\/wp.ufpel.edu.br\/biossistemas\/wp-json\/wp\/v2\/users\/321"}],"replies":[{"embeddable":true,"href":"https:\/\/wp.ufpel.edu.br\/biossistemas\/wp-json\/wp\/v2\/comments?post=133"}],"version-history":[{"count":6,"href":"https:\/\/wp.ufpel.edu.br\/biossistemas\/wp-json\/wp\/v2\/pages\/133\/revisions"}],"predecessor-version":[{"id":536,"href":"https:\/\/wp.ufpel.edu.br\/biossistemas\/wp-json\/wp\/v2\/pages\/133\/revisions\/536"}],"wp:featuredmedia":[{"embeddable":true,"href":"https:\/\/wp.ufpel.edu.br\/biossistemas\/wp-json\/wp\/v2\/media\/128"}],"wp:attachment":[{"href":"https:\/\/wp.ufpel.edu.br\/biossistemas\/wp-json\/wp\/v2\/media?parent=133"}],"curies":[{"name":"wp","href":"https:\/\/api.w.org\/{rel}","templated":true}]}}