{"id":131,"date":"2014-11-17T17:47:00","date_gmt":"2014-11-17T19:47:00","guid":{"rendered":"https:\/\/wp.ufpel.edu.br\/biossistemas\/?page_id=131"},"modified":"2014-11-17T17:47:00","modified_gmt":"2014-11-17T19:47:00","slug":"publico","status":"publish","type":"page","link":"https:\/\/wp.ufpel.edu.br\/biossistemas\/publico\/","title":{"rendered":"P\u00fablico"},"content":{"rendered":"<p style=\"text-align: left\"><span style=\"font-family: 'times new roman', times;font-size: 14pt\">Poder\u00e3o inscrever-se como candidatos os Graduados em Engenharia Agr\u00edcola, Agronomia, Engenharia de Alimentos, Engenharia Qu\u00edmica ou outros cursos superiores com \u00e1reas afins \u00e0 Engenharia de P\u00f3s-colheita de gr\u00e3os e sementes, reconhecidos pelo MEC.<\/span><\/p>\n","protected":false},"excerpt":{"rendered":"<p>Poder\u00e3o inscrever-se como candidatos os Graduados em Engenharia Agr\u00edcola, Agronomia, Engenharia de Alimentos, Engenharia Qu\u00edmica ou outros cursos superiores com \u00e1reas afins \u00e0 Engenharia de P\u00f3s-colheita de gr\u00e3os e sementes, reconhecidos pelo MEC.<\/p>\n","protected":false},"author":321,"featured_media":0,"parent":0,"menu_order":0,"comment_status":"closed","ping_status":"closed","template":"","meta":{"footnotes":""},"class_list":["post-131","page","type-page","status-publish","hentry"],"_links":{"self":[{"href":"https:\/\/wp.ufpel.edu.br\/biossistemas\/wp-json\/wp\/v2\/pages\/131","targetHints":{"allow":["GET"]}}],"collection":[{"href":"https:\/\/wp.ufpel.edu.br\/biossistemas\/wp-json\/wp\/v2\/pages"}],"about":[{"href":"https:\/\/wp.ufpel.edu.br\/biossistemas\/wp-json\/wp\/v2\/types\/page"}],"author":[{"embeddable":true,"href":"https:\/\/wp.ufpel.edu.br\/biossistemas\/wp-json\/wp\/v2\/users\/321"}],"replies":[{"embeddable":true,"href":"https:\/\/wp.ufpel.edu.br\/biossistemas\/wp-json\/wp\/v2\/comments?post=131"}],"version-history":[{"count":1,"href":"https:\/\/wp.ufpel.edu.br\/biossistemas\/wp-json\/wp\/v2\/pages\/131\/revisions"}],"predecessor-version":[{"id":132,"href":"https:\/\/wp.ufpel.edu.br\/biossistemas\/wp-json\/wp\/v2\/pages\/131\/revisions\/132"}],"wp:attachment":[{"href":"https:\/\/wp.ufpel.edu.br\/biossistemas\/wp-json\/wp\/v2\/media?parent=131"}],"curies":[{"name":"wp","href":"https:\/\/api.w.org\/{rel}","templated":true}]}}