{"id":129,"date":"2014-11-17T17:45:04","date_gmt":"2014-11-17T19:45:04","guid":{"rendered":"https:\/\/wp.ufpel.edu.br\/biossistemas\/?page_id=129"},"modified":"2019-12-04T14:30:04","modified_gmt":"2019-12-04T17:30:04","slug":"modulos","status":"publish","type":"page","link":"https:\/\/wp.ufpel.edu.br\/biossistemas\/modulos\/","title":{"rendered":"M\u00f3dulos"},"content":{"rendered":"<p>M\u00f3dulos\/Disciplinas do Curso<\/p>\n<table style=\"height: 689px\" width=\"681\">\n<tbody>\n<tr>\n<td width=\"374\"><strong>ATIVIDADE<\/strong><\/td>\n<td style=\"text-align: center\" width=\"106\"><strong>Respons\u00e1vel<\/strong><\/td>\n<td style=\"text-align: center\" width=\"54\"><strong>Horas<\/strong><\/td>\n<td style=\"text-align: center\" width=\"48\"><strong>Cr\u00e9d.<\/strong><\/td>\n<\/tr>\n<tr>\n<td width=\"374\">M\u00f3dulo 1 \u2013<a href=\"https:\/\/wp.ufpel.edu.br\/biossistemas\/files\/2015\/11\/1.PROGRAMA-ANALITICO-DE-DISCIPLINA-Seguran\u00e7a-Trab.pdf\"><span style=\"font-size: 10pt\"> <strong>Sa\u00fade e Seguran\u00e7a do Trabalho em Unidades<br \/>\nBeneficiadoras de <\/strong><strong>Gr\u00e3os e Sementes\u00a0<\/strong><\/span><\/a><\/td>\n<td style=\"text-align: center\" width=\"106\">\n<p style=\"text-align: center\">Prof. Tillmann<\/p>\n<\/td>\n<td style=\"text-align: center\" width=\"54\">34<\/td>\n<td style=\"text-align: center\" width=\"48\">2<\/td>\n<\/tr>\n<tr>\n<td width=\"374\">M\u00f3dulo 2 \u2013 <a href=\"https:\/\/wp.ufpel.edu.br\/biossistemas\/files\/2015\/11\/4.PROGRAMA-ANALITICO-DE-DISCIPLINA-Automa\u00e7\u00e3o-em-Biossistemas.pdf\"><strong><span style=\"font-size: 10pt\">Automa\u00e7\u00e3o em Biossistemas <\/span><\/strong><\/a><\/td>\n<td style=\"text-align: center\" width=\"106\">Prof. \u00c1damo<\/td>\n<td style=\"text-align: center\" width=\"54\">51<\/td>\n<td style=\"text-align: center\" width=\"48\">3<\/td>\n<\/tr>\n<tr>\n<td width=\"374\">M\u00f3dulo 3 \u2013 <a href=\"https:\/\/wp.ufpel.edu.br\/biossistemas\/files\/2015\/11\/9.PROGRAMA-ANALITICO-DE-DISCIPLINA-T\u00f3picos-Esp.pdf\"><strong><span style=\"font-size: 10pt\">T\u00f3picos Especiais em Biossistemas<\/span><\/strong><\/a><\/td>\n<td style=\"text-align: center\" width=\"106\">Profa.M.Laura<\/td>\n<td style=\"text-align: center\" width=\"54\">34<\/td>\n<td style=\"text-align: center\" width=\"48\">2<\/td>\n<\/tr>\n<tr>\n<td width=\"374\">M\u00f3dulo 4 \u2013 <a href=\"https:\/\/wp.ufpel.edu.br\/biossistemas\/files\/2015\/11\/5.PROGRAMA-ANALITICO-DE-DISCIPLINA-Secagem.pdf\"><strong><span style=\"font-size: 10pt\">Secagem de Gr\u00e3os e Sementes<\/span><\/strong><\/a><\/td>\n<td style=\"text-align: center\" width=\"106\">Prof. Ricardo<\/td>\n<td style=\"text-align: center\" width=\"54\">51<\/td>\n<td style=\"text-align: center\" width=\"48\">3<\/td>\n<\/tr>\n<tr>\n<td width=\"374\">M\u00f3dulo 5 \u2013 <span style=\"font-size: 10pt\"><strong><a href=\"https:\/\/wp.ufpel.edu.br\/biossistemas\/files\/2015\/11\/6.PROGRAMA-ANALITICO-DE-DISCIPLINA-Beneficiamento.pdf\">Beneficiamento de Gr\u00e3os e Sementes<\/a><\/strong><\/span><\/td>\n<td style=\"text-align: center\" width=\"106\">Prof. Maurizio<\/td>\n<td style=\"text-align: center\" width=\"54\">51<\/td>\n<td style=\"text-align: center\" width=\"48\">3<\/td>\n<\/tr>\n<tr>\n<td width=\"374\">M\u00f3dulo 6 \u2013 <span style=\"font-size: 10pt\"><a href=\"https:\/\/wp.ufpel.edu.br\/biossistemas\/files\/2015\/11\/7.PROGRAMA-ANALITICO-DE-DISCIPLINA-Armazenamento.pdf\"><strong>Armazenamento de Gr\u00e3os e Sementes<\/strong><\/a><\/span><\/td>\n<td style=\"text-align: center\" width=\"106\">Prof. \u00c1damo<\/td>\n<td style=\"text-align: center\" width=\"54\">51<\/td>\n<td style=\"text-align: center\" width=\"48\">3<\/td>\n<\/tr>\n<tr>\n<td width=\"374\">M\u00f3dulo 7 \u2013 <span style=\"font-size: 10pt\"><a href=\"https:\/\/wp.ufpel.edu.br\/biossistemas\/files\/2015\/11\/8.PROGRAMA-ANALITICO-DE-DISCIPLINA-Ferramentas-Computacionais.pdf\"><strong>Ferramentas Computacionais para<br \/>\nBiossistemas<\/strong><\/a><\/span><\/td>\n<td style=\"text-align: center\" width=\"106\">Prof. Marivan<\/td>\n<td style=\"text-align: center\" width=\"54\">34<\/td>\n<td style=\"text-align: center\" width=\"48\">2<\/td>\n<\/tr>\n<tr>\n<td width=\"374\">M\u00f3dulo 8 \u2013 <span style=\"font-size: 10pt\"><strong><a href=\"https:\/\/wp.ufpel.edu.br\/biossistemas\/files\/2015\/11\/3.PROGRAMA-ANALITICO-DE-DISCIPLINA-Ferramenta-AgPrecis\u00e3o.pdf\">Ferramenta Agricultura de Precis\u00e3o como\u00a0Gerenciamento do Meio Rural<\/a><\/strong><\/span><\/td>\n<td style=\"text-align: center\" width=\"106\">Profa. M.Laura<\/td>\n<td style=\"text-align: center\" width=\"54\">34<\/td>\n<td style=\"text-align: center\" width=\"48\">2<\/td>\n<\/tr>\n<tr>\n<td width=\"374\">M\u00f3dulo 9 \u2013 <span style=\"font-size: 10pt\"><strong><a href=\"https:\/\/wp.ufpel.edu.br\/biossistemas\/files\/2015\/11\/2.PROGRAMA-ANALITICO-DE-DISCIPLINA-Gest\u00e3o-Qualidade.pdf\">Gest\u00e3o da Qualidade: uma Vis\u00e3o para Gr\u00e3os e\u00a0Sementes<\/a><\/strong><\/span><\/td>\n<td style=\"text-align: center\" width=\"106\">Prof.Tillmann<\/td>\n<td style=\"text-align: center\" width=\"54\">34<\/td>\n<td style=\"text-align: center\" width=\"48\">2<\/td>\n<\/tr>\n<tr>\n<td width=\"374\"><a href=\"https:\/\/wp.ufpel.edu.br\/biossistemas\/files\/2015\/11\/10.PROGRAMA-ANALITICO-DE-DISCIPLINA-TCC1.pdf\">TCC I<\/a> e <a href=\"https:\/\/wp.ufpel.edu.br\/biossistemas\/files\/2015\/11\/11.PROGRAMA-ANALITICO-DE-DISCIPLINA-TCC2.pdf\">II<\/a><\/td>\n<td style=\"text-align: center\" width=\"106\">Profa. M.Laura<\/td>\n<td style=\"text-align: center\" width=\"54\">51<\/td>\n<td style=\"text-align: center\" width=\"48\">3<\/td>\n<\/tr>\n<tr>\n<td width=\"374\">Total<\/td>\n<td style=\"text-align: center\" width=\"106\"><\/td>\n<td style=\"text-align: center\" width=\"54\">425<\/td>\n<td style=\"text-align: center\" width=\"48\">25<\/td>\n<\/tr>\n<\/tbody>\n<\/table>\n<p>&nbsp;<\/p>\n<p>&nbsp;<\/p>\n","protected":false},"excerpt":{"rendered":"<p>M\u00f3dulos\/Disciplinas do Curso ATIVIDADE Respons\u00e1vel Horas Cr\u00e9d. M\u00f3dulo 1 \u2013 Sa\u00fade e Seguran\u00e7a do Trabalho em Unidades Beneficiadoras de Gr\u00e3os e Sementes\u00a0 Prof. Tillmann 34 2 M\u00f3dulo 2 \u2013 Automa\u00e7\u00e3o em Biossistemas Prof. \u00c1damo 51 3 M\u00f3dulo 3 \u2013 T\u00f3picos Especiais em Biossistemas Profa.M.Laura 34 2 M\u00f3dulo 4 \u2013 Secagem de Gr\u00e3os e Sementes Prof. [&hellip;]<\/p>\n","protected":false},"author":321,"featured_media":0,"parent":0,"menu_order":0,"comment_status":"closed","ping_status":"closed","template":"","meta":{"footnotes":""},"class_list":["post-129","page","type-page","status-publish","hentry"],"_links":{"self":[{"href":"https:\/\/wp.ufpel.edu.br\/biossistemas\/wp-json\/wp\/v2\/pages\/129","targetHints":{"allow":["GET"]}}],"collection":[{"href":"https:\/\/wp.ufpel.edu.br\/biossistemas\/wp-json\/wp\/v2\/pages"}],"about":[{"href":"https:\/\/wp.ufpel.edu.br\/biossistemas\/wp-json\/wp\/v2\/types\/page"}],"author":[{"embeddable":true,"href":"https:\/\/wp.ufpel.edu.br\/biossistemas\/wp-json\/wp\/v2\/users\/321"}],"replies":[{"embeddable":true,"href":"https:\/\/wp.ufpel.edu.br\/biossistemas\/wp-json\/wp\/v2\/comments?post=129"}],"version-history":[{"count":15,"href":"https:\/\/wp.ufpel.edu.br\/biossistemas\/wp-json\/wp\/v2\/pages\/129\/revisions"}],"predecessor-version":[{"id":540,"href":"https:\/\/wp.ufpel.edu.br\/biossistemas\/wp-json\/wp\/v2\/pages\/129\/revisions\/540"}],"wp:attachment":[{"href":"https:\/\/wp.ufpel.edu.br\/biossistemas\/wp-json\/wp\/v2\/media?parent=129"}],"curies":[{"name":"wp","href":"https:\/\/api.w.org\/{rel}","templated":true}]}}