{"id":123,"date":"2014-11-17T17:25:00","date_gmt":"2014-11-17T19:25:00","guid":{"rendered":"https:\/\/wp.ufpel.edu.br\/biossistemas\/?page_id=123"},"modified":"2014-11-17T17:25:00","modified_gmt":"2014-11-17T19:25:00","slug":"objetivos-2","status":"publish","type":"page","link":"https:\/\/wp.ufpel.edu.br\/biossistemas\/objetivos-2\/","title":{"rendered":"Objetivos"},"content":{"rendered":"<ul>\n<li style=\"text-align: justify\"><span style=\"font-family: 'times new roman', times;font-size: 14pt\">Qualificar o profissional na \u00e1rea de Engenharia de Biossistemas.<\/span><\/li>\n<\/ul>\n<p>&nbsp;<\/p>\n<ul>\n<li style=\"text-align: justify\"><span style=\"font-family: 'times new roman', times;font-size: 14pt\">Aperfei\u00e7oar e atualizar o conhecimento na \u00e1rea de Engenharia de Biossistemas para o melhor exerc\u00edcio da profiss\u00e3o e permitir o dom\u00ednio cient\u00edfico e t\u00e9cnico nesta \u00e1rea do saber.<\/span><\/li>\n<\/ul>\n<p>&nbsp;<\/p>\n<ul>\n<li style=\"text-align: justify\"><span style=\"font-size: 14pt\">Capacitar os alunos a compreender com profundidade e a projetar sistemas, equipamentos e resolver problemas relacionados direta ou indiretamente \u00e0s opera\u00e7\u00f5es, sistemas e processos unit\u00e1rios ligados \u00e0 Engenharia de Processamento de Produtos Agr\u00edcolas no que se refere aos gr\u00e3os e sementes e seus assuntos correlatos.<\/span><\/li>\n<\/ul>\n<p>&nbsp;<\/p>\n<ul>\n<li style=\"text-align: justify\"><span style=\"font-size: 14pt\">Complementar e aprofundar conhecimentos de profissionais atrav\u00e9s de orienta\u00e7\u00e3o \u00e0 dist\u00e2ncia, em regime did\u00e1tico intensivo, sem que haja necessidade dos alunos vinculados a empresas\u00a0ausentarem-se por longos per\u00edodos do seu local de trabalho.<\/span><\/li>\n<\/ul>\n","protected":false},"excerpt":{"rendered":"<p>Qualificar o profissional na \u00e1rea de Engenharia de Biossistemas. &nbsp; Aperfei\u00e7oar e atualizar o conhecimento na \u00e1rea de Engenharia de Biossistemas para o melhor exerc\u00edcio da profiss\u00e3o e permitir o dom\u00ednio cient\u00edfico e t\u00e9cnico nesta \u00e1rea do saber. &nbsp; Capacitar os alunos a compreender com profundidade e a projetar sistemas, equipamentos e resolver problemas relacionados [&hellip;]<\/p>\n","protected":false},"author":321,"featured_media":0,"parent":0,"menu_order":0,"comment_status":"closed","ping_status":"closed","template":"","meta":{"footnotes":""},"class_list":["post-123","page","type-page","status-publish","hentry"],"_links":{"self":[{"href":"https:\/\/wp.ufpel.edu.br\/biossistemas\/wp-json\/wp\/v2\/pages\/123","targetHints":{"allow":["GET"]}}],"collection":[{"href":"https:\/\/wp.ufpel.edu.br\/biossistemas\/wp-json\/wp\/v2\/pages"}],"about":[{"href":"https:\/\/wp.ufpel.edu.br\/biossistemas\/wp-json\/wp\/v2\/types\/page"}],"author":[{"embeddable":true,"href":"https:\/\/wp.ufpel.edu.br\/biossistemas\/wp-json\/wp\/v2\/users\/321"}],"replies":[{"embeddable":true,"href":"https:\/\/wp.ufpel.edu.br\/biossistemas\/wp-json\/wp\/v2\/comments?post=123"}],"version-history":[{"count":1,"href":"https:\/\/wp.ufpel.edu.br\/biossistemas\/wp-json\/wp\/v2\/pages\/123\/revisions"}],"predecessor-version":[{"id":124,"href":"https:\/\/wp.ufpel.edu.br\/biossistemas\/wp-json\/wp\/v2\/pages\/123\/revisions\/124"}],"wp:attachment":[{"href":"https:\/\/wp.ufpel.edu.br\/biossistemas\/wp-json\/wp\/v2\/media?parent=123"}],"curies":[{"name":"wp","href":"https:\/\/api.w.org\/{rel}","templated":true}]}}