{"id":21,"date":"2020-06-26T19:40:43","date_gmt":"2020-06-26T22:40:43","guid":{"rendered":"https:\/\/wp.ufpel.edu.br\/bioquimica\/?page_id=21"},"modified":"2022-12-27T22:04:12","modified_gmt":"2022-12-28T01:04:12","slug":"equipe","status":"publish","type":"page","link":"https:\/\/wp.ufpel.edu.br\/bioquimica\/?page_id=21","title":{"rendered":"Equipe"},"content":{"rendered":"<p>A <strong>equipe<\/strong> em grande maioria \u00e9 formada por acad\u00eamicos dos cursos de Farm\u00e1cia e Medicina Veterin\u00e1ria da UFPel, por\u00e9m demais cursos tamb\u00e9m poder\u00e3o estar envolvidos. O crit\u00e9rio para participa\u00e7\u00e3o \u00e9 apenas gostar de Bioqu\u00edmica e ter interesse em estudar um pouco mais sobre o tema.<\/p>\n<p>Alguma d\u00favida? Entre em contato!<\/p>\n<p>Visite a p\u00e1gina do projeto no instagram: @bioquimicacotidiano_<\/p>\n<p><strong>Coordena\u00e7\u00e3o:<\/strong> Prof\u00aa Giovana Duzzo Gamaro (<a href=\"http:\/\/lattes.cnpq.br\/9476246181895666\">Lattes<\/a>)<\/p>\n","protected":false},"excerpt":{"rendered":"<p>A equipe em grande maioria \u00e9 formada por acad\u00eamicos dos cursos de Farm\u00e1cia e Medicina Veterin\u00e1ria da UFPel, por\u00e9m demais cursos tamb\u00e9m poder\u00e3o estar envolvidos. O crit\u00e9rio para participa\u00e7\u00e3o \u00e9 apenas gostar de Bioqu\u00edmica e ter interesse em estudar um pouco mais sobre o tema. Alguma d\u00favida? Entre em contato! Visite a p\u00e1gina do projeto [&hellip;]<\/p>\n","protected":false},"author":967,"featured_media":0,"parent":0,"menu_order":2,"comment_status":"closed","ping_status":"closed","template":"","meta":{"footnotes":""},"class_list":["post-21","page","type-page","status-publish","hentry"],"_links":{"self":[{"href":"https:\/\/wp.ufpel.edu.br\/bioquimica\/index.php?rest_route=\/wp\/v2\/pages\/21","targetHints":{"allow":["GET"]}}],"collection":[{"href":"https:\/\/wp.ufpel.edu.br\/bioquimica\/index.php?rest_route=\/wp\/v2\/pages"}],"about":[{"href":"https:\/\/wp.ufpel.edu.br\/bioquimica\/index.php?rest_route=\/wp\/v2\/types\/page"}],"author":[{"embeddable":true,"href":"https:\/\/wp.ufpel.edu.br\/bioquimica\/index.php?rest_route=\/wp\/v2\/users\/967"}],"replies":[{"embeddable":true,"href":"https:\/\/wp.ufpel.edu.br\/bioquimica\/index.php?rest_route=%2Fwp%2Fv2%2Fcomments&post=21"}],"version-history":[{"count":9,"href":"https:\/\/wp.ufpel.edu.br\/bioquimica\/index.php?rest_route=\/wp\/v2\/pages\/21\/revisions"}],"predecessor-version":[{"id":256,"href":"https:\/\/wp.ufpel.edu.br\/bioquimica\/index.php?rest_route=\/wp\/v2\/pages\/21\/revisions\/256"}],"wp:attachment":[{"href":"https:\/\/wp.ufpel.edu.br\/bioquimica\/index.php?rest_route=%2Fwp%2Fv2%2Fmedia&parent=21"}],"curies":[{"name":"wp","href":"https:\/\/api.w.org\/{rel}","templated":true}]}}